{"id":6089,"date":"2024-12-22T21:31:30","date_gmt":"2024-12-22T20:31:30","guid":{"rendered":"https:\/\/whizzopet.hu\/?post_type=product&#038;p=6089"},"modified":"2026-03-27T22:45:00","modified_gmt":"2026-03-27T21:45:00","slug":"whizzopet-psi-pilnik-na-nechty","status":"publish","type":"product","link":"https:\/\/whizzopet.hu\/sk\/termek\/whizzopet-kutyakorom-reszelolap\/","title":{"rendered":"Whizzopet ps\u00ed piln\u00edk na nechty"},"content":{"rendered":"<p><strong>Popis<\/strong><\/p>\n<p>Bezstresov\u00fd a \u013eahko pou\u017eite\u013en\u00fd piln\u00edk na psie paz\u00fariky, ktor\u00fd predstavuje alternat\u00edvne rie\u0161enie k tradi\u010dn\u00fdm klie\u0161\u0165am alebo br\u00fasnym n\u00e1strojom.<\/p>\n<p><strong>Pre\u010do je piln\u00edk na paz\u00fariky skvel\u00fdm rie\u0161en\u00edm?<\/strong><\/p>\n<p>\u2022\t<strong>Jemn\u00e1 a \u00fa\u010dinn\u00e1 alternat\u00edva:<\/strong> Ak je strihanie paz\u00farikov v\u00e1\u0161ho psa n\u00e1ro\u010dn\u00e9, tento piln\u00edk pon\u00faka \u0161etrn\u00fa a efekt\u00edvnu mo\u017enos\u0165. Rozl\u00fa\u010dte sa s probl\u00e9mami, ktor\u00e9 tradi\u010dn\u00e9 n\u00e1stroje sp\u00f4sobuj\u00fa.<\/p>\n<p>\u2022\t<strong>Relax a pohoda:<\/strong> Hoci piln\u00edkovanie trv\u00e1 o nie\u010do dlh\u0161ie ne\u017e tradi\u010dn\u00e9 met\u00f3dy, v\u00e1\u0161 pes si m\u00f4\u017ee cel\u00fd proces u\u017e\u00edva\u0165, pokojne le\u017ea\u0165 vo va\u0161om lone a relaxova\u0165.<\/p>\n<p>\u2022\t<strong>Praktick\u00fd dizajn:<\/strong> Piln\u00edk je vyroben\u00fd zo \u0161mirg\u013eov\u00e9ho papiera a m\u00e4kkej peny, s pru\u017en\u00fdm p\u00e1sikom na jednoduch\u00e9 uchopenie a pohodln\u00e9 ovl\u00e1danie. Pou\u017eitie je r\u00fdchle a jednoduch\u00e9!<\/p>","protected":false},"excerpt":{"rendered":"<p class=\"translation-block\">Starostlivos\u0165 o paz\u00fariky v\u00e1\u0161ho psa u\u017e nikdy nebude boj! Tento revolu\u010dn\u00fd piln\u00edk na psie paz\u00fariky pon\u00faka jemn\u00e9 a efekt\u00edvne rie\u0161enie, ktor\u00e9 rob\u00ed cel\u00fd proces \u0161etrnej\u0161\u00edm a pr\u00edjemnej\u0161\u00edm pre v\u00e1s oboch. Rozl\u00fa\u010dte sa so stresom, ktor\u00fd sp\u00f4sobuj\u00fa tradi\u010dn\u00e9 klie\u0161te na paz\u00fariky, a u\u017e\u00edvajte si spolo\u010dn\u00e9 chv\u00edle, zatia\u013e \u010do v\u00e1\u0161 pes pokojne le\u017e\u00ed vo va\u0161om lone a relaxuje.<\/p>","protected":false},"featured_media":6094,"comment_status":"open","ping_status":"closed","template":"","meta":{"inline_featured_image":false},"product_brand":[],"product_cat":[36,53],"product_tag":[],"class_list":{"0":"post-6089","1":"product","2":"type-product","3":"status-publish","4":"has-post-thumbnail","6":"product_cat-kiegeszitok","7":"product_cat-kutya-koromapolas","8":"infinite-scroll-item","9":"sales-flash-overlay","10":"woocommerce-text-align-center","11":"woocommerce-image-align-center","12":"do-quantity-buttons","14":"first","15":"outofstock","16":"taxable","17":"shipping-taxable","18":"purchasable","19":"product-type-simple"},"_links":{"self":[{"href":"https:\/\/whizzopet.hu\/sk\/wp-json\/wp\/v2\/product\/6089","targetHints":{"allow":["GET"]}}],"collection":[{"href":"https:\/\/whizzopet.hu\/sk\/wp-json\/wp\/v2\/product"}],"about":[{"href":"https:\/\/whizzopet.hu\/sk\/wp-json\/wp\/v2\/types\/product"}],"replies":[{"embeddable":true,"href":"https:\/\/whizzopet.hu\/sk\/wp-json\/wp\/v2\/comments?post=6089"}],"wp:featuredmedia":[{"embeddable":true,"href":"https:\/\/whizzopet.hu\/sk\/wp-json\/wp\/v2\/media\/6094"}],"wp:attachment":[{"href":"https:\/\/whizzopet.hu\/sk\/wp-json\/wp\/v2\/media?parent=6089"}],"wp:term":[{"taxonomy":"product_brand","embeddable":true,"href":"https:\/\/whizzopet.hu\/sk\/wp-json\/wp\/v2\/product_brand?post=6089"},{"taxonomy":"product_cat","embeddable":true,"href":"https:\/\/whizzopet.hu\/sk\/wp-json\/wp\/v2\/product_cat?post=6089"},{"taxonomy":"product_tag","embeddable":true,"href":"https:\/\/whizzopet.hu\/sk\/wp-json\/wp\/v2\/product_tag?post=6089"}],"curies":[{"name":"wp","href":"https:\/\/api.w.org\/{rel}","templated":true}]}}