{"id":6073,"date":"2024-12-22T18:41:39","date_gmt":"2024-12-22T17:41:39","guid":{"rendered":"https:\/\/whizzopet.hu\/?post_type=product&#038;p=6073"},"modified":"2026-03-22T10:47:32","modified_gmt":"2026-03-22T09:47:32","slug":"whizzopet-psia-plienka-a-harmajuci-nohavicky","status":"publish","type":"product","link":"https:\/\/whizzopet.hu\/sk\/termek\/whizzopet-kutyapelenka-es-tuzelobugyi\/","title":{"rendered":"Whizzopet psia plienka a h\u00e1rmaj\u00faci nohavi\u010dky"},"content":{"rendered":"<p><strong>Popis:<\/strong><\/p>\n<p>Ka\u017ed\u00fd detail sme navrhli tak, aby zabezpe\u010dil maxim\u00e1lnu funk\u010dnos\u0165, odolnos\u0165 a pohodlie, pri\u010dom zachov\u00e1va \u00fapln\u00fa slobodu pohybu v\u00e1\u0161ho psa.<\/p>\n<p><strong>\u010c\u00edm je jedine\u010dn\u00e1 Whizzopet psia plienka a h\u00e1racie nohavi\u010dky?<\/strong><\/p>\n<p><strong>Priedu\u0161n\u00e9 a super absorp\u010dn\u00e9 vrstvy:\u00a0 <\/strong>vn\u00fatorn\u00e9 vrstvy maj\u00fa vynikaj\u00facu schopnos\u0165 absorbova\u0165 vlhkos\u0165, zatia\u013e \u010do priedu\u0161n\u00e1 vonkaj\u0161ia vrstva zabezpe\u010duje ventil\u00e1ciu poko\u017eky a pohodlie aj pri dlh\u0161om nosen\u00ed.<\/p>\n<p><strong>Ochrana proti pretekaniu:\u00a0 <\/strong>\u0161peci\u00e1lne navrhnut\u00e1 vonkaj\u0161ia vrstva spo\u013eahlivo zabra\u0148uje pretekaniu, aby ste mohli zosta\u0165 pokojn\u00ed v ka\u017edej situ\u00e1cii.<\/p>\n<p><strong>Elastick\u00fd otvor na chvost:<\/strong>\u00a0kombin\u00e1cia pru\u017enosti a m\u00e4kkosti poskytuje pohodln\u00e9 prisp\u00f4sobenie ka\u017ed\u00e9mu pohybu v\u00e1\u0161ho psa.<\/p>\n<p><strong>Nastavite\u013en\u00e9 zap\u00ednanie na such\u00fd zips a patentky<\/strong>: pre jednoduch\u00e9 pou\u017eitie je nohavi\u010dka \u013eahko nastavite\u013en\u00e1 a bezpe\u010dne upevnen\u00e1, aby sa nepos\u00favala po\u010das pohybu.<\/p>\n<p><strong>Opakovane pou\u017eite\u013en\u00e9 a ekologick\u00e9:<\/strong> v\u010faka odoln\u00fdm materi\u00e1lom je nohavi\u010dka \u013eahko um\u00fdvate\u013en\u00e1 a opakovane pou\u017eite\u013en\u00e1, \u010do ju rob\u00ed ekonomickou a udr\u017eate\u013enou vo\u013ebou.<\/p>\n<p><strong>Komu odpor\u00fa\u010dame<\/strong><\/p>\n<p>\u2022Pre su\u010dky v obdob\u00ed h\u00e1rania.<\/p>\n<p>\u2022Pre psov trpiacich inkontinenciou.<\/p>\n<p>\u2022Po oper\u00e1cii na udr\u017eanie hygieny.<\/p>\n<p><strong>Pre\u010do si vybra\u0165 Whizzopet h\u00e1racie nohavi\u010dky?<\/strong><\/p>\n<p>Preto\u017ee poskytuj\u00fa maxim\u00e1lnu ochranu, v\u00fdnimo\u010dn\u00e9 pohodlie a \u0161t\u00fdlov\u00fd vzh\u013ead pre v\u00e1\u0161ho mil\u00e1\u010dika \u2013 a to v\u0161etko s pou\u017eit\u00edm najkvalitnej\u0161\u00edch materi\u00e1lov!<\/p>","protected":false},"excerpt":{"rendered":"<p class=\"translation-block\">Whizzopet plienka a h\u00e1rac\u00ed nohavi\u010dky s\u00fa dokonal\u00fdm rie\u0161en\u00edm pre hygienick\u00fa a pohodln\u00fa ochranu po\u010das h\u00e1racieho obdobia alebo pri inkontinencii. Starostlivo navrhnut\u00fd dizajn nohavi\u010diek zaru\u010duje maxim\u00e1lny komfort a nepriepustnos\u0165, pri\u010dom v\u00e1\u0161mu psovi dod\u00e1va \u0161t\u00fdlov\u00fd vzh\u013ead.<\/p>\n<p><strong>Tabu\u013eka ve\u013ekost\u00ed medzi obr\u00e1zkami!<\/strong><\/p>","protected":false},"featured_media":6080,"comment_status":"open","ping_status":"closed","template":"","meta":{"inline_featured_image":false},"product_brand":[],"product_cat":[40,36],"product_tag":[],"class_list":{"0":"post-6073","1":"product","2":"type-product","3":"status-publish","4":"has-post-thumbnail","6":"product_cat-tuzelobugyi","7":"product_cat-kiegeszitok","8":"infinite-scroll-item","9":"sales-flash-overlay","10":"woocommerce-text-align-center","11":"woocommerce-image-align-center","12":"do-quantity-buttons","14":"first","15":"instock","16":"taxable","17":"shipping-taxable","18":"purchasable","19":"product-type-variable"},"_links":{"self":[{"href":"https:\/\/whizzopet.hu\/sk\/wp-json\/wp\/v2\/product\/6073","targetHints":{"allow":["GET"]}}],"collection":[{"href":"https:\/\/whizzopet.hu\/sk\/wp-json\/wp\/v2\/product"}],"about":[{"href":"https:\/\/whizzopet.hu\/sk\/wp-json\/wp\/v2\/types\/product"}],"replies":[{"embeddable":true,"href":"https:\/\/whizzopet.hu\/sk\/wp-json\/wp\/v2\/comments?post=6073"}],"wp:featuredmedia":[{"embeddable":true,"href":"https:\/\/whizzopet.hu\/sk\/wp-json\/wp\/v2\/media\/6080"}],"wp:attachment":[{"href":"https:\/\/whizzopet.hu\/sk\/wp-json\/wp\/v2\/media?parent=6073"}],"wp:term":[{"taxonomy":"product_brand","embeddable":true,"href":"https:\/\/whizzopet.hu\/sk\/wp-json\/wp\/v2\/product_brand?post=6073"},{"taxonomy":"product_cat","embeddable":true,"href":"https:\/\/whizzopet.hu\/sk\/wp-json\/wp\/v2\/product_cat?post=6073"},{"taxonomy":"product_tag","embeddable":true,"href":"https:\/\/whizzopet.hu\/sk\/wp-json\/wp\/v2\/product_tag?post=6073"}],"curies":[{"name":"wp","href":"https:\/\/api.w.org\/{rel}","templated":true}]}}