{"id":6068,"date":"2024-12-22T18:16:16","date_gmt":"2024-12-22T17:16:16","guid":{"rendered":"https:\/\/whizzopet.hu\/?post_type=product&#038;p=6068"},"modified":"2026-02-13T11:29:58","modified_gmt":"2026-02-13T10:29:58","slug":"whizzobrush-kupelova-kefa-pre-psov","status":"publish","type":"product","link":"https:\/\/whizzopet.hu\/sk\/termek\/whizzobrush-kutya-furdeto-kefe\/","title":{"rendered":"WhizzoBrush k\u00fape\u013eov\u00e1 kefa pre psov"},"content":{"rendered":"<h2><strong>Vlastnosti:<\/strong><\/h2>\n<p><strong>\u2022Silik\u00f3nov\u00e9 \u0161tetiny:<\/strong>\u00a0M\u00e4kke, flexibiln\u00e9 \u0161tetiny, ktor\u00e9 jemne \u010dist\u00ed srs\u0165 a poko\u017eku psa bez toho, aby ich dr\u00e1\u017edili. Ide\u00e1lne pre zvierat\u00e1 s citlivou poko\u017ekou.<\/p>\n<p><strong>\u2022Bambusov\u00e1 rukov\u00e4\u0165:<\/strong>\u00a0Ekologicky \u0161etrn\u00e1 ergonomick\u00e1 kefa vyroben\u00e1 z pr\u00edrodn\u00e9ho bambusu, ktor\u00e1 je \u013eahk\u00e1, odoln\u00e1 a poskytuje pohodln\u00fd \u00fachop.<\/p>\n<p><strong>\u2022Nastavite\u013en\u00fd popruh:<\/strong>\u00a0Pre bezpe\u010dn\u00e9 a stabiln\u00e9 pou\u017eitie je nastaviteln\u00fd popruh vhodn\u00fd na ak\u00fako\u013evek ve\u013ekos\u0165 ruky.<\/p>\n<h3><strong>V\u00fdhody:<\/strong><\/h3>\n<p><strong>\u2022\u00da\u010dinn\u00e9 \u010distenie:<\/strong>\u00a0Silik\u00f3nov\u00e9 \u0161tetiny d\u00f4kladne odstra\u0148uj\u00fa ne\u010distoty, prach a odumret\u00e9 chlpy.<\/p>\n<p><strong>\u2022Mas\u00e1\u017eny z\u00e1\u017eitok:<\/strong>\u00a0Pou\u017e\u00edvanie kefy stimuluje krvn\u00fd obeh, podporuje zdravie poko\u017eky a srsti, a poskytuje psom upokojuj\u00faci z\u00e1\u017eitok.<\/p>\n<p><strong>\u2022Ekologick\u00e9 rie\u0161enie:<\/strong>\u00a0Pr\u00edrodn\u00fd bambusov\u00fd materi\u00e1l je udr\u017eate\u013enou vo\u013ebou, ktor\u00e1 neza\u0165a\u017euje \u017eivotn\u00e9 prostredie.<\/p>\n<p><strong>\u2022\u013dahk\u00e9 pou\u017eitie:<\/strong>\u00a0Ergonomick\u00fd dizajn a proti\u0161mykov\u00fd \u00fachop u\u013eah\u010duj\u00fa k\u00fapanie a starostlivos\u0165.<\/p>\n<p><strong>\u2022Univerz\u00e1lne pou\u017eitie:<\/strong>\u00a0Ide\u00e1lne na k\u00fapanie, ka\u017edodenn\u00fa starostlivos\u0165 a mas\u00e1\u017ee.<\/p>","protected":false},"excerpt":{"rendered":"<p class=\"translation-block\">Inovat\u00edvna k\u00fape\u013eov\u00e1 kefa, ktor\u00e1 nielen \u00fa\u010dinne \u010dist\u00ed srs\u0165 tvojho mil\u00e1\u010dika, ale poskytuje aj relaxa\u010dn\u00fa mas\u00e1\u017enu sk\u00fasenos\u0165. V\u010faka ergonomick\u00e9mu dizajnu je \u013eahko ovl\u00e1date\u013en\u00e1 a jej m\u00e4kk\u00e9 \u0161tetiny jemne staraj\u00fa o poko\u017eku, stimuluj\u00fa krvn\u00fd obeh. Ide\u00e1lna vo\u013eba na ka\u017edodenn\u00fa starostlivos\u0165 alebo \u0161peci\u00e1lne rozmazn\u00e1vanie!<\/p>","protected":false},"featured_media":6069,"comment_status":"open","ping_status":"closed","template":"","meta":{"inline_featured_image":false},"product_brand":[],"product_cat":[36,30],"product_tag":[],"class_list":{"0":"post-6068","1":"product","2":"type-product","3":"status-publish","4":"has-post-thumbnail","6":"product_cat-kiegeszitok","7":"product_cat-apolasi-termekek","8":"infinite-scroll-item","9":"sales-flash-overlay","10":"woocommerce-text-align-center","11":"woocommerce-image-align-center","12":"do-quantity-buttons","14":"first","15":"instock","16":"taxable","17":"shipping-taxable","18":"purchasable","19":"product-type-simple"},"_links":{"self":[{"href":"https:\/\/whizzopet.hu\/sk\/wp-json\/wp\/v2\/product\/6068","targetHints":{"allow":["GET"]}}],"collection":[{"href":"https:\/\/whizzopet.hu\/sk\/wp-json\/wp\/v2\/product"}],"about":[{"href":"https:\/\/whizzopet.hu\/sk\/wp-json\/wp\/v2\/types\/product"}],"replies":[{"embeddable":true,"href":"https:\/\/whizzopet.hu\/sk\/wp-json\/wp\/v2\/comments?post=6068"}],"wp:featuredmedia":[{"embeddable":true,"href":"https:\/\/whizzopet.hu\/sk\/wp-json\/wp\/v2\/media\/6069"}],"wp:attachment":[{"href":"https:\/\/whizzopet.hu\/sk\/wp-json\/wp\/v2\/media?parent=6068"}],"wp:term":[{"taxonomy":"product_brand","embeddable":true,"href":"https:\/\/whizzopet.hu\/sk\/wp-json\/wp\/v2\/product_brand?post=6068"},{"taxonomy":"product_cat","embeddable":true,"href":"https:\/\/whizzopet.hu\/sk\/wp-json\/wp\/v2\/product_cat?post=6068"},{"taxonomy":"product_tag","embeddable":true,"href":"https:\/\/whizzopet.hu\/sk\/wp-json\/wp\/v2\/product_tag?post=6068"}],"curies":[{"name":"wp","href":"https:\/\/api.w.org\/{rel}","templated":true}]}}