{"id":6056,"date":"2024-12-22T17:52:51","date_gmt":"2024-12-22T16:52:51","guid":{"rendered":"https:\/\/whizzopet.hu\/?post_type=product&#038;p=6056"},"modified":"2026-02-19T11:58:44","modified_gmt":"2026-02-19T10:58:44","slug":"whizzopet-psi-noznice-na-strihanie-nechtov","status":"publish","type":"product","link":"https:\/\/whizzopet.hu\/sk\/termek\/whizzopet-kutya-koromvago-ollo\/","title":{"rendered":"Whizzopet ps\u00ed no\u017enice na strihanie nechtov"},"content":{"rendered":"<p class=\"translation-block\"><strong>Dostato\u010dne siln\u00e9 na tenk\u00e9 aj hrub\u00e9 paz\u00fariky:<\/strong> Jedin\u00fdm pohybom umo\u017e\u0148uje r\u00fdchlu a pohodln\u00fa dom\u00e1cu starostlivos\u0165.<\/p>\n<p class=\"translation-block\"><strong>Vysokokvalitn\u00e9 \u010depele z nehrdzavej\u00facej ocele:<\/strong> \u013dahko strihaj\u00fa paz\u00fariky mal\u00fdch, stredn\u00fdch aj ve\u013ek\u00fdch psov a ma\u010diek.<\/p>\n<p class=\"translation-block\"><strong>Proti\u0161mykov\u00e1, pevn\u00e1 rukov\u00e4\u0165:<\/strong> Zabezpe\u010duje pohodln\u00e9 uchopenie a jednoduch\u00e9 pou\u017e\u00edvanie, pri\u010dom zni\u017euje riziko n\u00e1hodn\u00e9ho poranenia.<\/p>\n<p class=\"translation-block\"><strong>Bezpe\u010dnostn\u00e1 zar\u00e1\u017eka:<\/strong> Zni\u017euje riziko pr\u00edli\u0161 kr\u00e1tkeho strihania paz\u00farikov a s t\u00fdm spojen\u00fdch zranen\u00ed u psov a ma\u010diek.<\/p>\n<p class=\"translation-block\"><strong>Integrovan\u00fd piln\u00edk:<\/strong> Umo\u017e\u0148uje dokonal\u00e9 doladenie, prakticky ulo\u017een\u00fd priamo v rukov\u00e4ti klie\u0161t\u00ed.<\/p>","protected":false},"excerpt":{"rendered":"<p>U\u017e sa nemus\u00edte ob\u00e1va\u0165 strihania paz\u00farikov!<\/p>\n<p class=\"translation-block\">S ergonomick\u00fdm dizajnom a prec\u00edznymi, pevn\u00fdmi \u010depe\u013eami z nehrdzavej\u00facej ocele v\u00e1m Whizzopet klie\u0161te umo\u017e\u0148uj\u00fa r\u00fdchle, jednoduch\u00e9 a bezpe\u010dn\u00e9 strihanie paz\u00farikov v\u00e1\u0161ho mil\u00e1\u010dika. Proti\u0161mykov\u00e1 rukov\u00e4\u0165 zais\u0165uje stabiln\u00e9 uchopenie, zatia\u013e \u010do integrovan\u00fd piln\u00edk sa postar\u00e1 o dokonale hladk\u00fd v\u00fdsledok. \u010ci u\u017e m\u00e1te mal\u00e9, alebo v\u00e4\u010d\u0161ie psy \u010di ma\u010dky, tieto klie\u0161te bud\u00fa va\u0161\u00edm najlep\u0161\u00edm pomocn\u00edkom pri dom\u00e1cej starostlivosti. Vysk\u00fa\u0161ajte ich a preme\u0148te strihanie paz\u00farikov na bezstresov\u00fa rutinu!<\/p>","protected":false},"featured_media":6067,"comment_status":"open","ping_status":"closed","template":"","meta":{"inline_featured_image":false},"product_brand":[],"product_cat":[36,53],"product_tag":[],"class_list":{"0":"post-6056","1":"product","2":"type-product","3":"status-publish","4":"has-post-thumbnail","6":"product_cat-kiegeszitok","7":"product_cat-kutya-koromapolas","8":"infinite-scroll-item","9":"sales-flash-overlay","10":"woocommerce-text-align-center","11":"woocommerce-image-align-center","12":"do-quantity-buttons","14":"first","15":"instock","16":"taxable","17":"shipping-taxable","18":"purchasable","19":"product-type-simple"},"_links":{"self":[{"href":"https:\/\/whizzopet.hu\/sk\/wp-json\/wp\/v2\/product\/6056","targetHints":{"allow":["GET"]}}],"collection":[{"href":"https:\/\/whizzopet.hu\/sk\/wp-json\/wp\/v2\/product"}],"about":[{"href":"https:\/\/whizzopet.hu\/sk\/wp-json\/wp\/v2\/types\/product"}],"replies":[{"embeddable":true,"href":"https:\/\/whizzopet.hu\/sk\/wp-json\/wp\/v2\/comments?post=6056"}],"wp:featuredmedia":[{"embeddable":true,"href":"https:\/\/whizzopet.hu\/sk\/wp-json\/wp\/v2\/media\/6067"}],"wp:attachment":[{"href":"https:\/\/whizzopet.hu\/sk\/wp-json\/wp\/v2\/media?parent=6056"}],"wp:term":[{"taxonomy":"product_brand","embeddable":true,"href":"https:\/\/whizzopet.hu\/sk\/wp-json\/wp\/v2\/product_brand?post=6056"},{"taxonomy":"product_cat","embeddable":true,"href":"https:\/\/whizzopet.hu\/sk\/wp-json\/wp\/v2\/product_cat?post=6056"},{"taxonomy":"product_tag","embeddable":true,"href":"https:\/\/whizzopet.hu\/sk\/wp-json\/wp\/v2\/product_tag?post=6056"}],"curies":[{"name":"wp","href":"https:\/\/api.w.org\/{rel}","templated":true}]}}