{"id":6010,"date":"2024-12-20T11:52:06","date_gmt":"2024-12-20T10:52:06","guid":{"rendered":"https:\/\/whizzopet.hu\/?post_type=product&#038;p=6010"},"modified":"2026-04-04T14:54:44","modified_gmt":"2026-04-04T12:54:44","slug":"whizzopet-bambusova-psia-miska","status":"publish","type":"product","link":"https:\/\/whizzopet.hu\/sk\/termek\/whizzopet-bambusz-kutyatal\/","title":{"rendered":"Whizzopet bambusov\u00e1 psia miska"},"content":{"rendered":"<h2><strong>Pre\u010do si vybra\u0165 Whizzopet misky z bambusov\u00fdch vl\u00e1kien?<\/strong><\/h2>\n<p>Pri n\u00e1vrhu Whizzopet misiek sme sa zamerali nielen na praktickos\u0165 a odolnos\u0165, ale aj na udr\u017eate\u013enos\u0165. S\u00fa vyroben\u00e9 zo 100% pr\u00edrodn\u00fdch bambusov\u00fdch vl\u00e1kien, v\u010faka \u010domu nielen v\u00e1\u0161 mil\u00e1\u010dik, ale aj na\u0161a plan\u00e9ta poc\u00edti ich pr\u00ednos.<br>\nDostupn\u00e9 v \u0161tyroch r\u00f4znych ve\u013ekostiach a modern\u00fdch farb\u00e1ch, tak\u017ee ka\u017ed\u00fd milovn\u00edk zvierat si n\u00e1jde t\u00fa prav\u00fa pre svojho \u0161tvornoh\u00e9ho kamar\u00e1ta.<\/p>\n<h3><strong>Dostupn\u00e9 ve\u013ekosti:<\/strong><\/h3>\n<p>\u20220,4 L (\u00d812,5 cm) \u2013 pre men\u0161ie psy a ma\u010dky.<\/p>\n<p>\u20220,7 L (\u00d815 cm) \u2013 pre stredne ve\u013ek\u00e9 zvierat\u00e1.<\/p>\n<p>\u20221 L (\u00d818,5 cm) \u2013 ide\u00e1lne pre stredn\u00e9 a\u017e ve\u013ek\u00e9 psy.<\/p>\n<p>\u20221,75 L (\u00d822 cm) \u2013 pre ve\u013ek\u00e9 psy.<\/p>\n<h3><strong>Jedine\u010dn\u00e9 v\u00fdhody, ktor\u00e9 si zamilujete:<\/strong><\/h3>\n<p>\u2022<strong>Ekologick\u00fd bambusov\u00fd materi\u00e1l:<\/strong>\u00a0Pr\u00edrodn\u00fd a udr\u017eate\u013en\u00fd, z\u00e1rove\u0148 mimoriadne odoln\u00fd.<\/p>\n<p>\u2022<strong>\u0160t\u00fdlov\u00e9 farby:<\/strong>\u00a0 Vyberte si z modern\u00fdch odtie\u0148ov \u2013 modr\u00e1, pastelov\u00e1 ru\u017eov\u00e1, \u017eiv\u00e1 \u017elt\u00e1 alebo svie\u017ea zelen\u00e1.<\/p>\n<p>\u2022<strong>Proti\u0161mykov\u00e9 gumen\u00e9 dno:<\/strong> Zostane stabiln\u00e1 aj pri jedle najnad\u0161enej\u0161\u00edch ma\u0161krtn\u00edkov.<\/p>\n<p>\u2022<strong>Jednoduch\u00e9 \u010distenie:<\/strong>\u00a0Hladk\u00fd a odoln\u00fd povrch sa r\u00fdchlo a \u013eahko udr\u017eiava.<\/p>\n<p>\u2022<strong>Modern\u00fd dizajn:<\/strong>\u00a0Spojenie funk\u010dnosti a estetiky, ktor\u00e9 dokonale zapadne do v\u00e1\u0161ho domova.<\/p>","protected":false},"excerpt":{"rendered":"<p><strong>Bambusov\u00e1 miska na k\u0155menie a vodu pre psov a ma\u010dky.<\/strong><\/p>\n<p>Pr\u00e9miov\u00e9 bambusov\u00e9 misky\nPr\u00e9miov\u00e9 misky z bambusov\u00fdch vl\u00e1kien, ktor\u00e9 sl\u00fa\u017eia ako na k\u0155menie, tak aj na vodu. Dostupn\u00e9 v \u0161tyroch ve\u013ekostiach a \u0161tyroch modern\u00fdch farb\u00e1ch, navrhnut\u00e9 pre maxim\u00e1lne pohodlie.<br>\n\u2022\tProti\u0161mykov\u00e9 gumen\u00e9 dno pre dokonal\u00fa stabilitu.<br>\n\u2022\tOdoln\u00e1 kon\u0161trukcia pre dlh\u00fa \u017eivotnos\u0165.<br>\n\u2022\tPr\u00edrodn\u00e9 materi\u00e1ly pre udr\u017eate\u013enos\u0165 a oh\u013eaduplnos\u0165 k \u017eivotn\u00e9mu prostrediu.<\/p>\n<p>Ide\u00e1lna vo\u013eba pre psy a ma\u010dky, ktor\u00fdm chcete dopria\u0165 to najlep\u0161ie.<\/p>\n<p><strong>Jedna miska, ktor\u00e1 je praktick\u00e1, ekologick\u00e1 a \u0161t\u00fdlov\u00e1.<\/strong><\/p>\n<p>&nbsp;<\/p>","protected":false},"featured_media":6051,"comment_status":"open","ping_status":"closed","template":"","meta":{"inline_featured_image":false},"product_brand":[],"product_cat":[35,36],"product_tag":[],"class_list":{"0":"post-6010","1":"product","2":"type-product","3":"status-publish","4":"has-post-thumbnail","6":"product_cat-talak","7":"product_cat-kiegeszitok","8":"infinite-scroll-item","9":"sales-flash-overlay","10":"woocommerce-text-align-center","11":"woocommerce-image-align-center","12":"do-quantity-buttons","14":"first","15":"instock","16":"taxable","17":"shipping-taxable","18":"purchasable","19":"product-type-variable"},"_links":{"self":[{"href":"https:\/\/whizzopet.hu\/sk\/wp-json\/wp\/v2\/product\/6010","targetHints":{"allow":["GET"]}}],"collection":[{"href":"https:\/\/whizzopet.hu\/sk\/wp-json\/wp\/v2\/product"}],"about":[{"href":"https:\/\/whizzopet.hu\/sk\/wp-json\/wp\/v2\/types\/product"}],"replies":[{"embeddable":true,"href":"https:\/\/whizzopet.hu\/sk\/wp-json\/wp\/v2\/comments?post=6010"}],"wp:featuredmedia":[{"embeddable":true,"href":"https:\/\/whizzopet.hu\/sk\/wp-json\/wp\/v2\/media\/6051"}],"wp:attachment":[{"href":"https:\/\/whizzopet.hu\/sk\/wp-json\/wp\/v2\/media?parent=6010"}],"wp:term":[{"taxonomy":"product_brand","embeddable":true,"href":"https:\/\/whizzopet.hu\/sk\/wp-json\/wp\/v2\/product_brand?post=6010"},{"taxonomy":"product_cat","embeddable":true,"href":"https:\/\/whizzopet.hu\/sk\/wp-json\/wp\/v2\/product_cat?post=6010"},{"taxonomy":"product_tag","embeddable":true,"href":"https:\/\/whizzopet.hu\/sk\/wp-json\/wp\/v2\/product_tag?post=6010"}],"curies":[{"name":"wp","href":"https:\/\/api.w.org\/{rel}","templated":true}]}}