{"id":4181,"date":"2024-10-14T20:43:08","date_gmt":"2024-10-14T18:43:08","guid":{"rendered":"https:\/\/whizzopet.hu\/?post_type=product&#038;p=4181"},"modified":"2026-02-23T13:23:35","modified_gmt":"2026-02-23T12:23:35","slug":"olej-z-divokeho-lososa-pre-psov","status":"publish","type":"product","link":"https:\/\/whizzopet.hu\/sk\/termek\/vadlazac-olaj-kutyaknak\/","title":{"rendered":"Olej z divok\u00e9ho lososa pre psov"},"content":{"rendered":"<p><strong>Charakteristiky:<\/strong><\/p>\n<p><strong>Bohat\u00fd na Omega-3 mastn\u00e9 kyseliny (EPA a DHA)<\/strong><\/p>\n<p>Omega-3 mastn\u00e9 kyseliny s\u00fa nevyhnutn\u00e9 pre zdravie psov. EPA a DHA podporuj\u00fa zdravie mozgu, srdca, k\u013abov a poko\u017eky. Tieto mastn\u00e9 kyseliny maj\u00fa protiz\u00e1palov\u00e9 \u00fa\u010dinky, pom\u00e1haj\u00fa zni\u017eova\u0165 boles\u0165 k\u013abov, zlep\u0161uj\u00fa fungovanie kardiovaskul\u00e1rneho syst\u00e9mu a prispievaj\u00fa k zdrav\u00e9mu, leskl\u00e9mu ko\u017euchu.<\/p>\n<p><strong>Podporuje zdravie poko\u017eky a srsti<\/strong><\/p>\n<p>Pravideln\u00e1 konzum\u00e1cia oleja z divok\u00e9ho lososa prispieva k hydrat\u00e1cii poko\u017eky a lesku srsti. Pom\u00e1ha predch\u00e1dza\u0165 suchej, svrbivej poko\u017eke a zni\u017euje vypad\u00e1vanie srsti, tak\u017ee poko\u017eka a srs\u0165 v\u00e1\u0161ho psa zostan\u00fa v\u017edy m\u00e4kk\u00e9 a zdrav\u00e9. Toto je obzvl\u00e1\u0161\u0165 d\u00f4le\u017eit\u00e9 pre psy so sklonom k alergi\u00e1m alebo so citlivou poko\u017ekou.<\/p>\n<p><strong>Podporuje zdravie k\u013abov a pohyblivos\u0165<\/strong><\/p>\n<p>Protiz\u00e1palov\u00e9 vlastnosti Omega-3 mastn\u00fdch kysel\u00edn prispievaj\u00fa k ochrane k\u013abov a zmierneniu bolesti. Pravideln\u00e1 konzum\u00e1cia oleja z divok\u00e9ho lososa m\u00f4\u017ee pom\u00f4c\u0165 udr\u017eiava\u0165 pohyblivos\u0165 a flexibilitu v\u00e1\u0161ho psa, najm\u00e4 u star\u0161\u00edch alebo akt\u00edvnych psov, ktor\u00ed ved\u00fa akt\u00edvny \u017eivotn\u00fd \u0161t\u00fdl.<\/p>\n<p><strong>Podporuje imunitn\u00fd syst\u00e9m<\/strong><\/p>\n<p>Omega-3 mastn\u00e9 kyseliny v oleji z divok\u00e9ho lososa posil\u0148uj\u00fa imunitn\u00fd syst\u00e9m v\u00e1\u0161ho psa, \u010d\u00edm mu pom\u00e1haj\u00fa chr\u00e1ni\u0165 sa pred chorobami. Okrem posilnenia imunitn\u00e9ho syst\u00e9mu prispievaj\u00fa aj k udr\u017eiavaniu zdrav\u00fdch z\u00e1palov\u00fdch reakci\u00ed, \u010do je k\u013e\u00fa\u010dov\u00e9 pre dlhodob\u00e9 zdravie v\u00e1\u0161ho psa.<\/p>\n<p><strong>Podporuje zdravie srdca a cievneho syst\u00e9mu<\/strong><\/p>\n<p>Omega-3 mastn\u00e9 kyseliny, najm\u00e4 EPA a DHA, prispievaj\u00fa k udr\u017eiavaniu zdravia srdca a cievneho syst\u00e9mu. Podporuj\u00fa zdrav\u00fd krvn\u00fd tlak, pom\u00e1haj\u00fa regulova\u0165 hladinu cholesterolu a prispievaj\u00fa k prevencii srdcov\u00fdch ochoren\u00ed.<\/p>\n<p><strong>Skladovanie a zachovanie kvality:<\/strong><\/p>\n<p><strong>Skladovanie v tmavom skle pre dlh\u0161iu \u010derstvos\u0165<\/strong><\/p>\n<p>Omega-3 mastn\u00e9 kyseliny s\u00fa ve\u013emi citliv\u00e9 na svetlo, \u010do m\u00f4\u017ee vies\u0165 k oxid\u00e1cii a zn\u00ed\u017eeniu v\u00fd\u017eivov\u00fdch hodn\u00f4t. Preto olej z divok\u00e9ho lososa skladujeme v tmav\u00fdch f\u013ea\u0161iach, ktor\u00e9 chr\u00e1nia pred svetlom a zabezpe\u010duj\u00fa dlh\u0161iu \u010derstvos\u0165 a v\u00fd\u017eivov\u00fa hodnotu produktu. Tmav\u00e9 sklo tie\u017e poskytuje lep\u0161iu regul\u00e1ciu teploty, \u010d\u00edm chr\u00e1ni olej pred negat\u00edvnymi \u00fa\u010dinkami kol\u00edsania teploty.<\/p>\n<p><strong>Pre\u010do nie je dobr\u00e9 skladova\u0165 v plastov\u00fdch n\u00e1dob\u00e1ch?<\/strong><\/p>\n<p>Plastov\u00e9 n\u00e1doby m\u00f4\u017eu by\u0165 prieh\u013eadn\u00e9, \u010do umo\u017e\u0148uje svetlu prenika\u0165 do oleja a ur\u00fdch\u013euje jeho oxid\u00e1ciu. Navy\u0161e plastov\u00e9 n\u00e1doby m\u00f4\u017eu uvo\u013e\u0148ova\u0165 \u0161kodliv\u00e9 chemik\u00e1lie, ako je BPA alebo ftal\u00e1ty, ktor\u00e9 m\u00f4\u017eu kontaminova\u0165 olej a zhor\u0161i\u0165 jeho kvalitu. Preto pon\u00fakame pr\u00e9miov\u00fd olej z divok\u00e9ho lososa v tmav\u00fdch sklenen\u00fdch f\u013ea\u0161iach, aby sme zachovali jeho \u010distotu a \u00fa\u010dinnos\u0165.<\/p>\n<p><strong>Odpor\u00fa\u010dania na pou\u017eitie:<\/strong><\/p>\n<p><strong>Priebe\u017ene alebo kontinu\u00e1lne?<\/strong><\/p>\n<p>Pou\u017eitie oleja z divok\u00e9ho lososa je odpor\u00fa\u010dan\u00e9 k\u00farou, najm\u00e4 na podporu k\u013abov alebo po\u010das obdobia vypad\u00e1vania srsti. Av\u0161ak, vzh\u013eadom na to, \u017ee Omega-3 mastn\u00e9 kyseliny s\u00fa nevyhnutn\u00e9 pre zdravie psa, odpor\u00fa\u010da sa aj jeho pravideln\u00e1 konzum\u00e1cia. Pri kontinu\u00e1lnom pod\u00e1van\u00ed olej pom\u00e1ha udr\u017eiava\u0165 zdravie poko\u017eky a srsti, podporuje imunitn\u00fd syst\u00e9m a prispieva k dlhodob\u00e9mu zdraviu k\u013abov.<\/p>\n<p><strong>Pre\u010do si vybra\u0165 Whizzopet olej z divok\u00e9ho lososa?<\/strong><\/p>\n<p><strong>1. \u010cist\u00fd a pr\u00edrodn\u00fd:<br \/>\n<\/strong>Tento olej z divok\u00e9ho lososa je vyroben\u00fd z 100% pr\u00edrodn\u00fdch zlo\u017eiek, ktor\u00e9 poch\u00e1dzaj\u00fa z vo\u013ene loven\u00fdch lososov, \u010d\u00edm je zaru\u010den\u00e9, \u017ee neobsahuje \u017eiadne umel\u00e9 pr\u00edsady ani zne\u010dis\u0165uj\u00face l\u00e1tky.<\/p>\n<p><strong>2. Vynikaj\u00faci zdroj Omega-3:<br \/>\n<\/strong>Vysok\u00fd obsah EPA a DHA zais\u0165uje, \u017ee v\u00e1\u0161 pes dostane tieto nevyhnutn\u00e9 mastn\u00e9 kyseliny, ktor\u00e9 s\u00fa k\u013e\u00fa\u010dov\u00e9 pre zdrav\u00fd \u017eivot. Olej z divok\u00e9ho lososa je pr\u00edrodn\u00fd a \u00fa\u010dinn\u00fd sp\u00f4sob, ako podpori\u0165 celkov\u00fa pohodu v\u00e1\u0161ho psa.<\/p>\n<p><strong>3. Jednoduch\u00e9 d\u00e1vkovanie:<br \/>\n<\/strong>V\u010faka \u010diernemu pumpovaciemu d\u00e1vkova\u010du je tento olej \u013eahko pridate\u013en\u00fd do akejko\u013evek stravy, \u010d\u00edm zabezpe\u010duje, \u017ee v\u00e1\u0161 pes ka\u017ed\u00fd de\u0148 dostane d\u00f4le\u017eit\u00e9 \u017eiviny, ktor\u00e9 potrebuje.<\/p>\n<p><strong>4. R\u00f4zne zdravotn\u00e9 v\u00fdhody:<br \/>\n<\/strong>Tento pr\u00e9miov\u00fd olej z divok\u00e9ho lososa nielen vynik\u00e1 v starostlivosti o poko\u017eku a srs\u0165, ale tie\u017e podporuje zdravie srdca, k\u013abov a imunitn\u00e9ho syst\u00e9mu v\u00e1\u0161ho psa, \u010d\u00edm prispieva k dlh\u00e9mu a \u0161\u0165astn\u00e9mu \u017eivotu.<\/p>\n<p>Tento 100% pr\u00edrodn\u00fd olej z divok\u00e9ho lososa je najlep\u0161ou vo\u013ebou, ak chcete svojmu psovi zabezpe\u010di\u0165 potrebn\u00e9 Omega-3 mastn\u00e9 kyseliny.<\/p>\n<p>Olej z divok\u00e9ho lososa je v porovnan\u00ed s tradi\u010dn\u00fdm ryb\u00edm olejom v\u00fdhodnej\u0161ou vo\u013ebou pre v\u00e1\u0161ho psa z viacer\u00fdch d\u00f4vodov. M\u00e1 vy\u0161\u0161iu koncentr\u00e1ciu Omega-3 mastn\u00fdch kysel\u00edn, \u010distej\u0161\u00ed a prirodzenej\u0161\u00ed zdroj, stabiln\u00fa kvalitu, obsahuje astaxant\u00edn (siln\u00fd antioxidant, ktor\u00fd je zodpovedn\u00fd za oran\u017eov\u00fa farbu lososa) a poch\u00e1dza z udr\u017eate\u013en\u00e9ho rybolovu. Tieto faktory robia olej z divok\u00e9ho lososa lep\u0161ou vo\u013ebou. Ak v\u00e1m z\u00e1le\u017e\u00ed na tom, aby v\u00e1\u0161 pes dost\u00e1val najkvalitnej\u0161\u00ed doplnok stravy, ktor\u00fd podpor\u00ed jeho zdravie, olej z divok\u00e9ho lososa je tou najlep\u0161ou vo\u013ebou.<\/p>\n<p>&nbsp;<\/p>","protected":false},"excerpt":{"rendered":"<p>Tento olej z divok\u00e9ho lososa je pr\u00e9miov\u00fd doplnok stravy, bohat\u00fd na Omega-3 mastn\u00e9 kyseliny, najm\u00e4 EPA a DHA, ktor\u00e9 s\u00fa nevyhnutn\u00e9 pre celkov\u00e9 zdravie a pohodu v\u00e1\u0161ho psa. Olej z divok\u00e9ho lososa je skvelou vo\u013ebou, ak chcete podpori\u0165 zdravie poko\u017eky a srsti v\u00e1\u0161ho mil\u00e1\u010dika, zdravie jeho k\u013abov a kardiovaskul\u00e1rny syst\u00e9m. Tento pr\u00edrodn\u00fd a \u010dist\u00fd olej z divok\u00e9ho lososa je \u013eahko str\u00e1vite\u013en\u00fd a chutn\u00fd sp\u00f4sob, ako zabezpe\u010di\u0165, aby v\u00e1\u0161 pes ka\u017ed\u00fd de\u0148 dostal potrebn\u00e9 \u017eiviny. Produkt je balen\u00fd v tmavom skle s \u010diernym d\u00e1vkova\u010dom, ktor\u00fd zabezpe\u010duje jednoduch\u00e9 a presn\u00e9 d\u00e1vkovanie a z\u00e1rove\u0148 uchov\u00e1va \u010derstvos\u0165 oleja.<\/p>\n<p><strong>Balenie:<\/strong> 250 ml<\/p>\n<p><strong>D\u00e1vkovanie: <\/strong><span style=\"font-size: inherit;\">5 ml\/10 kg hmotnosti psa denne (5 ml = 4 pumpi\u010dky)<\/span><\/p>","protected":false},"featured_media":4182,"comment_status":"open","ping_status":"closed","template":"","meta":{"inline_featured_image":false},"product_brand":[],"product_cat":[50],"product_tag":[],"class_list":{"0":"post-4181","1":"product","2":"type-product","3":"status-publish","4":"has-post-thumbnail","6":"product_cat-kutya-taplalekkiegeszito","7":"infinite-scroll-item","8":"sales-flash-overlay","9":"woocommerce-text-align-center","10":"woocommerce-image-align-center","11":"do-quantity-buttons","13":"first","14":"outofstock","15":"taxable","16":"shipping-taxable","17":"purchasable","18":"product-type-simple"},"_links":{"self":[{"href":"https:\/\/whizzopet.hu\/sk\/wp-json\/wp\/v2\/product\/4181","targetHints":{"allow":["GET"]}}],"collection":[{"href":"https:\/\/whizzopet.hu\/sk\/wp-json\/wp\/v2\/product"}],"about":[{"href":"https:\/\/whizzopet.hu\/sk\/wp-json\/wp\/v2\/types\/product"}],"replies":[{"embeddable":true,"href":"https:\/\/whizzopet.hu\/sk\/wp-json\/wp\/v2\/comments?post=4181"}],"wp:featuredmedia":[{"embeddable":true,"href":"https:\/\/whizzopet.hu\/sk\/wp-json\/wp\/v2\/media\/4182"}],"wp:attachment":[{"href":"https:\/\/whizzopet.hu\/sk\/wp-json\/wp\/v2\/media?parent=4181"}],"wp:term":[{"taxonomy":"product_brand","embeddable":true,"href":"https:\/\/whizzopet.hu\/sk\/wp-json\/wp\/v2\/product_brand?post=4181"},{"taxonomy":"product_cat","embeddable":true,"href":"https:\/\/whizzopet.hu\/sk\/wp-json\/wp\/v2\/product_cat?post=4181"},{"taxonomy":"product_tag","embeddable":true,"href":"https:\/\/whizzopet.hu\/sk\/wp-json\/wp\/v2\/product_tag?post=4181"}],"curies":[{"name":"wp","href":"https:\/\/api.w.org\/{rel}","templated":true}]}}