{"id":4180,"date":"2024-10-14T20:42:14","date_gmt":"2024-10-14T18:42:14","guid":{"rendered":"https:\/\/whizzopet.hu\/?post_type=product&#038;p=4180"},"modified":"2026-04-14T09:06:54","modified_gmt":"2026-04-14T07:06:54","slug":"mobility-izuletvedo-kutyaknak","status":"publish","type":"product","link":"https:\/\/whizzopet.hu\/sk\/termek\/mobility-izuletvedo-kutyaknak\/","title":{"rendered":"Mobility- iz\u00fcletv\u00e9d\u0151 kuty\u00e1knak"},"content":{"rendered":"<p><strong>Zlo\u017eky a v\u00fdhody:<\/strong><\/p>\n<p><strong>Pivovarsk\u00e9 kvasnice: <\/strong>Vynikaj\u00faci zdroj vitam\u00ednov skupiny B a esenci\u00e1lnych aminokysel\u00edn, ktor\u00e9 podporuj\u00fa regener\u00e1ciu k\u013abov, chrupaviek a tkan\u00edv. Pom\u00e1ha tie\u017e zni\u017eova\u0165 z\u00e1paly, ke\u010f\u017ee jeho antioxidanty, ako je sel\u00e9n, prispievaj\u00fa k zmierneniu z\u00e1palu a bolesti k\u013abov. Pivovarsk\u00e9 kvasnice zlep\u0161uj\u00fa fungovanie imunitn\u00e9ho syst\u00e9mu a podporuj\u00fa lep\u0161iu absorpciu \u017eiv\u00edn, \u010d\u00edm umo\u017e\u0148uj\u00fa efekt\u00edvnej\u0161ie vyu\u017e\u00edvanie k\u013abovej ochrany v tele psa, \u010d\u00edm dlhodobo prispievaj\u00fa k zachovaniu pohyblivosti.<\/p>\n<p><strong>Ryb\u00ed kolag\u00e9n: <\/strong>Ryb\u00ed kolag\u00e9n je jedn\u00fdm z naj\u00fa\u010dinnej\u0161\u00edch typov kolag\u00e9nu v\u010faka svojej men\u0161ej molekul\u00e1rnej ve\u013ekosti, ktor\u00e1 zais\u0165uje r\u00fdchlej\u0161iu a efekt\u00edvnej\u0161iu absorpciu. Ryb\u00ed kolag\u00e9n je obzvl\u00e1\u0161\u0165 bohat\u00fd na typ I kolag\u00e9n, ktor\u00fd je k\u013e\u00fa\u010dov\u00fd pre zdravie k\u013abov, chrupaviek a poko\u017eky. Ryb\u00ed kolag\u00e9n m\u00f4\u017ee by\u0165 \u00fa\u010dinnej\u0161\u00ed ne\u017e kolag\u00e9ny z in\u00fdch zdrojov, preto\u017ee sa lep\u0161ie vyu\u017e\u00edva v tele, \u010do znamen\u00e1, \u017ee r\u00fdchlej\u0161ie pom\u00e1ha pri regener\u00e1cii a posilnen\u00ed chrupaviek a k\u013abov.<\/p>\n<p><strong>Glukozam\u00edn a Chondroit\u00edn: <\/strong>Glukozam\u00edn a chondroit\u00edn s\u00fa k\u013e\u00fa\u010dov\u00fdmi zlo\u017ekami na udr\u017eanie zdravia k\u013abov. Glukozam\u00edn podporuje regener\u00e1ciu a ochranu chrupaviek, zatia\u013e \u010do chondroit\u00edn pom\u00e1ha udr\u017eiava\u0165 ich elasticitu a zni\u017euje z\u00e1paly. Tieto zlo\u017eky s\u00fa obzvl\u00e1\u0161\u0165 d\u00f4le\u017eit\u00e9 pre star\u0161\u00edch alebo akt\u00edvnych psov, u ktor\u00fdch je vy\u0161\u0161ie riziko opotrebenia k\u013abov.<\/p>\n<p><strong>Metylsulfonylmet\u00e1n (MSM): <\/strong>MSM m\u00e1 prirodzen\u00e9 protiz\u00e1palov\u00e9 a analgetick\u00e9 vlastnosti, ktor\u00e9 pom\u00e1haj\u00fa zmierni\u0165 boles\u0165 a stuhnutos\u0165 k\u013abov. Okrem toho podporuje elasticitu spojivov\u00fdch tkan\u00edv a prispieva k zdrav\u00e9mu pohybu.<\/p>\n<p><strong>Extrakt z kurkumy (s 95% kurkuminoidmi): <\/strong>Kurkuma je siln\u00fd antioxidant a protiz\u00e1palov\u00e1 l\u00e1tka, ktor\u00e1 pom\u00e1ha zni\u017eova\u0165 z\u00e1pal v k\u013aboch a podporuje ich zdravie. V\u010faka vysokej koncentr\u00e1cii kurkuminoidov m\u00f4\u017ee produkt \u00fa\u010dinne pom\u00f4c\u0165 pri zmier\u0148ovan\u00ed bolesti a z\u00e1palu.<\/p>\n<p>&nbsp;<\/p>\n<p><strong>Extrakt z kadidla a extrakt z z\u00e1zvoru: <\/strong>Extrakty z kadidla a z\u00e1zvoru s\u00fa prirodzen\u00e9 protiz\u00e1palov\u00e9 l\u00e1tky, ktor\u00e9 podporuj\u00fa zn\u00ed\u017eenie z\u00e1palu v k\u013aboch a zlep\u0161uj\u00fa pohyblivos\u0165. Tieto zlo\u017eky pom\u00e1haj\u00fa zmierni\u0165 chronick\u00fa boles\u0165 k\u013abov a podporuj\u00fa dlhodob\u00fa pohyblivos\u0165 psov.<\/p>\n<p>&nbsp;<\/p>\n<p><strong>Extrakt z devil's claw (3% harpagosidov): <\/strong>Devil's claw je \u00fa\u010dinn\u00fd pr\u00edrodn\u00fd analgetikum a protiz\u00e1palov\u00e1 rastlina, ktor\u00e1 je obzvl\u00e1\u0161\u0165 u\u017eito\u010dn\u00e1 pri probl\u00e9moch s k\u013abmi. Koncentr\u00e1cia harpagosidov zabezpe\u010duje, \u017ee extrakt \u00fa\u010dinne zmier\u0148uje boles\u0165 a z\u00e1pal.<\/p>\n<p>&nbsp;<\/p>\n<p><strong>Kyselina hyalur\u00f3nov\u00e1: <\/strong>Kyselina hyalur\u00f3nov\u00e1 zohr\u00e1va d\u00f4le\u017eit\u00fa \u00falohu pri mazan\u00ed k\u013abov a hydrat\u00e1cii chrupaviek, \u010d\u00edm podporuje plynul\u00fd pohyb a poskytuje ochranu pre k\u013aby.<\/p>\n<p>&nbsp;<\/p>\n<p><strong>Vitam\u00edny a Stopov\u00e9 prvky:<\/strong><\/p>\n<p>&nbsp;<\/p>\n<p><strong>Vitamin E:\u00a0<\/strong>Siln\u00fd antioxidant, ktor\u00fd chr\u00e1ni bunky pred oxida\u010dn\u00fdm stresom, podporuje imunitn\u00fd syst\u00e9m a pom\u00e1ha udr\u017eiava\u0165 zdravie poko\u017eky. V\u010faka vysok\u00e9mu obsahu vitam\u00ednu E produkt \u00fa\u010dinne prispieva k celkov\u00e9mu blahu v\u00e1\u0161ho mil\u00e1\u010dika.<\/p>\n<p><strong>Vitamin C: <\/strong>Prispieva nielen k posilneniu imunitn\u00e9ho syst\u00e9mu, ale je aj k\u013e\u00fa\u010dov\u00fd pre synt\u00e9zu kolag\u00e9nu, ktor\u00fd je nevyhnutn\u00fd pre zdravie k\u013abov a spojivov\u00fdch tkan\u00edv. Vysok\u00fd obsah vitam\u00ednu C pom\u00e1ha udr\u017eiava\u0165 pohyblivos\u0165 a vitalitu v\u00e1\u0161ho psa.<\/p>\n<p><strong>Pre\u010do si vybra\u0165 Mobility?<\/strong><\/p>\n<p><strong>1. Vysokokvalitn\u00e9, \u00fa\u010dinn\u00e9 pr\u00edrodn\u00e9 zlo\u017eky:<br \/>\n<\/strong>Produkt obsahuje iba pr\u00edrodn\u00e9, vedecky overen\u00e9 zlo\u017eky, ktor\u00e9 efekt\u00edvne podporuj\u00fa zdravie k\u013abov v\u00e1\u0161ho psa a celkov\u00fa pohodu.<\/p>\n<p><strong>2. Optim\u00e1lna koncentr\u00e1cia \u00fa\u010dinn\u00fdch l\u00e1tok:<br \/>\n<\/strong>Vysok\u00fd obsah \u00fa\u010dinn\u00fdch l\u00e1tok zabezpe\u010duje, \u017ee pri pou\u017e\u00edvan\u00ed produktu dosiahnete skuto\u010dn\u00e9 v\u00fdsledky. Starostlivo vybran\u00e9 pomery zais\u0165uj\u00fa maxim\u00e1lnu \u00fa\u010dinnos\u0165 a r\u00fdchle v\u00fdsledky.<\/p>\n<p><strong>3. \u0160peci\u00e1lny ryb\u00ed kolag\u00e9n:<br \/>\n<\/strong>Ryb\u00ed kolag\u00e9n zais\u0165uje lep\u0161iu absorpciu a vyu\u017eitie ne\u017e in\u00e9 typy kolag\u00e9nu. Tento rozdiel spo\u010d\u00edva v tom, \u017ee v\u010faka men\u0161ej molekul\u00e1rnej ve\u013ekosti sa ryb\u00ed kolag\u00e9n r\u00fdchlej\u0161ie a efekt\u00edvnej\u0161ie dostane do cie\u013eov\u00fdch tkan\u00edv, ako s\u00fa chrupavky a k\u013aby.<\/p>\n<p><strong>4. Formul\u00e1cia s vedeck\u00fdm z\u00e1kladom:<br \/>\n<\/strong>Produkt je navrhnut\u00fd tak, aby ka\u017ed\u00e1 zlo\u017eka mala vedecky podlo\u017een\u00fa \u00fa\u010dinnos\u0165. To zaru\u010duje, \u017ee v\u00e1\u0161 pes dostane najvy\u0161\u0161iu \u00farove\u0148 starostlivosti, ak\u00fa m\u00f4\u017ee \u00eds\u0165 \u00eds\u0165 o k\u013abov\u00fa ochranu v doplnku stravy.<\/p>\n<p><strong>5. Odpor\u00fa\u010dan\u00e9 veterin\u00e1rom:<br \/>\n<\/strong>Formul\u00e1ciu sme vyvinuli v spolupr\u00e1ci s Dr. T\u00e1ri Eszter a jej man\u017eelom, Kert\u00e9sz Istv\u00e1nom, \u010d\u00edm sme zabezpe\u010dili, \u017ee ka\u017ed\u00e1 zlo\u017eka je pr\u00edtomn\u00e1 v spr\u00e1vnej mno\u017estve a kvalite, \u010do naozaj prispieva k dlhodob\u00e9mu zachovaniu zdravia v\u00e1\u0161ho psa.<\/p>\n<p>Mobility je ide\u00e1lnou vo\u013ebou pre ka\u017ed\u00e9ho majite\u013ea psa, ktor\u00fd chce podpori\u0165 pohyblivos\u0165 svojho mil\u00e1\u010dika a dlhodobo udr\u017eiava\u0165 zdravie jeho k\u013abov.<\/p>\n<p><strong>Ako m\u00f4\u017ee Mobility pom\u00f4c\u0165 na z\u00e1klade starostlivo vybran\u00fdch zlo\u017eiek:<\/strong><\/p>\n<p><strong>1. Regener\u00e1cia a ochrana chrupaviek:<br \/>\n<\/strong>Ryb\u00ed kolag\u00e9n, glukozam\u00edn a chondroit\u00edn pom\u00e1haj\u00fa regener\u00e1cii, udr\u017eiavaniu a ochrane chrupaviek. To je obzvl\u00e1\u0161\u0165 d\u00f4le\u017eit\u00e9 pre star\u0161\u00edch, ve\u013ek\u00fdch alebo akt\u00edvnych psov, ktor\u00ed s\u00fa n\u00e1chyln\u00ed na opotrebenie chrupaviek.<\/p>\n<p><strong>2. Zn\u00ed\u017eenie z\u00e1palu:<br \/>\n<\/strong>Kurkuma, z\u00e1zvor, extrakt z kadidla a MSM maj\u00fa \u00fa\u010dinn\u00e9 protiz\u00e1palov\u00e9 vlastnosti. Tieto zlo\u017eky pom\u00e1haj\u00fa zni\u017eova\u0165 z\u00e1pal v k\u013aboch, zmier\u0148uj\u00fa boles\u0165 a obmedzen\u00fa pohyblivos\u0165, ktor\u00e1 s t\u00fdm s\u00favis\u00ed.<\/p>\n<p><strong>3. Zn\u00ed\u017eenie bolesti:<br \/>\n<\/strong>MSM a devil's claw s\u00fa pr\u00edrodn\u00e9 analgetik\u00e1, ktor\u00e9 pom\u00e1haj\u00fa zmierni\u0165 boles\u0165 a stuhnutos\u0165 k\u013abov. To je obzvl\u00e1\u0161\u0165 u\u017eito\u010dn\u00e9 pre psy, ktor\u00e9 kr\u00edvaj\u00fa alebo trpia pohybov\u00fdmi probl\u00e9mami.<\/p>\n<p><strong>4. Udr\u017eiavanie elasticity k\u013abov:<br \/>\n<\/strong>Kyselina hyalur\u00f3nov\u00e1 pom\u00e1ha pri mazan\u00ed a hydrat\u00e1cii k\u013abov, \u010do podporuje plynul\u00fd, bezprobl\u00e9mov\u00fd pohyb k\u013abov a zabra\u0148uje ich stuhnutiu.<\/p>\n<p><strong>5. Lie\u010dba pohybov\u00fdch probl\u00e9mov:<br \/>\n<\/strong>Kombin\u00e1cia glukozam\u00ednu, chondroit\u00ednu a MSM zlep\u0161uje elasticitu k\u013abov, podporuje regener\u00e1ciu chrupaviek a pom\u00e1ha predch\u00e1dza\u0165 alebo zmierni\u0165 pohybov\u00e9 probl\u00e9my.<\/p>\n<p><strong>6. Prevencia opotrebovania chrupaviek:<br \/>\n<\/strong>Akt\u00edv zlo\u017eky pom\u00e1haj\u00fa zabr\u00e1ni\u0165 opotrebovaniu chrupaviek a k\u013abov, najm\u00e4 u star\u0161\u00edch psov alebo u t\u00fdch, ktor\u00ed s\u00fa vystaven\u00ed ve\u013ek\u00e9mu za\u0165a\u017eeniu.<\/p>\n<p><strong>7. U\u013eah\u010denie pohybu:<br \/>\n<\/strong>Zlo\u017eky v produkte Mobility zni\u017euj\u00fa boles\u0165 a z\u00e1pal, \u010do umo\u017e\u0148uje \u013eah\u0161\u00ed pohyb, zlep\u0161uje pohyblivos\u0165 psa a zvy\u0161uje jeho komfort.<\/p>\n<p><strong>8. Prevencia k\u013abov\u00fdch ochoren\u00ed:<br \/>\n<\/strong>Zlo\u017eky v produkte m\u00f4\u017eu pom\u00f4c\u0165 predch\u00e1dza\u0165 k\u013abov\u00fdm ochoreniam, ako je osteoartrit\u00edda, ktor\u00e1 sa \u010dasto vyskytuje u ve\u013ek\u00fdch alebo star\u0161\u00edch psov.<\/p>\n<p><strong>9. Postopera\u010dn\u00e1 regener\u00e1cia:<br \/>\n<\/strong>K\u013abov\u00fa ochranu a regenera\u010dn\u00e9 \u00fa\u010dinn\u00e9 l\u00e1tky m\u00f4\u017eu podpori\u0165 r\u00fdchlej\u0161ie hojenie psov po oper\u00e1ci\u00e1ch k\u013abov, prispievaj\u00fac tak k r\u00fdchlej\u0161ej regener\u00e1cii a zmierneniu bolesti.<\/p>\n<p><strong>10. Zmiernenie k\u013abov\u00fdch probl\u00e9mov sp\u00f4soben\u00fdch po\u010das\u00edm:<br \/>\n<\/strong>Zlo\u017eky v produkte Mobility m\u00f4\u017eu poskytn\u00fa\u0165 ochranu proti k\u013abovej stuhnutosti a bolesti, ktor\u00e9 sa \u010dasto vyskytuj\u00fa v chladnom po\u010das\u00ed, najm\u00e4 u psov, ktor\u00e9 s\u00fa vonku po\u010das zimy.<\/p>\n<p><strong>11. Podpora imunitn\u00e9ho syst\u00e9mu:<br \/>\n<\/strong>Pivovarsk\u00e9 kvasnice a antioxidanty, ako vitam\u00edny E a C, podporuj\u00fa imunitn\u00fd syst\u00e9m, prispievaj\u00fa k celkov\u00e9mu blahu a zni\u017euj\u00fa z\u00e1paly.<\/p>\n<p><strong>12. Zdravie poko\u017eky a srsti:<br \/>\n<\/strong>Ryb\u00ed kolag\u00e9n a vitam\u00edn E maj\u00fa priazniv\u00fd vplyv na zdravie poko\u017eky a srsti, tak\u017ee produkt nielen podporuje k\u013aby, ale aj zlep\u0161uje vzh\u013ead psa.<\/p>\n<p><strong>D\u00e1vkovanie:<\/strong><\/p>\n<p>Po\u010diato\u010dn\u00e1 d\u00e1vka, f\u00e1za nap\u013a\u0148ania po\u010das 5 t\u00fd\u017ed\u0148ov:<br \/>\n10 kg\/3 tablety denne (r\u00e1no 2, ve\u010der 1)<\/p>\n<p>Udr\u017eiavacia d\u00e1vka:<br \/>\n10 kg\/1,5 tablety denne<\/p>\n<p>&nbsp;<\/p>","protected":false},"excerpt":{"rendered":"<p>Term\u00e9szetes iz\u00fcletv\u00e9d\u0151 kuty\u00e1knak gl\u00fck\u00f3zaminnal, kondroitinnal, kollag\u00e9nnel, MSM-mel, hialuronsavval \u00e9s n\u00f6v\u00e9nyi kivonatokkal.<\/p>\n<p><strong>Balenie:<\/strong> 90 tabliet<\/p>\n<p>&nbsp;<\/p>","protected":false},"featured_media":4184,"comment_status":"open","ping_status":"closed","template":"","meta":{"inline_featured_image":false},"product_brand":[],"product_cat":[50],"product_tag":[],"class_list":{"0":"post-4180","1":"product","2":"type-product","3":"status-publish","4":"has-post-thumbnail","6":"product_cat-kutya-taplalekkiegeszito","7":"infinite-scroll-item","8":"sales-flash-overlay","9":"woocommerce-text-align-center","10":"woocommerce-image-align-center","11":"do-quantity-buttons","13":"first","14":"instock","15":"taxable","16":"shipping-taxable","17":"purchasable","18":"product-type-simple"},"_links":{"self":[{"href":"https:\/\/whizzopet.hu\/sk\/wp-json\/wp\/v2\/product\/4180","targetHints":{"allow":["GET"]}}],"collection":[{"href":"https:\/\/whizzopet.hu\/sk\/wp-json\/wp\/v2\/product"}],"about":[{"href":"https:\/\/whizzopet.hu\/sk\/wp-json\/wp\/v2\/types\/product"}],"replies":[{"embeddable":true,"href":"https:\/\/whizzopet.hu\/sk\/wp-json\/wp\/v2\/comments?post=4180"}],"wp:featuredmedia":[{"embeddable":true,"href":"https:\/\/whizzopet.hu\/sk\/wp-json\/wp\/v2\/media\/4184"}],"wp:attachment":[{"href":"https:\/\/whizzopet.hu\/sk\/wp-json\/wp\/v2\/media?parent=4180"}],"wp:term":[{"taxonomy":"product_brand","embeddable":true,"href":"https:\/\/whizzopet.hu\/sk\/wp-json\/wp\/v2\/product_brand?post=4180"},{"taxonomy":"product_cat","embeddable":true,"href":"https:\/\/whizzopet.hu\/sk\/wp-json\/wp\/v2\/product_cat?post=4180"},{"taxonomy":"product_tag","embeddable":true,"href":"https:\/\/whizzopet.hu\/sk\/wp-json\/wp\/v2\/product_tag?post=4180"}],"curies":[{"name":"wp","href":"https:\/\/api.w.org\/{rel}","templated":true}]}}