{"id":4164,"date":"2024-10-13T19:55:06","date_gmt":"2024-10-13T17:55:06","guid":{"rendered":"https:\/\/whizzopet.hu\/?post_type=product&#038;p=4164"},"modified":"2026-04-09T16:30:32","modified_gmt":"2026-04-09T14:30:32","slug":"immunix-complex-immunerosito-kutyaknak","status":"publish","type":"product","link":"https:\/\/whizzopet.hu\/sk\/termek\/immunix-complex-immunerosito-kutyaknak\/","title":{"rendered":"Immunix Complex &#8211; immuner\u0151s\u00edt\u0151 kuty\u00e1knak"},"content":{"rendered":"<p><strong>Pre\u010do si vybra\u0165 Immunix Complex?<\/strong><\/p>\n<p><strong>1. Vysokokvalitn\u00e9, pr\u00edrodn\u00e9 akt\u00edvne zlo\u017eky:<\/strong> Tento produkt obsahuje starostlivo vybran\u00e9 pr\u00edrodn\u00e9 zlo\u017eky, ktor\u00e9 preuk\u00e1zate\u013ene podporuj\u00fa imunitn\u00fd syst\u00e9m, k\u013aby a celkov\u00e9 zdravie v\u00e1\u0161ho psa.<\/p>\n<p><strong>2. Vysok\u00e1 koncentr\u00e1cia \u00fa\u010dinn\u00fdch l\u00e1tok:<\/strong> Ka\u017ed\u00e1 d\u00e1vka zabezpe\u010d\u00ed v\u00e1\u0161mu psovi v\u0161etky potrebn\u00e9 \u017eiviny pre zdrav\u00fd a akt\u00edvny \u017eivot v\u010faka vysokej koncentr\u00e1cii akt\u00edvnych l\u00e1tok.<\/p>\n<p><strong>3.Komplexn\u00e1 formul\u00e1cia:<\/strong> Immunix Complex poskytuje komplexn\u00fa podporu pre v\u0161etky aspekty zdravia v\u00e1\u0161ho psa. Okrem posilnenia imunitn\u00e9ho syst\u00e9mu podporuje aj zdravie poko\u017eky, srsti a k\u013abov, \u010d\u00edm zabezpe\u010duje celkov\u00fa starostlivos\u0165.<\/p>\n<p><strong>4.Odpor\u00fa\u010dan\u00e9 veterin\u00e1rmi:<\/strong> Formul\u00e1cia bola vyvinut\u00e1 v spolupr\u00e1ci s Dr. T\u00e1ri Eszter a jej man\u017eelom Kert\u00e9szom Istv\u00e1nom, aby zabezpe\u010dila spr\u00e1vne mno\u017estvo a kvalitu v\u0161etk\u00fdch zlo\u017eiek. To garantuje pr\u00e9miov\u00fa kvalitu a \u00fa\u010dinnos\u0165, ktor\u00fa v\u00e1\u0161 pes potrebuje.<\/p>\n<p><strong>5.Jednoduch\u00e9 d\u00e1vkovanie:<\/strong> Tablety s pr\u00edchu\u0165ou slaniny s\u00fa navrhnut\u00e9 tak, aby vyhovovali chutiam psov, \u010do u\u013eah\u010duje ich ka\u017edodenn\u00e9 a bezstresov\u00e9 pod\u00e1vanie.<\/p>\n<p>Tento pr\u00e9miov\u00fd multivitam\u00edn na posilnenie imunity je tou najlep\u0161ou vo\u013ebou, ak chcete svojmu psovi zabezpe\u010di\u0165 \u017eiviny potrebn\u00e9 pre zdrav\u00fd a dlh\u00fd \u017eivot. Ka\u017ed\u00e1 zlo\u017eka produktu je starostlivo vybran\u00e1 a pr\u00edtomn\u00e1 vo vysokej koncentr\u00e1cii, aby v\u00e1\u0161 pes dostal komplexn\u00fa podporu, ktor\u00fa potrebuje. Posilnenie imunitn\u00e9ho syst\u00e9mu, ochrana k\u013abov a starostlivos\u0165 o poko\u017eku a srs\u0165 s\u00fa neoddelite\u013enou s\u00fa\u010das\u0165ou tejto komplexnej formul\u00e1cie. T\u00e1 zabezpe\u010d\u00ed, \u017ee ka\u017ed\u00fd moment \u017eivota v\u00e1\u0161ho mil\u00e1\u010dika bude zdrav\u00fd a \u0161\u0165astn\u00fd.<\/p>\n<p><strong>Na \u010do pom\u00e1ha Immunix Complex?<\/strong><\/p>\n<p><strong>1. Posilnenie imunitn\u00e9ho syst\u00e9mu: <\/strong>V\u00fd\u0165a\u017eok z echinacey a rakytn\u00edka s\u00fa siln\u00e9 pr\u00edrodn\u00e9 imunostimulanty, ktor\u00e9 pom\u00e1haj\u00fa v\u00e1\u0161mu psovi bojova\u0165 proti infekci\u00e1m a chorob\u00e1m, najm\u00e4 po\u010das stresov\u00fdch obdob\u00ed alebo chladn\u00fdch mesiacov. Podpora imunitn\u00e9ho syst\u00e9mu je obzvl\u00e1\u0161\u0165 d\u00f4le\u017eit\u00e1 pre star\u0161ie, oslaben\u00e9 alebo akt\u00edvne psy, ktor\u00e9 s\u00fa vystaven\u00e9 vy\u0161\u0161ej z\u00e1\u0165a\u017ei.<\/p>\n<p><strong>2. Zdravie poko\u017eky a srsti:<\/strong> Pivovarsk\u00e9 kvasnice a spirulina s\u00fa bohat\u00fdm zdrojom vitam\u00ednov a miner\u00e1lov, ktor\u00e9 podporuj\u00fa zdravie poko\u017eky a srsti. Tieto zlo\u017eky pom\u00e1haj\u00fa udr\u017eiava\u0165 leskl\u00fa, zdrav\u00fa srs\u0165 a podporuj\u00fa regener\u00e1ciu a hydrat\u00e1ciu poko\u017eky. Antioxidanty z rakytn\u00edka navy\u0161e prispievaj\u00fa k zachovaniu kr\u00e1sy poko\u017eky a srsti v\u00e1\u0161ho psa.<\/p>\n<p><strong>3. Ochrana k\u013abov:<\/strong> Pr\u00edtomnos\u0165 glukozam\u00ednu a chondroit\u00ednu\u00a0<wbr \/>je k\u013e\u00fa\u010dov\u00e1 pre udr\u017eanie zdravia k\u013abov. Tieto zlo\u017eky podporuj\u00fa regener\u00e1ciu chrupaviek, zachov\u00e1vaj\u00fa ich pru\u017enos\u0165 a zni\u017euj\u00fa opotrebovanie a z\u00e1paly k\u013abov. S\u00fa mimoriadne prospe\u0161n\u00e9 pre star\u0161ie psy, u ktor\u00fdch sa u\u017e m\u00f4\u017eu prejavova\u0165 probl\u00e9my s k\u013abmi.<\/p>\n<p><strong>4. Energia a vitalita:<\/strong> B-komplex vitam\u00edny podporuj\u00fa energetick\u00fd metabolizmus v\u00e1\u0161ho psa, \u010d\u00edm prispievaj\u00fa k jeho celodennej aktivite a vitalite. Tieto vitam\u00edny s\u00fa tie\u017e nevyhnutn\u00e9 pre spr\u00e1vne fungovanie nervov\u00e9ho syst\u00e9mu, pom\u00e1haj\u00fa udr\u017eiava\u0165 celkov\u00fa pohodu a bdelos\u0165 v\u00e1\u0161ho psa.<\/p>\n<p><strong>5. Antioxida\u010dn\u00e1 ochrana:<\/strong> Vitam\u00edny E a C, sel\u00e9<wbr \/>n, zinok a rakytn\u00edk poskytuj\u00fa siln\u00fa antioxida\u010dn\u00fa ochranu, ktor\u00e1 chr\u00e1ni bunky pred oxida\u010dn\u00fdm stresom a po\u0161koden\u00edm sp\u00f4soben\u00fdm vo\u013en\u00fdmi radik\u00e1lmi. T\u00e1to ochrana je k\u013e\u00fa\u010dov\u00e1 pre dlhodob\u00e9 zdravie psov, preto\u017ee pom\u00e1ha spoma\u013eova\u0165 proces starnutia a podporuje regener\u00e1ciu buniek.<\/p>\n<p><strong>6. Podpora tr\u00e1viaceho syst\u00e9mu:<\/strong> Detoxika\u010dn\u00e9 \u00fa\u010dinky spiruliny podporuj\u00fa spr\u00e1vne fungovanie tr\u00e1viaceho syst\u00e9mu, zlep\u0161uj\u00fa vstreb\u00e1vanie \u017eiv\u00edn a prispievaj\u00fa k celkovej pohode psa. Pivovarsk\u00e9 kvasnice navy\u0161e zlep\u0161uj\u00fa tr\u00e1venie t\u00fdm, \u017ee pozit\u00edvne ovplyv\u0148uj\u00fa \u010drevn\u00fa mikrofl\u00f3ru a pom\u00e1haj\u00fa predch\u00e1dza\u0165 tr\u00e1viacim probl\u00e9mom.<\/p>\n<p><strong>7. Zdravie kost\u00ed a svalov:<\/strong> Vitam\u00edn D a hor\u010d\u00edk\u00a0<wbr \/>prispievaj\u00fa k udr\u017eaniu zdrav\u00fdch kost\u00ed a svalov. Vitam\u00edn D podporuje vstreb\u00e1vanie v\u00e1pnika, \u010d\u00edm posil\u0148uje kosti, zatia\u013e \u010do hor\u010d\u00edk podporuje spr\u00e1vne fungovanie svalov a pom\u00e1ha predch\u00e1dza\u0165 svalov\u00fdm k\u0155\u010dom. Toto je obzvl\u00e1\u0161\u0165 d\u00f4le\u017eit\u00e9 pre ve\u013ek\u00e9, akt\u00edvne alebo star\u0161ie psy, ktor\u00e9 potrebuj\u00fa extra podporu v tejto oblasti.<\/p>\n<p><strong>8. Regener\u00e1cia buniek a podpora metabolizmu:<\/strong> L-metion\u00edn, esenci\u00e1lna aminokyselina, podporuje regener\u00e1ciu buniek, synt\u00e9zu bielkov\u00edn a detoxik\u00e1ciu organizmu. V kombin\u00e1cii s B-vitam\u00ednmi a miner\u00e1lmi podporuje zdrav\u00e9 fungovanie metabolizmu a prispieva k celkovej pohode v\u00e1\u0161ho psa.<\/p>\n<p><strong>Zlo\u017eenie:<\/strong><\/p>\n<p><strong>Pivovarsk\u00e9 kvasnice:<\/strong>\u00a0Bohat\u00fd zdroj vitam\u00ednov skupiny B, aminokysel\u00edn a antioxidantov, ktor\u00e9 s\u00fa nevyhnutn\u00e9 pre celkov\u00e9 zdravie psa. Podporuj\u00fa imunitn\u00fd syst\u00e9m, zlep\u0161uj\u00fa zdravie poko\u017eky a srsti a prispievaj\u00fa k lep\u0161iemu tr\u00e1veniu. Okrem toho pom\u00e1haj\u00fa udr\u017eiava\u0165 energiu a vitalitu, \u010do je obzvl\u00e1\u0161\u0165 d\u00f4le\u017eit\u00e9 pre akt\u00edvne alebo star\u0161ie psy.<\/p>\n<p><strong>Spirulina:<\/strong>\u00a0Superpotravina bohat\u00e1 na bielkoviny, vitam\u00edny, miner\u00e1ly a antioxidanty. Posil\u0148uje imunitn\u00fd syst\u00e9m, podporuje detoxik\u00e1ciu organizmu a ur\u00fdch\u013euje regener\u00e1ciu buniek. Spirulina je mimoriadne prospe\u0161n\u00e1 pre psy vystaven\u00e9 stresu alebo pre t\u00fdch, ktor\u00ed potrebuj\u00fa extra podporu na udr\u017eanie celkovej pohody a vitality.<\/p>\n<p><strong>Glukozam\u00edn a Chondroit\u00edn:<\/strong>\u00a0Nenahradite\u013en\u00e9 pre udr\u017eanie zdravia k\u013abov. Glukozam\u00edn podporuje regener\u00e1ciu chrupaviek a zabra\u0148uje ich opotrebovaniu, zatia\u013e \u010do chondroit\u00edn zachov\u00e1va pru\u017enos\u0165 chrupaviek a zni\u017euje z\u00e1paly. T\u00e1to kombin\u00e1cia je mimoriadne d\u00f4le\u017eit\u00e1 pre star\u0161ie psy, ktor\u00e9 s\u00fa n\u00e1chyln\u00e9 na probl\u00e9my s k\u013abmi.<\/p>\n<p><strong>Echinacea extrakt:<\/strong> Zn\u00e1m\u00e1 ako echinacea purpurov\u00e1, je pr\u00edrodn\u00fd imunostimulant, ktor\u00fd podporuje obrann\u00e9 mechanizmy organizmu a pom\u00e1ha predch\u00e1dza\u0165 infekci\u00e1m. Echinacea je obzvl\u00e1\u0161\u0165 prospe\u0161n\u00e1 po\u010das chladn\u00fdch zimn\u00fdch mesiacov alebo v stresov\u00fdch obdobiach, ke\u010f imunitn\u00fd syst\u00e9m v\u00e1\u0161ho psa potrebuje extra podporu.<\/p>\n<p><strong>Rakytn\u00edk re\u0161etliakov\u00fd extrakt:<\/strong>\u00a0Bohat\u00fd na vitam\u00edn C a antioxidanty, ktor\u00e9 podporuj\u00fa imunitn\u00fd syst\u00e9m a chr\u00e1nia bunky pred \u0161kodliv\u00fdmi vo\u013en\u00fdmi radik\u00e1lmi. Navy\u0161e prispieva k zdraviu poko\u017eky a srsti, \u010d\u00edm pom\u00e1ha udr\u017eiava\u0165 v\u00e1\u0161ho psa v \u017eiarivom vzh\u013eade.<\/p>\n<p><strong>Vitam\u00edny a stopov\u00e9 prvky:<\/strong><\/p>\n<p><strong>Beta-karot\u00e9n, vitam\u00edn D, vitam\u00edn E a vitam\u00edn C:<\/strong> Tieto vitam\u00edny s\u00fa nevyhnutn\u00e9 pre spr\u00e1vne fungovanie imunitn\u00e9ho syst\u00e9mu, zdravie buniek a ochranu poko\u017eky.<br>\n\u2022\t<strong>Beta-karot\u00e9n:<\/strong> Podporuje zdravie zraku a poko\u017eky, p\u00f4sob\u00ed ako antioxidant.<br>\n\u2022\t<strong>Vitam\u00edn D:<\/strong> Posil\u0148uje kosti a imunitn\u00fd syst\u00e9m, podporuje vstreb\u00e1vanie v\u00e1pnika.<br>\n\u2022\t<strong>Vitam\u00edn E:<\/strong> Siln\u00fd antioxidant, ktor\u00fd chr\u00e1ni bunky pred oxida\u010dn\u00fdm stresom a podporuje regener\u00e1ciu poko\u017eky.<br>\n\u2022\t<strong>Vitam\u00edn C:<\/strong> Pom\u00e1ha pri regener\u00e1cii tkan\u00edv, podporuje imunitn\u00fd syst\u00e9m a neutralizuje vo\u013en\u00e9 radik\u00e1ly.<br><br>\nT\u00e1to kombin\u00e1cia vitam\u00ednov poskytuje komplexn\u00fa ochranu a podporu pre zdravie v\u00e1\u0161ho psa.<\/p>\n<p><strong>B-komplex vitam\u00edny (B1, B2, B3, B5, B6, B7, B9, B12):<\/strong> B-vitam\u00edny hraj\u00fa z\u00e1sadn\u00fa \u00falohu v energetickom metabolizme, fungovan\u00ed nervov\u00e9ho syst\u00e9mu a regener\u00e1cii buniek. Tieto vitam\u00edny pom\u00e1haj\u00fa udr\u017eiava\u0165 energiu v\u00e1\u0161ho psa, podporuj\u00fa zdravie kardiovaskul\u00e1rneho syst\u00e9mu a prispievaj\u00fa k lesklej a zdravej poko\u017eke a srsti.<\/p>\n<p><strong>Zinok-citr\u00e1t, me\u010f-bisglycin\u00e1t, \u017eelezo-bisglycin\u00e1t a sel\u00e9n:<\/strong> tieto stopov\u00e9 prvky s\u00fa nevyhnutn\u00e9 pre imunitn\u00fd syst\u00e9m, zdravie poko\u017eky a vlasov a metabolizmus. Zinok a sel\u00e9n s\u00fa obzvl\u00e1\u0161\u0165 d\u00f4le\u017eit\u00e9 pre antioxida\u010dn\u00fa ochranu, zatia\u013e \u010do me\u010f a \u017eelezo zohr\u00e1vaj\u00fa k\u013e\u00fa\u010dov\u00fa \u00falohu pri tvorbe krvi a prenose kysl\u00edka.<\/p>\n<p><strong>Magn\u00e9zium-citr\u00e1t:<\/strong> podporuje spr\u00e1vne fungovanie svalov a nervov\u00e9ho syst\u00e9mu, kardiovaskul\u00e1rny syst\u00e9m, pom\u00e1ha udr\u017eiava\u0165 zdravie kost\u00ed a prispieva k norm\u00e1lnemu metabolizmu. Okrem toho m\u00f4\u017ee pom\u00f4c\u0165 predch\u00e1dza\u0165 svalov\u00fdm k\u0155\u010dom a udr\u017eiava\u0165 celkov\u00fa \u00farove\u0148 energie.<\/p>\n<p><strong>L-metion\u00edn:<\/strong> esenci\u00e1lna aminokyselina, ktor\u00e1 podporuje zdravie poko\u017eky, srsti, k\u013abov a mo\u010dov\u00fdch ciest psov, ako aj detoxik\u00e1ciu a synt\u00e9zu bielkov\u00edn. V\u010faka svojmu \u00fa\u010dinku na okys\u013eovanie mo\u010du m\u00f4\u017ee pom\u00e1ha\u0165 predch\u00e1dza\u0165 probl\u00e9mom s mo\u010dov\u00fdmi cestami, \u010do je obzvl\u00e1\u0161\u0165 d\u00f4le\u017eit\u00e9 pre psy so sklonom k tvorbe mo\u010dov\u00fdch kame\u0148ov.<\/p>\n<p>Adagol\u00e1s: 1 tabletta\/ 5kg testt\u00f6meg<\/p>","protected":false},"excerpt":{"rendered":"<p>Term\u00e9szetes immuner\u0151s\u00edt\u0151 kuty\u00e1knak vitaminokkal, \u00e1sv\u00e1nyi anyagokkal \u00e9s szuperfood \u00f6sszetev\u0151kkel az eg\u00e9szs\u00e9g t\u00e1mogat\u00e1s\u00e1ra.<\/p>\n<p><strong>Balenie:<\/strong> 60 tabliet<\/p>\n<p>&nbsp;<\/p>\n<p>&nbsp;<\/p>","protected":false},"featured_media":4183,"comment_status":"open","ping_status":"closed","template":"","meta":{"inline_featured_image":false},"product_brand":[],"product_cat":[50],"product_tag":[],"class_list":{"0":"post-4164","1":"product","2":"type-product","3":"status-publish","4":"has-post-thumbnail","6":"product_cat-kutya-taplalekkiegeszito","7":"infinite-scroll-item","8":"sales-flash-overlay","9":"woocommerce-text-align-center","10":"woocommerce-image-align-center","11":"do-quantity-buttons","13":"first","14":"instock","15":"taxable","16":"shipping-taxable","17":"purchasable","18":"product-type-simple"},"_links":{"self":[{"href":"https:\/\/whizzopet.hu\/sk\/wp-json\/wp\/v2\/product\/4164","targetHints":{"allow":["GET"]}}],"collection":[{"href":"https:\/\/whizzopet.hu\/sk\/wp-json\/wp\/v2\/product"}],"about":[{"href":"https:\/\/whizzopet.hu\/sk\/wp-json\/wp\/v2\/types\/product"}],"replies":[{"embeddable":true,"href":"https:\/\/whizzopet.hu\/sk\/wp-json\/wp\/v2\/comments?post=4164"}],"wp:featuredmedia":[{"embeddable":true,"href":"https:\/\/whizzopet.hu\/sk\/wp-json\/wp\/v2\/media\/4183"}],"wp:attachment":[{"href":"https:\/\/whizzopet.hu\/sk\/wp-json\/wp\/v2\/media?parent=4164"}],"wp:term":[{"taxonomy":"product_brand","embeddable":true,"href":"https:\/\/whizzopet.hu\/sk\/wp-json\/wp\/v2\/product_brand?post=4164"},{"taxonomy":"product_cat","embeddable":true,"href":"https:\/\/whizzopet.hu\/sk\/wp-json\/wp\/v2\/product_cat?post=4164"},{"taxonomy":"product_tag","embeddable":true,"href":"https:\/\/whizzopet.hu\/sk\/wp-json\/wp\/v2\/product_tag?post=4164"}],"curies":[{"name":"wp","href":"https:\/\/api.w.org\/{rel}","templated":true}]}}