{"id":3519,"date":"2024-09-08T11:11:56","date_gmt":"2024-09-08T09:11:56","guid":{"rendered":"https:\/\/whizzopet.hu\/?post_type=product&#038;p=3519"},"modified":"2025-10-04T01:17:51","modified_gmt":"2025-10-03T23:17:51","slug":"koberec-na-nuchanie-s-kvetmi-a-vcelami","status":"publish","type":"product","link":"https:\/\/whizzopet.hu\/sk\/termek\/mehecskes-es-viragos-szimat-szonyeg\/","title":{"rendered":"Koberec na \u0148uchanie s kvetmi a v\u010delami"},"content":{"rendered":"<p><strong style=\"color: #1aa145;\">Vlastnosti a vynikaj\u00face v\u00fdhody produktu:<\/strong><\/p>\n<p><strong style=\"color: #1aa145;\">Vedeli ste, \u017ee?<\/strong><\/p>\n<p>Asi 10 min\u00fat intenz\u00edvneho o\u010duchania m\u00f4\u017ee by\u0165 pod\u013ea odborn\u00edkov pre psa rovnako \u00fanavn\u00e9 ako dlh\u0161ia fyzick\u00e1 prech\u00e1dzka alebo a\u017e hodinov\u00fd beh. Psychick\u00e1 \u00fanava sa l\u00ed\u0161i od \u00fanavy fyzickej, ale k rovnov\u00e1he a spokojnosti psa prispieva rovnak\u00fdm sp\u00f4sobom. Tak\u017ee aj ke\u010f to nie je pr\u00e1ve n\u00e1hrada za behanie, \u0148uchanie m\u00f4\u017ee sp\u00f4sobi\u0165 podobn\u00fa mieru \u00fanavy ako u psa.<\/p>\n<p><strong style=\"color: #1aa145;\">1. Jedine\u010dn\u00fd kvetinov\u00fd a v\u010del\u00ed dizajn:<\/strong><\/p>\n<p>T\u00e1to podlo\u017eka nie je len hra\u010dka, ale umeleck\u00e9 dielo, ktor\u00e9 pri\u0165ahuje pozornos\u0165 psov svojimi pestr\u00fdmi farbami a detailn\u00fdm designom. Dizajn kvetov a v\u010diel zais\u0165uje, \u017ee v\u00e1\u0161 mazn\u00e1\u010dik bude r\u00e1d pou\u017e\u00edva\u0165 t\u00fato podlo\u017eku a z\u00e1rove\u0148 rozv\u00edja\u0165 svoje \u010duchov\u00e9 zru\u010dnosti.<\/p>\n<p><strong style=\"color: #1aa145;\">2. V\u010dely pre vylep\u0161en\u00fa interakciu:<\/strong><\/p>\n<p>Mal\u00e9 v\u010dielky umiestnen\u00e9 v koberci nie s\u00fa len dekor\u00e1cie - ka\u017ed\u00e1 v sebe ukr\u00fdva p\u00edpak, v\u010faka ktor\u00e9mu je hra e\u0161te nap\u00ednavej\u0161ia. Zvuky p\u00edpania stimuluj\u00fa sluch psa a povzbudzuj\u00fa ho k o\u0148uch\u00e1vaniu a h\u013eadaniu, \u010d\u00edm zvy\u0161uj\u00fa du\u0161evn\u00fa i fyzick\u00fa aktivitu.<\/p>\n<p><strong style=\"color: #1aa145;\">3. Rozlo\u017ete \u0161es\u0165uholn\u00edky pre skryt\u00e9 ob\u010derstvenie za odmenu:<\/strong><\/p>\n<p>Podlo\u017eka m\u00e1 nieko\u013eko \u0161es\u0165uholn\u00edkov\u00fdch panelov, ktor\u00e9 sa rozkladaj\u00fa, aby skryli ob\u013e\u00faben\u00e9 ma\u0161krty v\u00e1\u0161ho psa. N\u00e1jdenie a dosiahnutie t\u00fdchto desiat je skuto\u010dnou v\u00fdzvou, ktor\u00e1 udr\u017e\u00ed pozornos\u0165 v\u00e1\u0161ho mazn\u00e1\u010dika na dlh\u00fa dobu a z\u00e1rove\u0148 rozv\u00edja zru\u010dnosti pri rie\u0161en\u00ed probl\u00e9mov.<\/p>\n<p><strong style=\"color: #1aa145;\">4. Prvotriedna kvalita, materi\u00e1ly \u0161etrn\u00e9 k \u017eivotn\u00e9mu prostrediu:<\/strong><\/p>\n<p>Materi\u00e1l koberca je m\u00e4kk\u00fd, ekologick\u00fd fleece, ktor\u00fd je \u0161etrn\u00fd k citliv\u00fdm labk\u00e1m psov. Materi\u00e1l je odoln\u00fd a netoxick\u00fd, zais\u0165uje bezpe\u010dn\u00fa a pohodln\u00fa hru. Spodn\u00e1 \u010das\u0165 podlo\u017eky je proti\u0161mykov\u00e1, tak\u017ee zost\u00e1va stabiln\u00e1 na akomko\u013evek povrchu.<\/p>\n<p><strong style=\"color: #1aa145;\">5. Kompletn\u00e1 zmyslov\u00e1 sk\u00fasenos\u0165 a pomal\u00e9 k\u0155menie:<\/strong><\/p>\n<p>Hladk\u00e1 podlo\u017eka je ide\u00e1lna na pomal\u00e9 k\u0155menie, ktor\u00e9 pom\u00e1ha zabr\u00e1ni\u0165 pr\u00edli\u0161 r\u00fdchlemu zjedeniu potravy a podporuje tak zdrav\u00e9 tr\u00e1venie. Kombin\u00e1cia p\u00edpania, r\u00f4znych text\u00far a v\u00fdziev poskytuje pln\u00fd zmyslov\u00fd z\u00e1\u017eitok, ktor\u00fd stimuluje ps\u00ed \u010duch, sluch a hmat.<\/p>\n<p><strong style=\"color: #1aa145;\">6. Jednoduch\u00e9 \u010distenie:<\/strong><\/p>\n<p>Koberec je prate\u013en\u00fd v pr\u00e1\u010dke, tak\u017ee jeho \u00fadr\u017eba je extr\u00e9mne jednoduch\u00e1 a r\u00fdchla. Aj po vypran\u00ed si zachov\u00e1va svoje jasn\u00e9 farby a tvar a zais\u0165uje dlhotrvaj\u00facu svie\u017eos\u0165 a \u010distotu.<\/p>\n<p><strong style=\"color: #1aa145;\">Ve\u013ekos\u0165:<\/strong>\u00a070 cm x 60 cm - ide\u00e1lna ve\u013ekos\u0165 podlo\u017eky, ktor\u00e1 poskytuje psom dostatok priestoru na hranie a o\u0148uch\u00e1vanie.<\/p>\n<p><strong style=\"color: #1aa145;\">Materi\u00e1l:<\/strong>\u00a0Pr\u00e9miov\u00fd pol\u00e1rny materi\u00e1l s proti\u0161mykov\u00fdm dnom.<\/p>\n<p><strong style=\"color: #1aa145;\">Ide\u00e1lne pou\u017eitie:<\/strong><\/p>\n<p><strong style=\"color: #1aa145;\">Interakt\u00edvna hra\u010dka:<\/strong> Perfektn\u00fd pre vn\u00fatorn\u00fa aj vonkaj\u0161iu hru, pre psov v\u0161etk\u00fdch ve\u013ekost\u00ed a plemien.<\/p>\n<p><strong style=\"color: #1aa145;\">Pomal\u00e9 k\u0155menie a ment\u00e1lna stimul\u00e1cia:<\/strong>\u00a0Pom\u00e1ha nen\u00e1sytn\u00fdm psom jes\u0165 pomal\u0161ie a z\u00e1rove\u0148 ich psychicky za\u0165a\u017euje.<\/p>\n<p><strong style=\"color: #1aa145;\">Z\u00e1bava a rozvoj:<\/strong>\u00a0Perfektn\u00e1 vo\u013eba pre ka\u017ed\u00e9ho majite\u013ea psa, ktor\u00fd chce spoji\u0165 z\u00e1bavu a u\u010denie v jednej hre.<\/p>\n<p>Pre\u010do zvoli\u0165 m\u00e4kk\u00fd koberec s kvetmi a v\u010delami?<\/p>\n<p>T\u00e1to podlo\u017eka nie je len hra\u010dka, ale komplexn\u00fd v\u00fdvojov\u00fd n\u00e1stroj, ktor\u00fd prispieva k psychickej aj fyzickej pohode v\u00e1\u0161ho psa. Ve\u013ekolep\u00fd dizajn, p\u00edpaj\u00face v\u010dielky a rozkladacie \u0161es\u0165uholn\u00edky poskytuj\u00fa jedine\u010dn\u00fd hern\u00fd z\u00e1\u017eitok, ktor\u00fd v\u00e1\u0161ho mazn\u00e1\u010dika zaujme a dlhodobo rozvinie.<\/p>","protected":false},"excerpt":{"rendered":"<p><strong>Pr\u00e9miov\u00e1 interakt\u00edvna hra pre psov pre kompletn\u00fd zmyslov\u00fd z\u00e1\u017eitok<\/strong><\/p>\n<p>Sta\u0148te sa s\u00fa\u010das\u0165ou najnov\u0161ieho v\u00fdvoja ur\u010den\u00e9ho pre v\u00e1\u0161ho psa, ktor\u00fd kombinuje hru, u\u010denie a z\u00e1bavu v podobe kr\u00e1sne navrhnutej \u0148uchacej podlo\u017eky. Jedine\u010dn\u00fd dizajn podlo\u017eky na \u0148uchanie v\u010diel a kvetov je nielen p\u00fatav\u00fd, ale aj bezkonkuren\u010dne funk\u010dn\u00fd a poskytuje v\u00e1\u0161mu mazn\u00e1\u010dikovi celkov\u00fa zmyslov\u00fa stimul\u00e1ciu.<\/p>\n<p>Ve\u013ekos\u0165: 60 x 70 cm<\/p>","protected":false},"featured_media":3529,"comment_status":"open","ping_status":"closed","template":"","meta":{"inline_featured_image":false},"product_brand":[],"product_cat":[36],"product_tag":[],"class_list":{"0":"post-3519","1":"product","2":"type-product","3":"status-publish","4":"has-post-thumbnail","6":"product_cat-kiegeszitok","7":"infinite-scroll-item","8":"sales-flash-overlay","9":"woocommerce-text-align-center","10":"woocommerce-image-align-center","11":"do-quantity-buttons","13":"first","14":"instock","15":"taxable","16":"shipping-taxable","17":"purchasable","18":"product-type-simple"},"_links":{"self":[{"href":"https:\/\/whizzopet.hu\/sk\/wp-json\/wp\/v2\/product\/3519","targetHints":{"allow":["GET"]}}],"collection":[{"href":"https:\/\/whizzopet.hu\/sk\/wp-json\/wp\/v2\/product"}],"about":[{"href":"https:\/\/whizzopet.hu\/sk\/wp-json\/wp\/v2\/types\/product"}],"replies":[{"embeddable":true,"href":"https:\/\/whizzopet.hu\/sk\/wp-json\/wp\/v2\/comments?post=3519"}],"wp:featuredmedia":[{"embeddable":true,"href":"https:\/\/whizzopet.hu\/sk\/wp-json\/wp\/v2\/media\/3529"}],"wp:attachment":[{"href":"https:\/\/whizzopet.hu\/sk\/wp-json\/wp\/v2\/media?parent=3519"}],"wp:term":[{"taxonomy":"product_brand","embeddable":true,"href":"https:\/\/whizzopet.hu\/sk\/wp-json\/wp\/v2\/product_brand?post=3519"},{"taxonomy":"product_cat","embeddable":true,"href":"https:\/\/whizzopet.hu\/sk\/wp-json\/wp\/v2\/product_cat?post=3519"},{"taxonomy":"product_tag","embeddable":true,"href":"https:\/\/whizzopet.hu\/sk\/wp-json\/wp\/v2\/product_tag?post=3519"}],"curies":[{"name":"wp","href":"https:\/\/api.w.org\/{rel}","templated":true}]}}