{"id":3516,"date":"2024-09-08T11:10:56","date_gmt":"2024-09-08T09:10:56","guid":{"rendered":"https:\/\/whizzopet.hu\/?post_type=product&#038;p=3516"},"modified":"2026-04-28T09:56:55","modified_gmt":"2026-04-28T07:56:55","slug":"koberec-na-nuchanie-so-vcelami","status":"publish","type":"product","link":"https:\/\/whizzopet.hu\/sk\/termek\/mehecskes-szimat-szonyeg\/","title":{"rendered":"Koberec na \u0148uchanie so v\u010delami"},"content":{"rendered":"<p><strong style=\"color: #1aa145;\">Vlastnosti a v\u00fdhody produktu:<\/strong><\/p>\n<p><strong style=\"color: #1aa145;\">Vedeli ste, \u017ee?<\/strong><\/p>\n<p>Asi 10 min\u00fat intenz\u00edvneho o\u010duchania m\u00f4\u017ee by\u0165 pod\u013ea odborn\u00edkov pre psa rovnako \u00fanavn\u00e9 ako dlh\u0161ia fyzick\u00e1 prech\u00e1dzka alebo a\u017e hodinov\u00fd beh. Psychick\u00e1 \u00fanava sa l\u00ed\u0161i od \u00fanavy fyzickej, ale k rovnov\u00e1he a spokojnosti psa prispieva rovnak\u00fdm sp\u00f4sobom. Tak\u017ee aj ke\u010f to nie je pr\u00e1ve n\u00e1hrada za behanie, \u0148uchanie m\u00f4\u017ee sp\u00f4sobi\u0165 podobn\u00fa mieru \u00fanavy ako u psa.<\/p>\n<p><strong style=\"color: #1aa145;\">1. Intenz\u00edvna ment\u00e1lna stimul\u00e1cia:<\/strong><\/p>\n<p>\u0160peci\u00e1lne navrhnut\u00e9 vreck\u00e1 a vrstvy koberca pon\u00fakaj\u00fa ve\u013ea skryt\u00fdch miest pre desiatu za odmenu, ktor\u00fdch h\u013eadanie udr\u017e\u00ed pozornos\u0165 v\u00e1\u0161ho mazn\u00e1\u010dika na dlh\u00fa dobu. T\u00e1to ment\u00e1lna stimul\u00e1cia nie je len z\u00e1bavn\u00e1, ale je nevyhnutn\u00e1 na udr\u017eanie du\u0161evn\u00e9ho zdravia psov. pokojn\u00e9 spr\u00e1vanie.<\/p>\n<p><strong style=\"color: #1aa145;\">2. Optimalizovan\u00e1 v\u00fd\u017eiva:<\/strong><\/p>\n<p>Podlo\u017eka poskytuje pr\u00edle\u017eitos\u0165 na pomal\u00e9 k\u0155menie, \u010do prispieva k lep\u0161iemu tr\u00e1veniu a zabra\u0148uje pr\u00edli\u0161 r\u00fdchlej konzum\u00e1cii potravy. To m\u00f4\u017ee zn\u00ed\u017ei\u0165 riziko nad\u00favania po jedle a \u010fal\u0161\u00edch za\u017e\u00edvac\u00edch probl\u00e9mov a z\u00e1rove\u0148 podporova\u0165 zdrav\u00e9 stravovacie n\u00e1vyky u psov.<\/p>\n<p><strong style=\"color: #1aa145;\">3. Vynikaj\u00faca kvalita a trvanlivos\u0165:<\/strong><\/p>\n<p>Koberec je vyroben\u00fd z kvalitn\u00fdch super materi\u00e1lov, ktor\u00e9 vydr\u017eia ka\u017edodenn\u00e9 pou\u017e\u00edvanie. Proti\u0161mykov\u00e1 z\u00e1klad\u0148a zais\u0165uje stabilitu koberca na akomko\u013evek povrchu. Odolnos\u0165 v\u00fdrobku zaru\u010duje, \u017ee zostane dlho medzi va\u0161imi ob\u013e\u00faben\u00fdmi hra\u010dkami.<\/p>\n<p><strong style=\"color: #1aa145;\">4. Kompletn\u00e1 zmyslov\u00e1 sk\u00fasenos\u0165:<\/strong><\/p>\n<p>V\u010faka vstavanej p\u00ed\u0161\u0165alke je podlo\u017eka e\u0161te atrakt\u00edvnej\u0161ia, pri\u0165ahuje z\u00e1ujem psov a nab\u00e1da ich k hre. R\u00f4zne text\u00fary a farebn\u00fd v\u010del\u00ed dizajn poskytuj\u00fa \u010fal\u0161ie vizu\u00e1lne a hmatov\u00e9 podnety, ktor\u00e9 prispievaj\u00fa k zmyslov\u00e9mu v\u00fdvoju psov.<\/p>\n<p><strong style=\"color: #1aa145;\">5. Jednoduch\u00e1 \u00fadr\u017eba:<\/strong><\/p>\n<p>Koberec na \u0148uchanie je mo\u017en\u00e9 pra\u0165 v pr\u00e1\u010dke, tak\u017ee \u010distenie je extr\u00e9mne \u013eahk\u00e9 a pohodln\u00e9. Odoln\u00e9 materi\u00e1ly zaistia, \u017ee si koberec aj po vypran\u00ed zachov\u00e1 svoj p\u00f4vodn\u00fd tvar a farby.<\/p>\n<p><strong style=\"color: #1aa145;\">Rozmery a \u0161pecifik\u00e1cie:<\/strong><\/p>\n<p><strong style=\"color: #1aa145;\">Priemer:<\/strong> 74 cm - dostato\u010dne ve\u013ek\u00fd, aby poskytol vzru\u0161uj\u00facu v\u00fdzvu pre psov v\u0161etk\u00fdch ve\u013ekost\u00ed a plemien.<\/p>\n<p><strong style=\"color: #1aa145;\">Materi\u00e1l:<\/strong>\u00a0prvotriedna text\u00edlia s proti\u0161mykovou z\u00e1klad\u0148ou.<\/p>\n<p><strong style=\"color: #1aa145;\">Odpor\u00fa\u010dan\u00e9 pou\u017eitie:<\/strong><\/p>\n<p><strong style=\"color: #1aa145;\">Ment\u00e1lna a fyzick\u00e1 stimul\u00e1cia:<\/strong>\u00a0Ide\u00e1lna vo\u013eba pre v\u0161etky psy, najm\u00e4 pre t\u00fdch, ktor\u00ed vy\u017eaduj\u00fa v\u00e4\u010d\u0161iu psychick\u00fa z\u00e1\u0165a\u017e.<\/p>\n<p><strong style=\"color: #1aa145;\">Optimaliz\u00e1cia k\u0155menia:<\/strong>\u00a0M\u00f4\u017ee by\u0165 pou\u017eit\u00fd na zlep\u0161enie stravovac\u00edch n\u00e1vykov psov, najm\u00e4 u nen\u00e1sytn\u00fdch psov.<\/p>\n<p><strong style=\"color: #1aa145;\">Interakt\u00edvna hra\u010dka:<\/strong>\u00a0Perfektn\u00e9 rie\u0161enie pre vn\u00fatorn\u00e9 aj vonkaj\u0161ie hry, poskytuj\u00face psom celodenn\u00fa z\u00e1bavu a rozvoj.<\/p>\n<p><strong style=\"color: #1aa145;\">Pre\u010do zvoli\u0165 koberec na \u0148uchanie so v\u010delami?<\/strong><\/p>\n<p>Koberec sa v\u010delami bav\u00ed, rozv\u00edja a z\u00e1rove\u0148 prispieva k zdraviu v\u00e1\u0161ho mazn\u00e1\u010dika. T\u00e1to podlo\u017eka, vyu\u017e\u00edvaj\u00faca prirodzen\u00e9 in\u0161tinkty psov, jedine\u010dne kombinuje z\u00e1bavu a u\u010denie a zaru\u010duje dlhodob\u00fa spokojnos\u0165 pre majite\u013eov aj mazn\u00e1\u010dika.<\/p>","protected":false},"excerpt":{"rendered":"<p><strong>Pr\u00e9miov\u00e1 interakt\u00edvna hra\u010dka a v\u00fdvojov\u00fd n\u00e1stroj vyvinut\u00fd pre psov<\/strong><\/p>\n<p>Posu\u0148te hranie svojho mazn\u00e1\u010dika na vy\u0161\u0161iu \u00farove\u0148 s podlo\u017ekou na \u0148uchanie so v\u010delami, ktor\u00e1 je \u0161peci\u00e1lne navrhnut\u00e1 tak, aby vyu\u017e\u00edvala a rozv\u00edjala prirodzen\u00e9 \u0148uchacie in\u0161tinkty psov. T\u00e1to podlo\u017eka je viac ne\u017e len hra\u010dka \u2013 je to inovat\u00edvny n\u00e1stroj, ktor\u00fd poskytuje dokonal\u00fa kombin\u00e1ciu du\u0161evnej a fyzickej stimul\u00e1cie a z\u00e1rove\u0148 prispieva k zdraviu a pohode v\u00e1\u0161ho psa.<\/p>\n<p>Ve\u013ekos\u0165: 74 cm<\/p>","protected":false},"featured_media":3536,"comment_status":"open","ping_status":"closed","template":"","meta":{"inline_featured_image":false},"product_brand":[],"product_cat":[36],"product_tag":[],"class_list":{"0":"post-3516","1":"product","2":"type-product","3":"status-publish","4":"has-post-thumbnail","6":"product_cat-kiegeszitok","7":"infinite-scroll-item","8":"sales-flash-overlay","9":"woocommerce-text-align-center","10":"woocommerce-image-align-center","11":"do-quantity-buttons","13":"first","14":"instock","15":"taxable","16":"shipping-taxable","17":"purchasable","18":"product-type-simple"},"_links":{"self":[{"href":"https:\/\/whizzopet.hu\/sk\/wp-json\/wp\/v2\/product\/3516","targetHints":{"allow":["GET"]}}],"collection":[{"href":"https:\/\/whizzopet.hu\/sk\/wp-json\/wp\/v2\/product"}],"about":[{"href":"https:\/\/whizzopet.hu\/sk\/wp-json\/wp\/v2\/types\/product"}],"replies":[{"embeddable":true,"href":"https:\/\/whizzopet.hu\/sk\/wp-json\/wp\/v2\/comments?post=3516"}],"wp:featuredmedia":[{"embeddable":true,"href":"https:\/\/whizzopet.hu\/sk\/wp-json\/wp\/v2\/media\/3536"}],"wp:attachment":[{"href":"https:\/\/whizzopet.hu\/sk\/wp-json\/wp\/v2\/media?parent=3516"}],"wp:term":[{"taxonomy":"product_brand","embeddable":true,"href":"https:\/\/whizzopet.hu\/sk\/wp-json\/wp\/v2\/product_brand?post=3516"},{"taxonomy":"product_cat","embeddable":true,"href":"https:\/\/whizzopet.hu\/sk\/wp-json\/wp\/v2\/product_cat?post=3516"},{"taxonomy":"product_tag","embeddable":true,"href":"https:\/\/whizzopet.hu\/sk\/wp-json\/wp\/v2\/product_tag?post=3516"}],"curies":[{"name":"wp","href":"https:\/\/api.w.org\/{rel}","templated":true}]}}