{"id":3512,"date":"2024-09-08T11:08:49","date_gmt":"2024-09-08T09:08:49","guid":{"rendered":"https:\/\/whizzopet.hu\/?post_type=product&#038;p=3512"},"modified":"2026-03-12T20:31:23","modified_gmt":"2026-03-12T19:31:23","slug":"marhatudo-jutalomfalat-kutyaknak","status":"publish","type":"product","link":"https:\/\/whizzopet.hu\/sk\/termek\/marhatudo-jutalomfalat-kutyaknak\/","title":{"rendered":"Sz\u00e1r\u00edtott marhat\u00fcd\u0151 jutalomfalat kuty\u00e1knak"},"content":{"rendered":"<p>Su\u0161en\u00e9 hov\u00e4dzie p\u013e\u00faca Whizzopet s\u00fa pr\u00edrodnou poch\u00fa\u0165kou za odmenu s n\u00edzkym obsahom tuku, ale vysok\u00fdm obsahom bielkov\u00edn, vyroben\u00fa \u0161etrn\u00fdm procesom su\u0161enia. Zachov\u00e1va si \u017eiviny, prirodzen\u00fa chu\u0165 a zost\u00e1va \u013eahko str\u00e1vite\u013en\u00fd aj pre psy s citliv\u00fdm \u017eal\u00fadkom.<\/p>\n<p><strong style=\"color: #1aa145;\">Pre\u010do si vybra\u0165 pr\u00e1ve toto krmivo?<\/strong><\/p>\n<ul>\n<li><strong style=\"color: #1aa145;\">N\u00edzky obsah tuku, \u013eahk\u00e9 \u017euvanie:<\/strong> \u013dahk\u00e1 a por\u00e9zna \u0161trukt\u00fara hov\u00e4dz\u00edch p\u013e\u00fac u\u013eah\u010duje ich \u017euvanie a n\u00edzky obsah kal\u00f3ri\u00ed z nich rob\u00ed ide\u00e1lnu vo\u013ebu pre psov so sklonom k priberaniu na v\u00e1he alebo pri di\u00e9te.<\/li>\n<li><strong style=\"color: #1aa145;\">Vysok\u00fd obsah bielkov\u00edn:<\/strong> Bielkoviny obsiahnut\u00e9 v p\u013e\u00facach pom\u00e1haj\u00fa rozv\u00edja\u0165 a udr\u017eiava\u0165 svaly v\u00e1\u0161ho psa a z\u00e1rove\u0148 udr\u017euj\u00fa v\u00e1\u0161ho mazn\u00e1\u010dika v kond\u00edcii.<\/li>\n<li><strong style=\"color: #1aa145;\">Podporuje zdravie zubov:<\/strong> A r\u00e1g\u00e1s seg\u00edt tiszt\u00e1n tartani a kutya fogait \u00e9s cs\u00f6kkenti a fogk\u0151k\u00e9pz\u0151d\u00e9st.<\/li>\n<li><strong style=\"color: #1aa145;\">\u013dahko str\u00e1vite\u013en\u00e9:<\/strong> Su\u0161en\u00e9 hov\u00e4dzie p\u013e\u00faca s\u00fa \u0161etrn\u00e9 k \u017eal\u00fadku, tak\u017ee s\u00fa ide\u00e1lnou poch\u00fa\u0165kou pre psov s citliv\u00fdm za\u017e\u00edvan\u00edm.<\/li>\n<\/ul>\n<p>Su\u0161en\u00e9 hov\u00e4dzie p\u013e\u00faca m\u00f4\u017eete psovi pod\u00e1va\u0165 od 4 mesiacov veku. S\u00fa \u013eahk\u00e9, maj\u00fa n\u00edzky obsah tuku a \u013eahko sa \u017euj\u00fa, tak\u017ee s\u00fa skvelou vo\u013ebou pre \u0161te\u0148at\u00e1, star\u0161ie psy a psy v\u0161etk\u00fdch vekov\u00fdch kateg\u00f3ri\u00ed.<\/p>\n<p>Su\u0161en\u00e9 hov\u00e4dzie p\u013e\u00faca 100% - \u017eiadne umel\u00e9 pr\u00edsady, iba \u010dist\u00e1 pr\u00edroda.<\/p>\n<p><strong style=\"color: #1aa145;\">Je d\u00f4le\u017eit\u00e9, aby ste nikdy nenech\u00e1vali psa pri \u017euvan\u00ed bez dozoru.<\/strong><\/p>","protected":false},"excerpt":{"rendered":"<p>Pr\u00f3b\u00e1ld ki a 100%-ban term\u00e9szetes Whizzopet sz\u00e1r\u00edtott marhat\u00fcd\u0151t, ami k\u00f6nny\u0171, \u00edzletes \u00e9s eg\u00e9szs\u00e9ges jutalomfalat kuty\u00e1dnak.<\/p>\n<p>Ve\u013ekos\u0165 balenia: 100 g<\/p>","protected":false},"featured_media":13690,"comment_status":"open","ping_status":"closed","template":"","meta":{"inline_featured_image":false},"product_brand":[],"product_cat":[37],"product_tag":[],"class_list":{"0":"post-3512","1":"product","2":"type-product","3":"status-publish","4":"has-post-thumbnail","6":"product_cat-jutalomfalatok","7":"infinite-scroll-item","8":"sales-flash-overlay","9":"woocommerce-text-align-center","10":"woocommerce-image-align-center","11":"do-quantity-buttons","13":"first","14":"instock","15":"taxable","16":"shipping-taxable","17":"purchasable","18":"product-type-simple"},"_links":{"self":[{"href":"https:\/\/whizzopet.hu\/sk\/wp-json\/wp\/v2\/product\/3512","targetHints":{"allow":["GET"]}}],"collection":[{"href":"https:\/\/whizzopet.hu\/sk\/wp-json\/wp\/v2\/product"}],"about":[{"href":"https:\/\/whizzopet.hu\/sk\/wp-json\/wp\/v2\/types\/product"}],"replies":[{"embeddable":true,"href":"https:\/\/whizzopet.hu\/sk\/wp-json\/wp\/v2\/comments?post=3512"}],"wp:featuredmedia":[{"embeddable":true,"href":"https:\/\/whizzopet.hu\/sk\/wp-json\/wp\/v2\/media\/13690"}],"wp:attachment":[{"href":"https:\/\/whizzopet.hu\/sk\/wp-json\/wp\/v2\/media?parent=3512"}],"wp:term":[{"taxonomy":"product_brand","embeddable":true,"href":"https:\/\/whizzopet.hu\/sk\/wp-json\/wp\/v2\/product_brand?post=3512"},{"taxonomy":"product_cat","embeddable":true,"href":"https:\/\/whizzopet.hu\/sk\/wp-json\/wp\/v2\/product_cat?post=3512"},{"taxonomy":"product_tag","embeddable":true,"href":"https:\/\/whizzopet.hu\/sk\/wp-json\/wp\/v2\/product_tag?post=3512"}],"curies":[{"name":"wp","href":"https:\/\/api.w.org\/{rel}","templated":true}]}}