{"id":3506,"date":"2024-09-08T10:56:52","date_gmt":"2024-09-08T08:56:52","guid":{"rendered":"https:\/\/whizzopet.hu\/?post_type=product&#038;p=3506"},"modified":"2026-02-20T13:48:35","modified_gmt":"2026-02-20T12:48:35","slug":"szaritott-marha-lep-jutalomfalat-kutyaknak","status":"publish","type":"product","link":"https:\/\/whizzopet.hu\/sk\/termek\/szaritott-marha-lep-jutalomfalat-kutyaknak\/","title":{"rendered":"Sz\u00e1r\u00edtott marha l\u00e9p jutalomfalat kuty\u00e1knak"},"content":{"rendered":"<p>Su\u0161en\u00e1 hov\u00e4dzia slezina Whizzopet je odmenov\u00e1 ma\u0161krta, ktor\u00fa si v\u00e1\u0161 pes jednoducho zamiluje! Je \u00faplne pr\u00edrodn\u00fd a vyroben\u00fd bez umel\u00fdch pr\u00edsad, tak\u017ee si m\u00f4\u017eete by\u0165 ist\u00ed, \u017ee mu d\u00e1vate to najlep\u0161ie.<\/p>\n<p><strong style=\"color: #1aa145;\">Pre\u010do si vybra\u0165 pr\u00e1ve toto krmivo?<\/strong><\/p>\n<ul>\n<li><strong style=\"color: #1aa145;\">100% pr\u00edrodn\u00e9 zlo\u017eenie:<\/strong> Su\u0161en\u00e1 hov\u00e4dzia slezina je bohat\u00fdm zdrojom \u017eiv\u00edn a skvel\u00fdm zdrojom bielkov\u00edn, ktor\u00e9 podporuj\u00fa v\u00fdvoj a zdravie svalov v\u00e1\u0161ho psa.<\/li>\n<li><strong style=\"color: #1aa145;\">Zdrav\u00e1 ma\u0161krta:<\/strong> \u010ci u\u017e ju odmen\u00edte pri tr\u00e9ningu, alebo ju len prekvap\u00edte desiatou, t\u00e1to ma\u0161krta je nielen chutn\u00e1, ale aj pln\u00e1 prospe\u0161n\u00fdch vitam\u00ednov a miner\u00e1lov.<\/li>\n<li><strong style=\"color: #1aa145;\"> Prirodzen\u00fd zdroj energie:<\/strong> Hov\u00e4dzia slezina je obzvl\u00e1\u0161\u0165 bohat\u00e1 na \u017eelezo a vitam\u00edn B12, \u010do pom\u00e1ha udr\u017eova\u0165 hladinu energie a vitalitu v\u00e1\u0161ho psa. Tieto prvky s\u00fa nevyhnutn\u00e9 na tvorbu krvi u psov a na udr\u017eanie zdrav\u00e9ho imunitn\u00e9ho syst\u00e9mu.<\/li>\n<li><strong style=\"color: #1aa145;\"> \u013dahko str\u00e1vite\u013en\u00e9:<\/strong> V\u010faka \u0161etrn\u00e9mu procesu su\u0161enia s\u00fa granule \u013eahko str\u00e1vite\u013en\u00e9, \u010do z nich rob\u00ed ide\u00e1lnu vo\u013ebu pre psov s citliv\u00fdm \u017eal\u00fadkom.<\/li>\n<li><strong style=\"color: #1aa145;\"> Vhodn\u00e9 pre psy v\u0161etk\u00fdch ve\u013ekost\u00ed:<\/strong> R\u00f4zne ve\u013ekosti gran\u00fal s\u00fa vhodn\u00e9 pre psy v\u0161etk\u00fdch plemien a ve\u013ekost\u00ed, tak\u017ee s\u00fa ide\u00e1lne pre ka\u017ed\u00e9ho dom\u00e1ceho mazn\u00e1\u010dika. Zvy\u010dajne sa pod\u00e1va psom od 4 mesiacov veku. V tejto dobe u\u017e \u0161te\u0148at\u00e1 dosiahli v\u00fdvojov\u00e9 \u0161t\u00e1dium, kedy m\u00f4\u017eu su\u0161en\u00e9 granule spr\u00e1vne \u017eu\u0165 a tr\u00e1vi\u0165.<\/li>\n<\/ul>\n<p>100% su\u0161en\u00e1 hov\u00e4dzia slezina - \u017eiadne umel\u00e9 pr\u00edsady, len \u010dist\u00e1 pr\u00edroda!<\/p>\n<p><strong style=\"color: #1aa145;\">Je d\u00f4le\u017eit\u00e9, aby ste nikdy nenech\u00e1vali psa pri \u017euvan\u00ed bez dozoru.<\/strong><\/p>","protected":false},"excerpt":{"rendered":"<p>Fedezd fel a 100%-ban term\u00e9szetes Whizzopet sz\u00e1r\u00edtott marha l\u00e9pet, amely nemcsak \u00ednycsikland\u00f3 falat kedvencednek, de j\u00f3t\u00e9kony hat\u00e1s\u00fa is!<\/p>\n<p>Ve\u013ekos\u0165 balenia: 125 g<\/p>","protected":false},"featured_media":13693,"comment_status":"open","ping_status":"closed","template":"","meta":{"inline_featured_image":false},"product_brand":[],"product_cat":[37],"product_tag":[],"class_list":{"0":"post-3506","1":"product","2":"type-product","3":"status-publish","4":"has-post-thumbnail","6":"product_cat-jutalomfalatok","7":"infinite-scroll-item","8":"sales-flash-overlay","9":"woocommerce-text-align-center","10":"woocommerce-image-align-center","11":"do-quantity-buttons","13":"first","14":"instock","15":"taxable","16":"shipping-taxable","17":"purchasable","18":"product-type-simple"},"_links":{"self":[{"href":"https:\/\/whizzopet.hu\/sk\/wp-json\/wp\/v2\/product\/3506","targetHints":{"allow":["GET"]}}],"collection":[{"href":"https:\/\/whizzopet.hu\/sk\/wp-json\/wp\/v2\/product"}],"about":[{"href":"https:\/\/whizzopet.hu\/sk\/wp-json\/wp\/v2\/types\/product"}],"replies":[{"embeddable":true,"href":"https:\/\/whizzopet.hu\/sk\/wp-json\/wp\/v2\/comments?post=3506"}],"wp:featuredmedia":[{"embeddable":true,"href":"https:\/\/whizzopet.hu\/sk\/wp-json\/wp\/v2\/media\/13693"}],"wp:attachment":[{"href":"https:\/\/whizzopet.hu\/sk\/wp-json\/wp\/v2\/media?parent=3506"}],"wp:term":[{"taxonomy":"product_brand","embeddable":true,"href":"https:\/\/whizzopet.hu\/sk\/wp-json\/wp\/v2\/product_brand?post=3506"},{"taxonomy":"product_cat","embeddable":true,"href":"https:\/\/whizzopet.hu\/sk\/wp-json\/wp\/v2\/product_cat?post=3506"},{"taxonomy":"product_tag","embeddable":true,"href":"https:\/\/whizzopet.hu\/sk\/wp-json\/wp\/v2\/product_tag?post=3506"}],"curies":[{"name":"wp","href":"https:\/\/api.w.org\/{rel}","templated":true}]}}