{"id":22415,"date":"2026-04-18T12:23:21","date_gmt":"2026-04-18T10:23:21","guid":{"rendered":"https:\/\/whizzopet.hu\/?post_type=product&#038;p=22415"},"modified":"2026-04-18T12:59:37","modified_gmt":"2026-04-18T10:59:37","slug":"emu-nyelocso","status":"publish","type":"product","link":"https:\/\/whizzopet.hu\/sk\/termek\/emu-nyelocso\/","title":{"rendered":"Sz\u00e1r\u00edtott emu nyel\u0151cs\u0151 jutalomfalat kuty\u00e1nak"},"content":{"rendered":"<h2>A funkcion\u00e1lis \u201eszuperfalat\u201d m\u00e9lyelemz\u00e9se<\/h2>\n<p>A kuty\u00e1k r\u00e1g\u00e1sig\u00e9nye nem csup\u00e1n egy hobbi, hanem alapvet\u0151 biol\u00f3giai sz\u00fcks\u00e9glet. Azonban nem mindegy, hogy mivel k\u00f6tj\u00fck le kedvenc\u00fcnket. A\u00a0Whizzopet sz\u00e1r\u00edtott emu nyel\u0151cs\u0151\u00a0a tudatos gazdik v\u00e1lasza a t\u00f6meggy\u00e1rtott, \u00fcres kal\u00f3ri\u00e1kat tartalmaz\u00f3 jutalomfalatokra. Ez a pr\u00e9mium,\u00a0magyar manufakt\u00far\u00e1ban\u00a0k\u00e9sz\u00fclt r\u00e1g\u00f3ka egyed\u00fcl\u00e1ll\u00f3 m\u00f3don \u00f6tv\u00f6zi az anyagcsere-t\u00e1mogat\u00e1st, a b\u0151rgy\u00f3gy\u00e1szati prevenci\u00f3t \u00e9s a mechanikai sz\u00e1jhigi\u00e9ni\u00e1t.<\/p>\n<h2>L-karnitin: Az anyagcsere-p\u00f6rget\u0151, ami t\u00e9nyleg m\u0171k\u00f6dik<\/h2>\n<p>Sokszor hallani az L-karnitinr\u0151l, mint zs\u00edr\u00e9get\u0151r\u0151l, de az emu eset\u00e9ben ez nem egy laborat\u00f3riumi adal\u00e9kanyag, hanem a term\u00e9szetes sz\u00f6veti szerkezet r\u00e9sze. Az emu egy rendk\u00edv\u00fcl sz\u00edv\u00f3s, v\u00f6r\u00f6s h\u00fas\u00fa fut\u00f3mad\u00e1r, amelynek izomzata \u00e9s k\u00f6t\u0151sz\u00f6vetei (\u00edgy a nyel\u0151cs\u0151 fala is) kiemelked\u0151 mennyis\u00e9g\u0171 L-karnitint koncentr\u00e1lnak.<\/p>\n<p>Mi\u00e9rt fontos ez a kuty\u00e1dnak?<\/p>\n<p>A szervezetben az L-karnitin feladata a zs\u00edrsavak sz\u00e1ll\u00edt\u00e1sa a sejtek \u201eer\u0151m\u0171veibe\u201d. Itt t\u00f6rt\u00e9nik meg a zs\u00edr energi\u00e1v\u00e1 alak\u00edt\u00e1sa.<\/p>\n<p>\u2022 Akt\u00edv kuty\u00e1knak: seg\u00edt a hat\u00e9konyabb energiafelhaszn\u00e1l\u00e1sban, \u00edgy kuty\u00e1d kitart\u00f3bb lesz a kir\u00e1ndul\u00e1sokon vagy sportol\u00e1s k\u00f6zben.<\/p>\n<p>\u2022 Di\u00e9t\u00e1z\u00f3knak: t\u00e1mogatja a s\u00falyveszt\u00e9st an\u00e9lk\u00fcl, hogy a kutya elvesz\u00edten\u00e9 a vitalit\u00e1s\u00e1t. Az L-karnitin seg\u00edt, hogy a szervezet a rakt\u00e1rozott zs\u00edrt haszn\u00e1lja \u00fczemanyagk\u00e9nt.<\/p>\n<h2>A kardi\u00e1lis t\u00e1mogat\u00e1s: er\u0151s sz\u00edv, hossz\u00fa \u00e9let<\/h2>\n<p>Az L-karnitin jelenl\u00e9te a nyel\u0151cs\u0151ben nemcsak a zs\u00edr\u00e9get\u00e9s miatt kulcsfontoss\u00e1g\u00fa, hanem a\u00a0sz\u00edvizom eg\u00e9szs\u00e9ge\u00a0szempontj\u00e1b\u00f3l is. A kutya sz\u00edve az energi\u00e1ja t\u00f6bb mint 60%-\u00e1t zs\u00edrsavakb\u00f3l nyeri, ezeknek a \u201ebe\u00e9get\u00e9s\u00e9hez\u201d pedig L-karnitinre van sz\u00fcks\u00e9g.<\/p>\n<p>A Whizzopet emu nyel\u0151cs\u0151 rendszeres etet\u00e9se seg\u00edthet fenntartani a sz\u00edvizom megfelel\u0151 energiaell\u00e1t\u00e1s\u00e1t, ami k\u00fcl\u00f6n\u00f6sen fontos a munkakuty\u00e1k, a sportol\u00f3 kedvencek \u00e9s az id\u0151s\u00f6d\u0151 kutyusok sz\u00e1m\u00e1ra. Ez a term\u00e9szetes forr\u00e1sb\u00f3l sz\u00e1rmaz\u00f3 aminosav-sz\u00e1rmaz\u00e9k seg\u00edt a sz\u00edvnek, hogy hat\u00e9konyabban pump\u00e1lja a v\u00e9rt, t\u00e1mogatva ezzel a teljes kering\u00e9si rendszert \u00e9s az \u00e1ll\u00f3k\u00e9pess\u00e9get.<\/p>\n<h2>Omega 3, 6 \u00e9s 9: bels\u0151 kozmetika a b\u0151rnek \u00e9s a sz\u0151rnek<\/h2>\n<p>Az emu az egyik legkiegyens\u00falyozottabb zs\u00edrsavprofillal rendelkez\u0151 \u00e1llat. A nyel\u0151cs\u0151 sz\u00f6veteiben rejt\u0151z\u0151\u00a0Omega-3, -6 \u00e9s -9\u00a0zs\u00edrsavak egy\u00fcttes ereje a kutya k\u00fcllem\u00e9n l\u00e1tszik meg a leghamarabb.<\/p>\n<p>1. Omega-3 (Alfa-linol\u00e9nsav): term\u00e9szetes gyullad\u00e1scs\u00f6kkent\u0151, amely seg\u00edt megnyugtatni az irrit\u00e1lt b\u0151rt \u00e9s t\u00e1mogatja az \u00edz\u00fcletek rugalmass\u00e1g\u00e1t.<\/p>\n<p>2. Omega-6 (Linolsav): ez felel a b\u0151r \u201ev\u00edzz\u00e1r\u00f3 r\u00e9teg\u00e9\u00e9rt\u201d. Megakad\u00e1lyozza a b\u0151r kisz\u00e1rad\u00e1s\u00e1t, \u00edgy megsz\u00fcnteti a kellemetlen viszket\u00e9st \u00e9s a korp\u00e1sod\u00e1st.<\/p>\n<p>3. Omega-9 (Olajsav): seg\u00edti a t\u00e1panyagok felsz\u00edv\u00f3d\u00e1s\u00e1t \u00e9s selymes tapint\u00e1st k\u00f6lcs\u00f6n\u00f6z a bund\u00e1nak.<\/p>\n<h2>A rostos \u00e1llag titka: a term\u00e9szetes \u201efogselyem\u201d hat\u00e1s<\/h2>\n<p>N\u00e9zd meg k\u00f6zelr\u0151l a term\u00e9ket: a s\u0171r\u0171, hosszanti rostok adj\u00e1k a Whizzopet nyel\u0151cs\u0151 igazi \u00e9rt\u00e9k\u00e9t. Ez nem egy puha falat, amit a kutya egyben lenyel. Ez egy\u00a0mechanikai tiszt\u00edt\u00f3eszk\u00f6z.<\/p>\n<p>\u2022 Fogk\u0151 elleni v\u00e9delem: r\u00e1g\u00e1s k\u00f6zben a rostok nem morzsol\u00f3dnak el azonnal. A kutya foga behatol a rostok k\u00f6z\u00e9, amelyek rugalmasan \u201elegyalulj\u00e1k\u201d a fogleped\u00e9ket.<\/p>\n<p>\u2022 \u00cdny-massz\u00e1zs: a rostos text\u00fara stimul\u00e1lja a fog\u00edny v\u00e9rkering\u00e9s\u00e9t, ami er\u0151s\u00edti a fog\u00e1gyat \u00e9s seg\u00edt megel\u0151zni a gyullad\u00e1sokat.<\/p>\n<h2>Ment\u00e1lis stimul\u00e1ci\u00f3 \u00e9s stresszold\u00e1s r\u00e1g\u00e1ssal<\/h2>\n<p>A kuty\u00e1k sz\u00e1m\u00e1ra a r\u00e1g\u00e1s nem csak az \u00e9hs\u00e9gr\u0151l sz\u00f3l: ez egy komplex neurol\u00f3giai folyamat. A nyel\u0151cs\u0151 rostos, ellen\u00e1ll\u00f3 \u00e1llaga hosszas r\u00e1g\u00e1st ig\u00e9nyel, ami alatt a kuty\u00e1ban\u00a0endorfint (boldogs\u00e1ghormont)\u00a0termel\u0151dik.<\/p>\n<p>Ez a folyamat seg\u00edt cs\u00f6kkenteni a szorong\u00e1st, levezeti a felgy\u00fclemlett fesz\u00fclts\u00e9get \u00e9s ment\u00e1lisan is lef\u00e1rasztja a kuty\u00e1t. A Whizzopet nyel\u0151cs\u0151 r\u00e1gcs\u00e1l\u00e1sa egyfajta &#8222;medit\u00e1ci\u00f3&#8221; a kutya sz\u00e1m\u00e1ra: mik\u00f6zben a fogait tiszt\u00edtja \u00e9s az \u00edz\u00fcleteit is v\u00e9di, az idegrendszere is megnyugszik \u00e9s egyens\u00falyba ker\u00fcl.<\/p>\n<h2>Mi\u00e9rt a Whizzopet a felel\u0151s gazdik v\u00e1laszt\u00e1sa?<\/h2>\n<p>A\u00a0Whizzopet\u00a0manufakt\u00far\u00e1ban nem hisz\u00fcnk a vegyi r\u00f6vid\u00edt\u00e9sekben.<\/p>\n<p>\u2022 Vegyszermentes: nem haszn\u00e1lunk feh\u00e9r\u00edt\u0151ket vagy mesters\u00e9ges f\u00fcstarom\u00e1t. A k\u00edm\u00e9letes sz\u00e1r\u00edt\u00e1s meg\u0151rzi az \u00f6sszetev\u0151k biol\u00f3giai aktivit\u00e1s\u00e1t.<\/p>\n<p>\u2022 Hipoallerg\u00e9n (Novel Protein): az emu egy \u00fajszer\u0171 feh\u00e9rje, \u00edgy az immunrendszer nem reag\u00e1l r\u00e1 allergi\u00e1val. Elimin\u00e1ci\u00f3s di\u00e9t\u00e1ban is t\u00f6k\u00e9letes.<\/p>\n<p>\u2022 Zs\u00edrszeg\u00e9ny \u00e9lvezet: di\u00e9t\u00e1z\u00f3 kedvenceknek is b\u00fcntetlen\u00fcl adhat\u00f3.<\/p>\n<div>\n<p>Az \u00edz\u00fcletek extra t\u00e1mogat\u00e1s\u00e1\u00e9rt:\u00a0<a href=\"https:\/\/whizzopet.hu\/sk\/kategoria-produktu\/navnada-na-odmenu-pre-psov\/kolagen-pre-psov\/?wmc-currency=EUR\" target=\"_blank\" rel=\"noopener\" data-saferedirecturl=\"https:\/\/www.google.com\/url?q=https:\/\/www.google.com\/search?q%3Dhttps:\/\/whizzopet.hu\/kollagen-kutyaknak&amp;source=gmail&amp;ust=1776595783652000&amp;usg=AOvVaw3VibMB728YzjYVDX7oZ5FB\">kollag\u00e9n kuty\u00e1knak<\/a>.<\/p>\n<p>Allergi\u00e1s kedvenceknek: <a href=\"https:\/\/whizzopet.hu\/sk\/kategoria-produktu\/navnada-na-odmenu-pre-psov\/susena-kralicia-koza-pre-psov\/?wmc-currency=EUR\" target=\"_blank\" rel=\"noopener\" data-saferedirecturl=\"https:\/\/www.google.com\/url?q=https:\/\/www.google.com\/search?q%3Dhttps:\/\/whizzopet.hu\/hipoallergen-ragokak&amp;source=gmail&amp;ust=1776595783652000&amp;usg=AOvVaw084fIeO2q63AYxNIoMnP_X\">hipoallerg\u00e9n r\u00e1g\u00f3k\u00e1k<\/a>.<\/p>\n<\/div>\n<p>&nbsp;<\/p>","protected":false},"excerpt":{"rendered":"<p>A Whizzopet sz\u00e1r\u00edtott emu nyel\u0151cs\u0151 L-karnitinben \u00e9s Omega 3-6-9 zs\u00edrsavakban gazdag hipoallerg\u00e9n r\u00e1g\u00f3ka. Rostos \u00e1llaga tiszt\u00edtja a fogakat.<\/p>\n<p>Kiszerel\u00e9s: 100g<\/p>","protected":false},"featured_media":22416,"comment_status":"open","ping_status":"closed","template":"","meta":{"inline_featured_image":false},"product_brand":[],"product_cat":[42,41,37,79],"product_tag":[],"class_list":{"0":"post-22415","1":"product","2":"type-product","3":"status-publish","4":"has-post-thumbnail","6":"product_cat-hipoallergen-jutalomfalat","7":"product_cat-kollagen-kutyaknak","8":"product_cat-jutalomfalatok","9":"product_cat-strucc-jutalomfalat-kutyanak","10":"infinite-scroll-item","11":"sales-flash-overlay","12":"woocommerce-text-align-center","13":"woocommerce-image-align-center","14":"do-quantity-buttons","16":"first","17":"instock","18":"taxable","19":"shipping-taxable","20":"purchasable","21":"product-type-simple"},"_links":{"self":[{"href":"https:\/\/whizzopet.hu\/sk\/wp-json\/wp\/v2\/product\/22415","targetHints":{"allow":["GET"]}}],"collection":[{"href":"https:\/\/whizzopet.hu\/sk\/wp-json\/wp\/v2\/product"}],"about":[{"href":"https:\/\/whizzopet.hu\/sk\/wp-json\/wp\/v2\/types\/product"}],"replies":[{"embeddable":true,"href":"https:\/\/whizzopet.hu\/sk\/wp-json\/wp\/v2\/comments?post=22415"}],"wp:featuredmedia":[{"embeddable":true,"href":"https:\/\/whizzopet.hu\/sk\/wp-json\/wp\/v2\/media\/22416"}],"wp:attachment":[{"href":"https:\/\/whizzopet.hu\/sk\/wp-json\/wp\/v2\/media?parent=22415"}],"wp:term":[{"taxonomy":"product_brand","embeddable":true,"href":"https:\/\/whizzopet.hu\/sk\/wp-json\/wp\/v2\/product_brand?post=22415"},{"taxonomy":"product_cat","embeddable":true,"href":"https:\/\/whizzopet.hu\/sk\/wp-json\/wp\/v2\/product_cat?post=22415"},{"taxonomy":"product_tag","embeddable":true,"href":"https:\/\/whizzopet.hu\/sk\/wp-json\/wp\/v2\/product_tag?post=22415"}],"curies":[{"name":"wp","href":"https:\/\/api.w.org\/{rel}","templated":true}]}}