{"id":22410,"date":"2026-04-18T11:32:33","date_gmt":"2026-04-18T09:32:33","guid":{"rendered":"https:\/\/whizzopet.hu\/?post_type=product&#038;p=22410"},"modified":"2026-04-18T12:20:32","modified_gmt":"2026-04-18T10:20:32","slug":"emu-legcso","status":"publish","type":"product","link":"https:\/\/whizzopet.hu\/sk\/termek\/emu-legcso\/","title":{"rendered":"Sz\u00e1r\u00edtott emu l\u00e9gcs\u0151 jutalomfalat kuty\u00e1nak"},"content":{"rendered":"<h2>Sz\u00e1r\u00edtott emu l\u00e9gcs\u0151: A porcos szuper-r\u00e1g\u00f3ka az \u00edz\u00fcletek szabads\u00e1g\u00e1\u00e9rt<\/h2>\n<p>A modern kutyatart\u00e1s egyik legnagyobb kih\u00edv\u00e1sa a kedvenceink hossz\u00fa t\u00e1v\u00fa mobilit\u00e1s\u00e1nak meg\u0151rz\u00e9se. Ahogy a kuty\u00e1k id\u0151s\u00f6dnek, vagy a nagytest\u0171 fajt\u00e1k n\u00f6vekednek, az \u00edz\u00fcletek \u00e9s porcok v\u00e9delme els\u0151dleges szempontt\u00e1 v\u00e1lik. Itt l\u00e9p be a k\u00e9pbe a Whizzopet sz\u00e1r\u00edtott emu l\u00e9gcs\u0151, amely nem csup\u00e1n egy \u00edzletes jutalomfalat, hanem egy funkcion\u00e1lis \u201eszuper\u00e9lelmiszer\u201d. Magyar gy\u00e1rt\u00f3k\u00e9nt azt valljuk, hogy a term\u00e9szet adja a legjobb megold\u00e1sokat, ez\u00e9rt v\u00e1lasztottuk ezt a k\u00fcl\u00f6nleges alapanyagot a tudatos gazdik sz\u00e1m\u00e1ra.<\/p>\n<h2>Mi\u00e9rt k\u00fcl\u00f6nleges a l\u00e9gcs\u0151 text\u00far\u00e1ja a kuty\u00e1k sz\u00e1m\u00e1ra?<\/h2>\n<p>Az emu l\u00e9gcs\u00f6ve anat\u00f3miailag is leny\u0171g\u00f6z\u0151: a porcos gy\u0171r\u0171k sorozata biztos\u00edtja a rugalmass\u00e1got \u00e9s a tart\u00e1st. Amikor ezt a sz\u00f6vetet k\u00edm\u00e9letes sz\u00e1r\u00edt\u00e1snak vetj\u00fck al\u00e1, egy olyan text\u00far\u00e1t kapunk, amely semmi m\u00e1shoz nem foghat\u00f3. A Whizzopet elj\u00e1r\u00e1sa sor\u00e1n a nedvess\u00e9g t\u00e1voz\u00e1s\u00e1val a porc\u00a0 meg\u0151rzi roppan\u00f3s, m\u00e9gis r\u00e1g\u00f3s \u00e1llag\u00e1t.<\/p>\n<p>Ez a text\u00fara a kuty\u00e1k sz\u00e1m\u00e1ra \u00f6szt\u00f6n\u00f6s el\u00e9gedetts\u00e9get ny\u00fajt. A porc roppan\u00e1sa a vadonbeli zs\u00e1km\u00e1nyszerz\u00e9s \u00e9lm\u00e9ny\u00e9t id\u00e9zi fel, ami endorfint szabad\u00edt fel a kuty\u00e1ban, seg\u00edtve a stresszold\u00e1st \u00e9s a ment\u00e1lis egyens\u00faly fenntart\u00e1s\u00e1t. A sz\u00e1r\u00edtott emu l\u00e9gcs\u0151 r\u00e1g\u00e1sa k\u00f6zben a kutya nemcsak falatozik, hanem &#8222;dolgozik&#8221; is, ami lek\u00f6ti az energi\u00e1it \u00e9s megnyugtatja az idegrendszer\u00e9t.<\/p>\n<h2>Term\u00e9szetes gl\u00fck\u00f3zamin \u00e9s kondroitin: az \u00edz\u00fcletv\u00e9delem alapk\u00f6vei<\/h2>\n<p>Ha kutyadietetik\u00e1r\u00f3l besz\u00e9l\u00fcnk, a porckop\u00e1s (arthr\u00f3zis) megel\u0151z\u00e9se \u00e9s kezel\u00e9se k\u00f6zponti t\u00e9ma. A Whizzopet sz\u00e1r\u00edtott emu l\u00e9gcs\u0151 ezeket tiszta, biol\u00f3giailag j\u00f3l hasznosul\u00f3 form\u00e1ban tartalmazza.<\/p>\n<p>A l\u00e9gcs\u0151 szinte teljes eg\u00e9sz\u00e9ben porcsz\u00f6vetb\u0151l \u00e1ll, amely a term\u00e9szet egyik leggazdagabb\u00a0gl\u00fck\u00f3zamin \u00e9s kondroitin-szulf\u00e1t\u00a0forr\u00e1sa.<\/p>\n<p>\u2022 A porcok regener\u00e1ci\u00f3ja: a kondroitin seg\u00edt a porcsz\u00f6vetnek vizet k\u00f6tni, \u00edgy az rugalmas \u00e9s \u00fct\u00e9s\u00e1ll\u00f3 marad.<\/p>\n<p>\u2022 \u00cdz\u00fcleti nedv p\u00f3tl\u00e1sa: a gl\u00fck\u00f3zamin serkenti az \u00edz\u00fcleti \u201eken\u0151anyag\u201d termel\u0151d\u00e9s\u00e9t, ami elengedhetetlen a f\u00e1jdalommentes mozg\u00e1shoz.<\/p>\n<p>\u2022 Gyullad\u00e1scs\u00f6kkent\u00e9s: az emuolaj maradv\u00e1nyai a sz\u00f6vetben term\u00e9szetes gyullad\u00e1scs\u00f6kkent\u0151k\u00e9nt hatnak, t\u00e1mogatva a szervezet \u00f6ngy\u00f3gy\u00edt\u00f3 folyamatait.<\/p>\n<p>A rendszeres r\u00e1gcs\u00e1l\u00e1s teh\u00e1t befektet\u00e9s a kutya j\u00f6v\u0151j\u00e9be: seg\u00edt megel\u0151zni a merev mozdulatokat \u00e9s t\u00e1mogatja a sportos, akt\u00edv \u00e9letm\u00f3dot minden \u00e9letszakaszban.<\/p>\n<h2>Hipoallerg\u00e9n \u00e9s zs\u00edrszeg\u00e9ny: biztons\u00e1g minden kuty\u00e1nak<\/h2>\n<p>A kuty\u00e1k k\u00f6r\u00e9ben tapasztalhat\u00f3 \u00e9telallergi\u00e1k robban\u00e1sszer\u0171 n\u00f6veked\u00e9se miatt a gazdiknak egyre \u00f3vatosabbnak kell lenni\u00fck. A csirke-, marha- \u00e9s sert\u00e9sfeh\u00e9rje sokszor okoz viszket\u00e9st, em\u00e9szt\u00e9si panaszokat. Az emu azonban egy \u201enovel protein\u201d, azaz \u00fajszer\u0171 feh\u00e9rjeforr\u00e1s. Mivel a legt\u00f6bb kutya immunrendszere m\u00e9g nem tal\u00e1lkozott vele, nem v\u00e1lt ki t\u00falzott reakci\u00f3t.<\/p>\n<p>A\u00a0Whizzopet emu l\u00e9gcs\u0151\u00a0ez\u00e9rt ide\u00e1lis v\u00e1laszt\u00e1s:<\/p>\n<p>1. Elimin\u00e1ci\u00f3s di\u00e9t\u00e1hoz: ha ki akarjuk z\u00e1rni az allerg\u00e9neket, ez a r\u00e1g\u00f3ka biztons\u00e1ggal adhat\u00f3.<\/p>\n<p>2. \u00c9rz\u00e9keny gyomr\u00fa kedvenceknek: k\u00f6nnyen em\u00e9szthet\u0151, nem terheli meg a gyomor-b\u00e9l rendszert.<\/p>\n<p>3. S\u00falykontroll alatt \u00e1ll\u00f3knak: kiemelked\u0151en alacsony zs\u00edrtartalma miatt m\u00e9g a h\u00edz\u00e1sra hajlamos kuty\u00e1k is b\u00fcntetlen\u00fcl \u00e9lvezhetik, nem kell tartani a felesleges kal\u00f3ri\u00e1kt\u00f3l.<\/p>\n<h2>Mechanikai fogtiszt\u00edt\u00e1s a gy\u0171r\u0171s szerkezet erej\u00e9vel<\/h2>\n<p>A fogk\u0151 \u00e9s az \u00ednygyullad\u00e1s nem csup\u00e1n eszt\u00e9tikai k\u00e9rd\u00e9s, a sz\u00e1j\u00fcregi fert\u0151z\u00e9sek bakt\u00e9riumai a v\u00e9r\u00e1ramon kereszt\u00fcl a bels\u0151 szerveket is k\u00e1ros\u00edthatj\u00e1k. Az emu l\u00e9gcs\u0151 porcos gy\u0171r\u0171i mechanikus \u201efogkefek\u00e9nt\u201d funkcion\u00e1lnak.<\/p>\n<p>R\u00e1g\u00e1s k\u00f6zben a kutya foga behatol a l\u00e9gcs\u0151 \u00fcreg\u00e9be, a porcos sz\u00e9lek pedig fizikailag d\u00f6rzs\u00f6lik le a friss leped\u00e9ket \u00e9s a kezd\u0151d\u0151 fogk\u00f6vet a fogfelsz\u00ednr\u0151l. Ez a folyamat fokozza a ny\u00e1ltermel\u00e9st, ami term\u00e9szetes m\u00f3don semleges\u00edti a sz\u00e1jban l\u00e9v\u0151 savakat. Egy 15-20 perces r\u00e1g\u00e1s\u00e9lm\u00e9ny fel\u00e9r egy alapos sz\u00e1jhigi\u00e9niai kezel\u00e9ssel, mik\u00f6zben a kutya a legkisebb k\u00e9nyszert sem \u00e9rzi.<\/p>\n<h2>Mi\u00e9rt a magyar gy\u00e1rt\u00e1s\u00fa Whizzopet min\u0151s\u00e9get v\u00e1laszd?<\/h2>\n<p>A piacon sok bizonytalan eredet\u0171, sokszor t\u00e1vol-keleti r\u00e1g\u00f3ka tal\u00e1lhat\u00f3, amelyeket er\u0151s vegyszerekkel kezelnek a tart\u00f3s\u00edt\u00e1s \u00e9rdek\u00e9ben. A Whizzopet, mint magyar kutya jutalomfalat gy\u00e1rt\u00f3, a tisztas\u00e1gra \u00e9s az \u00e1tl\u00e1that\u00f3s\u00e1gra alapozza m\u0171k\u00f6d\u00e9s\u00e9t.<\/p>\n<p>N\u00e1lunk nincs feh\u00e9r\u00edt\u00e9s, nincs f\u00fcstaroma \u00e9s nincsenek mesters\u00e9ges adal\u00e9kanyagok. Minden egyes l\u00e9gcs\u00f6vet k\u00e9zzel ellen\u0151rz\u00fcnk, \u00e9s kiz\u00e1r\u00f3lag olyan forr\u00e1sb\u00f3l dolgozunk, ahol az \u00e1llatj\u00f3l\u00e9t \u00e9s a min\u0151s\u00e9g k\u00e9z a k\u00e9zben j\u00e1r. A k\u00edm\u00e9letes sz\u00e1r\u00edt\u00e1s meg\u0151rzi az aminosavakat \u00e9s a vitaminokat, \u00edgy kedvenced a term\u00e9szet legjav\u00e1t kapja a t\u00e1lj\u00e1ba (vagy a mancsai k\u00f6z\u00e9).<\/p>\n<p>Dietetikai tan\u00e1cs:\u00a0B\u00e1r a l\u00e9gcs\u0151 biztons\u00e1gos r\u00e1g\u00f3ka, mindig figyeld kuty\u00e1dat az els\u0151 alkalommal, \u00e9s biztos\u00edts sz\u00e1m\u00e1ra friss iv\u00f3vizet, hiszen a sz\u00e1r\u00edtott term\u00e9kek hidrat\u00e1ci\u00f3t ig\u00e9nyelnek a gyomorban.<\/p>\n<div><\/div>\n<div>\n<h2>\u00c9rdekelnek tov\u00e1bbi term\u00e9szetes megold\u00e1sok?<\/h2>\n<p>Ha szeretn\u00e9d hossz\u00fa t\u00e1von biztos\u00edtani kedvenced mozg\u00e1sszabads\u00e1g\u00e1t, n\u00e9zz sz\u00e9t a\u00a0<a href=\"https:\/\/whizzopet.hu\/sk\/kategoria-produktu\/navnada-na-odmenu-pre-psov\/kolagen-pre-psov\/?wmc-currency=EUR\" target=\"_blank\" rel=\"noopener\" data-saferedirecturl=\"https:\/\/www.google.com\/url?q=https:\/\/www.google.com\/search?q%3Dhttps:\/\/whizzopet.hu\/kollagen-kutyaknak&amp;source=gmail&amp;ust=1776592446928000&amp;usg=AOvVaw31PuJ9tYTuGMZZR1cr2K2O\">kollag\u00e9n kuty\u00e1knak<\/a>\u00a0kateg\u00f3ri\u00e1nkban, ahol v\u00e1logatott, porcer\u0151s\u00edt\u0151 r\u00e1g\u00f3k\u00e1kat tal\u00e1lsz. Amennyiben pedig kuty\u00e1d \u00e9tel\u00e9rz\u00e9kenys\u00e9ggel k\u00fczd, v\u00e1laszd a\u00a0<a href=\"https:\/\/whizzopet.hu\/sk\/kategoria-produktu\/navnada-na-odmenu-pre-psov\/susena-kralicia-koza-pre-psov\/?wmc-currency=EUR\" target=\"_blank\" rel=\"noopener\" data-saferedirecturl=\"https:\/\/www.google.com\/url?q=https:\/\/www.google.com\/search?q%3Dhttps:\/\/whizzopet.hu\/hipoallergen-ragokak&amp;source=gmail&amp;ust=1776592446928000&amp;usg=AOvVaw0jabYtZCtLD9fx_GPgH16b\">hipoallerg\u00e9n jutalomfalatok<\/a>\u00a0teljes v\u00e1laszt\u00e9k\u00e1t, ahol a Whizzopet garant\u00e1ltan csirke- \u00e9s marhamentes, biztons\u00e1gos csemeg\u00e9it gy\u0171jt\u00f6tt\u00fck \u00f6ssze.<\/p>\n<div><\/div>\n<\/div>\n<div dir=\"ltr\"><\/div>\n<p>&nbsp;<\/p>\n<p>&nbsp;<\/p>\n<p>&nbsp;<\/p>","protected":false},"excerpt":{"rendered":"<p>A sz\u00e1r\u00edtott emu l\u00e9gcs\u0151 kuty\u00e1knak term\u00e9szetes gl\u00fck\u00f3zamin \u00e9s kondroitin forr\u00e1s az \u00edz\u00fcletek rugalmass\u00e1g\u00e1\u00e9rt. Hipoallerg\u00e9n, ropog\u00f3s \u00e9lvezet!<\/p>\n<p>Kiszerel\u00e9s: 100g<\/p>","protected":false},"featured_media":22413,"comment_status":"open","ping_status":"closed","template":"","meta":{"inline_featured_image":false},"product_brand":[],"product_cat":[42,41,37,79],"product_tag":[],"class_list":{"0":"post-22410","1":"product","2":"type-product","3":"status-publish","4":"has-post-thumbnail","6":"product_cat-hipoallergen-jutalomfalat","7":"product_cat-kollagen-kutyaknak","8":"product_cat-jutalomfalatok","9":"product_cat-strucc-jutalomfalat-kutyanak","10":"infinite-scroll-item","11":"sales-flash-overlay","12":"woocommerce-text-align-center","13":"woocommerce-image-align-center","14":"do-quantity-buttons","16":"first","17":"instock","18":"taxable","19":"shipping-taxable","20":"purchasable","21":"product-type-simple"},"_links":{"self":[{"href":"https:\/\/whizzopet.hu\/sk\/wp-json\/wp\/v2\/product\/22410","targetHints":{"allow":["GET"]}}],"collection":[{"href":"https:\/\/whizzopet.hu\/sk\/wp-json\/wp\/v2\/product"}],"about":[{"href":"https:\/\/whizzopet.hu\/sk\/wp-json\/wp\/v2\/types\/product"}],"replies":[{"embeddable":true,"href":"https:\/\/whizzopet.hu\/sk\/wp-json\/wp\/v2\/comments?post=22410"}],"wp:featuredmedia":[{"embeddable":true,"href":"https:\/\/whizzopet.hu\/sk\/wp-json\/wp\/v2\/media\/22413"}],"wp:attachment":[{"href":"https:\/\/whizzopet.hu\/sk\/wp-json\/wp\/v2\/media?parent=22410"}],"wp:term":[{"taxonomy":"product_brand","embeddable":true,"href":"https:\/\/whizzopet.hu\/sk\/wp-json\/wp\/v2\/product_brand?post=22410"},{"taxonomy":"product_cat","embeddable":true,"href":"https:\/\/whizzopet.hu\/sk\/wp-json\/wp\/v2\/product_cat?post=22410"},{"taxonomy":"product_tag","embeddable":true,"href":"https:\/\/whizzopet.hu\/sk\/wp-json\/wp\/v2\/product_tag?post=22410"}],"curies":[{"name":"wp","href":"https:\/\/api.w.org\/{rel}","templated":true}]}}