{"id":22407,"date":"2026-04-18T10:26:11","date_gmt":"2026-04-18T08:26:11","guid":{"rendered":"https:\/\/whizzopet.hu\/?post_type=product&#038;p=22407"},"modified":"2026-04-18T11:31:08","modified_gmt":"2026-04-18T09:31:08","slug":"emu-in","status":"publish","type":"product","link":"https:\/\/whizzopet.hu\/sk\/termek\/emu-in\/","title":{"rendered":"Sz\u00e1r\u00edtott emu \u00edn jutalomfalat kuty\u00e1nak"},"content":{"rendered":"<h2>A hipoallerg\u00e9n \u00edz\u00fcletv\u00e9d\u0151 r\u00e1g\u00f3ka, amire minden kuty\u00e1nak sz\u00fcks\u00e9ge van<\/h2>\n<p>A tudatos gazdik k\u00f6r\u00e9ben egyre nagyobb n\u00e9pszer\u0171s\u00e9gnek \u00f6rvendenek a k\u00fcl\u00f6nleges, alternat\u00edv feh\u00e9rjeforr\u00e1sokb\u00f3l k\u00e9sz\u00fclt jutalomfalatok. A Whizzopet sz\u00e1r\u00edtott emu \u00edn nem csup\u00e1n egy a sok k\u00f6z\u00fcl, ez a r\u00e1g\u00f3ka a term\u00e9szetes \u00edz\u00fcletv\u00e9delem \u00e9s a tart\u00f3s r\u00e1g\u00e1s\u00e9lm\u00e9ny \u00f6tv\u00f6zete. De mi\u00e9rt v\u00e1lasszuk pont az emut a megszokott marha- vagy sert\u00e9sinakkal szemben? Magyar gy\u00e1rt\u00f3k\u00e9nt a Whizzopet elk\u00f6telezett a tiszta, k\u00edm\u00e9letes feldolgoz\u00e1s mellett, hogy a kutyadietetika legmagasabb elv\u00e1r\u00e1sainak is megfelelj\u00fcnk.<\/p>\n<h2>Mi\u00e9rt sz\u00e1m\u00edt szuper\u00e9lelmiszernek az emu \u00edn a kuty\u00e1k sz\u00e1m\u00e1ra?<\/h2>\n<p>Az emu egy rendk\u00edv\u00fcl sz\u00edv\u00f3s fut\u00f3mad\u00e1r, melynek anat\u00f3mi\u00e1ja speci\u00e1lis ig\u00e9nybev\u00e9telre fejl\u0151d\u00f6tt ki. Az inak, amelyek a massz\u00edv izomzatot a csontokhoz r\u00f6gz\u00edtik, kiemelked\u0151en gazdagok struktur\u00e1lis feh\u00e9rj\u00e9kben.<\/p>\n<p>A Whizzopet sz\u00e1r\u00edt\u00e1si folyamata sor\u00e1n, mely n\u00e1lunk vegyszermentesen \u00e9s alacsony h\u0151fokon t\u00f6rt\u00e9nik, a nedvess\u00e9g t\u00e1vozik, de az \u00e9rt\u00e9kes t\u00e1panyagok koncentr\u00e1l\u00f3dnak. Az eredm\u00e9ny egy olyan hazai gy\u00e1rt\u00e1s\u00fa term\u00e9szetes r\u00e1g\u00f3ka, amely mentes a tart\u00f3s\u00edt\u00f3szerekt\u0151l, sz\u00ednez\u00e9kekt\u0151l \u00e9s \u00edzfokoz\u00f3kt\u00f3l.<\/p>\n<h2>Term\u00e9szetes kollag\u00e9n \u00e9s \u00edz\u00fcletv\u00e9delem a r\u00e1g\u00e1s erej\u00e9vel<\/h2>\n<p>A kutyadietetika egyik legfontosabb alapk\u00f6ve az \u00edz\u00fcletek rugalmass\u00e1g\u00e1nak meg\u0151rz\u00e9se, k\u00fcl\u00f6n\u00f6sen a nagytest\u0171 vagy id\u0151s\u00f6d\u0151 kuty\u00e1k eset\u00e9ben. A\u00a0Whizzopet emu \u00edn\u00a0szinte tiszt\u00e1n\u00a0kollag\u00e9nrostokb\u00f3l\u00a0\u00e1ll.<\/p>\n<p>A kollag\u00e9n a k\u00f6t\u0151sz\u00f6vetek &#8222;ragaszt\u00f3ja&#8221;. Amikor a kutya emu inat r\u00e1g, a szervezetbe jut\u00f3 aminosavak seg\u00edtik a porcok regener\u00e1ci\u00f3j\u00e1t \u00e9s az \u00edz\u00fcleti nedv (szinovi\u00e1lis folyad\u00e9k) termel\u0151d\u00e9s\u00e9t. Ez a folyamat kulcsfontoss\u00e1g\u00fa az arthr\u00f3zis (\u00edz\u00fcleti kop\u00e1s) megel\u0151z\u00e9s\u00e9ben \u00e9s a megl\u00e9v\u0151 mozg\u00e1sszervi panaszok enyh\u00edt\u00e9s\u00e9ben.<\/p>\n<p>M\u00edg a mesters\u00e9ges t\u00e1pl\u00e1l\u00e9kkieg\u00e9sz\u00edt\u0151k sokszor szintetikus forr\u00e1sb\u00f3l dolgoznak, a\u00a0Whizzopet \u00e1ltal k\u00edn\u00e1lt sz\u00e1r\u00edtott emu \u00edn\u00a0biol\u00f3giailag j\u00f3l hasznosul\u00f3, nat\u00far forr\u00e1st biztos\u00edt minden \u00e9letszakaszban.<\/p>\n<h2>Hipoallerg\u00e9n v\u00e1laszt\u00e1s \u00e9tel\u00e9rz\u00e9keny kuty\u00e1knak \u2013 A Whizzopet garanci\u00e1ja<\/h2>\n<p>Napjainkban a kuty\u00e1k jelent\u0151s r\u00e9sze k\u00fczd \u00e9telallergi\u00e1val vagy intoleranci\u00e1val. A leggyakoribb allerg\u00e9nek k\u00f6z\u00e9 a csirke, a marha \u00e9s a gabonaf\u00e9l\u00e9k tartoznak.<\/p>\n<p>A sz\u00e1r\u00edtott emu \u00edn egy \u00fagynevezett &#8222;novel protein&#8221;, azaz \u00fajszer\u0171 feh\u00e9rjeforr\u00e1s. Mivel a legt\u00f6bb kutya szervezete m\u00e9g nem tal\u00e1lkozott emu feh\u00e9rj\u00e9vel, az immunrendszer\u00fck nem azonos\u00edtja azt ellens\u00e9gk\u00e9nt. Magyarorsz\u00e1g egyik vezet\u0151 pr\u00e9mium r\u00e1g\u00f3ka gy\u00e1rt\u00f3jak\u00e9nt, a Whizzopet garant\u00e1lja, hogy a term\u00e9k\u00a0 biztons\u00e1ggal adhat\u00f3 elimin\u00e1ci\u00f3s di\u00e9ta alatt is, vagy olyan kedvenceknek, akiknek \u00e9rz\u00e9keny az em\u00e9szt\u0151rendszere.<\/p>\n<h2>Omega-3 \u00e9s Omega-6 zs\u00edrsavak: Nem csak a sz\u0151rnek tesz j\u00f3t<\/h2>\n<p>B\u00e1r az \u00edn alapvet\u0151en alacsony zs\u00edrtartalm\u00fa sz\u00f6vet, az emu saj\u00e1tos zs\u00edrsavprofilja m\u00e9g a k\u00f6t\u0151sz\u00f6vetekben is megjelenik. A\u00a0Whizzopet emu term\u00e9kcsal\u00e1d\u00a0minden tagja, \u00edgy az \u00edn is, hordozza a mad\u00e1rra jellemz\u0151 k\u00fcl\u00f6nleges Omega-3, 6 \u00e9s 9 zs\u00edrsavakat.<\/p>\n<p>Ezek az esszenci\u00e1lis zs\u00edrsavak:<\/p>\n<p>\u2022 B\u0151r\u00e1pol\u00f3 hat\u00e1s\u00faak: cs\u00f6kkentik a viszket\u00e9st \u00e9s a b\u0151r sz\u00e1razs\u00e1g\u00e1t.<\/p>\n<p>\u2022 Sz\u0151rf\u00e9nyez\u0151k: rendszeres fogyaszt\u00e1s mellett a bunda puh\u00e1bb\u00e1 \u00e9s f\u00e9nyesebb\u00e9 v\u00e1lik.<\/p>\n<p>\u2022 Gyullad\u00e1scs\u00f6kkent\u0151k: t\u00e1mogatj\u00e1k az immunrendszert \u00e9s cs\u00f6kkentik a szervezetben zajl\u00f3 mikragyullad\u00e1sokat.<\/p>\n<h2>Mechanikai fogtiszt\u00edt\u00e1s \u00e9s sz\u00e1jhigi\u00e9nia a Whizzopet r\u00e1g\u00f3k\u00e1kkal<\/h2>\n<p>A fogk\u0151 nemcsak eszt\u00e9tikai probl\u00e9ma, hanem komoly eg\u00e9szs\u00e9g\u00fcgyi kock\u00e1zat is. A sz\u00e1r\u00edtott emu \u00edn text\u00far\u00e1ja r\u00e1g\u00e1s k\u00f6zben megpuhul, de tov\u00e1bbra is sz\u00edv\u00f3s marad. Ahogy a kutya \u00e1tr\u00e1gja mag\u00e1t rajta, a rostok szinte &#8222;fogselyemk\u00e9nt&#8221; m\u0171k\u00f6dnek a fogak k\u00f6z\u00f6tt.<\/p>\n<p>A Whizzopet k\u00edm\u00e9letes sz\u00e1r\u00edt\u00e1si technol\u00f3gi\u00e1ja meg\u0151rzi az inak rugalmas rostszerkezet\u00e9t. Ez a folyamat fokozza a ny\u00e1ltermel\u00e9st, ami term\u00e9szetes m\u00f3don semleges\u00edti a sz\u00e1jban l\u00e9v\u0151 savakat, megel\u0151zve a fogk\u0151 kialakul\u00e1s\u00e1t.<\/p>\n<h2>Mi\u00e9rt v\u00e1laszd a hazai, Whizzopet min\u0151s\u00e9get?<\/h2>\n<p>Amikor egy gazdi a\u00a0Whizzopet sz\u00e1r\u00edtott emu inat\u00a0v\u00e1lasztja, nemcsak egy pr\u00e9mium r\u00e1g\u00f3k\u00e1t kap, hanem t\u00e1mogatja a\u00a0magyar gy\u00e1rt\u00e1st\u00a0\u00e9s a fenntarthat\u00f3 forr\u00e1sb\u00f3l sz\u00e1rmaz\u00f3 alapanyagokat. Mi minden egyes darabot k\u00e9zzel ellen\u0151rz\u00fcnk, hogy csak a legtiszt\u00e1bb, legtart\u00f3sabb inak ker\u00fcljenek a csomagokba.<\/p>\n<p>Dietetikai tan\u00e1cs:\u00a0Mindig biztos\u00edtsunk friss iv\u00f3vizet a kutya sz\u00e1m\u00e1ra r\u00e1g\u00e1s ut\u00e1n, mivel a sz\u00e1r\u00edtott term\u00e9kek a gyomorban vizet vonnak el a hidrat\u00e1l\u00f3d\u00e1shoz.<\/p>\n<div><\/div>\n<div>\n<p>\u00c9rdekelnek tov\u00e1bbi term\u00e9szetes megold\u00e1sok?<\/p>\n<p>Ha szeretn\u00e9l t\u00f6bbet megtudni arr\u00f3l, hogyan t\u00e1mogathatod kedvenced mozg\u00e1sszerveit, n\u00e9zz sz\u00e9t a\u00a0<a href=\"https:\/\/whizzopet.hu\/sk\/kategoria-produktu\/navnada-na-odmenu-pre-psov\/kolagen-pre-psov\/?wmc-currency=EUR\" target=\"_blank\" rel=\"noopener\" data-saferedirecturl=\"https:\/\/www.google.com\/url?q=https:\/\/www.google.com\/search?q%3Dhttps:\/\/whizzopet.hu\/kollagen-kutyaknak&amp;source=gmail&amp;ust=1776589664337000&amp;usg=AOvVaw3s7XWBq2U8m25w_GpmFnH3\">kollag\u00e9n kuty\u00e1knak<\/a>\u00a0kateg\u00f3ri\u00e1nkban, ahol v\u00e1logatott, porc\u00e9p\u00edt\u0151 r\u00e1g\u00f3k\u00e1kat tal\u00e1lsz. Amennyiben kuty\u00e1d \u00e9tel\u00e9rz\u00e9kenys\u00e9ggel k\u00fczd, v\u00e1laszd a\u00a0<a href=\"https:\/\/whizzopet.hu\/sk\/kategoria-produktu\/navnada-na-odmenu-pre-psov\/susena-kralicia-koza-pre-psov\/?wmc-currency=EUR\" target=\"_blank\" rel=\"noopener\" data-saferedirecturl=\"https:\/\/www.google.com\/url?q=https:\/\/www.google.com\/search?q%3Dhttps:\/\/whizzopet.hu\/hipoallergen-ragokak&amp;source=gmail&amp;ust=1776589664337000&amp;usg=AOvVaw24kcNI32e_mIdGOj65LTIv\">hipoallerg\u00e9n r\u00e1g\u00f3k\u00e1k<\/a>\u00a0k\u00edn\u00e1lat\u00e1t, ahol a Whizzopet garant\u00e1ltan csirke- \u00e9s marhamentes, biztons\u00e1gos csemeg\u00e9it gy\u0171jt\u00f6tt\u00fck \u00f6ssze.<\/p>\n<\/div>","protected":false},"excerpt":{"rendered":"<p>Pr\u00e9mium sz\u00e1r\u00edtott emu \u00edn kuty\u00e1knak. 100% term\u00e9szetes, hipoallerg\u00e9n r\u00e1g\u00f3ka magas kollag\u00e9n tartalommal az er\u0151s \u00edz\u00fcletek\u00e9rt.<\/p>\n<p>Kiszerel\u00e9s: 100g<\/p>","protected":false},"featured_media":22408,"comment_status":"open","ping_status":"closed","template":"","meta":{"inline_featured_image":false},"product_brand":[],"product_cat":[42,41,37,79],"product_tag":[],"class_list":{"0":"post-22407","1":"product","2":"type-product","3":"status-publish","4":"has-post-thumbnail","6":"product_cat-hipoallergen-jutalomfalat","7":"product_cat-kollagen-kutyaknak","8":"product_cat-jutalomfalatok","9":"product_cat-strucc-jutalomfalat-kutyanak","10":"infinite-scroll-item","11":"sales-flash-overlay","12":"woocommerce-text-align-center","13":"woocommerce-image-align-center","14":"do-quantity-buttons","16":"first","17":"instock","18":"taxable","19":"shipping-taxable","20":"purchasable","21":"product-type-simple"},"_links":{"self":[{"href":"https:\/\/whizzopet.hu\/sk\/wp-json\/wp\/v2\/product\/22407","targetHints":{"allow":["GET"]}}],"collection":[{"href":"https:\/\/whizzopet.hu\/sk\/wp-json\/wp\/v2\/product"}],"about":[{"href":"https:\/\/whizzopet.hu\/sk\/wp-json\/wp\/v2\/types\/product"}],"replies":[{"embeddable":true,"href":"https:\/\/whizzopet.hu\/sk\/wp-json\/wp\/v2\/comments?post=22407"}],"wp:featuredmedia":[{"embeddable":true,"href":"https:\/\/whizzopet.hu\/sk\/wp-json\/wp\/v2\/media\/22408"}],"wp:attachment":[{"href":"https:\/\/whizzopet.hu\/sk\/wp-json\/wp\/v2\/media?parent=22407"}],"wp:term":[{"taxonomy":"product_brand","embeddable":true,"href":"https:\/\/whizzopet.hu\/sk\/wp-json\/wp\/v2\/product_brand?post=22407"},{"taxonomy":"product_cat","embeddable":true,"href":"https:\/\/whizzopet.hu\/sk\/wp-json\/wp\/v2\/product_cat?post=22407"},{"taxonomy":"product_tag","embeddable":true,"href":"https:\/\/whizzopet.hu\/sk\/wp-json\/wp\/v2\/product_tag?post=22407"}],"curies":[{"name":"wp","href":"https:\/\/api.w.org\/{rel}","templated":true}]}}