{"id":22305,"date":"2026-04-15T19:21:29","date_gmt":"2026-04-15T17:21:29","guid":{"rendered":"https:\/\/whizzopet.hu\/?post_type=product&#038;p=22305"},"modified":"2026-04-15T20:05:31","modified_gmt":"2026-04-15T18:05:31","slug":"emu-huscsik","status":"publish","type":"product","link":"https:\/\/whizzopet.hu\/sk\/termek\/emu-huscsik\/","title":{"rendered":"Sz\u00e1r\u00edtott emu h\u00fascs\u00edk jutalomfalat kuty\u00e1nak"},"content":{"rendered":"<h2>A hipoallerg\u00e9n v\u00f6r\u00f6sh\u00fas-forradalom a kutyadietetik\u00e1ban<\/h2>\n<p>A\u00a0Whizzopet sz\u00e1r\u00edtott emu h\u00fascs\u00edk\u00a0a modern kutyatart\u00e1s egyik legnagyobb kih\u00edv\u00e1s\u00e1ra, az \u00e9telallergi\u00e1ra \u00e9s az em\u00e9szt\u0151rendszeri \u00e9rz\u00e9kenys\u00e9gre k\u00edn\u00e1l megold\u00e1st. Ez a\u00a0100% sz\u00e1r\u00edtott emu h\u00fascs\u00edk\u00a0a kutyadietetika cs\u00facs\u00e1t k\u00e9pviseli: k\u00fcldet\u00e9s\u00fcnknek tekintj\u00fck, hogy olyan alternat\u00edv feh\u00e9rjeforr\u00e1sokat emelj\u00fcnk be a kuty\u00e1k \u00e9trendj\u00e9be, amelyek nemcsak biztons\u00e1gosak, de biol\u00f3giailag is a legmagasabb hasznosul\u00e1si mutat\u00f3kkal rendelkeznek. Ez egy \u0151si, tiszta \u00e9s t\u00e1panyagd\u00fas megold\u00e1s a 21. sz\u00e1zadi kuty\u00e1k ig\u00e9nyeire szabva.<\/p>\n<h2>Mi\u00e9rt tekinthet\u0151 az emuh\u00fas \u201eszuper\u00e9lelmiszernek\u201d a kuty\u00e1k sz\u00e1m\u00e1ra?<\/h2>\n<p>Dietetikai szempontb\u00f3l az emuh\u00fas egyed\u00fcl\u00e1ll\u00f3 jelens\u00e9g. B\u00e1r az emu a\u00a0fut\u00f3madarak\u00a0k\u00f6z\u00e9 tartozik, h\u00fasa pH-\u00e9rt\u00e9ke, sz\u00edne \u00e9s rostszerkezete alapj\u00e1n a v\u00f6r\u00f6sh\u00fasok k\u00f6z\u00e9 soroland\u00f3. Ez az\u00e9rt kulcsfontoss\u00e1g\u00fa, mert a v\u00f6r\u00f6sh\u00fasok \u00e1ltal\u00e1ban magasabb vastartalommal \u00e9s s\u0171r\u0171bb aminosav-profillal rendelkeznek, mint a feh\u00e9r h\u00fasok, viszont gyakran magas zs\u00edrtartalommal p\u00e1rosulnak.<\/p>\n<p>Az emu ezzel szemben extr\u00e9m sov\u00e1ny. Izomsz\u00f6veteiben a lipidtartalom minim\u00e1lis, mik\u00f6zben feh\u00e9rjekoncentr\u00e1ci\u00f3ja meghaladja a marh\u00e1\u00e9t. A Whizzopet emu h\u00fascs\u00edkok k\u00e9sz\u00edt\u00e9se sor\u00e1n ezt az \u00e9rt\u00e9kes alapanyagot k\u00edm\u00e9letes dehidrat\u00e1l\u00e1ssal tart\u00f3s\u00edtjuk, \u00edgy a h\u00fas rostszerkezete \u00e9s \u00e9rt\u00e9kes t\u00e1panyagtartalma megmarad, mik\u00f6zben a jutalomfalatok k\u00f6nnyen em\u00e9szthet\u0151ek \u00e9s biztons\u00e1gosak maradnak.<\/p>\n<h2>Az emuolaj rejt\u00e9lye: Mi\u00e9rt csillog a h\u00fascs\u00edk, ha a h\u00fas sov\u00e1ny?<\/h2>\n<p>Mi\u00e9rt t\u0171nik \u201eolajosnak\u201d vagy \u201ezs\u00edrosnak\u201d a h\u00fascs\u00edk fel\u00fclete. Kutyadietetikai szempontb\u00f3l ez a jelens\u00e9g a term\u00e9k leg\u00e9rt\u00e9kesebb tulajdons\u00e1ga. Az emu nem szil\u00e1rd faggy\u00fat (tel\u00edtett zs\u00edrsavakat) rakt\u00e1roz az az izomrostok k\u00f6z\u00f6tt, hanem emuolajat (tel\u00edtetlen zs\u00edrsavakat).<\/p>\n<p>A dehidrat\u00e1l\u00e1s folyamata sor\u00e1n a v\u00edz t\u00e1vozik a sz\u00f6vetekb\u0151l, a marad\u00e9k, rendk\u00edv\u00fcl alacsony olvad\u00e1spont\u00fa emuolaj pedig a felsz\u00ednre v\u00e1ndorol. Ez a csillog\u00e1s teh\u00e1t nem a klasszikus \u00e9rtelemben vett \u201ehizlal\u00f3 zs\u00edr\u201d, hanem egy term\u00e9szetes lipidbevonat. Ez az olajr\u00e9teg v\u00e9di meg a h\u00fast az oxid\u00e1ci\u00f3t\u00f3l, \u00e9s ez teszi lehet\u0151v\u00e9, hogy adal\u00e9kmentesen is meg\u0151rizze arom\u00e1j\u00e1t. Amikor kuty\u00e1d elr\u00e1gja a cs\u00edkot, ezek a foly\u00e9kony olajok k\u00f6nnyen emulge\u00e1l\u00f3dnak az em\u00e9szt\u0151rendszerben, ellent\u00e9tben a nehezen bonthat\u00f3, szil\u00e1rd \u00e1llati zsirad\u00e9kokkal.<\/p>\n<h2>Az emuolaj hat\u00e1sa a kutya szervezet\u00e9re: Omega-3, 6 \u00e9s 9<\/h2>\n<p>A Whizzopet emu h\u00fascs\u00edkok nem csup\u00e1n jutalomfalatok, hanem funkcion\u00e1lis kieg\u00e9sz\u00edt\u0151k is. Az emuolaj k\u00fcl\u00f6nlegess\u00e9ge a zs\u00edrsavak t\u00f6k\u00e9letes egyens\u00faly\u00e1ban rejlik:<\/p>\n<p>\u2022 Omega-6 (Linolsav): megjav\u00edtja a sz\u00e1raz b\u0151rt. Ez a zs\u00edrsav felel\u0151s a b\u0151r \u201eszigetel\u00e9s\u00e9\u00e9rt\u201d. Seg\u00edt meg\u00e1ll\u00edtani a v\u00edztartalom elveszt\u00e9s\u00e9t, \u00edgy megsz\u00fcnteti a b\u0151rsz\u00e1razs\u00e1got \u00e9s selymesen f\u00e9nyes sz\u0151rzetet biztos\u00edt.<\/p>\n<p>\u2022 Omega-3 (Linol\u00e9nsav): megnyugtatja az irrit\u00e1ci\u00f3t. Term\u00e9szetes m\u00f3don t\u00e1mogatja a szervezetet a gyullad\u00e1sos folyamatok (p\u00e9ld\u00e1ul pirosod\u00f3, \u00e9rz\u00e9keny b\u0151r) kezel\u00e9s\u00e9ben, \u00e9s alapvet\u0151 az idegrendszer eg\u00e9szs\u00e9g\u00e9hez.<\/p>\n<p>\u2022 Omega-9 (Olajsav): seg\u00edti a t\u00f6bbi zs\u00edrsav hat\u00e9kony felsz\u00edv\u00f3d\u00e1s\u00e1t \u00e9s t\u00e1mogatja a kering\u00e9si rendszert.<\/p>\n<h2>Hipallerg\u00e9n megold\u00e1s elimin\u00e1ci\u00f3s di\u00e9t\u00e1hoz: Stop a mancsr\u00e1g\u00e1snak!<\/h2>\n<p>Az \u00e9telallergia leggyakoribb kiv\u00e1lt\u00f3i a kuty\u00e1kn\u00e1l a csirke-, marha- \u00e9s tejfeh\u00e9rj\u00e9k. Mivel az emu egy ritka feh\u00e9rjeforr\u00e1s (novel protein), a kuty\u00e1k szervezete jellemz\u0151en nem alak\u00edtott ki ellene ellenanyagokat.<\/p>\n<p>A Whizzopet emu h\u00fascs\u00edk ez\u00e9rt t\u00f6k\u00e9letes v\u00e1laszt\u00e1s elimin\u00e1ci\u00f3s di\u00e9t\u00e1hoz. Ha kuty\u00e1d folyamatosan r\u00e1gja a mancs\u00e1t, vakar\u00f3zik, vagy \u00e9rz\u00e9keny gyomra miatt em\u00e9szt\u00e9si panaszai vannak, az emu egy biztons\u00e1gos \u201emened\u00e9k-feh\u00e9rje\u201d. Mivel term\u00e9k\u00fcnk 100% tiszta h\u00fas, nem kell tartanod a keresztszennyez\u0151d\u00e9sekt\u0151l vagy rejtett allerg\u00e9nekt\u0151l.<\/p>\n<h2>Magas vaskoncentr\u00e1ci\u00f3 a vitalit\u00e1s\u00e9rt<\/h2>\n<p>Az emuh\u00fas s\u00f6t\u00e9tv\u00f6r\u00f6s sz\u00edn\u00e9t a kiemelked\u0151en magas mioglobintartalom adja. Ez a vastartalm\u00fa feh\u00e9rje felel\u0151s az oxig\u00e9n sz\u00e1ll\u00edt\u00e1s\u00e1\u00e9rt az izmokban. Egy sportkutya, egy vemhes szuka vagy egy betegs\u00e9gb\u0151l l\u00e1badoz\u00f3 kutya sz\u00e1m\u00e1ra a Whizzopet emu h\u00fascs\u00edk egy term\u00e9szetes energiaforr\u00e1s. A h\u00fasban l\u00e9v\u0151 vas szerves k\u00f6t\u00e9sben (hem-vas) van jelen, ami azt jelenti, hogy a kutya szervezete sokkal hat\u00e9konyabban hasznos\u00edtja, mint a szervetlen kieg\u00e9sz\u00edt\u0151ket.<\/p>\n<h2>Kinek aj\u00e1nljuk az emu h\u00fascs\u00edkot?<\/h2>\n<p>1. V\u00e1logat\u00f3s kuty\u00e1knak: az intenz\u00edv, vadh\u00fasra eml\u00e9keztet\u0151 \u00edznek a legfinny\u00e1sabb kuty\u00e1k sem tudnak ellen\u00e1llni.<\/p>\n<p>2. Allergi\u00e1s kedvenceknek: irrit\u00e1ci\u00f3mentes, tiszta feh\u00e9rjeforr\u00e1s.<\/p>\n<p>3. Di\u00e9t\u00e1z\u00f3 kedvenceknek: alacsony nyerszs\u00edr-tartalma miatt s\u00falykontroll eset\u00e9n is adhat\u00f3.<\/p>\n<p>4. Tr\u00e9ninghez: k\u00f6nnyen adagolhat\u00f3, magas motiv\u00e1ci\u00f3s \u00e9rt\u00e9k\u0171 jutalomfalat.<\/p>\n<h2>Analitikai \u00f6sszet\u00e9tel \u00e9s etet\u00e9si \u00fatmutat\u00f3<\/h2>\n<p>Szak\u00e9rt\u0151k\u00e9nt valljuk, hogy a kevesebb t\u00f6bb. A Whizzopet term\u00e9keiben nincs helye a \u201et\u00f6ltel\u00e9knek\u201d, sz\u00f3j\u00e1nak vagy gabon\u00e1nak.<\/p>\n<p>\u2022 Nyersfeh\u00e9rje (78%): koncentr\u00e1lt feh\u00e9rje az izomzat \u00e9p\u00edt\u00e9s\u00e9hez \u00e9s fenntart\u00e1s\u00e1hoz.<\/p>\n<p>\u2022 Nyerszs\u00edr (8%): az emu saj\u00e1t, Omega-zs\u00edrsavakban gazdag olajaib\u00f3l.<\/p>\n<p>\u2022 Nyershamu (4,5%): a h\u00fasban l\u00e9v\u0151 term\u00e9szetes \u00e1sv\u00e1nyi anyagok.<\/p>\n<p>\u2022\u00a0Nedvess\u00e9g: max. 8%\u00a0(Extra alacsony nedvess\u00e9gtartalom a stabilit\u00e1s\u00e9rt).<\/p>\n<p>\u00d6sszetev\u0151k:\u00a0100% sz\u00e1r\u00edtott emuh\u00fas.<\/p>\n<p>Etet\u00e9si tan\u00e1cs:\u00a0Javasoljuk, hogy napi jutalomfalatk\u00e9nt adagold a kutya m\u00e9ret\u00e9t\u0151l f\u00fcgg\u0151en. Egy 10 kg-os kutya sz\u00e1m\u00e1ra napi 1-2 h\u00fascs\u00edk ide\u00e1lis kieg\u00e9sz\u00edt\u00e9s. Friss iv\u00f3vizet mindig biztos\u00edts kedvencednek!<\/p>\n<p><span style=\"color: #008000;\"><strong>Whizzopet \u2013 Mert a tudatos gazdik tudj\u00e1k: a term\u00e9szetes csillog\u00e1s a val\u00f3di eg\u00e9szs\u00e9g jele.\u00a0<\/strong><\/span><\/p>\n<p>Gyanakszol, hogy kuty\u00e1d allergi\u00e1s? Ismerd meg a leggyakoribb jeleket \u00e9s a megold\u00e1si lehet\u0151s\u00e9geket szak\u00e9rt\u0151i cikk\u00fcnkb\u0151l:<a href=\"https:\/\/whizzopet.hu\/sk\/kutya-allergia-tunetei\/?wmc-currency=EUR\"> Kutya allergia t\u00fcnetei, okok \u00e9s term\u00e9szetes megold\u00e1sok\u00a0<\/a><\/p>\n<p>Kuty\u00e1d im\u00e1dja a k\u00fcl\u00f6nlegess\u00e9geket? Fedezd fel a Whizzopet <a href=\"https:\/\/whizzopet.hu\/sk\/kategoria-produktu\/navnada-na-odmenu-pre-psov\/?wmc-currency=EUR\">Jutalomfalat<\/a> k\u00edn\u00e1lat\u00e1t!<\/p>","protected":false},"excerpt":{"rendered":"<p>Whizzopet pr\u00e9mium 100% emu h\u00fascs\u00edk: magas feh\u00e9rje, term\u00e9szetes vas \u00e9s Omega-zs\u00edrsavak egyetlen adal\u00e9kmentes jutalomfalatban.<\/p>\n<p>Kiszerel\u00e9s: 100g<\/p>","protected":false},"featured_media":22306,"comment_status":"open","ping_status":"closed","template":"","meta":{"inline_featured_image":false},"product_brand":[],"product_cat":[42,37,79],"product_tag":[],"class_list":{"0":"post-22305","1":"product","2":"type-product","3":"status-publish","4":"has-post-thumbnail","6":"product_cat-hipoallergen-jutalomfalat","7":"product_cat-jutalomfalatok","8":"product_cat-strucc-jutalomfalat-kutyanak","9":"infinite-scroll-item","10":"sales-flash-overlay","11":"woocommerce-text-align-center","12":"woocommerce-image-align-center","13":"do-quantity-buttons","15":"first","16":"instock","17":"taxable","18":"shipping-taxable","19":"purchasable","20":"product-type-simple"},"_links":{"self":[{"href":"https:\/\/whizzopet.hu\/sk\/wp-json\/wp\/v2\/product\/22305","targetHints":{"allow":["GET"]}}],"collection":[{"href":"https:\/\/whizzopet.hu\/sk\/wp-json\/wp\/v2\/product"}],"about":[{"href":"https:\/\/whizzopet.hu\/sk\/wp-json\/wp\/v2\/types\/product"}],"replies":[{"embeddable":true,"href":"https:\/\/whizzopet.hu\/sk\/wp-json\/wp\/v2\/comments?post=22305"}],"wp:featuredmedia":[{"embeddable":true,"href":"https:\/\/whizzopet.hu\/sk\/wp-json\/wp\/v2\/media\/22306"}],"wp:attachment":[{"href":"https:\/\/whizzopet.hu\/sk\/wp-json\/wp\/v2\/media?parent=22305"}],"wp:term":[{"taxonomy":"product_brand","embeddable":true,"href":"https:\/\/whizzopet.hu\/sk\/wp-json\/wp\/v2\/product_brand?post=22305"},{"taxonomy":"product_cat","embeddable":true,"href":"https:\/\/whizzopet.hu\/sk\/wp-json\/wp\/v2\/product_cat?post=22305"},{"taxonomy":"product_tag","embeddable":true,"href":"https:\/\/whizzopet.hu\/sk\/wp-json\/wp\/v2\/product_tag?post=22305"}],"curies":[{"name":"wp","href":"https:\/\/api.w.org\/{rel}","templated":true}]}}