{"id":22099,"date":"2026-04-11T12:38:40","date_gmt":"2026-04-11T10:38:40","guid":{"rendered":"https:\/\/whizzopet.hu\/?post_type=product&#038;p=22099"},"modified":"2026-04-11T13:01:43","modified_gmt":"2026-04-11T11:01:43","slug":"strucc-nyelocso","status":"publish","type":"product","link":"https:\/\/whizzopet.hu\/sk\/termek\/strucc-nyelocso\/","title":{"rendered":"Sz\u00e1r\u00edtott strucc nyel\u0151cs\u0151 jutalomfalat kuty\u00e1nak"},"content":{"rendered":"<h2>A strucc nyel\u0151cs\u0151 szerkezete \u2013 mi\u00e9rt teljesen m\u00e1s, mint egy kem\u00e9ny r\u00e1g\u00f3?<\/h2>\n<p>A strucc nyel\u0151cs\u0151 egy term\u00e9szetes k\u00f6t\u0151sz\u00f6vetes fel\u00e9p\u00edt\u00e9s\u0171 jutalomfalat, amely elasztikus rostokb\u00f3l, izomsz\u00f6vetb\u0151l \u00e9s kollag\u00e9nt is tartalmaz\u00f3 strukt\u00far\u00e1b\u00f3l \u00e1ll. Ez a k\u00fcl\u00f6nleges szerkezet adja meg azt a tulajdons\u00e1g\u00e1t, hogy r\u00e1g\u00e1s k\u00f6zben r\u00e9tegesen, rostosan v\u00e1lik sz\u00e9t. A lapos, v\u00e9kony kialak\u00edt\u00e1s \u00e9s a term\u00e9szetes rugalmass\u00e1g egy\u00fctt azt eredm\u00e9nyezi, hogy a kutya k\u00f6nnyen r\u00e1 tud fogni, mik\u00f6zben a jutalomfalat nem t\u00fal kem\u00e9ny, m\u00e9gis dolgoztatja az \u00e1llkapcsot. Ez k\u00fcl\u00f6n\u00f6sen el\u0151ny\u00f6s azokn\u00e1l a kuty\u00e1kn\u00e1l, akik nem szeretik vagy nem b\u00edrj\u00e1k a kem\u00e9ny csontokat.<\/p>\n<p>A nyel\u0151cs\u0151 term\u00e9szetes fel\u00e9p\u00edt\u00e9s\u00e9b\u0151l ad\u00f3d\u00f3an kollag\u00e9nt is tartalmaz, azonban els\u0151dleges el\u0151nye nem a magas kollag\u00e9ntartalom, hanem a k\u00f6nnyen r\u00e1ghat\u00f3, rugalmas szerkezet, amely biztons\u00e1gosabb r\u00e1g\u00e1si \u00e9lm\u00e9nyt biztos\u00edt.<\/p>\n<h2>Hipoallerg\u00e9n jutalomfalat \u2013 amikor sz\u00e1m\u00edt, mit adsz a kuty\u00e1dnak<\/h2>\n<p>A strucc az egyik legjobban toler\u00e1lhat\u00f3 feh\u00e9rjeforr\u00e1s, ez\u00e9rt a sz\u00e1r\u00edtott strucc nyel\u0151cs\u0151 kiv\u00e1l\u00f3 v\u00e1laszt\u00e1s lehet allergi\u00e1s, \u00e9rz\u00e9keny em\u00e9szt\u00e9s\u0171 vagy b\u0151rprobl\u00e9m\u00e1kra hajlamos kuty\u00e1k sz\u00e1m\u00e1ra. Egyfeh\u00e9rj\u00e9s jutalomfalatk\u00e9nt pontosan tudod, mit adsz a kuty\u00e1dnak, nincs benne rejtett \u00f6sszetev\u0151, gabona vagy mesters\u00e9ges adal\u00e9kanyag. Ez k\u00fcl\u00f6n\u00f6sen fontos olyan kuty\u00e1kn\u00e1l, ahol m\u00e1r egy apr\u00f3 \u00e9trendi hiba is viszket\u00e9st, b\u0151rt\u00fcneteket vagy em\u00e9szt\u00e9si probl\u00e9m\u00e1t v\u00e1lthat ki.<\/p>\n<h2>A strucc nyel\u0151cs\u0151 legfontosabb el\u0151nyei<\/h2>\n<p>A r\u00e1g\u00e1s sor\u00e1n a nyel\u0151cs\u0151 rostos szerkezete enyhe mechanikai hat\u00e1st fejt ki a fogakra, \u00edgy hozz\u00e1j\u00e1rulhat a fogak tiszt\u00e1n tart\u00e1s\u00e1hoz \u00e9s a leped\u00e9k cs\u00f6kkent\u00e9s\u00e9hez. Term\u00e9szetes alternat\u00edv\u00e1t jelent a gyorsan old\u00f3d\u00f3, gyakran gabon\u00e1t tartalmaz\u00f3 dental jutalomfalatokkal szemben.<\/p>\n<p>A lapos forma miatt a kutya k\u00f6nnyen meg tudja fogni, nem cs\u00faszik ki a sz\u00e1j\u00e1b\u00f3l, \u00edgy a r\u00e1g\u00e1s kontroll\u00e1ltabb \u00e9s biztons\u00e1gosabb. Egyfeh\u00e9rj\u00e9s \u00f6sszet\u00e9tel\u00e9nek k\u00f6sz\u00f6nhet\u0151en j\u00f3l beilleszthet\u0151 tudatosan fel\u00e9p\u00edtett \u00e9trendbe, legyen sz\u00f3 ak\u00e1r nyersetet\u00e9sr\u0151l, f\u0151z\u00f6tt \u00e9trendr\u0151l vagy min\u0151s\u00e9gi t\u00e1pos etet\u00e9sr\u0151l.<\/p>\n<h2>Milyen kuty\u00e1knak ide\u00e1lis v\u00e1laszt\u00e1s?<\/h2>\n<p>Mindennapi jutalomk\u00e9nt vagy elfoglalts\u00e1gnak, k\u00fcl\u00f6n\u00f6sen:<\/p>\n<p>\u2013 allergi\u00e1s vagy \u00e9rz\u00e9keny kuty\u00e1knak<\/p>\n<p>\u2013 kisebb \u00e9s k\u00f6zepes test\u0171 kuty\u00e1knak<\/p>\n<p>\u2013 v\u00e1logat\u00f3s kuty\u00e1knak, akik nem szeretik a kem\u00e9ny r\u00e1g\u00f3kat<\/p>\n<p>\u2013 olyan kuty\u00e1knak, akikn\u00e9l fontos a k\u00f6nnyen r\u00e1ghat\u00f3, m\u00e9gis \u00e9lm\u00e9nyt ad\u00f3 jutalomfalat<\/p>\n<p>Ez a jutalomfalat egyens\u00falyt teremt a k\u00f6nny\u0171 r\u00e1ghat\u00f3s\u00e1g \u00e9s a term\u00e9szetes r\u00e1g\u00e1si \u00e9lm\u00e9ny k\u00f6z\u00f6tt, \u00edgy a kutya nem csak gyorsan elfogyasztja, hanem val\u00f3ban dolgozik is vele.<\/p>\n<div><span style=\"font-size: inherit;\">Ha a kuty\u00e1d szereti a hasonl\u00f3 \u00e1llag\u00fa, term\u00e9szetes r\u00e1g\u00f3kat, akkor \u00e9rdemes kipr\u00f3b\u00e1lni a <a href=\"https:\/\/whizzopet.hu\/sk\/produkt\/szaritott-strucc-legcso-jutalomfalat-kutyanak\/?wmc-currency=EUR\">sz\u00e1r\u00edtott strucc l\u00e9gcs\u00f6vet<\/a> is, amely hasonl\u00f3an k\u00f6nnyen r\u00e1ghat\u00f3, m\u00e9gis izgalmas text\u00far\u00e1j\u00fa jutalomfalat.<\/span><\/div>\n<div>\n<p>Amennyiben \u00e9rz\u00e9keny vagy allergi\u00e1ra hajlamos kuty\u00e1d van, akkor \u00e9rdemes megn\u00e9zned a <a href=\"https:\/\/whizzopet.hu\/sk\/kategoria-produktu\/navnada-na-odmenu-pre-psov\/susena-kralicia-koza-pre-psov\/?wmc-currency=EUR\">hipoallerg\u00e9n jutalomfalatokat<\/a>, ahol kifejezetten tiszta, egyfeh\u00e9rj\u00e9s \u00e9s j\u00f3l toler\u00e1lhat\u00f3 jutikat tal\u00e1lsz.<\/p>\n<\/div>\n<p>&nbsp;<\/p>\n<p>&nbsp;<\/p>","protected":false},"excerpt":{"rendered":"<p>A strucc nyel\u0151cs\u0151 egy lapos, rugalmas, k\u00f6nnyen r\u00e1ghat\u00f3 jutalomfalat, ami ide\u00e1lis allergi\u00e1s kuty\u00e1k sz\u00e1m\u00e1ra is.<\/p>\n<p>Kiszerel\u00e9s: 100g<\/p>","protected":false},"featured_media":22100,"comment_status":"open","ping_status":"closed","template":"","meta":{"inline_featured_image":false},"product_brand":[],"product_cat":[42,41,37,79],"product_tag":[],"class_list":{"0":"post-22099","1":"product","2":"type-product","3":"status-publish","4":"has-post-thumbnail","6":"product_cat-hipoallergen-jutalomfalat","7":"product_cat-kollagen-kutyaknak","8":"product_cat-jutalomfalatok","9":"product_cat-strucc-jutalomfalat-kutyanak","10":"infinite-scroll-item","11":"sales-flash-overlay","12":"woocommerce-text-align-center","13":"woocommerce-image-align-center","14":"do-quantity-buttons","16":"first","17":"instock","18":"taxable","19":"shipping-taxable","20":"purchasable","21":"product-type-simple"},"_links":{"self":[{"href":"https:\/\/whizzopet.hu\/sk\/wp-json\/wp\/v2\/product\/22099","targetHints":{"allow":["GET"]}}],"collection":[{"href":"https:\/\/whizzopet.hu\/sk\/wp-json\/wp\/v2\/product"}],"about":[{"href":"https:\/\/whizzopet.hu\/sk\/wp-json\/wp\/v2\/types\/product"}],"replies":[{"embeddable":true,"href":"https:\/\/whizzopet.hu\/sk\/wp-json\/wp\/v2\/comments?post=22099"}],"wp:featuredmedia":[{"embeddable":true,"href":"https:\/\/whizzopet.hu\/sk\/wp-json\/wp\/v2\/media\/22100"}],"wp:attachment":[{"href":"https:\/\/whizzopet.hu\/sk\/wp-json\/wp\/v2\/media?parent=22099"}],"wp:term":[{"taxonomy":"product_brand","embeddable":true,"href":"https:\/\/whizzopet.hu\/sk\/wp-json\/wp\/v2\/product_brand?post=22099"},{"taxonomy":"product_cat","embeddable":true,"href":"https:\/\/whizzopet.hu\/sk\/wp-json\/wp\/v2\/product_cat?post=22099"},{"taxonomy":"product_tag","embeddable":true,"href":"https:\/\/whizzopet.hu\/sk\/wp-json\/wp\/v2\/product_tag?post=22099"}],"curies":[{"name":"wp","href":"https:\/\/api.w.org\/{rel}","templated":true}]}}