{"id":21422,"date":"2026-03-30T16:16:25","date_gmt":"2026-03-30T14:16:25","guid":{"rendered":"https:\/\/whizzopet.hu\/?post_type=product&#038;p=21422"},"modified":"2026-05-16T11:51:06","modified_gmt":"2026-05-16T09:51:06","slug":"strucc-husos-borda","status":"publish","type":"product","link":"https:\/\/whizzopet.hu\/sk\/termek\/strucc-husos-borda\/","title":{"rendered":"Sz\u00e1r\u00edtott strucc h\u00fasos borda kuty\u00e1nak"},"content":{"rendered":"<p><span style=\"color: #008000;\"><strong>Fontos: Mivel term\u00e9szetes csontos r\u00e1g\u00f3r\u00f3l van sz\u00f3, minden darab egyedi, \u00e9s r\u00e1g\u00e1s k\u00f6zben a csont t\u00f6rhet. A strucc csontok anat\u00f3miai szerkezete miatt jellemz\u0151en ink\u00e1bb kopnak \u00e9s morzsol\u00f3dnak, de a kutya r\u00e1g\u00e1si erej\u00e9t\u0151l f\u00fcgg\u0151en darabok is lev\u00e1lhatnak. Mindig fel\u00fcgyelet mellett add a kuty\u00e1dnak, \u00e9s ha \u00e9les vagy szokatlan t\u00f6r\u00e9st tapasztalsz, vedd el t\u0151le.<\/strong><\/span><\/p>\n<h2>A strucc h\u00fasos borda, mint egzotikus, extra h\u00fasos r\u00e1g\u00f3\u00e9lm\u00e9ny kuty\u00e1knak<\/h2>\n<p>Gazdik\u00e9nt mindannyian tudjuk: a r\u00e1g\u00e1s nem csak hobbi a kuty\u00e1knak, hanem l\u00e9tsz\u00fcks\u00e9glet. De mi van akkor, ha a kedvenced allergi\u00e1s, \u00e9rz\u00e9keny a gyomra, vagy egyszer\u0171en csak f\u00e9lted \u0151t a szil\u00e1nkosra t\u00f6r\u0151, vesz\u00e9lyes csontokt\u00f3l? Itt j\u00f6n a k\u00e9pbe a struccborda.<\/p>\n<h2>Mi\u00e9rt m\u00e1s a struccborda?<\/h2>\n<p>Sok gazdi teljesen sz\u00e1m\u0171zi a csontot a kutya \u00e9trendj\u00e9b\u0151l, mert f\u00e9lnek a bels\u0151 s\u00e9r\u00fcl\u00e9sekt\u0151l. Ez \u00e9rthet\u0151, hiszen a sert\u00e9s vagy marhacsontok sokszor \u00e9les szil\u00e1nkokra t\u00f6rnek. A strucc azonban egy k\u00fcl\u00f6nleges fut\u00f3mad\u00e1r, \u00e9s a csontszerkezete is egyed\u00fcl\u00e1ll\u00f3.<\/p>\n<p>A titok a por\u00f3zus szerkezetben rejlik: a struccborda bel\u00fcl egy s\u0171r\u0171, szivacsos h\u00e1l\u00f3zathoz hasonl\u00edt. R\u00e1g\u00e1s k\u00f6zben ink\u00e1bb r\u00e9tegr\u0151l r\u00e9tegre kopik el, apr\u00f3 morzsol\u00f3d\u00f3 darabk\u00e1kra v\u00e1lik sz\u00e9t. Ez teszi lehet\u0151v\u00e9 a biztons\u00e1gos r\u00e1g\u00e1s\u00e9lm\u00e9nyt, mik\u00f6zben a kutya \u00f6szt\u00f6nei maxim\u00e1lisan ki vannak el\u00e9g\u00edtve.<\/p>\n<h2>Extra h\u00fasos \u00e9lvezet \u2013 Mert n\u00e1lunk a bord\u00e1n h\u00fas is van!<\/h2>\n<p>N\u00e9zz r\u00e1 a fot\u00f3kra! Ezek a bord\u00e1k vastagon bor\u00edtottak \u00edzletes strucch\u00fassal. A k\u00edm\u00e9letes sz\u00e1r\u00edt\u00e1si elj\u00e1r\u00e1s sor\u00e1n a h\u00fas \u00edze \u00e9s t\u00e1panyaga koncentr\u00e1l\u00f3dik. Ez az\u00e9rt fontos, mert:<\/p>\n<ul>\n<li>A v\u00e1logat\u00f3s kuty\u00e1k is im\u00e1dj\u00e1k: az intenz\u00edv h\u00fasillat azonnal beind\u00edtja a ny\u00e1ltermel\u00e9st.<\/li>\n<li>Kett\u0151 az egyben \u00e9lm\u00e9ny: a kuty\u00e1d el\u0151sz\u00f6r a h\u00fast &#8222;faragja&#8221; le a csontr\u00f3l, majd ut\u00e1na j\u00f6n a hosszan tart\u00f3 r\u00e1g\u00f3z\u00e1s. Ez dupla ideig k\u00f6ti le a figyelm\u00e9t!<\/li>\n<\/ul>\n<h2>R\u00e9teges r\u00e1g\u00e1si \u00e9lm\u00e9ny \u2013 h\u00fas \u00e9s szivacsos csont egyben<\/h2>\n<p>A h\u00fasos borda egyik legnagyobb el\u0151nye a r\u00e9teges r\u00e1g\u00e1si \u00e9lm\u00e9ny. A kutya el\u0151sz\u00f6r a rajta marad\u00f3 sz\u00e1r\u00edtott h\u00fassal tal\u00e1lkozik, amely intenz\u00edv \u00edzt \u00e9s fokozott motiv\u00e1ci\u00f3t biztos\u00edt. Ahogy a h\u00fasr\u00e9teg fokozatosan lev\u00e1lik, el\u0151t\u00e9rbe ker\u00fcl a bordacsont szerkezete.<\/p>\n<p>A bordacsont bels\u0151 r\u00e9sze r\u00e9szben szivacsos, trabekul\u00e1ris fel\u00e9p\u00edt\u00e9s\u0171. Ez a h\u00e1l\u00f3zatos, por\u00f3zus csont\u00e1llom\u00e1ny elt\u00e9r a vastag fal\u00fa hossz\u00facsontokt\u00f3l. A szivacsos szerkezet r\u00e1g\u00e1s k\u00f6zben:<\/p>\n<p>\u2013 v\u00e1ltozatos text\u00far\u00e1t biztos\u00edt<\/p>\n<p>\u2013 t\u00f6bb ir\u00e1nyba oszlatja el a r\u00e1hat\u00f3 er\u0151t<\/p>\n<p>\u2013 fokozatosabban kopik<\/p>\n<p>Ez a kombin\u00e1ci\u00f3 \u2013 h\u00fasr\u00e9teg + szivacsos csont \u2013 term\u00e9szetes, dinamikus r\u00e1g\u00e1si \u00e9lm\u00e9nyt ad, amely hosszabb ideig fenntartja a kutya \u00e9rdekl\u0151d\u00e9s\u00e9t.<\/p>\n<h2>A 100% hipoallerg\u00e9n megold\u00e1s<\/h2>\n<p>Allergi\u00e1s a kuty\u00e1d a csirk\u00e9re vagy a marh\u00e1ra? A strucc egy \u00fagynevezett \u201e\u00fajszer\u0171 feh\u00e9rje\u201d. Ez azt jelenti, hogy a legt\u00f6bb kutya szervezete m\u00e9g sosem tal\u00e1lkozott vele, \u00edgy nem alakult ki ellene allergia.<\/p>\n<p>\u2022 Viszl\u00e1t viszket\u00e9s: nem okoz b\u0151rprobl\u00e9m\u00e1kat vagy f\u00fclgyullad\u00e1st.<\/p>\n<p>\u2022 K\u00f6nny\u0171 em\u00e9szt\u00e9s: m\u00e9g az \u00e9rz\u00e9kenyebb gyomr\u00fa kedvencek is j\u00f3l toler\u00e1lj\u00e1k.<\/p>\n<p>\u2022 Di\u00e9ta bar\u00e1t: a strucch\u00fas h\u00edresen alacsony zs\u00edrtartalm\u00fa \u00e9s koleszterinszeg\u00e9ny, \u00edgy a h\u00edz\u00e1sra hajlamos kutyusoknak is adhat\u00f3.<\/p>\n<p>&nbsp;<\/p>\n<h2>Term\u00e9szetes fogkefe a t\u00e1lban<\/h2>\n<p>Tudtad, hogy a r\u00e1g\u00e1s a legjobb m\u00f3dja a fogk\u0151 megel\u0151z\u00e9s\u00e9nek? Ahogy a kuty\u00e1d a por\u00f3zus bord\u00e1n dolgozik, a csont \u00e9lei \u00e9s a\u00a0 h\u00fasr\u00e9teg mechanikusan led\u00f6rzs\u00f6li a leped\u00e9ket a fogair\u00f3l.<\/p>\n<p>\u2022 Frissebb lehelet: kevesebb bakt\u00e9rium a sz\u00e1jban = kellemesebb kutyapuszi.<\/p>\n<p>\u2022 Er\u0151s \u00edny: a r\u00e1g\u00e1s massz\u00edrozza az \u00ednyt \u00e9s fokozza a v\u00e9rkering\u00e9st.<\/p>\n<p>\u2022 Olcs\u00f3bb \u00e1llatorvos: a rendszeres r\u00e1g\u00f3z\u00e1ssal megel\u0151zheted a dr\u00e1ga \u00e9s altat\u00e1sos fogk\u0151leszed\u00e9seket.<\/p>\n<p>&nbsp;<\/p>\n<h2>Ment\u00e1lis eg\u00e9szs\u00e9g: a boldog kutya titka<\/h2>\n<p>A r\u00e1g\u00e1s sor\u00e1n a kutya agy\u00e1ban boldogs\u00e1ghormonok (endorfin \u00e9s dopamin) szabadulnak fel. Ez nem csak egy jutalomfalat, hanem egy ment\u00e1lis tr\u00e9ning is.<\/p>\n<p>\u2022 Stresszold\u00e1s: seg\u00edt a kuty\u00e1nak megnyugodni.<\/p>\n<p>\u2022 Unalom\u0171z\u0151: ha esik az es\u0151 \u00e9s nincs hossz\u00fa s\u00e9ta, egy h\u00fasos struccborda lefoglalja az energi\u00e1it.<\/p>\n<p>\u2022 Destrukt\u00edv r\u00e1g\u00e1s ellen: ha a kuty\u00e1d a cip\u0151idet r\u00e1gja, adj neki struccbord\u00e1t, ez sokkal finomabb! \ud83d\ude42<\/p>\n<p>&nbsp;<\/p>\n<h2>Mit tartalmaz pontosan?<\/h2>\n<p>Szeretj\u00fck a tisztas\u00e1got, ez\u00e9rt n\u00e1lunk nincs apr\u00f3bet\u0171s r\u00e9sz. Ebben a r\u00e1g\u00f3k\u00e1ban 0% tart\u00f3s\u00edt\u00f3szer, 0% \u00edzfokoz\u00f3 \u00e9s 0% vegyszer van. Csak a tiszta term\u00e9szet, 100% strucch\u00fas \u00e9s bordacsont.<\/p>\n<p>\u2022 Nyersfeh\u00e9rje: 74,5% (Szuper magas, a h\u00fasos r\u00e9szek miatt)<\/p>\n<p>\u2022 Nyerszs\u00edr: 9,% (Alacsony, di\u00e9t\u00e1z\u00f3knak is szuper)<\/p>\n<p>\u2022 Nyershamu: 10% (Ez a term\u00e9szetes kalcium \u00e9s foszfor, ami az er\u0151s csontokhoz kell)<\/p>\n<p>&nbsp;<\/p>\n<h2>Gazdi tippek a haszn\u00e1lathoz<\/h2>\n<p>Mivel mi is kuty\u00e1sok vagyunk, adunk p\u00e1r tan\u00e1csot:<\/p>\n<p>1. Figyelem: mint minden csontos r\u00e1g\u00f3k\u00e1t, ezt is fel\u00fcgyelet mellett add oda!<\/p>\n<p>2. V\u00edz: a sz\u00e1r\u00edtott jutalomfalatok ut\u00e1n a kuty\u00e1k megszomjaznak, legyen el\u0151tte mindig friss v\u00edz.<\/p>\n<p>3. Kinek aj\u00e1nljuk? M\u00e9rete \u00e9s kem\u00e9nys\u00e9ge miatt els\u0151sorban k\u00f6zepes \u00e9s nagytest\u0171 kuty\u00e1knak, de habzsol\u00f3, er\u0151s harap\u00e1s\u00fa kuty\u00e1n\u00e1l k\u00fcl\u00f6n\u00f6sen fontos az odafigyel\u00e9s. Az ide\u00e1lis haszn\u00e1lat az, amikor a kutya nem sz\u00e9troppantani akarja, hanem dolgozik rajta, lefejti a h\u00fasos r\u00e9szeket \u00e9s fokozatosan halad vele.<\/p>\n<p>Ha nagyobb, robusztusabb alternat\u00edv\u00e1t keresel, \u00e9rdemes megn\u00e9zned a <a href=\"https:\/\/whizzopet.hu\/sk\/produkt\/strucc-combcsont\/?wmc-currency=EUR\">strucc combcsontot<\/a> is, amely szint\u00e9n szivacsos szerkezet\u0171, de nagyobb m\u00e9retkateg\u00f3ri\u00e1ban.<\/p>\n<div>\n<p>Ha ink\u00e1bb t\u00f6m\u00f6rebb hossz\u00facsontot keresel, a <a href=\"https:\/\/whizzopet.hu\/sk\/produkt\/strucc-szarnycsont\/?wmc-currency=EUR\">sz\u00e1r\u00edtott strucc sz\u00e1rnycsont<\/a> is nagyszer\u0171 v\u00e1laszt\u00e1s, amely elt\u00e9r\u0151 szerkezeti \u00e9lm\u00e9nyt biztos\u00edt.<\/p>\n<\/div>\n<p>&nbsp;<\/p>\n<div>\n<div><\/div>\n<\/div>\n<div><\/div>\n<p>&nbsp;<\/p>","protected":false},"excerpt":{"rendered":"<p>Allergi\u00e1s a kuty\u00e1d? A sz\u00e1r\u00edtott strucc h\u00fasos borda biztons\u00e1gos \u00e9s \u00edzletes v\u00e1laszt\u00e1s. A kuty\u00e1k im\u00e1dj\u00e1k az intenz\u00edv \u00edz\u00e9t.<\/p>\n<p>Kiszerel\u00e9s: 100g<\/p>","protected":false},"featured_media":21424,"comment_status":"open","ping_status":"closed","template":"","meta":{"inline_featured_image":false},"product_brand":[],"product_cat":[42,37,79,81],"product_tag":[],"class_list":{"0":"post-21422","1":"product","2":"type-product","3":"status-publish","4":"has-post-thumbnail","6":"product_cat-hipoallergen-jutalomfalat","7":"product_cat-jutalomfalatok","8":"product_cat-strucc-jutalomfalat-kutyanak","9":"product_cat-emu-strucc-ragocsont","10":"infinite-scroll-item","11":"sales-flash-overlay","12":"woocommerce-text-align-center","13":"woocommerce-image-align-center","14":"do-quantity-buttons","16":"first","17":"instock","18":"taxable","19":"shipping-taxable","20":"purchasable","21":"product-type-simple"},"_links":{"self":[{"href":"https:\/\/whizzopet.hu\/sk\/wp-json\/wp\/v2\/product\/21422","targetHints":{"allow":["GET"]}}],"collection":[{"href":"https:\/\/whizzopet.hu\/sk\/wp-json\/wp\/v2\/product"}],"about":[{"href":"https:\/\/whizzopet.hu\/sk\/wp-json\/wp\/v2\/types\/product"}],"replies":[{"embeddable":true,"href":"https:\/\/whizzopet.hu\/sk\/wp-json\/wp\/v2\/comments?post=21422"}],"wp:featuredmedia":[{"embeddable":true,"href":"https:\/\/whizzopet.hu\/sk\/wp-json\/wp\/v2\/media\/21424"}],"wp:attachment":[{"href":"https:\/\/whizzopet.hu\/sk\/wp-json\/wp\/v2\/media?parent=21422"}],"wp:term":[{"taxonomy":"product_brand","embeddable":true,"href":"https:\/\/whizzopet.hu\/sk\/wp-json\/wp\/v2\/product_brand?post=21422"},{"taxonomy":"product_cat","embeddable":true,"href":"https:\/\/whizzopet.hu\/sk\/wp-json\/wp\/v2\/product_cat?post=21422"},{"taxonomy":"product_tag","embeddable":true,"href":"https:\/\/whizzopet.hu\/sk\/wp-json\/wp\/v2\/product_tag?post=21422"}],"curies":[{"name":"wp","href":"https:\/\/api.w.org\/{rel}","templated":true}]}}