{"id":20818,"date":"2026-03-20T19:45:42","date_gmt":"2026-03-20T18:45:42","guid":{"rendered":"https:\/\/whizzopet.hu\/?post_type=product&#038;p=20818"},"modified":"2026-05-09T15:22:25","modified_gmt":"2026-05-09T13:22:25","slug":"strucc-bordacsont","status":"publish","type":"product","link":"https:\/\/whizzopet.hu\/sk\/termek\/strucc-bordacsont\/","title":{"rendered":"Sz\u00e1r\u00edtott strucc bordacsont kuty\u00e1nak"},"content":{"rendered":"<p><span style=\"color: #008000;\"><strong>Fontos: Mivel term\u00e9szetes csontr\u00f3l van sz\u00f3, minden darab egyedi, \u00e9s r\u00e1g\u00e1s k\u00f6zben t\u00f6rhet. A strucccsontok anat\u00f3miai szerkezete miatt jellemz\u0151en ink\u00e1bb kopnak \u00e9s morzsol\u00f3dnak, lemezes \u00e9s rostos fel\u00e9p\u00edt\u00e9s\u00fcknek k\u00f6sz\u00f6nhet\u0151en. Mindig fel\u00fcgyelet mellett add a kuty\u00e1dnak, \u00e9s ha \u00e9les vagy szokatlan t\u00f6r\u00e9st tapasztalsz, vedd el t\u0151le.<\/strong><\/span><\/p>\n<h2>A strucc bordacsont szerkezete<\/h2>\n<p>A bordacsontok anat\u00f3miailag lapos, \u00edvelt csontok, amelyek szerkezete elt\u00e9r a hossz\u00fa, vel\u0151s csontokt\u00f3l. Fel\u00e9p\u00edt\u00e9s\u00fck:<\/p>\n<ul>\n<li>k\u00fcls\u0151, kem\u00e9ny, kompakt csontk\u00e9reg (kortik\u00e1lis r\u00e9teg)<\/li>\n<li>bels\u0151, kev\u00e9sb\u00e9 t\u00f6m\u00f6r, r\u00e9szben szivacsos \u00e1llom\u00e1ny<\/li>\n<\/ul>\n<p>Ez a szerkezet r\u00e1g\u00e1s k\u00f6zben azt eredm\u00e9nyezi, hogy a csont:<\/p>\n<ul>\n<li>nem egyszerre t\u00f6rik el<\/li>\n<li>hanem fokozatosan kopik \u00e9s darabol\u00f3dik<\/li>\n<li>kisebb r\u00e9szekre v\u00e1lhat a r\u00e1g\u00e1s sor\u00e1n<\/li>\n<\/ul>\n<p>Ez term\u00e9szetes viselked\u00e9s minden sz\u00e1r\u00edtott csontn\u00e1l.<\/p>\n<h2>Hipoallerg\u00e9n v\u00e1laszt\u00e1s \u00e9rz\u00e9keny kuty\u00e1knak is<\/h2>\n<p>A strucc egy ritka, j\u00f3l toler\u00e1lhat\u00f3 feh\u00e9rjeforr\u00e1s, ez\u00e9rt a strucc csont ide\u00e1lis lehet:<\/p>\n<p>\u2013 allergi\u00e1ra hajlamos kuty\u00e1knak<\/p>\n<p>\u2013 \u00e9rz\u00e9keny em\u00e9szt\u00e9s eset\u00e9n<\/p>\n<p>\u2013 elimin\u00e1ci\u00f3s di\u00e9t\u00e1ban<\/p>\n<p>\u2013 monoproteines \u00e9trend mellett<\/p>\n<p>Ha tov\u00e1bbi term\u00e9szetes \u00e9s biztons\u00e1gos r\u00e1g\u00e1si alternat\u00edv\u00e1kat keresel, \u00e9rdemes megn\u00e9zned a <a href=\"https:\/\/whizzopet.hu\/sk\/kategoria-produktu\/navnada-na-odmenu-pre-psov\/emu-strucc-ragocsont\/?wmc-currency=EUR\">Term\u00e9szetes strucc \u00e9s emu r\u00e1g\u00f3csontokat<\/a>, illetve ha kisebb jutalmaz\u00e1sra vagy tr\u00e9ninghez keresel jutalomfalatokat, akkor a <a href=\"https:\/\/whizzopet.hu\/sk\/kategoria-produktu\/navnada-na-odmenu-pre-psov\/?wmc-currency=EUR\">jutalomfalat<\/a> k\u00edn\u00e1latunkat is.<\/p>\n<h2><\/h2>\n<p>&nbsp;<\/p>\n<div>\n<p>&nbsp;<\/p>\n<\/div>\n<div><\/div>\n<p>&nbsp;<\/p>","protected":false},"excerpt":{"rendered":"<p>A Whizzopet sz\u00e1r\u00edtott struccborda 100% term\u00e9szetes r\u00e1g\u00f3csont kuty\u00e1knak. R\u00e1g\u00e1s k\u00f6zben mechanikusan tiszt\u00edtja a fogfelsz\u00ednt, seg\u00edtve a fogk\u0151 elleni v\u00e9dekez\u00e9st.<\/p>\n<p>Kiszerel\u00e9s: 500g<\/p>","protected":false},"featured_media":23389,"comment_status":"open","ping_status":"closed","template":"","meta":{"inline_featured_image":false},"product_brand":[],"product_cat":[42,37,79,81],"product_tag":[],"class_list":{"0":"post-20818","1":"product","2":"type-product","3":"status-publish","4":"has-post-thumbnail","6":"product_cat-hipoallergen-jutalomfalat","7":"product_cat-jutalomfalatok","8":"product_cat-strucc-jutalomfalat-kutyanak","9":"product_cat-emu-strucc-ragocsont","10":"infinite-scroll-item","11":"sales-flash-overlay","12":"woocommerce-text-align-center","13":"woocommerce-image-align-center","14":"do-quantity-buttons","16":"first","17":"instock","18":"taxable","19":"shipping-taxable","20":"purchasable","21":"product-type-simple"},"_links":{"self":[{"href":"https:\/\/whizzopet.hu\/sk\/wp-json\/wp\/v2\/product\/20818","targetHints":{"allow":["GET"]}}],"collection":[{"href":"https:\/\/whizzopet.hu\/sk\/wp-json\/wp\/v2\/product"}],"about":[{"href":"https:\/\/whizzopet.hu\/sk\/wp-json\/wp\/v2\/types\/product"}],"replies":[{"embeddable":true,"href":"https:\/\/whizzopet.hu\/sk\/wp-json\/wp\/v2\/comments?post=20818"}],"wp:featuredmedia":[{"embeddable":true,"href":"https:\/\/whizzopet.hu\/sk\/wp-json\/wp\/v2\/media\/23389"}],"wp:attachment":[{"href":"https:\/\/whizzopet.hu\/sk\/wp-json\/wp\/v2\/media?parent=20818"}],"wp:term":[{"taxonomy":"product_brand","embeddable":true,"href":"https:\/\/whizzopet.hu\/sk\/wp-json\/wp\/v2\/product_brand?post=20818"},{"taxonomy":"product_cat","embeddable":true,"href":"https:\/\/whizzopet.hu\/sk\/wp-json\/wp\/v2\/product_cat?post=20818"},{"taxonomy":"product_tag","embeddable":true,"href":"https:\/\/whizzopet.hu\/sk\/wp-json\/wp\/v2\/product_tag?post=20818"}],"curies":[{"name":"wp","href":"https:\/\/api.w.org\/{rel}","templated":true}]}}