{"id":20640,"date":"2026-03-17T17:20:18","date_gmt":"2026-03-17T16:20:18","guid":{"rendered":"https:\/\/whizzopet.hu\/?post_type=product&#038;p=20640"},"modified":"2026-04-14T11:23:16","modified_gmt":"2026-04-14T09:23:16","slug":"strucc-medencecsont","status":"publish","type":"product","link":"https:\/\/whizzopet.hu\/sk\/termek\/strucc-medencecsont\/","title":{"rendered":"Sz\u00e1r\u00edtott strucc medencecsont kuty\u00e1nak"},"content":{"rendered":"<p><span style=\"color: #008000;\"><strong>Fontos: Mivel term\u00e9szetes csontr\u00f3l van sz\u00f3, minden darab egyedi, \u00e9s r\u00e1g\u00e1s k\u00f6zben t\u00f6rhet. A strucccsontok anat\u00f3miai szerkezete miatt jellemz\u0151en ink\u00e1bb kopnak \u00e9s morzsol\u00f3dnak, lemezes \u00e9s rostos fel\u00e9p\u00edt\u00e9s\u00fcknek k\u00f6sz\u00f6nhet\u0151en. Mindig fel\u00fcgyelet mellett add a kuty\u00e1dnak, \u00e9s ha \u00e9les vagy szokatlan t\u00f6r\u00e9st tapasztalsz, vedd el t\u0151le.<\/strong><\/span><\/p>\n<h2>Term\u00e9szetes, extra m\u00e9ret\u0171 r\u00e1g\u00f3\u00e9lm\u00e9ny<\/h2>\n<p>A sz\u00e1r\u00edtott strucc medencecsont egy igaz\u00e1n k\u00fcl\u00f6nleges, pr\u00e9mium kateg\u00f3ri\u00e1s r\u00e1g\u00f3, amely nemcsak m\u00e9ret\u00e9ben, hanem szerkezet\u00e9ben is teljesen elt\u00e9r a hagyom\u00e1nyos marha- vagy sert\u00e9scsontokt\u00f3l. A 45\u201350 cm hossz\u00fa strucc csont hosszan tart\u00f3 elfoglalts\u00e1got jelent a kuty\u00e1k sz\u00e1m\u00e1ra.<\/p>\n<h2>Mi\u00e9rt m\u00e1s a strucc medencecsont?<\/h2>\n<p>A strucc medencecsont bels\u0151 szerkezete nem t\u00f6m\u00f6r, hanem \u00fagynevezett trabekul\u00e1ris (szivacsos) csontszerkezet, amelynek k\u00f6sz\u00f6nhet\u0151en:<\/p>\n<p>\u2013 r\u00e1g\u00e1s k\u00f6zben nem \u00e9les szil\u00e1nkokra t\u00f6rik,<\/p>\n<p>\u2013 hanem fokozatosan morzsol\u00f3dik \u00e9s kopik,<\/p>\n<p>\u2013 \u00edgy term\u00e9szetesebb \u00e9s kontroll\u00e1ltabb r\u00e1g\u00e1si \u00e9lm\u00e9nyt biztos\u00edt.<\/p>\n<p>Ez a tulajdons\u00e1g k\u00fcl\u00f6n\u00f6sen fontos azoknak a gazdiknak, akik biztons\u00e1gos r\u00e1g\u00f3csontot keresnek kuty\u00e1juknak, kompromisszumok n\u00e9lk\u00fcl.<\/p>\n<h2>Hipoallerg\u00e9n v\u00e1laszt\u00e1s \u00e9rz\u00e9keny kuty\u00e1knak is<\/h2>\n<p>A strucc egy ritka, j\u00f3l toler\u00e1lhat\u00f3 feh\u00e9rjeforr\u00e1s, ez\u00e9rt a strucc csont ide\u00e1lis lehet:<\/p>\n<p>\u2013 allergi\u00e1ra hajlamos kuty\u00e1knak<\/p>\n<p>\u2013 \u00e9rz\u00e9keny em\u00e9szt\u00e9s eset\u00e9n<\/p>\n<p>\u2013 elimin\u00e1ci\u00f3s di\u00e9t\u00e1ban<\/p>\n<p>\u2013 monoproteines \u00e9trend mellett<\/p>\n<p>Ha tov\u00e1bbi term\u00e9szetes \u00e9s biztons\u00e1gos r\u00e1g\u00e1si alternat\u00edv\u00e1kat keresel, \u00e9rdemes megn\u00e9zned a <a href=\"https:\/\/whizzopet.hu\/sk\/kategoria-produktu\/navnada-na-odmenu-pre-psov\/emu-strucc-ragocsont\/?wmc-currency=EUR\">Term\u00e9szetes strucc \u00e9s emu r\u00e1g\u00f3csontokat<\/a>, illetve ha kisebb jutalmaz\u00e1sra vagy tr\u00e9ninghez keresel jutalomfalatokat, akkor a <a href=\"https:\/\/whizzopet.hu\/sk\/kategoria-produktu\/navnada-na-odmenu-pre-psov\/?wmc-currency=EUR\">jutalomfalat<\/a> k\u00edn\u00e1latunkat is.<\/p>\n<h2><\/h2>\n<p>&nbsp;<\/p>\n<div>\n<p>&nbsp;<\/p>\n<\/div>\n<div><\/div>\n<p>&nbsp;<\/p>","protected":false},"excerpt":{"rendered":"<p>A sz\u00e1r\u00edtott strucc medencecsont kuty\u00e1knak egy szivacsos, m\u00e9hsejtszer\u0171 csontszerkezettel rendelkez\u0151 hipoallerg\u00e9n r\u00e1g\u00f3csont.<\/p>\n<p>Kiszerel\u00e9s: 1db<\/p>","protected":false},"featured_media":20641,"comment_status":"open","ping_status":"closed","template":"","meta":{"inline_featured_image":false},"product_brand":[],"product_cat":[42,37,79,81],"product_tag":[],"class_list":{"0":"post-20640","1":"product","2":"type-product","3":"status-publish","4":"has-post-thumbnail","6":"product_cat-hipoallergen-jutalomfalat","7":"product_cat-jutalomfalatok","8":"product_cat-strucc-jutalomfalat-kutyanak","9":"product_cat-emu-strucc-ragocsont","10":"infinite-scroll-item","11":"sales-flash-overlay","12":"woocommerce-text-align-center","13":"woocommerce-image-align-center","14":"do-quantity-buttons","16":"first","17":"instock","18":"taxable","19":"shipping-taxable","20":"purchasable","21":"product-type-simple"},"_links":{"self":[{"href":"https:\/\/whizzopet.hu\/sk\/wp-json\/wp\/v2\/product\/20640","targetHints":{"allow":["GET"]}}],"collection":[{"href":"https:\/\/whizzopet.hu\/sk\/wp-json\/wp\/v2\/product"}],"about":[{"href":"https:\/\/whizzopet.hu\/sk\/wp-json\/wp\/v2\/types\/product"}],"replies":[{"embeddable":true,"href":"https:\/\/whizzopet.hu\/sk\/wp-json\/wp\/v2\/comments?post=20640"}],"wp:featuredmedia":[{"embeddable":true,"href":"https:\/\/whizzopet.hu\/sk\/wp-json\/wp\/v2\/media\/20641"}],"wp:attachment":[{"href":"https:\/\/whizzopet.hu\/sk\/wp-json\/wp\/v2\/media?parent=20640"}],"wp:term":[{"taxonomy":"product_brand","embeddable":true,"href":"https:\/\/whizzopet.hu\/sk\/wp-json\/wp\/v2\/product_brand?post=20640"},{"taxonomy":"product_cat","embeddable":true,"href":"https:\/\/whizzopet.hu\/sk\/wp-json\/wp\/v2\/product_cat?post=20640"},{"taxonomy":"product_tag","embeddable":true,"href":"https:\/\/whizzopet.hu\/sk\/wp-json\/wp\/v2\/product_tag?post=20640"}],"curies":[{"name":"wp","href":"https:\/\/api.w.org\/{rel}","templated":true}]}}