{"id":19795,"date":"2026-03-01T18:33:18","date_gmt":"2026-03-01T17:33:18","guid":{"rendered":"https:\/\/whizzopet.hu\/?post_type=product&#038;p=19795"},"modified":"2026-05-09T15:14:46","modified_gmt":"2026-05-09T13:14:46","slug":"emu-medencecsont","status":"publish","type":"product","link":"https:\/\/whizzopet.hu\/sk\/termek\/emu-medencecsont\/","title":{"rendered":"Sz\u00e1r\u00edtott emu medencecsont kuty\u00e1nak"},"content":{"rendered":"<p><span style=\"color: #008000;\"><strong>Fontos: Mivel term\u00e9szetes csontr\u00f3l van sz\u00f3, minden darab egyedi, \u00e9s r\u00e1g\u00e1s k\u00f6zben t\u00f6rhet. Az emucsontok anat\u00f3miai szerkezete miatt jellemz\u0151en ink\u00e1bb kopnak \u00e9s morzsol\u00f3dnak, lemezes \u00e9s rostos fel\u00e9p\u00edt\u00e9s\u00fcknek k\u00f6sz\u00f6nhet\u0151en. Mindig fel\u00fcgyelet mellett add a kuty\u00e1dnak, \u00e9s ha \u00e9les vagy szokatlan t\u00f6r\u00e9st tapasztalsz, vedd el t\u0151le.<\/strong><\/span><\/p>\n<h2>Term\u00e9szetes r\u00e1g\u00f3csont kompakt m\u00e9retben<\/h2>\n<p>A sz\u00e1r\u00edtott emu medencecsont ugyanazt a term\u00e9szetes r\u00e1g\u00e1si \u00e9lm\u00e9nyt adja, mint a strucc \u2013 csak kisebb, kezelhet\u0151bb form\u00e1ban. A kb. 35\u201340 cm hossz\u00fa emu csont ide\u00e1lis v\u00e1laszt\u00e1s azoknak a kuty\u00e1knak, akik m\u00e1r er\u0151s r\u00e1g\u00f3k, de nem ig\u00e9nyelnek extr\u00e9m m\u00e9ret\u0171 csontot.<\/p>\n<h2>Ugyanaz a szerkezet \u00e9s m\u0171k\u00f6d\u00e9s, mint a strucc<\/h2>\n<p>Az emu medencecsont bels\u0151 fel\u00e9p\u00edt\u00e9se:<\/p>\n<p>\u2013 nem t\u00f6m\u00f6r, hanem szivacsos (trabekul\u00e1ris) szerkezet\u0171,<\/p>\n<p>\u2013 r\u00e1g\u00e1s k\u00f6zben nem klasszikusan szil\u00e1nkosodik,<\/p>\n<p>\u2013 hanem fokozatosan morzsol\u00f3dik \u00e9s kopik,<\/p>\n<p>\u2013 \u00edgy term\u00e9szetesebb, \u00f6szt\u00f6n\u00f6sebb r\u00e1g\u00e1si \u00e9lm\u00e9nyt biztos\u00edt.<\/p>\n<div>\n<h2>Mi az a \u201evill\u00e1s csont\u201d az emu medencecsonton?<\/h2>\n<\/div>\n<p>A medencecsont v\u00e9g\u00e9n l\u00e1that\u00f3 k\u00e9t \u201e\u00e1gra\u201d sz\u00e9tv\u00e1l\u00f3 r\u00e9sz anat\u00f3miailag a szem\u00e9remcsont \u00e9s az \u00fcl\u0151csont ny\u00falv\u00e1nyai. Madarakn\u00e1l \u2013 \u00edgy az emun\u00e1l is \u2013 a medence szerkezete jelent\u0151sen elt\u00e9r az eml\u0151s\u00f6kt\u0151l:<\/p>\n<p>\u2013 a csontok nem z\u00e1r\u00f3dnak teljesen \u00f6ssze alul,<\/p>\n<p>\u2013 hanem nyitott, vill\u00e1s szerkezetet alkotnak,<\/p>\n<p>\u2013 ez a fel\u00e9p\u00edt\u00e9s seg\u00edti a test k\u00f6nny\u00edt\u00e9s\u00e9t \u00e9s a mozg\u00e1s hat\u00e9konys\u00e1g\u00e1t.<\/p>\n<p>Ha tov\u00e1bbi term\u00e9szetes r\u00e1g\u00e1si alternat\u00edv\u00e1kat keresel, n\u00e9zd meg a <a href=\"https:\/\/whizzopet.hu\/sk\/kategoria-produktu\/navnada-na-odmenu-pre-psov\/emu-strucc-ragocsont\/?wmc-currency=EUR\">term\u00e9szetes r\u00e1g\u00f3csontokat<\/a>, illetve ha kisebb jutalmaz\u00e1sra vagy tr\u00e9ninghez keresel falatokat, akkor a<a href=\"https:\/\/whizzopet.hu\/sk\/kategoria-produktu\/navnada-na-odmenu-pre-psov\/?wmc-currency=EUR\"> jutalomfalat<\/a> k\u00edn\u00e1latunkat is.<\/p>","protected":false},"excerpt":{"rendered":"<p>A sz\u00e1r\u00edtott emu medencecsont kuty\u00e1knak szivacsos, m\u00e9hsejtszer\u0171 csontszerkezettel. Ritka fut\u00f3mad\u00e1r alapanyag, term\u00e9szetes r\u00e1g\u00e1si \u00e9lm\u00e9nyhez.<\/p>\n<p>Kiszerel\u00e9s: 1db<\/p>","protected":false},"featured_media":20643,"comment_status":"open","ping_status":"closed","template":"","meta":{"inline_featured_image":false},"product_brand":[],"product_cat":[42,37,79,81],"product_tag":[],"class_list":{"0":"post-19795","1":"product","2":"type-product","3":"status-publish","4":"has-post-thumbnail","6":"product_cat-hipoallergen-jutalomfalat","7":"product_cat-jutalomfalatok","8":"product_cat-strucc-jutalomfalat-kutyanak","9":"product_cat-emu-strucc-ragocsont","10":"infinite-scroll-item","11":"sales-flash-overlay","12":"woocommerce-text-align-center","13":"woocommerce-image-align-center","14":"do-quantity-buttons","16":"first","17":"instock","18":"taxable","19":"shipping-taxable","20":"purchasable","21":"product-type-simple"},"_links":{"self":[{"href":"https:\/\/whizzopet.hu\/sk\/wp-json\/wp\/v2\/product\/19795","targetHints":{"allow":["GET"]}}],"collection":[{"href":"https:\/\/whizzopet.hu\/sk\/wp-json\/wp\/v2\/product"}],"about":[{"href":"https:\/\/whizzopet.hu\/sk\/wp-json\/wp\/v2\/types\/product"}],"replies":[{"embeddable":true,"href":"https:\/\/whizzopet.hu\/sk\/wp-json\/wp\/v2\/comments?post=19795"}],"wp:featuredmedia":[{"embeddable":true,"href":"https:\/\/whizzopet.hu\/sk\/wp-json\/wp\/v2\/media\/20643"}],"wp:attachment":[{"href":"https:\/\/whizzopet.hu\/sk\/wp-json\/wp\/v2\/media?parent=19795"}],"wp:term":[{"taxonomy":"product_brand","embeddable":true,"href":"https:\/\/whizzopet.hu\/sk\/wp-json\/wp\/v2\/product_brand?post=19795"},{"taxonomy":"product_cat","embeddable":true,"href":"https:\/\/whizzopet.hu\/sk\/wp-json\/wp\/v2\/product_cat?post=19795"},{"taxonomy":"product_tag","embeddable":true,"href":"https:\/\/whizzopet.hu\/sk\/wp-json\/wp\/v2\/product_tag?post=19795"}],"curies":[{"name":"wp","href":"https:\/\/api.w.org\/{rel}","templated":true}]}}