{"id":19779,"date":"2026-03-01T17:09:15","date_gmt":"2026-03-01T16:09:15","guid":{"rendered":"https:\/\/whizzopet.hu\/?post_type=product&#038;p=19779"},"modified":"2026-04-10T18:14:11","modified_gmt":"2026-04-10T16:14:11","slug":"emu-combcsont","status":"publish","type":"product","link":"https:\/\/whizzopet.hu\/sk\/termek\/emu-combcsont\/","title":{"rendered":"Sz\u00e1r\u00edtott emu combcsont kuty\u00e1nak"},"content":{"rendered":"<p><span style=\"color: #008000;\"><strong>Fontos: Mivel term\u00e9szetes csontr\u00f3l van sz\u00f3, minden darab egyedi, \u00e9s r\u00e1g\u00e1s k\u00f6zben t\u00f6rhet. Az emu csontok anat\u00f3miai szerkezete miatt jellemz\u0151en ink\u00e1bb kopnak \u00e9s morzsol\u00f3dnak, de a kutya r\u00e1g\u00e1si erej\u00e9t\u0151l f\u00fcgg\u0151en darabok is lev\u00e1lhatnak. Mindig fel\u00fcgyelet mellett add a kuty\u00e1dnak, \u00e9s ha \u00e9les vagy szokatlan t\u00f6r\u00e9st tapasztalsz, vedd el t\u0151le.<\/strong><\/span><\/p>\n<h2>M\u00e9hsejtszer\u0171 bels\u0151 szerkezet \u2013 term\u00e9szetes, szivacsos csont\u00e9lm\u00e9ny<\/h2>\n<p>A sz\u00e1r\u00edtott emu combcsont kuty\u00e1knak egy massz\u00edv, term\u00e9szetes r\u00e1g\u00f3, amelynek bels\u0151 szerkezete jellegzetesen m\u00e9hsejtszer\u0171, szivacsos fel\u00e9p\u00edt\u00e9s\u0171. Ez a trabekul\u00e1ris (szivacsos) csont\u00e1llom\u00e1ny adja a combcsont k\u00fcl\u00f6nleges karakter\u00e9t: nem \u00fcreges hossz\u00facsont, hanem h\u00e1l\u00f3zatos, por\u00f3zus bels\u0151 strukt\u00far\u00e1val rendelkez\u0151 csont.<\/p>\n<p>A t\u00f6m\u00f6r k\u00fcls\u0151 csontfal \u00e9s a bels\u0151 trabekul\u00e1ris h\u00e1l\u00f3 teszi lehet\u0151v\u00e9, hogy a csont nagy terhel\u00e9snek is ellen\u00e1lljon, mik\u00f6zben a r\u00e1g\u00e1s sor\u00e1n a felsz\u00edni r\u00e9tegek gyakran fokozatosan kopnak vagy kisebb darabokban lev\u00e1lnak.<\/p>\n<p>Fontos azonban:\u00a0minden term\u00e9szetes csont viselked\u00e9se a r\u00e1 hat\u00f3 mechanikai terhel\u00e9st\u0151l \u00e9s a kutya r\u00e1g\u00e1si erej\u00e9t\u0151l f\u00fcgg. Nagyon er\u0151s r\u00e1g\u00f3 kuty\u00e1k a csontb\u00f3l darabokat t\u00f6rhetnek le vagy ak\u00e1r sz\u00e9t is roppanthatj\u00e1k, ez\u00e9rt minden csontot\u00a0fel\u00fcgyelet mellett aj\u00e1nlott adni a kuty\u00e1nak.<\/p>\n<h2>Ritka fut\u00f3mad\u00e1r alapanyag \u2013 nem baromfi<\/h2>\n<p>Az emu Ausztr\u00e1li\u00e1ban \u0151shonos fut\u00f3mad\u00e1r, amely a strucchoz hasonl\u00f3an a ratit\u00e1k (fut\u00f3madarak) k\u00f6z\u00e9 tartozik. B\u00e1r sz\u00e1rnya van, nem rep\u00fcl, \u00e9s nem sorolhat\u00f3 a hagyom\u00e1nyos baromfik k\u00f6z\u00e9. Nem csirke, nem pulyka \u2013 anat\u00f3miailag \u00e9s feh\u00e9rjeprofilj\u00e1ban is elt\u00e9r a klasszikus sz\u00e1rnyasokt\u00f3l.<\/p>\n<p>Az emu alapanyagk\u00e9nt kifejezetten ritk\u00e1nak sz\u00e1m\u00edt. Nem t\u00f6megterm\u00e9k, nem ipari mennyis\u00e9gben el\u00e9rhet\u0151 feh\u00e9rje. Ez a ritkas\u00e1g teszi k\u00fcl\u00f6nlegess\u00e9 a kutyat\u00e1pl\u00e1l\u00e1sban is.<\/p>\n<p>A Whizzopet magyar emut dolgoz fel saj\u00e1t \u00fczem\u00e9ben, k\u00edm\u00e9letes sz\u00e1r\u00edt\u00e1ssal. Hazai feldolgoz\u00e1s, nyomon k\u00f6vethet\u0151 eredet.<\/p>\n<h2>Hasonl\u00f3s\u00e1g a strucc combcsonthoz<\/h2>\n<p>Az emu combcsont szerkezete hasonl\u00f3 a strucc combcsont\u00e9hoz: mindkett\u0151 m\u00e9hsejtszer\u0171, szivacsos bels\u0151 \u00e1llom\u00e1nnyal rendelkezik. Ez a fel\u00e9p\u00edt\u00e9s elt\u00e9r a l\u00e1bsz\u00e1rcsont t\u00f6m\u00f6rebb, vastag fal\u00fa szerkezet\u00e9t\u0151l.<\/p>\n<p>A k\u00fcl\u00f6nbs\u00e9g els\u0151sorban a m\u00e9retben rejlik. A strucc combcsont nagyobb, robusztusabb darab, m\u00edg az emu combcsont kezelhet\u0151bb, kompaktabb alternat\u00edva.<\/p>\n<p>Ez kiv\u00e1l\u00f3 v\u00e1laszt\u00e1s lehet azoknak a kuty\u00e1knak, akik sz\u00e1m\u00e1ra a strucc combcsont t\u00fal nagy vagy t\u00fal neh\u00e9z, de a m\u00e9hsejtszer\u0171, szivacsos bels\u0151 szerkezetet \u00e9s a term\u00e9szetes csont\u00e9lm\u00e9nyt szeretn\u00e9k megtartani.<\/p>\n<h2>Term\u00e9szetes r\u00e1g\u00e1si \u00f6szt\u00f6n \u00e9s ment\u00e1lis stimul\u00e1ci\u00f3<\/h2>\n<p>A combcsont szivacsos bels\u0151 r\u00e9sze v\u00e1ltozatos r\u00e1g\u00e1si fel\u00fcletet biztos\u00edt, ami seg\u00edti a kutya term\u00e9szetes r\u00e1g\u00e1si \u00f6szt\u00f6n\u00e9nek kiel\u00e9g\u00edt\u00e9s\u00e9t.<\/p>\n<p>A tart\u00f3s r\u00e1g\u00e1s:<\/p>\n<p>\u2013 ment\u00e1lis lefoglalts\u00e1got biztos\u00edt<\/p>\n<p>\u2013 cs\u00f6kkentheti az unalomb\u00f3l fakad\u00f3 rombol\u00f3 viselked\u00e9st<\/p>\n<p>\u2013 term\u00e9szetes m\u00f3don terheli az \u00e1llkapocs izmait<\/p>\n<p>\u2013 hosszan lek\u00f6ti a kuty\u00e1t<\/p>\n<h2>Mechanikai fogtiszt\u00edt\u00e1s r\u00e1g\u00e1s k\u00f6zben<\/h2>\n<p>A kem\u00e9ny, m\u00e9gis szivacsos bels\u0151 szerkezet mechanikai s\u00farl\u00f3d\u00e1st fejt ki a fogfelsz\u00ednen. A r\u00e1g\u00e1s seg\u00edthet a leped\u00e9k term\u00e9szetes elt\u00e1vol\u00edt\u00e1s\u00e1ban, \u00e9s hozz\u00e1j\u00e1rulhat a sz\u00e1jhigi\u00e9nia fenntart\u00e1s\u00e1hoz.<\/p>\n<h2>Milyen kuty\u00e1nak aj\u00e1nlott a sz\u00e1r\u00edtott emu combcsont?<\/h2>\n<p>A sz\u00e1r\u00edtott emu combcsont minden kuty\u00e1nak aj\u00e1nlott,\u00a0 akikn\u00e9l er\u0151sebb a r\u00e1g\u00e1si \u00f6szt\u00f6n, de a strucc combcsont m\u00e9rete m\u00e1r t\u00fal nagynak bizonyul.<\/p>\n<p>A m\u00e9hsejtszer\u0171, szivacsos bels\u0151 szerkezet kezelhet\u0151bb, kompaktabb form\u00e1val p\u00e1rosul, \u00edgy kiv\u00e1l\u00f3 v\u00e1laszt\u00e1s lehet:<\/p>\n<p>\u2013 kistest\u0171, de er\u0151s \u00e1llkapcs\u00fa kuty\u00e1knak<\/p>\n<p>\u2013 m\u00e9rs\u00e9kelt r\u00e1g\u00f3erej\u0171 k\u00f6zepes test\u0171 kedvenceknek<\/p>\n<p>\u2013 term\u00e9szetes, val\u00f3di csontot keres\u0151 gazdik sz\u00e1m\u00e1ra<\/p>\n<p>\u2013 azoknak, akik kisebb m\u00e9ret\u0171 alternat\u00edv\u00e1t szeretn\u00e9nek a strucc combcsonthoz k\u00e9pest<\/p>\n<p>Fontos azonban, hogy a megfelel\u0151 r\u00e1g\u00f3 kiv\u00e1laszt\u00e1s\u00e1n\u00e1l nem kiz\u00e1r\u00f3lag a testm\u00e9ret a d\u00f6nt\u0151 szempont, hanem a kutya egy\u00e9ni r\u00e1g\u00e1si st\u00edlusa \u00e9s \u00e1llkapocsereje. Egy intenz\u00edven, nagy er\u0151vel r\u00e1g\u00f3 kutya eset\u00e9ben mindig k\u00f6r\u00fcltekint\u0151en kell m\u00e9rlegelni a csont t\u00edpus\u00e1t.<\/p>\n<p>Minden kem\u00e9ny csontot, \u00edgy a sz\u00e1r\u00edtott emu combcsontot is, kiz\u00e1r\u00f3lag fel\u00fcgyelet mellett javasolt adni. A r\u00e1g\u00e1s sor\u00e1n rendszeresen ellen\u0151rizd a csont \u00e1llapot\u00e1t \u00e9s a kutya viselked\u00e9s\u00e9t.<\/p>\n<h2>\u00c9rdekess\u00e9g az emu combcsontr\u00f3l \u2013 fut\u00e1sra tervezett szerkezet term\u00e9szetes emuzs\u00edrral<\/h2>\n<div>\n<p>Az emu a vil\u00e1g egyik leggyorsabb fut\u00f3madara, ak\u00e1r 50 km\/h sebess\u00e9gre is k\u00e9pes. Mivel nem rep\u00fcl, teljes tests\u00faly\u00e1t \u00e9s mozg\u00e1s\u00e1nak dinamik\u00e1j\u00e1t a h\u00e1ts\u00f3 v\u00e9gtagjai hordozz\u00e1k. A combcsont ennek megfelel\u0151en rendk\u00edv\u00fcl er\u0151s, terhel\u00e9sre optimaliz\u00e1lt csont.<\/p>\n<p>Bels\u0151 szerkezete m\u00e9hsejtszer\u0171, szivacsos (trabekul\u00e1ris) csont\u00e1llom\u00e1nyb\u00f3l \u00e1ll. Ez a h\u00e1l\u00f3zatos fel\u00e9p\u00edt\u00e9s a mozg\u00e1s k\u00f6zbeni \u00fct\u00e9sek \u00e9s nyom\u00e1s eloszlat\u00e1s\u00e1ra szolg\u00e1l. A terhel\u00e9s nem egy ponton koncentr\u00e1l\u00f3dik, hanem a csontgerend\u00e1k rendszere t\u00f6bb ir\u00e1nyba vezeti el az er\u0151t.<\/p>\n<p>R\u00e1g\u00e1s k\u00f6zben ez a szerkezet v\u00e1ltozatos text\u00far\u00e1t biztos\u00edt, \u00e9s a csont fokozatosabban reag\u00e1l a terhel\u00e9sre, mint egy teljesen homog\u00e9n, t\u00f6m\u00f6r anyag.<\/p>\n<p>A combcsonton term\u00e9szetes m\u00f3don jelen l\u00e9v\u0151 emuzs\u00edr tov\u00e1bb n\u00f6veli a csont k\u00fcl\u00f6nlegess\u00e9g\u00e9t. Ez nem hozz\u00e1adott bevonat, hanem az alapanyag r\u00e9sze. Az emuzs\u00edr f\u0151k\u00e9nt egyszeresen tel\u00edtetlen zs\u00edrsavakban \u2013 k\u00fcl\u00f6n\u00f6sen olajsavban \u2013 gazdag, energias\u0171r\u0171 \u00e9s term\u00e9szetes \u00edzhordoz\u00f3. A rajta l\u00e9v\u0151 zs\u00edrr\u00e9teg fokozza az \u00edz\u00e9lm\u00e9nyt, n\u00f6veli a r\u00e1g\u00e1si motiv\u00e1ci\u00f3t, \u00e9s term\u00e9szetes m\u00f3don j\u00e1rul hozz\u00e1 a csont karakter\u00e9hez.<\/p>\n<p>Ez a kombin\u00e1ci\u00f3, a terhel\u00e9sre tervezett m\u00e9hsejtszer\u0171 bels\u0151 szerkezet \u00e9s a term\u00e9szetes emuzs\u00edrral bor\u00edtott fel\u00fclet teszi az emu combcsontot k\u00fcl\u00f6nlegess\u00e9 a term\u00e9szetes r\u00e1g\u00f3k k\u00f6z\u00f6tt.<\/p>\n<p>Ha nagyobb, robusztusabb m\u00e9ret\u0171 alternat\u00edv\u00e1t keresel, \u00e9rdemes megn\u00e9zned a <a href=\"https:\/\/whizzopet.hu\/sk\/produkt\/strucc-combcsont\/?wmc-currency=EUR\">strucc combcsontot<\/a> is, amely azonos szerkezeti kateg\u00f3ri\u00e1ban, de nagyobb m\u00e9retben k\u00edn\u00e1l term\u00e9szetes r\u00e1g\u00f3t.<\/p>\n<div><span style=\"font-size: inherit;\">Ha a vastag fal\u00fa, t\u00f6m\u00f6rebb hossz\u00facsont szerkezetet r\u00e9szes\u00edted el\u0151nyben, \u00e9rdemes megn\u00e9zned a <a href=\"https:\/\/whizzopet.hu\/sk\/produkt\/emu-velos-labszarcsont\/?wmc-currency=EUR\">sz\u00e1r\u00edtott emu vel\u0151s l\u00e1bsz\u00e1rcsontot<\/a> is.<\/span><\/div>\n<\/div>\n<div><\/div>\n<p>&nbsp;<\/p>","protected":false},"excerpt":{"rendered":"<p>Sz\u00e1r\u00edtott emu combcsont kuty\u00e1knak m\u00e9hsejtszer\u0171, szivacsos bels\u0151 szerkezettel. Ritka, hipoallerg\u00e9n fut\u00f3mad\u00e1r csont a term\u00e9szetes r\u00e1g\u00e1si \u00e9lm\u00e9nyhez.<\/p>\n<p>Kiszerel\u00e9s: 1db<\/p>","protected":false},"featured_media":19784,"comment_status":"open","ping_status":"closed","template":"","meta":{"inline_featured_image":false},"product_brand":[],"product_cat":[42,41,37,79,81],"product_tag":[],"class_list":{"0":"post-19779","1":"product","2":"type-product","3":"status-publish","4":"has-post-thumbnail","6":"product_cat-hipoallergen-jutalomfalat","7":"product_cat-kollagen-kutyaknak","8":"product_cat-jutalomfalatok","9":"product_cat-strucc-jutalomfalat-kutyanak","10":"product_cat-emu-strucc-ragocsont","11":"infinite-scroll-item","12":"sales-flash-overlay","13":"woocommerce-text-align-center","14":"woocommerce-image-align-center","15":"do-quantity-buttons","17":"first","18":"instock","19":"taxable","20":"shipping-taxable","21":"purchasable","22":"product-type-simple"},"_links":{"self":[{"href":"https:\/\/whizzopet.hu\/sk\/wp-json\/wp\/v2\/product\/19779","targetHints":{"allow":["GET"]}}],"collection":[{"href":"https:\/\/whizzopet.hu\/sk\/wp-json\/wp\/v2\/product"}],"about":[{"href":"https:\/\/whizzopet.hu\/sk\/wp-json\/wp\/v2\/types\/product"}],"replies":[{"embeddable":true,"href":"https:\/\/whizzopet.hu\/sk\/wp-json\/wp\/v2\/comments?post=19779"}],"wp:featuredmedia":[{"embeddable":true,"href":"https:\/\/whizzopet.hu\/sk\/wp-json\/wp\/v2\/media\/19784"}],"wp:attachment":[{"href":"https:\/\/whizzopet.hu\/sk\/wp-json\/wp\/v2\/media?parent=19779"}],"wp:term":[{"taxonomy":"product_brand","embeddable":true,"href":"https:\/\/whizzopet.hu\/sk\/wp-json\/wp\/v2\/product_brand?post=19779"},{"taxonomy":"product_cat","embeddable":true,"href":"https:\/\/whizzopet.hu\/sk\/wp-json\/wp\/v2\/product_cat?post=19779"},{"taxonomy":"product_tag","embeddable":true,"href":"https:\/\/whizzopet.hu\/sk\/wp-json\/wp\/v2\/product_tag?post=19779"}],"curies":[{"name":"wp","href":"https:\/\/api.w.org\/{rel}","templated":true}]}}