{"id":19771,"date":"2026-03-01T16:40:23","date_gmt":"2026-03-01T15:40:23","guid":{"rendered":"https:\/\/whizzopet.hu\/?post_type=product&#038;p=19771"},"modified":"2026-04-13T13:54:54","modified_gmt":"2026-04-13T11:54:54","slug":"emu-velos-labszarcsont","status":"publish","type":"product","link":"https:\/\/whizzopet.hu\/sk\/termek\/emu-velos-labszarcsont\/","title":{"rendered":"Sz\u00e1r\u00edtott emu vel\u0151s l\u00e1bsz\u00e1rcsont kuty\u00e1nak"},"content":{"rendered":"<p><span style=\"color: #008000;\"><strong>Fontos: Mivel term\u00e9szetes csontr\u00f3l van sz\u00f3, minden darab egyedi, \u00e9s r\u00e1g\u00e1s k\u00f6zben t\u00f6rhet. Az emu csontok anat\u00f3miai szerkezete miatt jellemz\u0151en ink\u00e1bb kopnak \u00e9s morzsol\u00f3dnak, de a kutya r\u00e1g\u00e1si erej\u00e9t\u0151l f\u00fcgg\u0151en darabok is lev\u00e1lhatnak. Mindig fel\u00fcgyelet mellett add a kuty\u00e1dnak, \u00e9s ha \u00e9les vagy szokatlan t\u00f6r\u00e9st tapasztalsz, vedd el t\u0151le.<\/strong><\/span><\/p>\n<h2>Kinek aj\u00e1nljuk az emu vel\u0151s l\u00e1bsz\u00e1rcsontot?<\/h2>\n<p><span style=\"color: #008000;\"><strong>Ez a m\u00e9ret els\u0151sorban er\u0151s r\u00e1g\u00f3 kistest\u0171, illetve m\u00e9rs\u00e9kelt r\u00e1g\u00f3 k\u00f6zepes test\u0171 kuty\u00e1k sz\u00e1m\u00e1ra aj\u00e1nlott.<\/strong><\/span><\/p>\n<h2>Mi\u00e9rt viselkedik m\u00e1sk\u00e9pp r\u00e1g\u00e1s k\u00f6zben az emu csont, mint sok hagyom\u00e1nyos r\u00e1g\u00f3csont?<\/h2>\n<p>Az emu fut\u00f3mad\u00e1r, ez\u00e9rt a l\u00e1bcsontjai rendk\u00edv\u00fcl nagy mechanikai terhel\u00e9s visel\u00e9s\u00e9re alkalmazkodtak. A l\u00e1bsz\u00e1rcsont egy \u00fagynevezett hossz\u00fa cs\u00f6ves csont, amelynek k\u00fcls\u0151 r\u00e9sze vastag, t\u00f6m\u00f6r kompakt (kortik\u00e1lis) csont\u00e1llom\u00e1nyb\u00f3l \u00e9p\u00fcl fel. A csont belsej\u00e9ben vel\u0151\u00fcreg tal\u00e1lhat\u00f3, amely csontvel\u0151t tartalmaz. A vel\u0151 f\u0151k\u00e9nt zs\u00edrsz\u00f6vetben gazdag \u00e1llom\u00e1ny, amely az \u00e9l\u0151 \u00e1llat szervezet\u00e9ben energia- \u00e9s t\u00e1panyagrakt\u00e1rk\u00e9nt szolg\u00e1l.<\/p>\n<p>A csont szerkezete egy biol\u00f3giai kompozit, amely kollag\u00e9nrostokb\u00f3l \u00e9s \u00e1sv\u00e1nyi krist\u00e1lyokb\u00f3l, f\u0151k\u00e9nt kalcium-foszf\u00e1t alap\u00fa hidroxiapatitb\u00f3l \u00e1ll. A kollag\u00e9n adja a csont rugalmass\u00e1g\u00e1t \u00e9s sz\u00edv\u00f3ss\u00e1g\u00e1t, m\u00edg az \u00e1sv\u00e1nyi komponensek biztos\u00edtj\u00e1k a kem\u00e9nys\u00e9get \u00e9s szil\u00e1rds\u00e1got.<\/p>\n<p>Ennek a kombin\u00e1lt szerkezetnek k\u00f6sz\u00f6nhet\u0151en r\u00e1g\u00e1s k\u00f6zben az emu csont ink\u00e1bb fokozatosan kopik vagy kisebb darabokban morzsol\u00f3dik, nem pedig hirtelen, robban\u00e1sszer\u0171en t\u00f6rik szil\u00e1nkokra.<\/p>\n<p>Fontos azonban: minden term\u00e9szetes csont viselked\u00e9se a r\u00e1 hat\u00f3 mechanikai terhel\u00e9st\u0151l \u00e9s a kutya r\u00e1g\u00e1si erej\u00e9t\u0151l f\u00fcgg. Nagyon er\u0151s r\u00e1g\u00f3 kuty\u00e1k \u2013 k\u00fcl\u00f6n\u00f6sen kisebb \u00e1tm\u00e9r\u0151j\u0171 csont eset\u00e9n \u2013 sz\u00e9t is roppanthatj\u00e1k a csontot, vagy nagyobb darabokat t\u00f6rhetnek le r\u00f3la. Ez\u00e9rt minden term\u00e9szetes csontot fel\u00fcgyelet mellett aj\u00e1nlott adni a kuty\u00e1nak.<\/p>\n<h2>Hipoallerg\u00e9n, ritka feh\u00e9rjeforr\u00e1s term\u00e9szetes r\u00e1g\u00e1si \u00e9lm\u00e9nnyel<\/h2>\n<p>A sz\u00e1r\u00edtott emu vel\u0151s l\u00e1bsz\u00e1rcsont egy vastag fal\u00fa, vel\u0151t tartalmaz\u00f3 csont.<\/p>\n<p>Az emu Ausztr\u00e1li\u00e1ban \u0151shonos fut\u00f3mad\u00e1r, amely a strucchoz hasonl\u00f3an a fut\u00f3madarak (ratit\u00e1k) k\u00f6z\u00e9 tartozik. B\u00e1r sz\u00e1rnya van, nem rep\u00fcl, \u00e9s nem sorolhat\u00f3 a hagyom\u00e1nyos baromfik k\u00f6z\u00e9. Nem csirke, nem pulyka, \u00e9s feh\u00e9rjeprofilja elt\u00e9r a klasszikus sz\u00e1rnyasokt\u00f3l. A beszerezhet\u0151s\u00e9ge korl\u00e1tozott, ez\u00e9rt az emu a kutyat\u00e1pl\u00e1l\u00e1sban k\u00fcl\u00f6nleges, alternat\u00edv feh\u00e9rjeforr\u00e1snak tekinthet\u0151.<\/p>\n<p>A strucchoz hasonl\u00f3an hipoallerg\u00e9n feh\u00e9rjeforr\u00e1snak sz\u00e1m\u00edt, mivel ritk\u00e1bban alkalmazott alapanyag. Ez sok esetben el\u0151ny\u00f6s lehet olyan kuty\u00e1kn\u00e1l, akik \u00e9rz\u00e9kenyebbek a gyakran haszn\u00e1lt feh\u00e9rj\u00e9kre.<\/p>\n<p>A Whizzopet magyar emut dolgoz fel saj\u00e1t \u00fczem\u00e9ben,\u00a0 k\u00edm\u00e9letes sz\u00e1r\u00edt\u00e1si technol\u00f3gi\u00e1val.<\/p>\n<h2>Vastag fal\u00fa, vel\u0151t tartalmaz\u00f3 csont \u2013 val\u00f3di szerkezeti \u00e9rt\u00e9kkel<\/h2>\n<p>Az emu l\u00e1bsz\u00e1rcsontja anat\u00f3miailag hossz\u00facsont, amely vastag kortik\u00e1lis (t\u00f6m\u00f6r) k\u00fcls\u0151 csontfallal \u00e9s bels\u0151 vel\u0151\u00fcreggel rendelkezik. Ez a szerkezet biztos\u00edtja a csont tart\u00f3ss\u00e1g\u00e1t \u00e9s term\u00e9szetesen magas \u00e1sv\u00e1nyianyag-tartalm\u00e1t, k\u00fcl\u00f6n\u00f6sen kalcium \u00e9s foszfor tekintet\u00e9ben.<\/p>\n<p>R\u00e1g\u00e1s k\u00f6zben a csont nem hirtelen t\u00f6rik vagy pattog, hanem fokozatosan kopik. A felsz\u00edni r\u00e9teg lassan morzsol\u00f3dik, ami kontroll\u00e1ltabb r\u00e1g\u00e1si \u00e9lm\u00e9nyt biztos\u00edt er\u0151sebb \u00e1llkapocs-erej\u0171 kuty\u00e1knak is.<\/p>\n<h2>Val\u00f3di csontvel\u0151 \u2013 term\u00e9szetes zs\u00edrsavforr\u00e1s<\/h2>\n<p>A csont belsej\u00e9ben term\u00e9szetes m\u00f3don jelen l\u00e9v\u0151 vel\u0151 tal\u00e1lhat\u00f3. A csontvel\u0151 d\u00f6nt\u0151en zs\u00edrsz\u00f6vetb\u0151l \u00e1ll, amely term\u00e9szetes zs\u00edrsavforr\u00e1sk\u00e9nt m\u0171k\u00f6dik.<\/p>\n<p>A vel\u0151:<\/p>\n<p>\u2013 energias\u0171r\u0171<\/p>\n<p>\u2013 term\u00e9szetes \u00edzhordoz\u00f3<\/p>\n<p>\u2013 fokozza a r\u00e1g\u00e1si motiv\u00e1ci\u00f3t<\/p>\n<p>Nem hozz\u00e1adott \u00f6sszetev\u0151, hanem a csont anat\u00f3miai r\u00e9sze. A vel\u0151 jelenl\u00e9te beltartalmi \u00e9rt\u00e9ket ad a r\u00e1g\u00f3nak, \u00e9s megk\u00fcl\u00f6nb\u00f6zteti az \u00fcreges, vel\u0151 n\u00e9lk\u00fcli csontokt\u00f3l.<\/p>\n<h2>Term\u00e9szetes r\u00e1g\u00e1si \u00f6szt\u00f6n \u00e9s ment\u00e1lis stimul\u00e1ci\u00f3<\/h2>\n<p>A r\u00e1g\u00e1s a kutya alapvet\u0151 viselked\u00e9si sz\u00fcks\u00e9glete. A hossz\u00facsont jelleg\u0171 r\u00e1g\u00f3k seg\u00edtenek ezt az \u00f6szt\u00f6nt term\u00e9szetes m\u00f3don kiel\u00e9g\u00edteni.<\/p>\n<p>A tart\u00f3s r\u00e1g\u00e1s:<\/p>\n<p>\u2013 ment\u00e1lis lefoglalts\u00e1got biztos\u00edt<\/p>\n<p>\u2013 cs\u00f6kkentheti az unalomb\u00f3l fakad\u00f3 rombol\u00f3 viselked\u00e9st<\/p>\n<p>\u2013 term\u00e9szetes m\u00f3don terheli az \u00e1llkapocs izmait<\/p>\n<p>\u2013 hosszan lek\u00f6ti a kuty\u00e1t<\/p>\n<h2>Mechanikai fogtiszt\u00edt\u00e1s r\u00e1g\u00e1s k\u00f6zben<\/h2>\n<p>A kem\u00e9ny csontszerkezet r\u00e1g\u00e1s k\u00f6zben mechanikai s\u00farl\u00f3d\u00e1st fejt ki a fogfelsz\u00ednen. Ez hozz\u00e1j\u00e1rulhat a leped\u00e9k term\u00e9szetes elt\u00e1vol\u00edt\u00e1s\u00e1hoz, \u00e9s t\u00e1mogathatja a sz\u00e1jhigi\u00e9nia fenntart\u00e1s\u00e1t.<\/p>\n<h2>Az emuzs\u00edr szerepe a csonton<\/h2>\n<p>Az emu l\u00e1bsz\u00e1rcsonton term\u00e9szetes m\u00f3don jelen l\u00e9v\u0151 emuzs\u00edr tal\u00e1lhat\u00f3. Ez nem hozz\u00e1adott bevonat, hanem az alapanyag r\u00e9sze.<\/p>\n<p>Az emuzs\u00edr:<\/p>\n<p>\u2013 term\u00e9szetes zs\u00edrsavakat tartalmaz<\/p>\n<p>\u2013 energias\u0171r\u0171 t\u00e1panyagr\u00e9sz<\/p>\n<p>\u2013 fokozza az \u00edz\u00e9lm\u00e9nyt \u00e9s a r\u00e1g\u00e1si motiv\u00e1ci\u00f3t<\/p>\n<p>Az emu zs\u00edrja a szakirodalomban ismert arr\u00f3l, hogy kedvez\u0151 zs\u00edrsav-\u00f6sszet\u00e9tellel rendelkezik. A csonton l\u00e9v\u0151 term\u00e9szetes zs\u00edrr\u00e9teg hozz\u00e1j\u00e1rul a r\u00e1g\u00f3 intenz\u00edvebb \u00edz\u00e9hez, \u00e9s n\u00f6veli a kutya \u00e9rdekl\u0151d\u00e9s\u00e9t a csont ir\u00e1nt.<\/p>\n<h2>Miben hasonl\u00edt a strucc csont szerkezet\u00e9hez?<\/h2>\n<p>Az emu \u00e9s a strucc egyar\u00e1nt fut\u00f3madarak, hossz\u00facsontjaik szerkezete hasonl\u00f3: vastag fal\u00fa, \u00e1sv\u00e1nydomin\u00e1ns, vel\u0151t tartalmaz\u00f3 csontok. Az emu darabolt vel\u0151s l\u00e1bsz\u00e1rcsont kisebb, kezelhet\u0151bb m\u00e9ret\u0171 alternat\u00edva lehet, ha a strucc csont t\u00fal nagy vagy t\u00fal neh\u00e9z a kutya sz\u00e1m\u00e1ra. A r\u00e1g\u00e1si \u00e9lm\u00e9ny karaktere hasonl\u00f3, a m\u00e9ret k\u00fcl\u00f6nb\u00f6zik.<\/p>\n<p>A sz\u00e1r\u00edtott emu darabolt vel\u0151s l\u00e1bsz\u00e1rcsont kem\u00e9ny r\u00e1g\u00f3, ez\u00e9rt mindig fel\u00fcgyelet mellett add a kuty\u00e1nak. Rendszeresen ellen\u0151rizd a csont \u00e1llapot\u00e1t, \u00e9s a kutya r\u00e1g\u00e1si viselked\u00e9s\u00e9t.<\/p>\n<p>100% term\u00e9szetes alapanyagb\u00f3l k\u00e9sz\u00fcl, magyar emu feldolgoz\u00e1s\u00e1val, saj\u00e1t \u00fczemi k\u00f6r\u00fclm\u00e9nyek k\u00f6z\u00f6tt. Ritka, karakteres, val\u00f3di csont \u2013 tudatos v\u00e1laszt\u00e1s azoknak a gazdiknak, akik nem t\u00f6megterm\u00e9ket keresnek, hanem szerkezeti \u00e9s beltartalmi \u00e9rt\u00e9kkel b\u00edr\u00f3 term\u00e9szetes r\u00e1g\u00f3t kuty\u00e1juk sz\u00e1m\u00e1ra.<\/p>\n<p>Ha nagyobb m\u00e9ret\u0171, massz\u00edvabb alternat\u00edv\u00e1t keresel, \u00e9rdemes megn\u00e9zned a <a href=\"https:\/\/whizzopet.hu\/sk\/produkt\/strucc-velos-labszarcsont\/?wmc-currency=EUR\">strucc vel\u0151s l\u00e1bsz\u00e1rcsontot<\/a> is, amely azonos szerkezeti kateg\u00f3ri\u00e1ban, de nagyobb m\u00e9retben k\u00edn\u00e1l term\u00e9szetes r\u00e1g\u00f3t.<\/p>\n<p>Ha v\u00e1ltozatos text\u00far\u00e1j\u00fa jutikat keresel a mindennapokra, akkor \u00e9rdemes megn\u00e9zni az \u00f6sszes <a href=\"https:\/\/whizzopet.hu\/sk\/kategoria-produktu\/navnada-na-odmenu-pre-psov\/?wmc-currency=EUR\">jutalomfalatot<\/a>.<\/p>","protected":false},"excerpt":{"rendered":"<p>A sz\u00e1r\u00edtott emu vel\u0151s l\u00e1bsz\u00e1rcsont kuty\u00e1knak egy ritka, hipoallerg\u00e9n csont, val\u00f3di csontvel\u0151vel, tart\u00f3s \u00e9s term\u00e9szetes r\u00e1g\u00e1si \u00e9lm\u00e9nnyel.<\/p>\n<p>Kiszerel\u00e9s: 1db<\/p>","protected":false},"featured_media":19775,"comment_status":"open","ping_status":"closed","template":"","meta":{"inline_featured_image":false},"product_brand":[],"product_cat":[42,41,37,79,81],"product_tag":[],"class_list":{"0":"post-19771","1":"product","2":"type-product","3":"status-publish","4":"has-post-thumbnail","6":"product_cat-hipoallergen-jutalomfalat","7":"product_cat-kollagen-kutyaknak","8":"product_cat-jutalomfalatok","9":"product_cat-strucc-jutalomfalat-kutyanak","10":"product_cat-emu-strucc-ragocsont","11":"infinite-scroll-item","12":"sales-flash-overlay","13":"woocommerce-text-align-center","14":"woocommerce-image-align-center","15":"do-quantity-buttons","17":"first","18":"instock","19":"taxable","20":"shipping-taxable","21":"purchasable","22":"product-type-simple"},"_links":{"self":[{"href":"https:\/\/whizzopet.hu\/sk\/wp-json\/wp\/v2\/product\/19771","targetHints":{"allow":["GET"]}}],"collection":[{"href":"https:\/\/whizzopet.hu\/sk\/wp-json\/wp\/v2\/product"}],"about":[{"href":"https:\/\/whizzopet.hu\/sk\/wp-json\/wp\/v2\/types\/product"}],"replies":[{"embeddable":true,"href":"https:\/\/whizzopet.hu\/sk\/wp-json\/wp\/v2\/comments?post=19771"}],"wp:featuredmedia":[{"embeddable":true,"href":"https:\/\/whizzopet.hu\/sk\/wp-json\/wp\/v2\/media\/19775"}],"wp:attachment":[{"href":"https:\/\/whizzopet.hu\/sk\/wp-json\/wp\/v2\/media?parent=19771"}],"wp:term":[{"taxonomy":"product_brand","embeddable":true,"href":"https:\/\/whizzopet.hu\/sk\/wp-json\/wp\/v2\/product_brand?post=19771"},{"taxonomy":"product_cat","embeddable":true,"href":"https:\/\/whizzopet.hu\/sk\/wp-json\/wp\/v2\/product_cat?post=19771"},{"taxonomy":"product_tag","embeddable":true,"href":"https:\/\/whizzopet.hu\/sk\/wp-json\/wp\/v2\/product_tag?post=19771"}],"curies":[{"name":"wp","href":"https:\/\/api.w.org\/{rel}","templated":true}]}}