{"id":17498,"date":"2026-01-29T18:19:11","date_gmt":"2026-01-29T17:19:11","guid":{"rendered":"https:\/\/whizzopet.hu\/?post_type=product&#038;p=17498"},"modified":"2026-05-04T21:02:01","modified_gmt":"2026-05-04T19:02:01","slug":"churpi-himalajai-ragosajt","status":"publish","type":"product","link":"https:\/\/whizzopet.hu\/sk\/termek\/churpi-himalajai-ragosajt\/","title":{"rendered":"Churpi \u2013 eredeti himal\u00e1jai r\u00e1g\u00f3sajt kuty\u00e1nak"},"content":{"rendered":"<h2>Mi a churpi val\u00f3j\u00e1ban?<\/h2>\n<p>A churpi egy t\u00f6bb sz\u00e1z \u00e9ves hagyom\u00e1nyon alapul\u00f3, k\u00e9zm\u0171ves himal\u00e1jai sajt, amely eredetileg az indiai\u2013nep\u00e1li Himal\u00e1ja t\u00e9rs\u00e9g\u00e9b\u0151l sz\u00e1rmazik. A helyi p\u00e1sztorkult\u00far\u00e1k \u00e9vsz\u00e1zadokon \u00e1t haszn\u00e1lt\u00e1k a tej tart\u00f3s\u00edt\u00e1s\u00e1ra, ma pedig a vil\u00e1g egyik legismertebb term\u00e9szetes r\u00e1g\u00f3ja kuty\u00e1knak.<\/p>\n<p>Nem hasonl\u00edthat\u00f3 az ipari r\u00e1g\u00f3csontokhoz vagy az eur\u00f3pai \u201echurpi jelleg\u0171\u201d term\u00e9kekhez. Alapanyaga, k\u00e9sz\u00edt\u00e9si ideje, \u00e1llaga \u00e9s r\u00e1g\u00e1si \u00e9lm\u00e9nye teljesen m\u00e1s kateg\u00f3ri\u00e1t k\u00e9pvisel. Ez az a churpi, amit nem percek alatt r\u00e1g el a kutya, hanem hossz\u00fa ideig foglalkoztatja, mik\u00f6zben term\u00e9szetes m\u00f3don t\u00e1mogatja a sz\u00e1jhigi\u00e9ni\u00e1t.<\/p>\n<p>Extr\u00e1n kem\u00e9ny, term\u00e9szetes r\u00e1g\u00f3sajt, amely jak- \u00e9s zebutejb\u0151l k\u00e9sz\u00fcl. Gyakran nevezik \u201echurpi sajtcsontnak\u201d, de fontos tudni: nem csont, hanem egy tradicion\u00e1lis himal\u00e1jai sajt, amelyet kiz\u00e1r\u00f3lag r\u00e1g\u00e1sra haszn\u00e1lnak.<\/p>\n<p>Nem extrud\u00e1lt, nem pr\u00e9selt, nem gyors\u00edtott technol\u00f3gi\u00e1val k\u00e9sz\u00fclt term\u00e9k. L\u00e9nyege a lass\u00fa ferment\u00e1ci\u00f3 \u00e9s a hosszan tart\u00f3 sz\u00e1r\u00edt\u00e1s, amelynek eredm\u00e9nye egy rendk\u00edv\u00fcl alacsony nedvess\u00e9gtartalm\u00fa, hosszan r\u00e1ghat\u00f3, term\u00e9szetes r\u00e1gcs\u00e1lnival\u00f3.<\/p>\n<h2>A himal\u00e1jai churpi eredete \u2013 k\u00e9zm\u0171ves hagyom\u00e1ny gener\u00e1ci\u00f3kon \u00e1t<\/h2>\n<p>A r\u00e1g\u00f3sajt a magashegyi r\u00e9gi\u00f3k p\u00e1sztorainak \u00f6r\u00f6ks\u00e9ge. A jak- \u00e9s zebutej \u00e9vsz\u00e1zadokon \u00e1t alapvet\u0151 feh\u00e9rje- \u00e9s energiap\u00f3tl\u00f3 volt ezekben a k\u00f6z\u00f6ss\u00e9gekben. K\u00e9sz\u00edt\u00e9se nem ipari folyamat, hanem k\u00e9zm\u0171ves tud\u00e1s, amely gener\u00e1ci\u00f3r\u00f3l gener\u00e1ci\u00f3ra \u00f6r\u00f6kl\u0151d\u00f6tt.<\/p>\n<p>A friss tejet term\u00e9szetes m\u00f3don savany\u00edtj\u00e1k, majd alvasztj\u00e1k. A sav\u00f3t kipr\u00e9selik, a sajtt\u00f6mb\u00f6t form\u00e1zz\u00e1k, ezt k\u00f6vet\u0151en pedig hetekig vagy ak\u00e1r h\u00f3napokig sz\u00e1r\u00edtj\u00e1k \u00e9s f\u00fcst\u00f6lik. Ez a hossz\u00fa folyamat felel rendk\u00edv\u00fcli kem\u00e9nys\u00e9g\u00e9\u00e9rt, tart\u00f3ss\u00e1g\u00e1\u00e9rt \u00e9s jellegzetes megjelen\u00e9s\u00e9\u00e9rt.<\/p>\n<p>Ez nem t\u00f6megtermel\u00e9s. Ez hagyom\u00e1ny.<\/p>\n<h2>Mib\u0151l k\u00e9sz\u00fcl a val\u00f3di churpi?<\/h2>\n<p>\u00d6sszet\u00e9tele sz\u00e1nd\u00e9kosan egyszer\u0171:<\/p>\n<ul>\n<li>jak tej<\/li>\n<li>zebu tej<\/li>\n<li>term\u00e9szetes ferment\u00e1ci\u00f3<\/li>\n<li>hossz\u00fa sz\u00e1r\u00edt\u00e1s<\/li>\n<\/ul>\n<p>Nem tartalmaz:<\/p>\n<ul>\n<li>gabon\u00e1t<\/li>\n<li>mesters\u00e9ges adal\u00e9kanyagokat<\/li>\n<li>k\u00f6t\u0151anyagokat<\/li>\n<li>sz\u00ednez\u00e9ket<\/li>\n<li>\u00edzfokoz\u00f3t<\/li>\n<\/ul>\n<p>A ferment\u00e1ci\u00f3s folyamatnak k\u00f6sz\u00f6nhet\u0151en a himal\u00e1jai r\u00e1g\u00f3sajt lakt\u00f3zmentes, \u00edgy sok kutya sz\u00e1m\u00e1ra k\u00f6nnyebben toler\u00e1lhat\u00f3, mint a friss tejterm\u00e9kek.<\/p>\n<h2>Mi\u00e9rt j\u00f3 a churpi a kuty\u00e1nak?<\/h2>\n<p>A churpi nem jutalomfalat, hanem elfoglal\u00f3s, hosszan r\u00e1ghat\u00f3 term\u00e9szetes r\u00e1g\u00f3ka. A kem\u00e9ny \u00e1llag miatt a kutya nem tudja gyorsan elfogyasztani, \u00edgy a r\u00e1g\u00e1s ideje jelent\u0151sen hosszabb, mint a legt\u00f6bb hagyom\u00e1nyos r\u00e1g\u00f3k\u00e1n\u00e1l.<\/p>\n<p>R\u00e1g\u00e1s k\u00f6zben:<\/p>\n<ul>\n<li>dolgoznak a r\u00e1g\u00f3izmok \u00e9s az \u00e1llkapocs,<\/li>\n<li>fokoz\u00f3dik a ny\u00e1ltermel\u00e9s,<\/li>\n<li>a churpi fel\u00fclete mechanikusan d\u00f6rzs\u00f6li a fogfelsz\u00ednt.<\/li>\n<\/ul>\n<p>Ez seg\u00edthet:<\/p>\n<ul>\n<li>a leped\u00e9k kialakul\u00e1s\u00e1nak cs\u00f6kkent\u00e9s\u00e9ben,<\/li>\n<li>a term\u00e9szetes fogtiszt\u00edt\u00e1s t\u00e1mogat\u00e1s\u00e1ban,<\/li>\n<li>a r\u00e1g\u00e1ssal \u00f6sszef\u00fcgg\u0151 stressz \u00e9s unalom levezet\u00e9s\u00e9ben.<\/li>\n<\/ul>\n<p>\u00cdgy fogtiszt\u00edt\u00f3k\u00e9nt funkcion\u00e1l, kiz\u00e1r\u00f3lag term\u00e9szetes alapon, adal\u00e9kanyagok n\u00e9lk\u00fcl.<\/p>\n<h2>Kiskuty\u00e1k is r\u00e1ghatj\u00e1k?<\/h2>\n<p>Igen, kiskuty\u00e1k is r\u00e1ghatj\u00e1k, amennyiben m\u00e1r kialakult a v\u00e9gleges fogazatuk. Ez \u00e1ltal\u00e1ban 6\u20137 h\u00f3napos kor ut\u00e1n t\u00f6rt\u00e9nik. A fogv\u00e1lt\u00e1s lez\u00e1rulta ut\u00e1n, megfelel\u0151 m\u00e9retben \u00e9s fel\u00fcgyelet mellett biztons\u00e1gosan adhat\u00f3 fiatal kuty\u00e1knak is.<\/p>\n<h2>Mi t\u00f6rt\u00e9nik, ha t\u00fal kicsire r\u00e1gja a kutya?<\/h2>\n<p>Ha a kutya t\u00fal kicsire r\u00e1gja, azt minden esetben el kell venni. A megmaradt darab azonban nem v\u00e9sz k\u00e1rba.<\/p>\n<p>A k\u00fcl\u00f6nlegess\u00e9ge, hogy:<\/p>\n<ul>\n<li>mikrohull\u00e1m\u00fa s\u00fct\u0151ben felpuffaszthat\u00f3,<\/li>\n<li>n\u00e9h\u00e1ny m\u00e1sodperc alatt k\u00f6nny\u0171, ropog\u00f3s \u00e1llag\u00fa jutalomfalatt\u00e1 v\u00e1lik,<\/li>\n<li>\u00edgy m\u00e1r biztons\u00e1gosan elfogyaszthat\u00f3.<\/li>\n<\/ul>\n<p>Ez a tulajdons\u00e1g egyed\u00fcl\u00e1ll\u00f3, \u00e9s jelent\u0151sen n\u00f6veli a term\u00e9k kihaszn\u00e1lhat\u00f3s\u00e1g\u00e1t. Mint minden r\u00e1g\u00f3t, a churpit is fel\u00fcgyelet mellett aj\u00e1nlott adni. A megfelel\u0151 m\u00e9ret kiv\u00e1laszt\u00e1sa \u00e9s az odafigyel\u00e9s biztos\u00edtja a biztons\u00e1gos r\u00e1g\u00e1si \u00e9lm\u00e9nyt.<\/p>\n<h2>Mi a k\u00fcl\u00f6nbs\u00e9g az igazi himal\u00e1jai r\u00e1g\u00f3sajt \u00e9s az eur\u00f3pai k\u00f6z\u00f6tt?<\/h2>\n<p>Ez az a pont, ahol a min\u0151s\u00e9g val\u00f3ban eld\u0151l.<\/p>\n<p>A val\u00f3di himal\u00e1jai churpi:<\/p>\n<ul>\n<li>extr\u00e1n kem\u00e9ny, hosszan r\u00e1ghat\u00f3<\/li>\n<li>lakt\u00f3zmentes<\/li>\n<li>jak- \u00e9s zebutejb\u0151l k\u00e9sz\u00fcl<\/li>\n<li>hagyom\u00e1nyos, k\u00e9zm\u0171ves technol\u00f3gi\u00e1val<\/li>\n<li>sz\u00edne nem egys\u00e9ges: a vil\u00e1gos kr\u00e9msz\u00ednt\u0151l a s\u00f6t\u00e9tbarn\u00e1ig terjed<br \/>\n\u2013 ez a term\u00e9szetes sz\u00e1r\u00edt\u00e1s \u00e9s f\u00fcst\u00f6l\u00e9s jele<\/li>\n<\/ul>\n<p>&nbsp;<\/p>\n<p>Az eur\u00f3pa:<\/p>\n<ul>\n<li>a kutya gyorsan elr\u00e1gja<\/li>\n<li>egys\u00e9ges, halv\u00e1ny sz\u00edn\u0171<\/li>\n<li>teh\u00e9ntejb\u0151l k\u00e9sz\u00fcl<\/li>\n<li>ipari gy\u00e1rt\u00e1si technol\u00f3gi\u00e1val<\/li>\n<\/ul>\n<p>A k\u00fcl\u00f6nbs\u00e9g r\u00e1g\u00e1s k\u00f6zben azonnal \u00e9rezhet\u0151.<\/p>\n<p>A churpi lakt\u00f3zmentes, nem tartalmaz gyakori allerg\u00e9neket, ez\u00e9rt sok kutya j\u00f3l toler\u00e1lja. Ugyanakkor tejeredet\u0171 feh\u00e9rj\u00e9t tartalmaz, \u00edgy tejfeh\u00e9rje-\u00e9rz\u00e9keny kuty\u00e1knak nem aj\u00e1nlott.<\/p>\n<h2>Mi\u00e9rt a Whizzopet churpi?<\/h2>\n<p>Mert ez nem egy eur\u00f3pai ut\u00e1nzat, nem gyors\u00edtott technol\u00f3gi\u00e1val k\u00e9sz\u00fclt kompromisszumos term\u00e9k. Ez eredeti, k\u00e9zm\u0171ves term\u00e9k, val\u00f3di alapanyagokb\u00f3l, val\u00f3di hagyom\u00e1nyb\u00f3l. Ha egyszer kipr\u00f3b\u00e1lod, \u00e9rteni fogod a k\u00fcl\u00f6nbs\u00e9get. Ez nem \u201eegy churpi a sok k\u00f6z\u00fcl\u201d. Ez A churpi.<\/p>\n<p>Ha a hosszan r\u00e1ghat\u00f3 r\u00e1g\u00f3sajt mell\u00e9 klasszikus jutalomfalatot keresel tr\u00e9ninghez vagy jutalmaz\u00e1shoz, \u00e9rdemes k\u00f6r\u00fcln\u00e9zni a <a href=\"https:\/\/whizzopet.hu\/sk\/kategoria-produktu\/navnada-na-odmenu-pre-psov\/?wmc-currency=EUR\">jutalomfalataink<\/a> k\u00f6z\u00f6tt is.<\/p>\n<p>Ha kuty\u00e1d ink\u00e1bb \u00e1llati eredet\u0171 r\u00e1g\u00f3t r\u00e1gna, j\u00f3 alternat\u00edva lehet a <a href=\"https:\/\/whizzopet.hu\/sk\/produkt\/szaritott-szoros-nyulful-jutalomfalat-kutyanak\/?wmc-currency=EUR\">sz\u0151r\u00f6s ny\u00falf\u00fcl<\/a> is, amely szint\u00e9n term\u00e9szetes elfoglalts\u00e1got ad.<\/p>\n<div>\n<div>\n<p>&nbsp;<\/p>\n<\/div>\n<\/div>\n<p>&nbsp;<\/p>\n<div>\n<div><\/div>\n<div>\n<div><\/div>\n<\/div>\n<\/div>","protected":false},"excerpt":{"rendered":"<p>Eredeti himal\u00e1jai churpi jak- \u00e9s zebutejb\u0151l. Extr\u00e1n kem\u00e9ny, hosszan r\u00e1ghat\u00f3, term\u00e9szetes r\u00e1g\u00f3sajt kuty\u00e1knak. K\u00e9zm\u0171ves hagyom\u00e1ny alapj\u00e1n.<\/p>","protected":false},"featured_media":17504,"comment_status":"open","ping_status":"closed","template":"","meta":{"inline_featured_image":false},"product_brand":[],"product_cat":[42,37],"product_tag":[],"class_list":{"0":"post-17498","1":"product","2":"type-product","3":"status-publish","4":"has-post-thumbnail","6":"product_cat-hipoallergen-jutalomfalat","7":"product_cat-jutalomfalatok","8":"infinite-scroll-item","9":"sales-flash-overlay","10":"woocommerce-text-align-center","11":"woocommerce-image-align-center","12":"do-quantity-buttons","14":"first","15":"instock","16":"taxable","17":"shipping-taxable","18":"purchasable","19":"product-type-variable"},"_links":{"self":[{"href":"https:\/\/whizzopet.hu\/sk\/wp-json\/wp\/v2\/product\/17498","targetHints":{"allow":["GET"]}}],"collection":[{"href":"https:\/\/whizzopet.hu\/sk\/wp-json\/wp\/v2\/product"}],"about":[{"href":"https:\/\/whizzopet.hu\/sk\/wp-json\/wp\/v2\/types\/product"}],"replies":[{"embeddable":true,"href":"https:\/\/whizzopet.hu\/sk\/wp-json\/wp\/v2\/comments?post=17498"}],"wp:featuredmedia":[{"embeddable":true,"href":"https:\/\/whizzopet.hu\/sk\/wp-json\/wp\/v2\/media\/17504"}],"wp:attachment":[{"href":"https:\/\/whizzopet.hu\/sk\/wp-json\/wp\/v2\/media?parent=17498"}],"wp:term":[{"taxonomy":"product_brand","embeddable":true,"href":"https:\/\/whizzopet.hu\/sk\/wp-json\/wp\/v2\/product_brand?post=17498"},{"taxonomy":"product_cat","embeddable":true,"href":"https:\/\/whizzopet.hu\/sk\/wp-json\/wp\/v2\/product_cat?post=17498"},{"taxonomy":"product_tag","embeddable":true,"href":"https:\/\/whizzopet.hu\/sk\/wp-json\/wp\/v2\/product_tag?post=17498"}],"curies":[{"name":"wp","href":"https:\/\/api.w.org\/{rel}","templated":true}]}}