{"id":17111,"date":"2026-01-24T21:26:34","date_gmt":"2026-01-24T20:26:34","guid":{"rendered":"https:\/\/whizzopet.hu\/?post_type=product&#038;p=17111"},"modified":"2026-04-08T14:16:12","modified_gmt":"2026-04-08T12:16:12","slug":"vadnyul-huscsik","status":"publish","type":"product","link":"https:\/\/whizzopet.hu\/sk\/termek\/vadnyul-huscsik\/","title":{"rendered":"Sz\u00e1r\u00edtott vadny\u00fal h\u00fascs\u00edk jutalomfalat kuty\u00e1nak"},"content":{"rendered":"<h2>Sz\u00e1r\u00edtott vadny\u00fal h\u00fascs\u00edk kuty\u00e1knak \u2013 90% sov\u00e1ny vadny\u00falh\u00fas, 10% finomra dar\u00e1lt vadny\u00fal csont<\/h2>\n<p>A sz\u00e1r\u00edtott vadny\u00fal h\u00fascs\u00edk term\u00e9szetes, egykomponens\u0171 jutalomfalat, amely kifejezetten az \u00e9rz\u00e9keny em\u00e9szt\u00e9s\u0171, allergi\u00e1ra hajlamos kuty\u00e1k ig\u00e9nyeihez lett kialak\u00edtva. A vadny\u00fal h\u00fasa ritka feh\u00e9rjeforr\u00e1snak sz\u00e1m\u00edt, \u00edgy kiv\u00e1l\u00f3 v\u00e1laszt\u00e1s elimin\u00e1ci\u00f3s \u00e9trend, hipoallerg\u00e9n etet\u00e9s vagy v\u00e1logat\u00f3s kuty\u00e1k eset\u00e9n is.<\/p>\n<p>A magas, 90% sov\u00e1ny vadny\u00falh\u00fas-tartalom k\u00f6nnyen em\u00e9szthet\u0151, biol\u00f3giailag \u00e9rt\u00e9kes \u00e1llati feh\u00e9rj\u00e9t biztos\u00edt, amely t\u00e1mogatja az izomzat fenntart\u00e1s\u00e1t \u00e9s a megfelel\u0151 energiaszintet. A hozz\u00e1adott 10% finomra dar\u00e1lt vadny\u00fal csont term\u00e9szetes m\u00f3don j\u00e1rul hozz\u00e1 a kalcium- \u00e9s \u00e1sv\u00e1nyianyag-bevitelhez, mik\u00f6zben a cs\u00edk \u00e1llaga nem terheli t\u00fal a fogakat \u00e9s az \u00e1llkapcsot.<\/p>\n<p>A k\u00edm\u00e9letes sz\u00e1r\u00edt\u00e1si elj\u00e1r\u00e1s meg\u0151rzi az alapanyagok term\u00e9szetes t\u00e1panyag-\u00f6sszet\u00e9tel\u00e9t, \u00edz\u00e9t \u00e9s illat\u00e1t, adal\u00e9kanyagok, tart\u00f3s\u00edt\u00f3szerek vagy mesters\u00e9ges \u00f6sszetev\u0151k n\u00e9lk\u00fcl.<\/p>\n<p>Ez a jutalomfalat ide\u00e1lis:<\/p>\n<ul>\n<li>allergi\u00e1s vagy \u00e9rz\u00e9keny kuty\u00e1k sz\u00e1m\u00e1ra<\/li>\n<li>hipoallerg\u00e9n \u00e9trend kieg\u00e9sz\u00edt\u00e9s\u00e9re<\/li>\n<li>tr\u00e9ninghez, motiv\u00e1ci\u00f3s jutalomk\u00e9nt<\/li>\n<li>nyersetet\u00e9st \u00e9s t\u00e1pos etet\u00e9st k\u00f6vet\u0151 gazdiknak egyar\u00e1nt<\/li>\n<\/ul>\n<p>A vadny\u00fal h\u00fascs\u00edk nem csup\u00e1n jutalom, hanem funkcion\u00e1lis kieg\u00e9sz\u00edt\u0151 is a tudatos kutyatart\u00f3k sz\u00e1m\u00e1ra, akik term\u00e9szetes, \u00e1tl\u00e1that\u00f3 \u00f6sszet\u00e9tel\u0171 jutalomfalatot keresnek.<\/p>\n<h2>Mi\u00e9rt k\u00fcl\u00f6nleges a vadny\u00fal feh\u00e9rjeforr\u00e1s?<\/h2>\n<p>A vadny\u00fal h\u00fasa term\u00e9szetes k\u00f6rnyezetb\u0151l sz\u00e1rmaz\u00f3, rendk\u00edv\u00fcl sov\u00e1ny \u00e9s k\u00f6nnyen em\u00e9szthet\u0151 feh\u00e9rje, amelyet a kuty\u00e1k szervezete jellemz\u0151en j\u00f3l toler\u00e1l. Ritka feh\u00e9rjeforr\u00e1sk\u00e9nt ide\u00e1lis v\u00e1laszt\u00e1s allergi\u00e1s, \u00e9rz\u00e9keny em\u00e9szt\u00e9s\u0171 vagy elimin\u00e1ci\u00f3s di\u00e9t\u00e1n l\u00e9v\u0151 kuty\u00e1k sz\u00e1m\u00e1ra, mivel ritk\u00e1n szerepel a hagyom\u00e1nyos kutyaeledelek \u00f6sszetev\u0151i k\u00f6z\u00f6tt.<\/p>\n<h2>K\u00edm\u00e9letes sz\u00e1r\u00edt\u00e1s, tiszta \u00f6sszet\u00e9tel<\/h2>\n<p>A Whizzopet \u00fczem\u00e9ben sz\u00e1r\u00edt\u00e1s sor\u00e1n nem alkalmazunk adal\u00e9kanyagokat, \u00edzfokoz\u00f3kat vagy tart\u00f3s\u00edt\u00f3szereket. Az alacsony h\u0151m\u00e9rs\u00e9kleten t\u00f6rt\u00e9n\u0151 feldolgoz\u00e1s seg\u00edt meg\u0151rizni a vadny\u00fal h\u00fas\u00e1nak term\u00e9szetes \u00edz\u00e9t, illat\u00e1t \u00e9s t\u00e1p\u00e9rt\u00e9k\u00e9t, \u00edgy a jutalomfalat val\u00f3di, felismerhet\u0151 alapanyagb\u00f3l k\u00e9sz\u00fcl, pontosan abb\u00f3l, amit a c\u00edmke is mutat.<\/p>\n<div><span style=\"font-size: inherit;\">A vadny\u00fal ritka feh\u00e9rjeforr\u00e1snak sz\u00e1m\u00edt, ez\u00e9rt ez a jutalomfalat j\u00f3l illeszkedik a <a href=\"https:\/\/whizzopet.hu\/sk\/kategoria-produktu\/navnada-na-odmenu-pre-psov\/susena-kralicia-koza-pre-psov\/?wmc-currency=EUR\">hipoallerg\u00e9n jutalomfalatok <\/a> kateg\u00f3ri\u00e1j\u00e1ba, k\u00fcl\u00f6n\u00f6sen akkor, ha a kuty\u00e1d \u00e9rz\u00e9keny, allergi\u00e1ra hajlamos vagy elimin\u00e1ci\u00f3s \u00e9trenden van.<\/span><\/div>\n<div>\n<div>\n<p>Ha kifejezetten egyszer\u0171 \u00f6sszet\u00e9tel\u0171, \u00e1tl\u00e1that\u00f3 alapanyagokb\u00f3l k\u00e9sz\u00fclt jutalmat keresel, \u00e9rdemes megn\u00e9zned a <a href=\"https:\/\/whizzopet.hu\/sk\/produkt\/vadnyul-mix\/?wmc-currency=EUR\">Vadny\u00fal mix<\/a> v\u00e1logat\u00e1st is.<\/p>\n<\/div>\n<\/div>\n<div><\/div>\n<h2><\/h2>\n<p>&nbsp;<\/p>\n<div><\/div>\n<p>&nbsp;<\/p>\n<h2><\/h2>\n<p>&nbsp;<\/p>\n<p>&nbsp;<\/p>\n<p>&nbsp;<\/p>\n<p>&nbsp;<\/p>\n<p>&nbsp;<\/p>","protected":false},"excerpt":{"rendered":"<p class=\"p1\" style=\"margin: 0cm;\">A sz\u00e1r\u00edtott vadny\u00fal h\u00fascs\u00edk jutalomfalat kuty\u00e1knak 90% sov\u00e1ny vadny\u00fal h\u00fasb\u00f3l \u00e9s 10% finomra dar\u00e1lt vadny\u00fal csontb\u00f3l k\u00e9sz\u00fcl.<\/p>\n<p>Kiszerel\u00e9s: 100g<\/p>","protected":false},"featured_media":17112,"comment_status":"open","ping_status":"closed","template":"","meta":{"inline_featured_image":false},"product_brand":[],"product_cat":[42,37,80],"product_tag":[],"class_list":{"0":"post-17111","1":"product","2":"type-product","3":"status-publish","4":"has-post-thumbnail","6":"product_cat-hipoallergen-jutalomfalat","7":"product_cat-jutalomfalatok","8":"product_cat-nyul-vadnyul","9":"infinite-scroll-item","10":"sales-flash-overlay","11":"woocommerce-text-align-center","12":"woocommerce-image-align-center","13":"do-quantity-buttons","15":"first","16":"instock","17":"taxable","18":"shipping-taxable","19":"purchasable","20":"product-type-simple"},"_links":{"self":[{"href":"https:\/\/whizzopet.hu\/sk\/wp-json\/wp\/v2\/product\/17111","targetHints":{"allow":["GET"]}}],"collection":[{"href":"https:\/\/whizzopet.hu\/sk\/wp-json\/wp\/v2\/product"}],"about":[{"href":"https:\/\/whizzopet.hu\/sk\/wp-json\/wp\/v2\/types\/product"}],"replies":[{"embeddable":true,"href":"https:\/\/whizzopet.hu\/sk\/wp-json\/wp\/v2\/comments?post=17111"}],"wp:featuredmedia":[{"embeddable":true,"href":"https:\/\/whizzopet.hu\/sk\/wp-json\/wp\/v2\/media\/17112"}],"wp:attachment":[{"href":"https:\/\/whizzopet.hu\/sk\/wp-json\/wp\/v2\/media?parent=17111"}],"wp:term":[{"taxonomy":"product_brand","embeddable":true,"href":"https:\/\/whizzopet.hu\/sk\/wp-json\/wp\/v2\/product_brand?post=17111"},{"taxonomy":"product_cat","embeddable":true,"href":"https:\/\/whizzopet.hu\/sk\/wp-json\/wp\/v2\/product_cat?post=17111"},{"taxonomy":"product_tag","embeddable":true,"href":"https:\/\/whizzopet.hu\/sk\/wp-json\/wp\/v2\/product_tag?post=17111"}],"curies":[{"name":"wp","href":"https:\/\/api.w.org\/{rel}","templated":true}]}}