{"id":17105,"date":"2026-01-24T20:21:36","date_gmt":"2026-01-24T19:21:36","guid":{"rendered":"https:\/\/whizzopet.hu\/?post_type=product&#038;p=17105"},"modified":"2026-04-29T18:37:46","modified_gmt":"2026-04-29T16:37:46","slug":"vadnyul-lapocka","status":"publish","type":"product","link":"https:\/\/whizzopet.hu\/sk\/termek\/vadnyul-lapocka\/","title":{"rendered":"Sz\u00e1r\u00edtott vadny\u00fal lapocka jutalomfalat kuty\u00e1nak"},"content":{"rendered":"<h2>Vadny\u00fal lapocka \u2013 h\u00fasos, csontos r\u00e1g\u00f3 kuty\u00e1knak<\/h2>\n<p>A vadny\u00fal lapocka h\u00fasosabb csontos r\u00e9sz, amely term\u00e9szetes m\u00f3don \u00f6tv\u00f6zi a r\u00e1g\u00e1s \u00e9lm\u00e9ny\u00e9t \u00e9s a val\u00f3di \u00e1llati feh\u00e9rjebevitelt. Nem puszta csont, \u00e9s nem klasszikus jutalomfalat: \u00e1tmenetet k\u00e9pez a kett\u0151 k\u00f6z\u00f6tt, ez\u00e9rt ide\u00e1lis v\u00e1laszt\u00e1s azoknak a kuty\u00e1knak, akik szeretnek r\u00e1gni, de k\u00f6zben \u00e9rt\u00e9kes t\u00e1panyagokat is kapjanak.<\/p>\n<p>A vadny\u00fal ritk\u00e1n haszn\u00e1lt feh\u00e9rjeforr\u00e1s a kuty\u00e1k \u00e9trendj\u00e9ben. H\u00fasa term\u00e9szet\u00e9n\u00e9l fogva sov\u00e1nyabb, mint a legt\u00f6bb h\u00e1zi\u00e1llat\u00e9, ez\u00e9rt a vadny\u00fal lapocka k\u00fcl\u00f6n\u00f6sen j\u00f3l illeszthet\u0151 \u00e9rz\u00e9keny, allergi\u00e1ra hajlamos kuty\u00e1k \u00e9trendj\u00e9be, ahol fontos a feh\u00e9rjeforr\u00e1sok tudatos megv\u00e1laszt\u00e1sa \u00e9s v\u00e1ltogat\u00e1sa.<\/p>\n<h2>Mi a vadny\u00fal lapocka, \u00e9s miben m\u00e1s, mint egy hagyom\u00e1nyos r\u00e1g\u00f3csont?<\/h2>\n<p>A vadny\u00fal lapocka fel\u00e9p\u00edt\u00e9s\u00e9b\u0151l ad\u00f3d\u00f3an jelent\u0151s mennyis\u00e9g\u0171 izomh\u00fas \u00e9s k\u00f6t\u0151sz\u00f6vet , \u00edgy r\u00e1g\u00e1s k\u00f6zben nem kiz\u00e1r\u00f3lag mechanikai ellen\u00e1ll\u00e1st ny\u00fajt, hanem t\u00e1pl\u00e1lkoz\u00e1si \u00e9rt\u00e9kkel is b\u00edr. Ez k\u00fcl\u00f6nb\u00f6zteti meg a klasszikus, kiz\u00e1r\u00f3lag csontos r\u00e1g\u00f3kt\u00f3l.<\/p>\n<h2>H\u00fasos csontos r\u00e1g\u00f3 \u2013 anat\u00f3miai fel\u00e9p\u00edt\u00e9s a v\u00e1ll\u00f6vb\u0151l<\/h2>\n<p>A lapocka a v\u00e1ll\u00f6v r\u00e9sze, amelyet a vadny\u00fal akt\u00edv mozg\u00e1s sor\u00e1n folyamatosan haszn\u00e1l. Ennek k\u00f6sz\u00f6nhet\u0151en a csontot izomh\u00fas, inas \u00e9s k\u00f6t\u0151sz\u00f6veti r\u00e9tegek fedik. Ez a szerkezet r\u00e1g\u00e1s k\u00f6zben fokozatos, egyenletes terhel\u00e9st biztos\u00edt az \u00e1llkapocs sz\u00e1m\u00e1ra, szemben a szinte teljesen h\u00fasmentes, extr\u00e9m kem\u00e9ny csontokkal.<\/p>\n<p>A r\u00e1g\u00e1s sor\u00e1n a kutya el\u0151sz\u00f6r a h\u00fasos r\u00e9szeket dolgozza meg, majd fokozatosan jut el a csontos strukt\u00far\u00e1hoz. Ez a term\u00e9szetes sorrend teszi a vadny\u00fal lapock\u00e1t kiegyens\u00falyozott r\u00e1g\u00f3v\u00e1, amely tart\u00f3s, m\u00e9gsem t\u00falzottan megterhel\u0151.<\/p>\n<h2>Vadny\u00fal mint feh\u00e9rjeforr\u00e1s: ritka, sov\u00e1ny, j\u00f3l toler\u00e1lhat\u00f3<\/h2>\n<p>A vadny\u00fal h\u00fasa ritka feh\u00e9rjeforr\u00e1s a kuty\u00e1k t\u00f6bbs\u00e9ge sz\u00e1m\u00e1ra, ez\u00e9rt alacsonyabb az es\u00e9lye az immunrendszeri t\u00fal\u00e9rz\u00e9keny reakci\u00f3knak, mint a gyakran etetett feh\u00e9rj\u00e9kn\u00e9l (pl. csirke, marha). Term\u00e9szetes sov\u00e1nys\u00e1ga miatt zs\u00edrtartalma m\u00e9rs\u00e9kelt, \u00edgy k\u00edm\u00e9letesebb v\u00e1laszt\u00e1s lehet \u00e9rz\u00e9kenyebb em\u00e9szt\u00e9s\u0171 kuty\u00e1kn\u00e1l.<\/p>\n<h2>Feh\u00e9rje, aminosavak \u00e9s \u00e1sv\u00e1nyi anyagok egyens\u00falya<\/h2>\n<p>A vadny\u00fal lapocka magas biol\u00f3giai \u00e9rt\u00e9k\u0171 \u00e1llati feh\u00e9rj\u00e9t tartalmaz, term\u00e9szetes form\u00e1ban jelen l\u00e9v\u0151 esszenci\u00e1lis aminosavakkal. A csontos r\u00e9sznek k\u00f6sz\u00f6nhet\u0151en \u00e1sv\u00e1nyianyag-tartalma is jelent\u0151s.<\/p>\n<p>Fontos hangs\u00falyozni, hogy ez a term\u00e9k nem napi f\u0151\u00e9tel, hanem kieg\u00e9sz\u00edt\u0151 r\u00e1g\u00f3. Nem a teljes \u00e9rt\u00e9k\u0171 takarm\u00e1ny kiv\u00e1lt\u00e1s\u00e1ra szolg\u00e1l, hanem az \u00e9trend tudatos kieg\u00e9sz\u00edt\u00e9s\u00e9re \u00e9s a r\u00e1g\u00e1s term\u00e9szetes ig\u00e9ny\u00e9nek kiel\u00e9g\u00edt\u00e9s\u00e9re.<\/p>\n<h2>Mi t\u00f6rt\u00e9nik a kuty\u00e1val r\u00e1g\u00e1s k\u00f6zben?<\/h2>\n<p>A r\u00e1g\u00e1s a kuty\u00e1k sz\u00e1m\u00e1ra biol\u00f3giai sz\u00fcks\u00e9glet. A vadny\u00fal lapocka h\u00fasos\u2013csontos fel\u00e9p\u00edt\u00e9se lehet\u0151v\u00e9 teszi a l\u00e9pcs\u0151zetes r\u00e1g\u00e1st, amely term\u00e9szetes m\u00f3don haszn\u00e1lja az \u00e1llkapocs izmait. A r\u00e1g\u00e1s sor\u00e1n a kutya ment\u00e1lisan is lef\u00e1rad, ami sok esetben nyugtat\u00f3, stresszcs\u00f6kkent\u0151 hat\u00e1ssal j\u00e1r.<\/p>\n<h2>Allergi\u00e1s \u00e9s \u00e9rz\u00e9keny kuty\u00e1k \u00e9trendj\u00e9ben is j\u00f3 v\u00e1laszt\u00e1s<\/h2>\n<p>A vadny\u00fal lapocka egykomponens\u0171, nem tartalmaz hozz\u00e1adott \u00edzfokoz\u00f3t, tart\u00f3s\u00edt\u00f3szert vagy n\u00f6v\u00e9nyi \u00f6sszetev\u0151ket. Ez k\u00fcl\u00f6n\u00f6sen fontos allergi\u00e1s vagy elimin\u00e1ci\u00f3s \u00e9trendet k\u00f6vet\u0151 kuty\u00e1k eset\u00e9ben, ahol a c\u00e9l a kiv\u00e1lt\u00f3 t\u00e9nyez\u0151k minimaliz\u00e1l\u00e1sa.<\/p>\n<h2>Milyen kuty\u00e1knak aj\u00e1nlott a vadny\u00fal lapocka?<\/h2>\n<ul>\n<li>k\u00f6zepes \u00e9s nagyobb test\u0171 kuty\u00e1knak,<\/li>\n<li>olyan kedvenceknek, akik szeretnek r\u00e1gni, de nem extr\u00e9m r\u00e1g\u00f3k,<\/li>\n<li>allergi\u00e1ra vagy \u00e9rz\u00e9keny em\u00e9szt\u00e9sre hajlamos kuty\u00e1knak,<\/li>\n<li>gazdiknak, akik ritka, term\u00e9szetes feh\u00e9rjeforr\u00e1st keresnek az \u00e9trend kieg\u00e9sz\u00edt\u00e9s\u00e9re.<\/li>\n<\/ul>\n<p>&nbsp;<\/p>\n<p>Ha a kuty\u00e1d kifejezetten csontos r\u00e1g\u00f3kat kedvel, \u00e9rdemes megn\u00e9zned a <a href=\"https:\/\/whizzopet.hu\/sk\/produkt\/vadnyul-borda\/?wmc-currency=EUR\">Vadny\u00fal bord\u00e1t<\/a>, amely v\u00e9konyabb r\u00e1g\u00f3, \u00e9s m\u00e1s r\u00e1g\u00e1si \u00e9lm\u00e9nyt ad, mint a h\u00fasosabb lapocka.<\/p>\n<div><span style=\"font-size: inherit;\">Ha a kuty\u00e1d ink\u00e1bb csontmentes r\u00e1g\u00f3t keres, \u00e9rdemes megn\u00e9zned a <a href=\"https:\/\/whizzopet.hu\/sk\/kategoria-produktu\/navnada-na-odmenu-pre-psov\/?wmc-currency=EUR\">Kutya jutalomfalatokat<\/a>. <\/span><\/div>\n<p>&nbsp;<\/p>\n<h2><\/h2>\n<p>&nbsp;<\/p>\n<p>&nbsp;<\/p>\n<p>&nbsp;<\/p>\n<p>&nbsp;<\/p>\n<p>&nbsp;<\/p>","protected":false},"excerpt":{"rendered":"<p class=\"p1\" style=\"margin: 0cm;\">A sz\u00e1r\u00edtott vadny\u00fal lapocka jutalomfalat kuty\u00e1knak egy hipoallerg\u00e9n csontos jutalomfalat, sov\u00e1ny ny\u00falh\u00fasb\u00f3. Term\u00e9szetes, zs\u00e1km\u00e1nyszer\u0171 r\u00e1g\u00e1si \u00e9lm\u00e9ny.<\/p>\n<p>Kiszerel\u00e9s: 100g<\/p>","protected":false},"featured_media":17106,"comment_status":"open","ping_status":"closed","template":"","meta":{"inline_featured_image":false},"product_brand":[],"product_cat":[42,37,80],"product_tag":[],"class_list":{"0":"post-17105","1":"product","2":"type-product","3":"status-publish","4":"has-post-thumbnail","6":"product_cat-hipoallergen-jutalomfalat","7":"product_cat-jutalomfalatok","8":"product_cat-nyul-vadnyul","9":"infinite-scroll-item","10":"sales-flash-overlay","11":"woocommerce-text-align-center","12":"woocommerce-image-align-center","13":"do-quantity-buttons","15":"first","16":"instock","17":"taxable","18":"shipping-taxable","19":"purchasable","20":"product-type-simple"},"_links":{"self":[{"href":"https:\/\/whizzopet.hu\/sk\/wp-json\/wp\/v2\/product\/17105","targetHints":{"allow":["GET"]}}],"collection":[{"href":"https:\/\/whizzopet.hu\/sk\/wp-json\/wp\/v2\/product"}],"about":[{"href":"https:\/\/whizzopet.hu\/sk\/wp-json\/wp\/v2\/types\/product"}],"replies":[{"embeddable":true,"href":"https:\/\/whizzopet.hu\/sk\/wp-json\/wp\/v2\/comments?post=17105"}],"wp:featuredmedia":[{"embeddable":true,"href":"https:\/\/whizzopet.hu\/sk\/wp-json\/wp\/v2\/media\/17106"}],"wp:attachment":[{"href":"https:\/\/whizzopet.hu\/sk\/wp-json\/wp\/v2\/media?parent=17105"}],"wp:term":[{"taxonomy":"product_brand","embeddable":true,"href":"https:\/\/whizzopet.hu\/sk\/wp-json\/wp\/v2\/product_brand?post=17105"},{"taxonomy":"product_cat","embeddable":true,"href":"https:\/\/whizzopet.hu\/sk\/wp-json\/wp\/v2\/product_cat?post=17105"},{"taxonomy":"product_tag","embeddable":true,"href":"https:\/\/whizzopet.hu\/sk\/wp-json\/wp\/v2\/product_tag?post=17105"}],"curies":[{"name":"wp","href":"https:\/\/api.w.org\/{rel}","templated":true}]}}