{"id":17100,"date":"2026-01-24T18:30:30","date_gmt":"2026-01-24T17:30:30","guid":{"rendered":"https:\/\/whizzopet.hu\/?post_type=product&#038;p=17100"},"modified":"2026-04-17T09:30:17","modified_gmt":"2026-04-17T07:30:17","slug":"vadnyul-borda","status":"publish","type":"product","link":"https:\/\/whizzopet.hu\/sk\/termek\/vadnyul-borda\/","title":{"rendered":"Sz\u00e1r\u00edtott vadny\u00fal borda jutalomfalat kuty\u00e1nak"},"content":{"rendered":"<h2>Sz\u00e1r\u00edtott vadny\u00fal borda kuty\u00e1knak<\/h2>\n<p>A sz\u00e1r\u00edtott vadny\u00fal borda egy k\u00fcl\u00f6nleges, anat\u00f3miailag is izgalmas r\u00e1g\u00f3falat, amely a vadny\u00fal mellkasi r\u00e9sz\u00e9b\u0151l sz\u00e1rmazik. A bord\u00e1k term\u00e9szetes \u00edvelts\u00e9ge \u00e9s r\u00e9tegzett fel\u00e9p\u00edt\u00e9se miatt ez a term\u00e9k nem egyszer\u0171en \u201eelfogy\u201d, hanem val\u00f3di r\u00e1g\u00e1si \u00e9lm\u00e9nyt ad. A kutya nem egy homog\u00e9n fel\u00fcletet kap, hanem bord\u00e1s, tagolt szerkezetet, amely \u00f6szt\u00f6n\u00f6sen munk\u00e1ra k\u00e9szteti az \u00e1llkapcsot.<\/p>\n<p>A vadny\u00fal borda r\u00e1g\u00e1sa k\u00f6zel \u00e1ll a term\u00e9szetes zs\u00e1km\u00e1nyfeldolgoz\u00e1shoz. A bord\u00e1k k\u00f6z\u00f6tti h\u00fasos r\u00e9szek, inak \u00e9s csontszegmensek egy\u00fcttese miatt a kutya nem egyetlen ponton dolgozik, hanem folyamatosan v\u00e1ltja a r\u00e1g\u00e1si poz\u00edci\u00f3t.<\/p>\n<h2>A bord\u00e1s szerkezet el\u0151nye r\u00e1g\u00e1s k\u00f6zben<\/h2>\n<p>A bord\u00e1k term\u00e9szetes \u00edvei \u00e9s a k\u00f6zt\u00fck fut\u00f3 h\u00fasos, k\u00f6t\u0151sz\u00f6vetes r\u00e9szek v\u00e1ltozatos terhel\u00e9st adnak az \u00e1llkapocsnak. Ez nem csak \u00e9lvezetesebb a kutya sz\u00e1m\u00e1ra, hanem lass\u00edtja az elfogy\u00e1st, \u00e9s hosszabb ideig k\u00f6ti le, mint egy sima, lapos r\u00e1g\u00f3falat. A r\u00e1g\u00e1s sor\u00e1n a bord\u00e1k fel\u00fclete mechanikusan \u00e9rintkezik a fogakkal, ami hozz\u00e1j\u00e1rulhat a leped\u00e9k elt\u00e1vol\u00edt\u00e1s\u00e1hoz, mik\u00f6zben a kutya term\u00e9szetes r\u00e1g\u00e1si \u00f6szt\u00f6ne is kiel\u00e9g\u00fcl.<\/p>\n<h2>Hogyan r\u00e1gja a kutya a vadny\u00fal bord\u00e1t \u2013 \u00e9s mi\u00e9rt biztons\u00e1gosabb \u00e9lm\u00e9ny?<\/h2>\n<p>A vadny\u00fal borda r\u00e1g\u00e1sa eg\u00e9szen m\u00e1s m\u00f3don t\u00f6rt\u00e9nik, mint egy vastag, hengeres csont eset\u00e9ben. A bord\u00e1k laposabb, \u00edvelt form\u00e1ja miatt a kutya\u00a0nem tudja teljes er\u0151b\u0151l \u201eharap\u00f3csontk\u00e9nt\u201d terhelni, hanem ink\u00e1bb oldalir\u00e1nyban, sz\u00e1lazva dolgozik rajta. Ez term\u00e9szetesebb mozg\u00e1st eredm\u00e9nyez az \u00e1llkapocs sz\u00e1m\u00e1ra, \u00e9s cs\u00f6kkenti a t\u00falzott, koncentr\u00e1lt terhel\u00e9st.<\/p>\n<p>A bord\u00e1k k\u00f6z\u00f6tti h\u00fasos \u00e9s k\u00f6t\u0151sz\u00f6vetes r\u00e9szek miatt a r\u00e1g\u00e1s\u00a0nem pattint\u00e1sos, hanem fokozatos bont\u00e1s. A kutya t\u00e9p, h\u00faz, forgat, k\u00f6zben folyamatosan v\u00e1ltja a fog\u00e1spontot. Ez nemcsak \u00e9lvezetesebb, hanem kontroll\u00e1ltabb r\u00e1g\u00e1st is jelent, k\u00fcl\u00f6n\u00f6sen olyan kuty\u00e1kn\u00e1l, akik hajlamosak t\u00fal gyorsan \u201er\u00e1menni\u201d a kem\u00e9nyebb csontokra.<\/p>\n<p>A vadny\u00fal borda form\u00e1ja miatt a kutya k\u00f6nnyebben meg tudja fogni a mancs\u00e1val, nem cs\u00faszik el \u00fagy, mint egy sima fel\u00fclet\u0171 r\u00e1g\u00f3. Ez n\u00f6veli a biztons\u00e1g\u00e9rzetet r\u00e1g\u00e1s k\u00f6zben, \u00e9s seg\u00edt abban, hogy a kutya nyugodtabban, f\u00f3kusz\u00e1ltabban foglalkozzon vele.<\/p>\n<h2>Mi\u00e9rt k\u00fcl\u00f6nleges a vadny\u00fal, mint alapanyag?<\/h2>\n<p>A vadny\u00fal az egyik legterm\u00e9szetesebb, legkev\u00e9sb\u00e9 terhelt feh\u00e9rjeforr\u00e1s. Sov\u00e1ny, j\u00f3l em\u00e9szthet\u0151, \u00e9s ritk\u00e1n haszn\u00e1lt feh\u00e9rje, ez\u00e9rt a kuty\u00e1k t\u00falnyom\u00f3 t\u00f6bbs\u00e9ge nem tal\u00e1lkozott vele kor\u00e1bban. Emiatt a vadny\u00fal kifejezetten el\u0151ny\u00f6s v\u00e1laszt\u00e1s lehet \u00e9rz\u00e9keny, allergi\u00e1ra hajlamos kuty\u00e1k sz\u00e1m\u00e1ra is.<\/p>\n<p>A vadny\u00fal borda nem zs\u00edros, hanem k\u00f6nnyedebb, m\u00e9gis \u00e9lvezetes, amely j\u00f3l illeszthet\u0151 kiegyens\u00falyozott \u00e9trendbe.<\/p>\n<h2>Kinek aj\u00e1nlott a sz\u00e1r\u00edtott vadny\u00fal borda?<\/h2>\n<p>A vadny\u00fal borda ide\u00e1lis v\u00e1laszt\u00e1s:<\/p>\n<p>\u2013 k\u00f6zepes test\u0171 kuty\u00e1knak,<\/p>\n<p>\u2013 \u00e9rz\u00e9keny, allergi\u00e1s kuty\u00e1knak novel protein miatt,<\/p>\n<p>\u2013 olyan kuty\u00e1knak, akik szeretik a term\u00e9szetes, zs\u00e1km\u00e1nyszer\u0171 r\u00e1g\u00e1st,<\/p>\n<p>\u2013 gazdiknak, akik nem extr\u00e9m kem\u00e9ny csontot, hanem struktur\u00e1lt r\u00e1g\u00f3falatot keresnek.<\/p>\n<p>Nagytest\u0171, nagyon er\u0151s r\u00e1g\u00f3kn\u00e1l ink\u00e1bb r\u00f6videbb elfoglalts\u00e1gk\u00e9nt funkcion\u00e1l, nem extr\u00e9m r\u00e1g\u00f3csontk\u00e9nt.<\/p>\n<p>Ha szeretn\u00e9l kipr\u00f3b\u00e1lni t\u00f6bb vadny\u00fal jutalomfalatot, akkor n\u00e9zd meg a <a href=\"https:\/\/whizzopet.hu\/sk\/produkt\/vadnyul-mix\/?wmc-currency=EUR\">Vadny\u00fal mix<\/a> v\u00e1logat\u00e1st. Ha tov\u00e1bbi hipoallerg\u00e9n jutalomfalatokat szeretn\u00e9l kutyusodnak, akkor \u00e9rdemes m\u00e9g k\u00f6rben\u00e9zni a <a href=\"https:\/\/whizzopet.hu\/sk\/kategoria-produktu\/navnada-na-odmenu-pre-psov\/?wmc-currency=EUR\">Poch\u00fa\u0165ky pre psov<\/a> k\u00f6z\u00f6tt.<\/p>\n<h2><\/h2>\n<p>&nbsp;<\/p>\n<h2><\/h2>\n<p>&nbsp;<\/p>\n<p>&nbsp;<\/p>\n<p>&nbsp;<\/p>\n<p>&nbsp;<\/p>\n<p>&nbsp;<\/p>","protected":false},"excerpt":{"rendered":"<p class=\"p1\" style=\"margin: 0cm;\">A sz\u00e1r\u00edtott vadny\u00fal borda jutalomfalat kuty\u00e1knak egy hipoallerg\u00e9n csontos jutalomfalat, mely term\u00e9szetes r\u00e1g\u00e1si \u00e9lm\u00e9nyt ad.<\/p>\n<p>Kiszerel\u00e9s: 100g<\/p>","protected":false},"featured_media":17101,"comment_status":"open","ping_status":"closed","template":"","meta":{"inline_featured_image":false},"product_brand":[],"product_cat":[42,37,80],"product_tag":[],"class_list":{"0":"post-17100","1":"product","2":"type-product","3":"status-publish","4":"has-post-thumbnail","6":"product_cat-hipoallergen-jutalomfalat","7":"product_cat-jutalomfalatok","8":"product_cat-nyul-vadnyul","9":"infinite-scroll-item","10":"sales-flash-overlay","11":"woocommerce-text-align-center","12":"woocommerce-image-align-center","13":"do-quantity-buttons","15":"first","16":"instock","17":"taxable","18":"shipping-taxable","19":"purchasable","20":"product-type-simple"},"_links":{"self":[{"href":"https:\/\/whizzopet.hu\/sk\/wp-json\/wp\/v2\/product\/17100","targetHints":{"allow":["GET"]}}],"collection":[{"href":"https:\/\/whizzopet.hu\/sk\/wp-json\/wp\/v2\/product"}],"about":[{"href":"https:\/\/whizzopet.hu\/sk\/wp-json\/wp\/v2\/types\/product"}],"replies":[{"embeddable":true,"href":"https:\/\/whizzopet.hu\/sk\/wp-json\/wp\/v2\/comments?post=17100"}],"wp:featuredmedia":[{"embeddable":true,"href":"https:\/\/whizzopet.hu\/sk\/wp-json\/wp\/v2\/media\/17101"}],"wp:attachment":[{"href":"https:\/\/whizzopet.hu\/sk\/wp-json\/wp\/v2\/media?parent=17100"}],"wp:term":[{"taxonomy":"product_brand","embeddable":true,"href":"https:\/\/whizzopet.hu\/sk\/wp-json\/wp\/v2\/product_brand?post=17100"},{"taxonomy":"product_cat","embeddable":true,"href":"https:\/\/whizzopet.hu\/sk\/wp-json\/wp\/v2\/product_cat?post=17100"},{"taxonomy":"product_tag","embeddable":true,"href":"https:\/\/whizzopet.hu\/sk\/wp-json\/wp\/v2\/product_tag?post=17100"}],"curies":[{"name":"wp","href":"https:\/\/api.w.org\/{rel}","templated":true}]}}