{"id":1615,"date":"2024-07-04T08:43:23","date_gmt":"2024-07-04T06:43:23","guid":{"rendered":"https:\/\/whizzopet.hu\/?post_type=product&#038;p=1615"},"modified":"2026-04-20T12:07:22","modified_gmt":"2026-04-20T10:07:22","slug":"premiova-zuvacia-tycinka-z-kavovnika","status":"publish","type":"product","link":"https:\/\/whizzopet.hu\/sk\/termek\/premium-kavefa-ragobot\/","title":{"rendered":"Pr\u00e9miov\u00e1 \u017euvacia ty\u010dinka z k\u00e1vovn\u00edka"},"content":{"rendered":"<h3>Vlastnosti \u017euvacej ty\u010dinky z k\u00e1vovn\u00edka:<\/h3>\n<p><strong>Hypoalerg\u00e9nne:<\/strong> \u017duva\u010dky z k\u00e1vovn\u00edka s\u00fa 100% pr\u00edrodn\u00e9, bez kofe\u00ednu, alerg\u00e9nov a \u00faplne bez chemick\u00fdch l\u00e1tok.<\/p>\n<p><strong>\u010cistenie zubov:<\/strong>\u00a0Prirodzene pom\u00e1ha \u010disti\u0165 zuby a \u010fasn\u00e1, zni\u017euje tvorbu zubn\u00e9ho kame\u0148a a osvie\u017euje dych.<\/p>\n<p><strong>Posil\u0148uj\u00faci \u00fa\u010dinok:<\/strong>\u00a0Pom\u00e1ha posil\u0148ova\u0165 \u017euvacie svaly, \u010d\u00edm zlep\u0161uje celkov\u00e9 zdravie \u010de\u013eust\u00ed v\u00e1\u0161ho psa.<\/p>\n<p><strong>Ve\u013ekos\u0165:<\/strong> El\u00e9rhet\u0151 k\u00fcl\u00f6nb\u00f6z\u0151 m\u00e9retekben, hogy t\u00f6k\u00e9letesen illeszkedjen kuty\u00e1d m\u00e9ret\u00e9hez \u00e9s r\u00e1g\u00e1si szok\u00e1saihoz (S, M, L, XL, XXL).<\/p>\n<p><strong>Pre\u010do si vybra\u0165 \u017euvaciu ty\u010dinku z k\u00e1vovn\u00edka?<\/strong><\/p>\n<p><strong>Prirodzen\u00e1 \u00fastna hygiena:\u00a0<\/strong>\u017duvacie ty\u010dinky pom\u00e1haj\u00fa udr\u017eova\u0165 zuby psov v prirodzenej \u010distote, podporuj\u00fa odstra\u0148ovanie zubn\u00e9ho kame\u0148a a zni\u017euj\u00fa mo\u017enos\u0165 ochorenia \u00fastnej dutiny.<\/p>\n<p><strong>Dlhotrvaj\u00faca z\u00e1bava:<\/strong>\u00a0K\u00e1vov\u00e9 \u017euva\u010dky s\u00fa mimoriadne odoln\u00e9 a poskytuj\u00fa dlhotrvaj\u00facu z\u00e1bavu aj t\u00fdm najakt\u00edvnej\u0161\u00edm \u017euva\u010dom. Pom\u00e1haj\u00fa tak udr\u017eova\u0165 n\u00edzku hladinu energie v\u00e1\u0161ho psa a zni\u017euj\u00fa de\u0161trukt\u00edvne spr\u00e1vanie.<\/p>\n<p><strong>Odb\u00faravanie stresu:<\/strong>\u00a0\u017duvanie je pre psov in\u0161tinkt\u00edvna upokojuj\u00faca a stres zni\u017euj\u00faca aktivita.<\/p>\n<p><strong>Udr\u017eate\u013en\u00e1 vo\u013eba:<\/strong>\u00a0K\u00e1vovn\u00edk poch\u00e1dza z obnovite\u013en\u00e9ho zdroja, tak\u017ee \u017euvacie ty\u010dinky s\u00fa ekologicky \u0161etrnou vo\u013ebou.<\/p>\n<p><strong>\u0160peci\u00e1lna v\u00f4\u0148a:<\/strong>\u00a0Pr\u00edrodn\u00e1 v\u00f4\u0148a k\u00e1vovn\u00edka je pre psov pr\u00ed\u0165a\u017eliv\u00e1, zvy\u0161uje atraktivitu v\u00fdrobku a z\u00e1rove\u0148 osvie\u017euje dych psa bez pou\u017eitia umel\u00fdch vonn\u00fdch l\u00e1tok alebo ar\u00f3m.<\/p>\n<p><strong>Bezpe\u010dn\u00e9 a spo\u013eahliv\u00e9:<\/strong> Pr\u00edrodn\u00fd k\u00e1vovn\u00edk bez kofe\u00ednu zaru\u010duje, \u017ee v\u00fdrobok je bezpe\u010dn\u00fd, pevn\u00fd a odoln\u00fd na rozdiel od vetiev z oby\u010dajn\u00e9ho dreva, ktor\u00e9 sa m\u00f4\u017eu \u013eahko roz\u0161tiepi\u0165 a zanecha\u0165 v tlame psa nebezpe\u010dn\u00e9 ostr\u00e9 k\u00fasky, ktor\u00e9 m\u00f4\u017eu sp\u00f4sobi\u0165 v\u00e1\u017ene vn\u00fatorn\u00e9 zranenia. sa st\u00e1le jedn\u00e1 o oby\u010dajn\u00fd kus opracovan\u00e9ho dreva, do ktor\u00e9ho nie je ni\u010d pridan\u00e9, m\u00f4\u017eu sa k\u00fasky odlomi\u0165.<\/p>\n<p>Urobte svojmu mil\u00e1\u010dikovi rados\u0165 touto \u0161peci\u00e1lnou pr\u00edrodnou \u017euvacou ty\u010dinkou a z\u00e1rove\u0148 chr\u00e1\u0148te zdravie a svie\u017eos\u0165 jeho zubov!<\/p>\n<p><strong>Pri pou\u017e\u00edvan\u00ed ak\u00e9hoko\u013evek \u017euvacieho zariadenia, vr\u00e1tane \u017euvacej ty\u010dinky z k\u00e1vovn\u00edka, odpor\u00fa\u010dame dohliada\u0165 na \u010dinnos\u0165 v\u00e1\u0161ho psa, aby \u017euvanie pre neho zostalo bezpe\u010dn\u00e9 a pr\u00edjemn\u00e9.<\/strong><\/p>\n<p>K\u00e1v\u00e9fabotot nem vesz\u00fcnk vissza higi\u00e9niai okokb\u00f3l, k\u00e9rlek olvasd el az ide vonatkoz\u00f3 \u00c1SZF-et (7.1.15). <a href=\"https:\/\/whizzopet.hu\/sk\/vseobecne-obchodne-podmienky\/?wmc-currency=EUR\">V\u0161eobecn\u00e9 obchodn\u00e9 podmienky<\/a><\/p>","protected":false},"excerpt":{"rendered":"[trp_language language=\"hu_HU\"]<br \/>\n<strong>Term\u00e9szetes \u00e9s eg\u00e9szs\u00e9ges fogtiszt\u00edt\u00e1s kedvencednek<\/strong><\/p>\n<p>Tegy\u00e9l t\u00f6bbet kuty\u00e1d eg\u00e9szs\u00e9g\u00e9\u00e9rt \u00e9s boldogs\u00e1g\u00e1\u00e9rt!<\/p>\n<p>Ez a r\u00e1g\u00f3bot ide\u00e1lis v\u00e1laszt\u00e1s, ha sz\u00e1modra fontos, hogy a csal\u00e1d n\u00e9gyl\u00e1b\u00fa tagja is csak a legjobbat kapja!<\/p>\n<p><strong>Mi\u00e9rt pont ezt vedd meg r\u00e1g\u00f3k\u00e1nak?<\/strong><\/p>\n<p>A k\u00e1v\u00e9fa kifejezetten j\u00f3 v\u00e1laszt\u00e1s a kuty\u00e1d sz\u00e1m\u00e1ra r\u00e1g\u00f3botk\u00e9nt, mert:<\/p>\n<ol>\n<li><strong>Biztons\u00e1gos \u00e9s term\u00e9szetes<\/strong>: A k\u00e1v\u00e9fa term\u00e9szetes anyag, ami nem tartalmaz mesters\u00e9ges adal\u00e9kokat vagy vegyi anyagokat. Kuty\u00e1knak kifejlesztett v\u00e1ltozata nem szil\u00e1nkosodik, \u00edgy kisebb az es\u00e9lye annak, hogy \u00e9les darabok szakadjanak le r\u00f3la, amelyek esetleg s\u00e9r\u00fcl\u00e9st okozhatn\u00e1nak.<\/li>\n<li><strong>Kem\u00e9ny, de nem t\u00fal kem\u00e9ny<\/strong>: A k\u00e1v\u00e9fa kell\u0151en kem\u00e9ny ahhoz, hogy a kuty\u00e1nak r\u00e1g\u00e1s\u00e9lm\u00e9nyt ny\u00fajtson, ugyanakkor nem olyan kem\u00e9ny, mint a szarvasagancs vagy m\u00e1s r\u00e1g\u00f3k, \u00edgy k\u00edm\u00e9letesebb a fogakhoz. Ezzel megel\u0151zhet\u0151 a fogak s\u00e9r\u00fcl\u00e9se, ami a t\u00fal kem\u00e9ny anyagokn\u00e1l el\u0151fordulhat.<\/li>\n<li><strong>Seg\u00edt a fogak tiszt\u00e1n tart\u00e1s\u00e1ban<\/strong>: A r\u00e1g\u00e1s term\u00e9szetes m\u00f3don tiszt\u00edtja a fogakat \u00e9s cs\u00f6kkenti a fogk\u0151 k\u00e9pz\u0151d\u00e9s\u00e9t, ami hossz\u00fa t\u00e1von az \u00ednybetegs\u00e9gek \u00e9s a rossz lehelet elker\u00fcl\u00e9s\u00e9ben is seg\u00edthet.<\/li>\n<li><strong>J\u00f3 elfoglalts\u00e1g \u00e9s stresszold\u00f3 hat\u00e1s<\/strong>: A r\u00e1g\u00e1s term\u00e9szetes \u00f6szt\u00f6n, \u00e9s a k\u00e1v\u00e9fa bot nagyszer\u0171en lefoglalja a kuty\u00e1t, amely \u00edgy levezetheti energi\u00e1it \u00e9s stressz\u00e9t. Ez k\u00fcl\u00f6n\u00f6sen hasznos lehet a szorong\u00e1sra hajlamos vagy akt\u00edv kuty\u00e1k eset\u00e9ben.<\/li>\n<li><strong>Kal\u00f3riamentes<\/strong>: A r\u00e1g\u00f3bot nem tartalmaz kal\u00f3ri\u00e1t, ellent\u00e9tben a jutalomfalatokkal, \u00edgy kiv\u00e1l\u00f3 lehet\u0151s\u00e9g az elh\u00edz\u00e1sra hajlamos kuty\u00e1k sz\u00e1m\u00e1ra is.<\/li>\n<\/ol>\n<p>A k\u00e1v\u00e9fa teh\u00e1t egy olyan r\u00e1g\u00f3fa, amely biztons\u00e1gos, eg\u00e9szs\u00e9ges \u00e9s sokf\u00e9le m\u00f3don hozz\u00e1j\u00e1rulhat kuty\u00e1d j\u00f3ll\u00e9t\u00e9hez.<br \/>\n[\/trp_language]\n[trp_language language=\"sk_SK\"]<br \/>\n<strong>Zdrav\u00e9 a pr\u00edrodn\u00e9 \u010distenie zubov<\/strong><\/p>\n<p>Zozn\u00e1mte sa so \u017euvacou ty\u010dinkou z k\u00e1vovn\u00edka Whizzopet, ktor\u00e1 novo definuje \u017euvanie v\u00e1\u0161ho dom\u00e1ceho mazn\u00e1\u010dika! T\u00e1to prvotriedna pr\u00edrodn\u00e1 \u017euvacia ty\u010dinka je \u0161peci\u00e1lne navrhnut\u00e1 pre zdrav\u00e9 a bezpe\u010dn\u00e9 \u017euvanie psov. Podporte zdravie a z\u00e1bavu svojho mazn\u00e1\u010dika v\u00fdrobkom, ktor\u00fd prispieva k \u010distote zubov a celkovej pohode.<br \/>\n[\/trp_language]\n[trp_language language=\"cs_CZ\"]<br \/>\n<strong>Zdrav\u00e9 a p\u0159\u00edrodn\u00ed \u010di\u0161t\u011bn\u00ed zub\u016f<\/strong><\/p>\n<p>Seznamte se se \u017ev\u00fdkac\u00ed ty\u010dinkou z k\u00e1vovn\u00edku Whizzopet, kter\u00e1 nov\u011b definuje \u017ev\u00fdk\u00e1n\u00ed va\u0161eho dom\u00e1c\u00edho mazl\u00ed\u010dka! Tato prvot\u0159\u00eddn\u00ed p\u0159\u00edrodn\u00ed \u017ev\u00fdkac\u00ed ty\u010dinka je speci\u00e1ln\u011b navr\u017eena pro zdrav\u00e9 a bezpe\u010dn\u00e9 \u017ev\u00fdk\u00e1n\u00ed ps\u016f. Podpo\u0159te zdrav\u00ed a z\u00e1bavu sv\u00e9ho mazl\u00ed\u010dka v\u00fdrobkem, kter\u00fd p\u0159isp\u00edv\u00e1 k \u010distot\u011b zub\u016f a celkov\u00e9 pohod\u011b.<br \/>\n[\/trp_language]\n","protected":false},"featured_media":2303,"comment_status":"open","ping_status":"closed","template":"","meta":{"inline_featured_image":false},"product_brand":[],"product_cat":[39,36],"product_tag":[],"class_list":{"0":"post-1615","1":"product","2":"type-product","3":"status-publish","4":"has-post-thumbnail","6":"product_cat-kutya-ragoka","7":"product_cat-kiegeszitok","8":"infinite-scroll-item","9":"sales-flash-overlay","10":"woocommerce-text-align-center","11":"woocommerce-image-align-center","12":"do-quantity-buttons","14":"first","15":"instock","16":"taxable","17":"shipping-taxable","18":"purchasable","19":"product-type-variable"},"_links":{"self":[{"href":"https:\/\/whizzopet.hu\/sk\/wp-json\/wp\/v2\/product\/1615","targetHints":{"allow":["GET"]}}],"collection":[{"href":"https:\/\/whizzopet.hu\/sk\/wp-json\/wp\/v2\/product"}],"about":[{"href":"https:\/\/whizzopet.hu\/sk\/wp-json\/wp\/v2\/types\/product"}],"replies":[{"embeddable":true,"href":"https:\/\/whizzopet.hu\/sk\/wp-json\/wp\/v2\/comments?post=1615"}],"wp:featuredmedia":[{"embeddable":true,"href":"https:\/\/whizzopet.hu\/sk\/wp-json\/wp\/v2\/media\/2303"}],"wp:attachment":[{"href":"https:\/\/whizzopet.hu\/sk\/wp-json\/wp\/v2\/media?parent=1615"}],"wp:term":[{"taxonomy":"product_brand","embeddable":true,"href":"https:\/\/whizzopet.hu\/sk\/wp-json\/wp\/v2\/product_brand?post=1615"},{"taxonomy":"product_cat","embeddable":true,"href":"https:\/\/whizzopet.hu\/sk\/wp-json\/wp\/v2\/product_cat?post=1615"},{"taxonomy":"product_tag","embeddable":true,"href":"https:\/\/whizzopet.hu\/sk\/wp-json\/wp\/v2\/product_tag?post=1615"}],"curies":[{"name":"wp","href":"https:\/\/api.w.org\/{rel}","templated":true}]}}