{"id":1608,"date":"2024-07-04T08:43:01","date_gmt":"2024-07-04T06:43:01","guid":{"rendered":"https:\/\/whizzopet.hu\/?post_type=product&#038;p=1608"},"modified":"2026-04-20T12:07:21","modified_gmt":"2026-04-20T10:07:21","slug":"szaritott-szoros-nyulful-jutalomfalat-kutyanak","status":"publish","type":"product","link":"https:\/\/whizzopet.hu\/sk\/termek\/szaritott-szoros-nyulful-jutalomfalat-kutyanak\/","title":{"rendered":"Sz\u0151r\u00f6s ny\u00falf\u00fcl jutalomfalat kuty\u00e1nak"},"content":{"rendered":"<h2>\u010c\u00edm s\u00fa chlpat\u00e9 kr\u00e1li\u010die u\u0161i v\u00fdnimo\u010dn\u00e9?<\/h2>\n<p>Zvl\u00e1\u0161tnos\u0165ou chlpat\u00fdch kr\u00e1li\u010d\u00edch u\u0161\u00ed je nielen to, \u017ee s\u00fa chutn\u00e9 a v\u00fd\u017eivn\u00e9 \u2013 53 % bielkov\u00edn, 41 % tuku a iba 5 % vlhkosti \u2013 ale aj to, \u017ee chlpy prispievaj\u00fa k zdrav\u00e9mu fungovaniu tr\u00e1viaceho syst\u00e9mu psov. Srs\u0165 p\u00f4sob\u00ed ako pr\u00edrodn\u00fd \u010distiaci prostriedok, pom\u00e1ha viaza\u0165 v\u00fdkaly a udr\u017eova\u0165 tr\u00e1viaci trakt \u010dist\u00fd, \u010do je d\u00f4le\u017eit\u00e9 najm\u00e4 pre prirodzen\u00e9 odstra\u0148ovanie vn\u00fatorn\u00fdch parazitov a nahromaden\u00fdch odpadov\u00fdch l\u00e1tok.<\/p>\n<h2>Priazniv\u00e9 \u00fa\u010dinky na zdravie<\/h2>\n<p><span style=\"color: #367540;\"><strong>Podpora tr\u00e1venia:<\/strong> <\/span>Chlpy pom\u00e1haj\u00fa pohybu potravy tr\u00e1viacim traktom, podporuj\u00fa zdrav\u00e9 tr\u00e1venie a zabra\u0148uj\u00fa upch\u00e1vaniu \u010driev.<\/p>\n<p><span style=\"color: #367540;\"><strong>Pr\u00edrodn\u00fd antiparazit\u00e1rny \u00fa\u010dinok:<\/strong><\/span> Pravideln\u00e1 konzum\u00e1cia chlpov m\u00f4\u017ee pom\u00f4c\u0165 odstr\u00e1ni\u0165 z tr\u00e1viaceho traktu \u010drevn\u00e9 \u010dervy a \u010fal\u0161ie parazity.<\/p>\n<p><span style=\"color: #367540;\"><strong>Starostlivos\u0165 o zuby:<\/strong><\/span> Rovnako ako v\u0161etky pochutiny pom\u00e1haj\u00fa kr\u00e1li\u010die u\u0161i \u010disti\u0165 zuby, zatia\u013e \u010do srs\u0165 poskytuje dodato\u010dn\u00e9 trenie, v\u010faka \u010domu je odstra\u0148ovanie zubn\u00e9ho povlaku e\u0161te \u00fa\u010dinnej\u0161ie.<\/p>\n<h2>Pre\u010do pr\u00e1ve chlpat\u00e9 kr\u00e1li\u010die u\u0161i Whizzopet?<\/h2>\n<p>S na\u0161\u00edm v\u00fdberom pon\u00fakame nielen jedine\u010dne chutn\u00fa a v\u00fd\u017eivn\u00fa poch\u00fa\u0165ku pre v\u00e1\u0161ho dom\u00e1ceho mazn\u00e1\u010dika, ale aj prirodzen\u00fa odmenu, ktor\u00e1 prispieva k jeho p\u00f4vodnej strave a loveck\u00fdm in\u0161tinktom. Chlpat\u00e9 kr\u00e1li\u010die u\u0161i nie s\u00fa len poch\u00fa\u0165kou, ale aj konzervantom zdravia, ktor\u00fd verne odr\u00e1\u017ea stravu divok\u00fdch zvierat a podporuje prirodzen\u00e9 tr\u00e1venie.<\/p>\n<h2>Sprievodca k\u0155men\u00edm<\/h2>\n<p><span style=\"color: #367540;\"><strong>Stredne pod\u00e1van\u00e9:<\/strong><\/span> Srstnat\u00e9 kr\u00e1li\u010die u\u0161i s\u00fa vynikaj\u00facou poch\u00fa\u0165kou v\u010faka svojej bohatej nutri\u010dnej hodnote, ale nezabudnite ich k\u0155mi\u0165 s mierou. Odpor\u00fa\u010da sa d\u00e1va\u0165 v\u00e1\u0161mu psovi 1-2 chlpat\u00e9 kr\u00e1li\u010die u\u0161i t\u00fd\u017edenne, v z\u00e1vislosti od jeho ve\u013ekosti, \u00farovne aktivity a celkovej strave.<\/p>\n<p><span style=\"color: #367540;\"><strong>Venujte pozornos\u0165 ve\u013ekosti:<\/strong><\/span> U mal\u00fdch psov mo\u017eno budete chcie\u0165 zv\u00e1\u017ei\u0165 kosenie kr\u00e1li\u010d\u00edch u\u0161\u00ed, aby ste sa vyhli nebezpe\u010denstvu udusenia a zaistili \u013eahk\u00e9 tr\u00e1venie.<\/p>\n<p><span style=\"color: #367540;\"><strong>Hydrat\u00e1cia:<\/strong><\/span> Pri k\u0155men\u00ed v\u017edy zaistite, aby bola k dispoz\u00edcii \u010derstv\u00e1, \u010dist\u00e1 voda, najm\u00e4 preto, \u017ee konzum\u00e1cia chlpat\u00fdch kr\u00e1li\u010d\u00edch u\u0161\u00ed m\u00f4\u017ee zv\u00fd\u0161i\u0165 potrebu spr\u00e1vnej hydrat\u00e1cie.<\/p>\n<p><span style=\"color: #367540;\"><strong>Opatrn\u00e9 k\u0155menie:<\/strong><\/span> Vzh\u013eadom na to, \u017ee chlpat\u00e9 kr\u00e1li\u010die u\u0161i m\u00f4\u017eu \u017eu\u0165 dlh\u00fa dobu, odpor\u00fa\u010da sa pri k\u0155men\u00ed d\u00e1va\u0165 pozor na v\u00e1\u0161ho mazn\u00e1\u010dika, aby ste predi\u0161li mo\u017en\u00e9mu uduseniu alebo in\u00fdm probl\u00e9mom s\u00favisiacim s k\u0155men\u00edm.<\/p>\n<p>Whizzopet 100% su\u0161en\u00e9 chlpat\u00e9 kr\u00e1li\u010die u\u0161i si m\u00f4\u017eu vychutna\u0165 psy takmer v\u0161etk\u00fdch vekov\u00fdch kateg\u00f3ri\u00ed, je v\u0161ak d\u00f4le\u017eit\u00e9 dodr\u017eiava\u0165 niektor\u00e9 pravidl\u00e1 v z\u00e1vislosti od veku:<\/p>\n<p><span style=\"color: #367540;\"><strong>\u0160te\u0148at\u00e1:<\/strong><\/span> Zatia\u013e \u010do chlpat\u00e9 u\u0161i zaja\u010dika m\u00f4\u017eu by\u0165 pre \u0161te\u0148at\u00e1 bezpe\u010dn\u00e9, odpor\u00fa\u010da sa pred zaveden\u00edm tohto typu pr\u00edkrmu po\u010dka\u0165, a\u017e sa im plne vyvin\u00fa st\u00e1le zuby (obvykle okolo 6-7 mesiacov veku). To pom\u00e1ha predch\u00e1dza\u0165 po\u0161kodeniu zubov a zais\u0165uje, \u017ee s\u00fa schopn\u00e9 efekt\u00edvne \u017eu\u0165 a tr\u00e1vi\u0165 vlasy.<\/p>\n<p><span style=\"color: #367540;\"><strong>Dospel\u00e9 psy:<\/strong><\/span> Ide\u00e1lna ma\u0161krta pre v\u0161etk\u00fdch dospel\u00fdch psov bez oh\u013eadu na ve\u013ekos\u0165 alebo plemeno. Chlpat\u00e9 kr\u00e1li\u010die u\u0161i pom\u00e1haj\u00fa udr\u017eiava\u0165 zdravie zubov, podporuj\u00fa tr\u00e1viaci syst\u00e9m a sl\u00fa\u017eia ako skvel\u00e1 chutn\u00e1 ma\u0161krta.<\/p>\n<p><span style=\"color: #367540;\"><strong>Star\u0161ie psy:<\/strong> <\/span>Star\u0161ie psy si tie\u017e m\u00f4\u017eu pochutna\u0165 na chlpat\u00fdch kr\u00e1li\u010d\u00edch u\u0161iach za predpokladu, \u017ee ich celkov\u00e9 zdravie chrupu a tr\u00e1venia je dobr\u00e9. Pri zav\u00e1dzan\u00ed pr\u00edkrmov star\u0161\u00edm psom je v\u0161ak potrebn\u00e9 venova\u0165 zv\u00fd\u0161en\u00fa pozornos\u0165, preto\u017ee ich \u017eal\u00fadok m\u00f4\u017ee by\u0165 citlivej\u0161\u00ed alebo m\u00f4\u017ee by\u0165 zn\u00ed\u017een\u00e1 ich schopnos\u0165 \u017eu\u0165.<\/p>\n<p>Urobte krok e\u0161te dnes so 100% su\u0161en\u00fdmi chlpat\u00fdmi kr\u00e1li\u010d\u00edm u\u0161ami Whizzopet, aby ste podporili zdravie a pohodu svojho mazn\u00e1\u010dika a z\u00e1rove\u0148 ich rozmazn\u00e1vali pod\u013ea ich prastar\u00fdch in\u0161tinktov. Objavte s nami to najlep\u0161ie z pr\u00edrody!<\/p>","protected":false},"excerpt":{"rendered":"<p class=\"p1\" style=\"margin: 0cm;\">A sz\u0151r\u00f6s ny\u00falf\u00fcl kuty\u00e1nak hipoallerg\u00e9n, em\u00e9szt\u00e9st seg\u00edt\u0151 jutalomfalat. A kutya foga term\u00e9szetes mechanikai tiszt\u00edt\u00e1st kap, seg\u00edthet cs\u00f6kkenteni a fogk\u0151k\u00e9pz\u0151d\u00e9st.<\/p>\n<p>Kiszerel\u00e9s: 100g, 200g, 500g, 1kg<\/p>","protected":false},"featured_media":14071,"comment_status":"open","ping_status":"closed","template":"","meta":{"inline_featured_image":false},"product_brand":[],"product_cat":[43,42,41,37,80],"product_tag":[],"class_list":{"0":"post-1608","1":"product","2":"type-product","3":"status-publish","4":"has-post-thumbnail","6":"product_cat-szaritott-nyulful","7":"product_cat-hipoallergen-jutalomfalat","8":"product_cat-kollagen-kutyaknak","9":"product_cat-jutalomfalatok","10":"product_cat-nyul-vadnyul","11":"infinite-scroll-item","12":"sales-flash-overlay","13":"woocommerce-text-align-center","14":"woocommerce-image-align-center","15":"do-quantity-buttons","17":"first","18":"instock","19":"taxable","20":"shipping-taxable","21":"purchasable","22":"product-type-variable"},"_links":{"self":[{"href":"https:\/\/whizzopet.hu\/sk\/wp-json\/wp\/v2\/product\/1608","targetHints":{"allow":["GET"]}}],"collection":[{"href":"https:\/\/whizzopet.hu\/sk\/wp-json\/wp\/v2\/product"}],"about":[{"href":"https:\/\/whizzopet.hu\/sk\/wp-json\/wp\/v2\/types\/product"}],"replies":[{"embeddable":true,"href":"https:\/\/whizzopet.hu\/sk\/wp-json\/wp\/v2\/comments?post=1608"}],"wp:featuredmedia":[{"embeddable":true,"href":"https:\/\/whizzopet.hu\/sk\/wp-json\/wp\/v2\/media\/14071"}],"wp:attachment":[{"href":"https:\/\/whizzopet.hu\/sk\/wp-json\/wp\/v2\/media?parent=1608"}],"wp:term":[{"taxonomy":"product_brand","embeddable":true,"href":"https:\/\/whizzopet.hu\/sk\/wp-json\/wp\/v2\/product_brand?post=1608"},{"taxonomy":"product_cat","embeddable":true,"href":"https:\/\/whizzopet.hu\/sk\/wp-json\/wp\/v2\/product_cat?post=1608"},{"taxonomy":"product_tag","embeddable":true,"href":"https:\/\/whizzopet.hu\/sk\/wp-json\/wp\/v2\/product_tag?post=1608"}],"curies":[{"name":"wp","href":"https:\/\/api.w.org\/{rel}","templated":true}]}}