{"id":1603,"date":"2024-07-04T08:42:22","date_gmt":"2024-07-04T06:42:22","guid":{"rendered":"https:\/\/whizzopet.hu\/?post_type=product&#038;p=1603"},"modified":"2026-03-23T05:08:21","modified_gmt":"2026-03-23T04:08:21","slug":"starostlivost-o-ocne-kontury-wrinkle-pack","status":"publish","type":"product","link":"https:\/\/whizzopet.hu\/sk\/termek\/wrinkle-pack\/","title":{"rendered":"Starostlivos\u0165 o o\u010dn\u00e9 kont\u00fary Wrinkle Pack"},"content":{"rendered":"","protected":false},"excerpt":{"rendered":"<p>S\u00fa\u010das\u0165ou balenia je mas\u0165 W.E.T. Cream, ktor\u00e1 je \u0161peci\u00e1lne zameran\u00e1 na podr\u00e1\u017edenie a svrbenie poko\u017eky. Tonikum Wrinkle Magic na odstr\u00e1nenie \u0161kv\u0155n od s\u013az pre \u0161etrn\u00fa starostlivos\u0165 o oblas\u0165 o\u010dn\u00fdch kont\u00far. Tonikum jemne \u010dist\u00ed a pom\u00e1ha predch\u00e1dza\u0165 podr\u00e1\u017edeniu z\u00e1hybov o\u010dn\u00fdch kont\u00far a z\u00e1rove\u0148 \u00fa\u010dinne odstra\u0148uje \u0161kvrny od s\u013az. S t\u00fdmto balen\u00edm m\u00f4\u017eete nielen lie\u010di\u0165 probl\u00e9my so z\u00e1hybmi, ale aj prispie\u0165 k zdraviu a lesku ko\u017ee a srsti v\u00e1\u0161ho zviera\u0165a.<\/p>","protected":false},"featured_media":1647,"comment_status":"open","ping_status":"closed","template":"","meta":{"inline_featured_image":false},"product_brand":[],"product_cat":[31,33,30],"product_tag":[],"class_list":{"0":"post-1603","1":"product","2":"type-product","3":"status-publish","4":"has-post-thumbnail","6":"product_cat-kenocsok","7":"product_cat-csomagok","8":"product_cat-apolasi-termekek","9":"infinite-scroll-item","10":"sales-flash-overlay","11":"woocommerce-text-align-center","12":"woocommerce-image-align-center","13":"do-quantity-buttons","15":"first","16":"instock","17":"taxable","18":"shipping-taxable","19":"purchasable","20":"product-type-simple"},"_links":{"self":[{"href":"https:\/\/whizzopet.hu\/sk\/wp-json\/wp\/v2\/product\/1603","targetHints":{"allow":["GET"]}}],"collection":[{"href":"https:\/\/whizzopet.hu\/sk\/wp-json\/wp\/v2\/product"}],"about":[{"href":"https:\/\/whizzopet.hu\/sk\/wp-json\/wp\/v2\/types\/product"}],"replies":[{"embeddable":true,"href":"https:\/\/whizzopet.hu\/sk\/wp-json\/wp\/v2\/comments?post=1603"}],"wp:featuredmedia":[{"embeddable":true,"href":"https:\/\/whizzopet.hu\/sk\/wp-json\/wp\/v2\/media\/1647"}],"wp:attachment":[{"href":"https:\/\/whizzopet.hu\/sk\/wp-json\/wp\/v2\/media?parent=1603"}],"wp:term":[{"taxonomy":"product_brand","embeddable":true,"href":"https:\/\/whizzopet.hu\/sk\/wp-json\/wp\/v2\/product_brand?post=1603"},{"taxonomy":"product_cat","embeddable":true,"href":"https:\/\/whizzopet.hu\/sk\/wp-json\/wp\/v2\/product_cat?post=1603"},{"taxonomy":"product_tag","embeddable":true,"href":"https:\/\/whizzopet.hu\/sk\/wp-json\/wp\/v2\/product_tag?post=1603"}],"curies":[{"name":"wp","href":"https:\/\/api.w.org\/{rel}","templated":true}]}}