{"id":1602,"date":"2024-07-04T08:42:22","date_gmt":"2024-07-04T06:42:22","guid":{"rendered":"https:\/\/whizzopet.hu\/?post_type=product&#038;p=1602"},"modified":"2025-10-17T17:40:09","modified_gmt":"2025-10-17T15:40:09","slug":"regeneracny-balicek-pre-psov-na-kozu-a-chlpy","status":"publish","type":"product","link":"https:\/\/whizzopet.hu\/sk\/termek\/borszor-vitalitas\/","title":{"rendered":"Regenera\u010dn\u00fd bal\u00ed\u010dek pre psov na ko\u017eu a chlpy"},"content":{"rendered":"","protected":false},"excerpt":{"rendered":"<p>Je to ide\u00e1lne rie\u0161enie na o\u0161etrenie nerovnomernej ko\u017ee v\u00e1\u0161ho psa. Balenie obsahuje \u0161amp\u00f3n Furdex , ktor\u00fd podporuje rast srsti a z\u00e1rove\u0148 ju \u0161etrne \u010dist\u00ed. A tie\u017e \u0161peci\u00e1lna mas\u0165 na podporu regener\u00e1cie ko\u017ee. Jej v\u00fd\u017eivn\u00e9 zlo\u017eky prenikaj\u00fa hlboko do ko\u017ee a podporuj\u00fa jej hojenie a obnovu. T\u00e1to kombinovan\u00e1 starostlivos\u0165 pom\u00e1ha obnovi\u0165 prirodzen\u00fa kr\u00e1su a zdravie ko\u017ee a srsti v\u00e1\u0161ho psa.<\/p>","protected":false},"featured_media":2386,"comment_status":"open","ping_status":"closed","template":"","meta":{"inline_featured_image":false},"product_brand":[],"product_cat":[30,33],"product_tag":[51],"class_list":{"0":"post-1602","1":"product","2":"type-product","3":"status-publish","4":"has-post-thumbnail","6":"product_cat-apolasi-termekek","7":"product_cat-csomagok","8":"product_tag-kiemelt","9":"infinite-scroll-item","10":"sales-flash-overlay","11":"woocommerce-text-align-center","12":"woocommerce-image-align-center","13":"do-quantity-buttons","15":"first","16":"instock","17":"taxable","18":"shipping-taxable","19":"purchasable","20":"product-type-simple"},"_links":{"self":[{"href":"https:\/\/whizzopet.hu\/sk\/wp-json\/wp\/v2\/product\/1602","targetHints":{"allow":["GET"]}}],"collection":[{"href":"https:\/\/whizzopet.hu\/sk\/wp-json\/wp\/v2\/product"}],"about":[{"href":"https:\/\/whizzopet.hu\/sk\/wp-json\/wp\/v2\/types\/product"}],"replies":[{"embeddable":true,"href":"https:\/\/whizzopet.hu\/sk\/wp-json\/wp\/v2\/comments?post=1602"}],"wp:featuredmedia":[{"embeddable":true,"href":"https:\/\/whizzopet.hu\/sk\/wp-json\/wp\/v2\/media\/2386"}],"wp:attachment":[{"href":"https:\/\/whizzopet.hu\/sk\/wp-json\/wp\/v2\/media?parent=1602"}],"wp:term":[{"taxonomy":"product_brand","embeddable":true,"href":"https:\/\/whizzopet.hu\/sk\/wp-json\/wp\/v2\/product_brand?post=1602"},{"taxonomy":"product_cat","embeddable":true,"href":"https:\/\/whizzopet.hu\/sk\/wp-json\/wp\/v2\/product_cat?post=1602"},{"taxonomy":"product_tag","embeddable":true,"href":"https:\/\/whizzopet.hu\/sk\/wp-json\/wp\/v2\/product_tag?post=1602"}],"curies":[{"name":"wp","href":"https:\/\/api.w.org\/{rel}","templated":true}]}}