{"id":1599,"date":"2024-07-04T08:42:22","date_gmt":"2024-07-04T06:42:22","guid":{"rendered":"https:\/\/whizzopet.hu\/?post_type=product&#038;p=1599"},"modified":"2026-01-15T15:50:59","modified_gmt":"2026-01-15T14:50:59","slug":"sampon-pre-psov-furdex-pre-citlivu-pokozku","status":"publish","type":"product","link":"https:\/\/whizzopet.hu\/sk\/termek\/furdex-shampoo-gyogyhatasu-keszitmeny\/","title":{"rendered":"\u0160amp\u00f3n pre psov Furdex pre citliv\u00fa poko\u017eku"},"content":{"rendered":"<p><strong>Vlastnosti<\/strong><\/p>\n<ul>\n<li><strong>Hypoalerg\u00e9nne:<\/strong> \u0160peci\u00e1lne vyvinut\u00e9 pre zvierat\u00e1 s citlivou poko\u017ekou, minimalizuje riziko alergick\u00fdch reakci\u00ed.<\/li>\n<li><strong>Podpora rastu srsti:<\/strong> So \u0161peci\u00e1lnymi zlo\u017ekami, ktor\u00e9 stimuluj\u00fa rast srsti.<\/li>\n<li><strong>Proti \u0161kodcom:<\/strong> Doplnkov\u00e1 lie\u010dba vypad\u00e1vanie srsti sp\u00f4soben\u00e9 parazitmi, ako je demodex.<\/li>\n<li><strong>Regenera\u010dn\u00fd \u00fa\u010dinok:<\/strong> Pom\u00e1ha regenerova\u0165 zap\u00e1len\u00fa, za\u010dervenan\u00fa, podr\u00e1\u017eden\u00fa alebo po\u0161koden\u00fa ko\u017eu.<\/li>\n<li><strong>pH \u0161etrn\u00e9 k zvierat\u00e1m:<\/strong> Udr\u017euje prirodzen\u00fa rovnov\u00e1hu ko\u017ee aj u zvierat s citlivou ko\u017eou.<\/li>\n<li><strong>\u00da\u010dinn\u00e9 \u010distenie:<\/strong> D\u00f4kladne odstra\u0148uje ne\u010distoty a oleje a zachov\u00e1va prirodzen\u00fa rovnov\u00e1hu oleja v ko\u017ei.<\/li>\n<li><strong>Dobre pen\u00ed:<\/strong> Bohat\u00e1 pena zais\u0165uje \u013eahk\u00e9 a d\u00f4kladn\u00e9 \u010distenie.<\/li>\n<\/ul>\n<p>&nbsp;<\/p>\n<p><strong style=\"font-size: inherit;\">K\u013e\u00fa\u010dov\u00e9 zlo\u017eky a v\u00fdhody<\/strong><\/p>\n<ul>\n<li><strong>Aloe vera:<\/strong> Pr\u00edrodn\u00fd hydrata\u010dn\u00fd a protiz\u00e1palov\u00fd prostriedok.<\/li>\n<li><strong>Extrakt z cesnaku:<\/strong> Antibakteri\u00e1lne a antimikrobi\u00e1lne vlastnosti.<\/li>\n<li><strong>Ric\u00ednov\u00fd olej:<\/strong> Stimuluje rast vlasov a zlep\u0161uje stav poko\u017eky.<\/li>\n<li><strong>Propolis:<\/strong> M\u00e1 antimikrobi\u00e1lne a protiz\u00e1palov\u00e9 vlastnosti.<\/li>\n<li><strong>Argin\u00edn:<\/strong> Podporuje hojenie r\u00e1n a podporuje zdravie poko\u017eky.<\/li>\n<\/ul>\n<p>&nbsp;<\/p>\n<p><strong style=\"font-size: inherit;\">Oblas\u0165 pou\u017eitia<\/strong><\/p>\n<p>\u0160amp\u00f3n Furdex mo\u017eno pou\u017ei\u0165 u psov a ma\u010diek na o\u0161etrenie zap\u00e1lenej, za\u010dervenanej, svrbivej alebo podr\u00e1\u017edenej ko\u017ee a ako doplnkov\u00fa lie\u010dbu vypad\u00e1vania srsti sp\u00f4sobenej parazitmi. Je tie\u017e vynikaj\u00faci pre hygienick\u00fd k\u00fape\u013e zdrav\u00fdch zvierat.<\/p>\n<p><strong>N\u00e1vod na pou\u017eitie<\/strong><\/p>\n<ol>\n<li>1Navlh\u010dite srs\u0165 psa.<\/li>\n<li>\u0160amp\u00f3n d\u00f4kladne vmas\u00edrujte do ko\u017ee a srsti.<\/li>\n<li>Nechajte p\u00f4sobi\u0165 3-5 min\u00fat.<\/li>\n<li>D\u00f4kladne opl\u00e1chnite.<\/li>\n<\/ol>\n<p>\u0160amp\u00f3n Furdex s bohat\u00fdm a \u00fa\u010dinn\u00fdm zlo\u017een\u00edm zlo\u017eiek nielen \u010dist\u00ed, ale tie\u017e vy\u017eivuje a chr\u00e1ni ko\u017eu a srs\u0165 v\u00e1\u0161ho dom\u00e1ceho mazn\u00e1\u010dika.<\/p>","protected":false},"excerpt":{"rendered":"<p class=\"p1\" style=\"margin: 0cm;\"><span class=\"s2\">Hypoalerg\u00e9nny, \u00fa\u010dinn\u00fd \u010distiaci, peniv\u00fd, regenera\u010dn\u00fd a rastov\u00fd \u0161amp\u00f3n pre psy a ma\u010dky. Mo\u017eno pou\u017ei\u0165 aj ako doplnkov\u00fa lie\u010dbu vypad\u00e1vanie srsti sp\u00f4sobenej parazitmi (napr. demodex). V\u010faka svojmu \u0161peci\u00e1lnemu zlo\u017eeniu a jedine\u010dnej kombin\u00e1cii \u00fa\u010dinn\u00fdch l\u00e1tok m\u00f4\u017ee \u00fa\u010dinne pom\u00e1ha\u0165 \u010disti\u0165 zap\u00e1len\u00fa, za\u010dervenan\u00fa, podr\u00e1\u017eden\u00fa a po\u0161koden\u00fa ko\u017eu a regenerova\u0165 nedostato\u010dn\u00fa srs\u0165. D\u00f4kladne tie\u017e \u010dist\u00ed poko\u017eku a vlasy. Pr\u00edpravok je mo\u017en\u00e9 pou\u017ei\u0165 aj na o\u010distn\u00fd hygienick\u00fd k\u00fape\u013e zdrav\u00fdch zvierat.<\/span><\/p>\n<p>&nbsp;<\/p>\n<p><strong>V\u00e1rhat\u00f3 el\u00e9rhet\u0151s\u00e9g 2025.06.16<\/strong><\/p>\n<p>&nbsp;<\/p>","protected":false},"featured_media":2374,"comment_status":"open","ping_status":"closed","template":"","meta":{"inline_featured_image":false},"product_brand":[],"product_cat":[44,30],"product_tag":[51],"class_list":{"0":"post-1599","1":"product","2":"type-product","3":"status-publish","4":"has-post-thumbnail","6":"product_cat-hipoallergen-kutyasampon","7":"product_cat-apolasi-termekek","8":"product_tag-kiemelt","9":"infinite-scroll-item","10":"sales-flash-overlay","11":"woocommerce-text-align-center","12":"woocommerce-image-align-center","13":"do-quantity-buttons","15":"first","16":"instock","17":"taxable","18":"shipping-taxable","19":"purchasable","20":"product-type-simple"},"_links":{"self":[{"href":"https:\/\/whizzopet.hu\/sk\/wp-json\/wp\/v2\/product\/1599","targetHints":{"allow":["GET"]}}],"collection":[{"href":"https:\/\/whizzopet.hu\/sk\/wp-json\/wp\/v2\/product"}],"about":[{"href":"https:\/\/whizzopet.hu\/sk\/wp-json\/wp\/v2\/types\/product"}],"replies":[{"embeddable":true,"href":"https:\/\/whizzopet.hu\/sk\/wp-json\/wp\/v2\/comments?post=1599"}],"wp:featuredmedia":[{"embeddable":true,"href":"https:\/\/whizzopet.hu\/sk\/wp-json\/wp\/v2\/media\/2374"}],"wp:attachment":[{"href":"https:\/\/whizzopet.hu\/sk\/wp-json\/wp\/v2\/media?parent=1599"}],"wp:term":[{"taxonomy":"product_brand","embeddable":true,"href":"https:\/\/whizzopet.hu\/sk\/wp-json\/wp\/v2\/product_brand?post=1599"},{"taxonomy":"product_cat","embeddable":true,"href":"https:\/\/whizzopet.hu\/sk\/wp-json\/wp\/v2\/product_cat?post=1599"},{"taxonomy":"product_tag","embeddable":true,"href":"https:\/\/whizzopet.hu\/sk\/wp-json\/wp\/v2\/product_tag?post=1599"}],"curies":[{"name":"wp","href":"https:\/\/api.w.org\/{rel}","templated":true}]}}