{"id":1598,"date":"2024-07-04T08:42:22","date_gmt":"2024-07-04T06:42:22","guid":{"rendered":"https:\/\/whizzopet.hu\/?post_type=product&#038;p=1598"},"modified":"2026-04-11T10:28:42","modified_gmt":"2026-04-11T08:28:42","slug":"kutya-mancs-tisztito-so-medi-sal","status":"publish","type":"product","link":"https:\/\/whizzopet.hu\/sk\/termek\/kutya-mancs-tisztito-so-medi-sal\/","title":{"rendered":"Medi Sal so\u013e na \u010distenie ps\u00edch labiek"},"content":{"rendered":"<h2>Mire j\u00f3 a Medi Sal kutya mancs tiszt\u00edt\u00f3 s\u00f3?<\/h2>\n<p>A Medi Sal egy term\u00e9szetes, gy\u00f3gyhat\u00e1s\u00fa f\u00fcrd\u0151s\u00f3, amelyet kifejezetten a kuty\u00e1k mancs\u00e1nak tiszt\u00edt\u00e1s\u00e1ra, a pollenek \u00e9s m\u00e1s k\u00f6rnyezeti allerg\u00e9nek elt\u00e1vol\u00edt\u00e1s\u00e1ra, valamint az irrit\u00e1ci\u00f3 megel\u0151z\u00e9s\u00e9re fejlesztett\u00fcnk. Seg\u00edthet akkor is, ha a kuty\u00e1d m\u00e1r mutatja az allergi\u00e1s eredet\u0171 mancsnyalogat\u00e1s jeleit, \u00e9s akkor is, ha csak szeretn\u00e9l minden s\u00e9t\u00e1t k\u00f6vet\u0151en hat\u00e9kony, biztons\u00e1gos mancs\u00e1pol\u00e1st.<\/p>\n<p>Mivel hipoallerg\u00e9n \u00f6sszet\u00e9tel\u0171, \u00e9rz\u00e9keny, gyullad\u00e1sra hajlamos, pirosod\u00f3 mancsokra is k\u00edm\u00e9letes v\u00e1laszt\u00e1s.<\/p>\n<h2>Mi\u00e9rt fontos a mancsok rendszeres tiszt\u00edt\u00e1sa?<\/h2>\n<p>A kuty\u00e1k mancs\u00e1ra rengeteg pollen, por, poratka, f\u0171sz\u00e1l, pen\u00e9szsp\u00f3ra \u00e9s mikroorganizmus tapad r\u00e1. Ezek a k\u00f6r\u00f6m\u00e1gyban \u00e9s a l\u00e1bujjak k\u00f6z\u00f6tt k\u00f6nnyen meg\u00fclnek, ami viszket\u00e9st, mancsnyalogat\u00e1st, pirosod\u00e1st, p\u00e1r\u00e1s, nedves k\u00f6rnyezetet \u00e9s m\u00e1sodlagos irrit\u00e1ci\u00f3t okozhat. Allergi\u00e1ra hajlamos kuty\u00e1kn\u00e1l ez tipikus kiindul\u00f3pontja a mancsprobl\u00e9m\u00e1knak.<\/p>\n<p>A rendszeres, gyeng\u00e9d mancs\u00e1ztat\u00e1s azonban seg\u00edthet elt\u00e1vol\u00edtani az allerg\u00e9neket, cs\u00f6kkenti az irrit\u00e1ci\u00f3 es\u00e9ly\u00e9t, \u00e9s tiszt\u00e1n tartja a b\u0151rt.<\/p>\n<h2>Mi\u00e9rt hat\u00e9kony a Medi Sal a mancs irrit\u00e1ci\u00f3 megel\u0151z\u00e9s\u00e9ben?<\/h2>\n<p>A Medi Sal k\u00fcl\u00f6nleges kever\u00e9ke k\u00edm\u00e9letesen tiszt\u00edtja a mancs fel\u00fclet\u00e9t \u00e9s a l\u00e1bujjak k\u00f6z\u00e9t, mik\u00f6zben seg\u00edt elt\u00e1vol\u00edtani a polleneket, port, k\u00fclt\u00e9ri allerg\u00e9neket, mikrobat\u00f6ltetet, gyullad\u00e1st fenntart\u00f3 irrit\u00e1l\u00f3 anyagokat.<\/p>\n<p>A term\u00e9szetes \u00f6sszetev\u0151i t\u00e1mogatj\u00e1k a b\u0151r komfort\u00e9rzet\u00e9t, hozz\u00e1j\u00e1rulnak annak tiszt\u00e1n tart\u00e1s\u00e1hoz, \u00e9s seg\u00edtenek cs\u00f6kkenteni a t\u00falzott nyalogat\u00e1s kiv\u00e1lt\u00f3 okait. K\u00edm\u00e9letess\u00e9ge miatt \u00e9rz\u00e9keny, gyullad\u00e1sra hajlamos vagy allergi\u00e1s kuty\u00e1kn\u00e1l is haszn\u00e1lhat\u00f3.<\/p>\n<h2>Milyen probl\u00e9m\u00e1k eset\u00e9n j\u00f3 v\u00e1laszt\u00e1s a Medi Sal kutya mancs tiszt\u00edt\u00f3 s\u00f3?<\/h2>\n<p>A Medi Salt \u00fagy \u00e1ll\u00edtottuk \u00f6ssze, hogy t\u00fcneti t\u00e1mogat\u00e1st ny\u00fajtson \u00e9s seg\u00edtse a mindennapi mancs\u00e1pol\u00e1st az al\u00e1bbi helyzetekben:<\/p>\n<p>\u2022mancsnyalogat\u00e1s,\u00a0l\u00e1br\u00e1g\u00e1s, pirosod\u00e1s<\/p>\n<p>\u2022pollenallergia, f\u0171allergia, k\u00f6rnyezeti allerg\u00e9nek<\/p>\n<p>\u2022s\u00e9ta ut\u00e1ni rutin mancstiszt\u00edt\u00e1s \u00e9s \u00e1pol\u00e1s a <a href=\"https:\/\/whizzopet.hu\/sk\/produkt\/starostlivost-o-psie-labky-paw-cure\/?wmc-currency=EUR\">Paw Cure kutya mancs\u00e1pol\u00f3<\/a> balzsammal egy\u00fctt haszn\u00e1lva<\/p>\n<p>\u2022talpp\u00e1rn\u00e1k \u00e9s l\u00e1bujjak k\u00f6z\u00e9nek gyeng\u00e9d \u00e1pol\u00e1sa<\/p>\n<p>\u2022francia bulldog, mopsz, westie \u00e9s m\u00e1s \u00e9rz\u00e9keny fajt\u00e1kn\u00e1l mindennapos haszn\u00e1latra<\/p>\n<h2>Hogyan haszn\u00e1ld a Medi Sal kutya mancs tiszt\u00edt\u00f3 s\u00f3t?<\/h2>\n<p>1. Oldj fel 2 ev\u0151kan\u00e1l Medi Salt 1 liter meleg v\u00edzben, kis t\u00e1lban vagy lav\u00f3rban.<\/p>\n<p>2. \u00c1ll\u00edtsd bele az oldatba a kuty\u00e1d 10-15 percre \u00e9s mosd meg az oldatban a mancsokat.<\/p>\n<p>3. A l\u00e1bujjak k\u00f6z\u00e9t is \u00e9rje az oldat, \u00edgy tudnak a pollenek \u00e9s allerg\u00e9nek teljesen kiold\u00f3dni.<\/p>\n<p>4. T\u00f6r\u00f6ld sz\u00e1razra a mancsokat!<\/p>\n<p>5. Sz\u00fcks\u00e9g eset\u00e9n kombin\u00e1lhat\u00f3 a <a href=\"https:\/\/whizzopet.hu\/sk\/produkt\/wet-cream-kutya-borgomba-kenocs\/?wmc-currency=EUR\">W.E.T. Cream kutya b\u0151rgomba ken\u0151ccsel<\/a>, ha a mancs m\u00e1r irrit\u00e1lt vagy pirosod\u00f3.<\/p>\n<p>Mindennapos haszn\u00e1latra is alkalmas.<\/p>\n<h2>Egyedi hat\u00f3anyagok kombin\u00e1ci\u00f3ja<\/h2>\n<p>K\u00fape\u013eov\u00e9 soli Medi Sal s\u00fa \u00fa\u010dinn\u00e9 v\u010faka jedine\u010dn\u00fdm \u00fa\u010dinn\u00fdm l\u00e1tkam, ktor\u00e9 obsahuj\u00fa. Epsomsk\u00e9 soli pom\u00e1haj\u00fa zni\u017eova\u0165 z\u00e1paly, a s\u00fa tak vynikaj\u00facim prostriedkom na bezbolestn\u00e9 a \u00fa\u010dinn\u00e9 o\u0161etrenie labiek. Aloe vera zvlh\u010duje a vy\u017eivuje poko\u017eku, upokojuje svrbenie a zmier\u0148uje z\u00e1pal. Jej propolis svojim antibakteri\u00e1lnym \u00fa\u010dinkom \u00fa\u010dinne bojuje proti choroboplodn\u00fdm z\u00e1rodkom a pom\u00e1ha predch\u00e1dza\u0165 infekci\u00e1m a podr\u00e1\u017edeniu.<br \/>\n\u00da\u010dinn\u00e9 l\u00e1tky necht\u00edka lek\u00e1rskeho a harman\u010deka pom\u00e1haj\u00fa regenerova\u0165 poko\u017eku, hoja drobn\u00e9 poranenia a napom\u00e1haj\u00fa r\u00fdchlej\u0161iemu hojeniu podr\u00e1\u017edenej ko\u017ee. Arnika je d\u00f4le\u017eit\u00e1, preto\u017ee pom\u00e1ha zmier\u0148ova\u0165 boles\u0165 a opuchy, \u010do vedie k r\u00fdchlej\u0161iemu hojeniu. Jedl\u00e1 s\u00f3da zmier\u0148uje svrbenie a lupiny.<br \/>\nAlanto\u00edn poko\u017eku hydratuje a vy\u017eivuje, tak\u017ee je zdrav\u0161\u00ed a jasnej\u0161\u00ed. A bisabolol a kyselina citr\u00f3nov\u00e1 pom\u00e1haj\u00fa obnovi\u0165 pH poko\u017eky, \u00fa\u010dinne ju chr\u00e1nia pred po\u0161koden\u00edm a podporuj\u00fa zdrav\u00fa poko\u017eku.<br \/>\nE-vitamin tartalm\u00e1val seg\u00edti a b\u0151r eg\u00e9szs\u00e9g\u00e9nek meg\u0151rz\u00e9s\u00e9t.<\/p>\n<p>&nbsp;<\/p>","protected":false},"excerpt":{"rendered":"<p>Hipoallerg\u00e9n kutya mancs tiszt\u00edt\u00f3 s\u00f3, amely seg\u00edt elt\u00e1vol\u00edtani a polleneket \u00e9s m\u00e1s allerg\u00e9neket, enyh\u00edti az irrit\u00e1ci\u00f3t, \u00e9s t\u00e1mogatja a mancsok v\u00e9delm\u00e9t.<\/p>\n<p>&nbsp;<\/p>","protected":false},"featured_media":2301,"comment_status":"open","ping_status":"closed","template":"","meta":{"inline_featured_image":false},"product_brand":[],"product_cat":[49,30],"product_tag":[],"class_list":{"0":"post-1598","1":"product","2":"type-product","3":"status-publish","4":"has-post-thumbnail","6":"product_cat-kutya-mancs-apolo","7":"product_cat-apolasi-termekek","8":"infinite-scroll-item","9":"sales-flash-overlay","10":"woocommerce-text-align-center","11":"woocommerce-image-align-center","12":"do-quantity-buttons","14":"first","15":"instock","16":"taxable","17":"shipping-taxable","18":"purchasable","19":"product-type-simple"},"_links":{"self":[{"href":"https:\/\/whizzopet.hu\/sk\/wp-json\/wp\/v2\/product\/1598","targetHints":{"allow":["GET"]}}],"collection":[{"href":"https:\/\/whizzopet.hu\/sk\/wp-json\/wp\/v2\/product"}],"about":[{"href":"https:\/\/whizzopet.hu\/sk\/wp-json\/wp\/v2\/types\/product"}],"replies":[{"embeddable":true,"href":"https:\/\/whizzopet.hu\/sk\/wp-json\/wp\/v2\/comments?post=1598"}],"wp:featuredmedia":[{"embeddable":true,"href":"https:\/\/whizzopet.hu\/sk\/wp-json\/wp\/v2\/media\/2301"}],"wp:attachment":[{"href":"https:\/\/whizzopet.hu\/sk\/wp-json\/wp\/v2\/media?parent=1598"}],"wp:term":[{"taxonomy":"product_brand","embeddable":true,"href":"https:\/\/whizzopet.hu\/sk\/wp-json\/wp\/v2\/product_brand?post=1598"},{"taxonomy":"product_cat","embeddable":true,"href":"https:\/\/whizzopet.hu\/sk\/wp-json\/wp\/v2\/product_cat?post=1598"},{"taxonomy":"product_tag","embeddable":true,"href":"https:\/\/whizzopet.hu\/sk\/wp-json\/wp\/v2\/product_tag?post=1598"}],"curies":[{"name":"wp","href":"https:\/\/api.w.org\/{rel}","templated":true}]}}