{"id":1591,"date":"2024-07-04T08:42:21","date_gmt":"2024-07-04T06:42:21","guid":{"rendered":"https:\/\/whizzopet.hu\/?post_type=product&#038;p=1591"},"modified":"2025-12-16T11:09:48","modified_gmt":"2025-12-16T10:09:48","slug":"psie-plienky-a-nohavicky-whizzopet-2-v-1","status":"publish","type":"product","link":"https:\/\/whizzopet.hu\/sk\/termek\/whizzopet-kutyapelenka-es-tuzelobugyi-2-az-1-ben\/","title":{"rendered":"Psie plienky a nohavi\u010dky Whizzopet 2 v 1"},"content":{"rendered":"<p>Tento ru\u010dne vyroben\u00fd v\u00fdrobok poskytuje v\u00e1\u0161mu dom\u00e1cemu mil\u00e1\u010dikovi v\u00fdnimo\u010dn\u00fa kvalitu a pohodlie.<\/p>\n<p>Nosenie ohniv\u00fdch nohavi\u010diek je pre su\u010dky v z\u00e1prahu v\u00fdhodn\u00e9, preto\u017ee zais\u0165uje hygienu v obdob\u00ed z\u00e1prahu. Pom\u00e1ha tie\u017e udr\u017eiava\u0165 \u010distotu v dom\u00e1cnosti a zabra\u0148uje kontamin\u00e1cii.<\/p>\n<p><strong>Vlastnosti ps\u00edch plienok a nohavi\u010diek Whizzopet:<\/strong><\/p>\n<ul>\n<li><strong>Opakovane pou\u017eite\u013en\u00fd v\u00fdrobok:<\/strong>\u00a0Psie plienky s\u00fa opakovane pou\u017eite\u013en\u00e9, \u010do predstavuje n\u00e1kladovo efekt\u00edvne a ekologick\u00e9 rie\u0161enie.<\/li>\n<li><strong>Vhodn\u00e9 pre psov:<\/strong>\u00a0Kon\u0161trukcia v\u00fdrobku zais\u0165uje maxim\u00e1lne pohodlie a vo\u013enos\u0165 pohybu pre psov a z\u00e1rove\u0148 poskytuje dostato\u010dn\u00fa ochranu po\u010das stre\u013eby.<\/li>\n<li><strong>Pohodln\u00e9 a bezpe\u010dn\u00e9:<\/strong>\u00a0Plienky a nohavi\u010dky s\u00fa vyroben\u00e9 z m\u00e4kk\u00e9ho, pru\u017en\u00e9ho materi\u00e1lu, ktor\u00fd nedr\u00e1\u017edi ko\u017eu psov a poskytuje pohodln\u00e9 nosenie. Nastavite\u013en\u00e1 ve\u013ekos\u0165 a zap\u00ednanie na such\u00fd zips zais\u0165uj\u00fa dokonal\u00e9 prisp\u00f4sobenie.<\/li>\n<li><strong>Jednoduch\u00e9 \u010distenie:<\/strong>\u00a0Mo\u017eno pra\u0165 v pr\u00e1\u010dke na 40 stup\u0148ov (niekedy aj na 60 stup\u0148ov). su\u0161te v su\u0161i\u010dke pri n\u00edzkej teplote.<\/li>\n<li><strong>\u0160irok\u00e1 \u0161k\u00e1la ve\u013ekost\u00ed:<\/strong>\u00a0Plienky a nohavi\u010dky pre psov Whizzopet s\u00fa k dispoz\u00edcii v 6 ve\u013ekostiach, tak\u017ee s\u00fa ide\u00e1lnou vo\u013ebou pre v\u0161etky plemen\u00e1 a ve\u013ekosti psov.<\/li>\n<li><strong>Vysok\u00e1 kvalita:<\/strong>\u00a0Tento ru\u010dne vyr\u00e1ban\u00fd v\u00fdrobok zaru\u010duje vynikaj\u00facu kvalitu a trvanlivos\u0165, \u010do zaru\u010duje, \u017ee nohavice pre psov a hasi\u010dsk\u00e9 nohavice bud\u00fa poskytova\u0165 dostato\u010dn\u00fa ochranu a pohodlie po dlh\u00fa dobu.<\/li>\n<li>Mo\u017eno pou\u017ei\u0165 s jednorazov\u00fdmi hygienick\u00fdmi alebo \u010distiacimi vlo\u017ekami alebo prate\u013en\u00fdmi podlo\u017ekami.<\/li>\n<\/ul>","protected":false},"excerpt":{"rendered":"<p><span class=\"s2\">Ekologick\u00fd, pohodln\u00fd a opakovane pou\u017eite\u013en\u00fd prostriedok pre su\u010dky v ruji, inkontinentn\u00e9 psy a pri v\u00fdchove v dom\u00e1cnosti.<\/span><\/p>","protected":false},"featured_media":2344,"comment_status":"open","ping_status":"closed","template":"","meta":{"inline_featured_image":false},"product_brand":[],"product_cat":[40,36],"product_tag":[],"class_list":{"0":"post-1591","1":"product","2":"type-product","3":"status-publish","4":"has-post-thumbnail","6":"product_cat-tuzelobugyi","7":"product_cat-kiegeszitok","8":"infinite-scroll-item","9":"sales-flash-overlay","10":"woocommerce-text-align-center","11":"woocommerce-image-align-center","12":"do-quantity-buttons","14":"first","15":"instock","16":"taxable","17":"shipping-taxable","18":"purchasable","19":"product-type-variable"},"_links":{"self":[{"href":"https:\/\/whizzopet.hu\/sk\/wp-json\/wp\/v2\/product\/1591","targetHints":{"allow":["GET"]}}],"collection":[{"href":"https:\/\/whizzopet.hu\/sk\/wp-json\/wp\/v2\/product"}],"about":[{"href":"https:\/\/whizzopet.hu\/sk\/wp-json\/wp\/v2\/types\/product"}],"replies":[{"embeddable":true,"href":"https:\/\/whizzopet.hu\/sk\/wp-json\/wp\/v2\/comments?post=1591"}],"wp:featuredmedia":[{"embeddable":true,"href":"https:\/\/whizzopet.hu\/sk\/wp-json\/wp\/v2\/media\/2344"}],"wp:attachment":[{"href":"https:\/\/whizzopet.hu\/sk\/wp-json\/wp\/v2\/media?parent=1591"}],"wp:term":[{"taxonomy":"product_brand","embeddable":true,"href":"https:\/\/whizzopet.hu\/sk\/wp-json\/wp\/v2\/product_brand?post=1591"},{"taxonomy":"product_cat","embeddable":true,"href":"https:\/\/whizzopet.hu\/sk\/wp-json\/wp\/v2\/product_cat?post=1591"},{"taxonomy":"product_tag","embeddable":true,"href":"https:\/\/whizzopet.hu\/sk\/wp-json\/wp\/v2\/product_tag?post=1591"}],"curies":[{"name":"wp","href":"https:\/\/api.w.org\/{rel}","templated":true}]}}