{"id":1588,"date":"2024-07-04T08:42:21","date_gmt":"2024-07-04T06:42:21","guid":{"rendered":"https:\/\/whizzopet.hu\/?post_type=product&#038;p=1588"},"modified":"2025-02-10T13:37:45","modified_gmt":"2025-02-10T12:37:45","slug":"whizzopet-bee-psi-satka","status":"publish","type":"product","link":"https:\/\/whizzopet.hu\/sk\/termek\/whizzopet-bee-kutyakendo\/","title":{"rendered":"Whizzopet Bee ps\u00ed \u0161atka"},"content":{"rendered":"<p><strong>\u010cistenie<\/strong><\/p>\n<p>\u0160atka je prate\u013en\u00e1 v pr\u00e1\u010dke pri 30 \u00b0C. Po pran\u00ed ju nechajte vyschn\u00fa\u0165 na vzduchu \u2013 nepou\u017e\u00edvajte su\u0161i\u010dku! \u0160atku je mo\u017en\u00e9 \u017eehli\u0165.<\/p>\n<ul>\n<li><strong>100% bavlnen\u00e9 pl\u00e1tno<\/strong> \u2013 zabezpe\u010duje pohodlie a odolnos\u0165.<\/li>\n<li><strong>Ru\u010dne vyroben\u00e1<\/strong><\/li>\n<li>Ma\u010farsk\u00fd produkt<\/li>\n<\/ul>","protected":false},"excerpt":{"rendered":"<p>\u0160atky z kolekcie Whizzopet Bee s\u00fa \u0161t\u00fdlov\u00e9 a jedine\u010dn\u00e9 k\u00fasky, ktor\u00e9 vyjadruj\u00fa na\u0161u \u00factu a l\u00e1sku k mal\u00fdm v\u010del\u00e1m. Roztomil\u00e9 vzory dodaj\u00fa v\u00e1\u0161mu mil\u00e1\u010dikovi v\u00fdnimo\u010dn\u00fd vzh\u013ead.<\/p>\n<p>\u0160atky s\u00fa dostupn\u00e9 v jednej univerz\u00e1lnej ve\u013ekosti, ktor\u00fa mo\u017eno prisp\u00f4sobi\u0165 prelo\u017een\u00edm, aby dokonale sedela potreb\u00e1m v\u00e1\u0161ho psa.<br \/>\nVyroben\u00e9 z pohodln\u00e9ho a \u013eahk\u00e9ho materi\u00e1lu, aby ich v\u00e1\u0161 pes mohol nosi\u0165 komfortne a bezpe\u010dne. Jednoducho sa nasadzuj\u00fa a spo\u013eahlivo upev\u0148uj\u00fa.<\/p>","protected":false},"featured_media":2345,"comment_status":"open","ping_status":"closed","template":"","meta":{"inline_featured_image":false},"product_brand":[],"product_cat":[36],"product_tag":[],"class_list":{"0":"post-1588","1":"product","2":"type-product","3":"status-publish","4":"has-post-thumbnail","6":"product_cat-kiegeszitok","7":"infinite-scroll-item","8":"sales-flash-overlay","9":"woocommerce-text-align-center","10":"woocommerce-image-align-center","11":"do-quantity-buttons","13":"first","14":"instock","15":"taxable","16":"shipping-taxable","17":"purchasable","18":"product-type-variable"},"_links":{"self":[{"href":"https:\/\/whizzopet.hu\/sk\/wp-json\/wp\/v2\/product\/1588","targetHints":{"allow":["GET"]}}],"collection":[{"href":"https:\/\/whizzopet.hu\/sk\/wp-json\/wp\/v2\/product"}],"about":[{"href":"https:\/\/whizzopet.hu\/sk\/wp-json\/wp\/v2\/types\/product"}],"replies":[{"embeddable":true,"href":"https:\/\/whizzopet.hu\/sk\/wp-json\/wp\/v2\/comments?post=1588"}],"wp:featuredmedia":[{"embeddable":true,"href":"https:\/\/whizzopet.hu\/sk\/wp-json\/wp\/v2\/media\/2345"}],"wp:attachment":[{"href":"https:\/\/whizzopet.hu\/sk\/wp-json\/wp\/v2\/media?parent=1588"}],"wp:term":[{"taxonomy":"product_brand","embeddable":true,"href":"https:\/\/whizzopet.hu\/sk\/wp-json\/wp\/v2\/product_brand?post=1588"},{"taxonomy":"product_cat","embeddable":true,"href":"https:\/\/whizzopet.hu\/sk\/wp-json\/wp\/v2\/product_cat?post=1588"},{"taxonomy":"product_tag","embeddable":true,"href":"https:\/\/whizzopet.hu\/sk\/wp-json\/wp\/v2\/product_tag?post=1588"}],"curies":[{"name":"wp","href":"https:\/\/api.w.org\/{rel}","templated":true}]}}