{"id":1555,"date":"2024-07-04T08:41:16","date_gmt":"2024-07-04T06:41:16","guid":{"rendered":"https:\/\/whizzopet.hu\/?post_type=product&#038;p=1555"},"modified":"2025-09-16T17:04:18","modified_gmt":"2025-09-16T15:04:18","slug":"balicek-starostlivosti-o-psa","status":"publish","type":"product","link":"https:\/\/whizzopet.hu\/sk\/termek\/apolo-csomag\/","title":{"rendered":"Bal\u00ed\u010dek starostlivosti o psa"},"content":{"rendered":"<p>Rozmazn\u00e1vajte svojho mazn\u00e1\u010dika t\u00fdmto super o\u0161etruj\u00facim bal\u00ed\u010dkom!<\/p>\n<p>Bal\u00ed\u010dek starostlivosti o psy Whizzopet je ur\u010den\u00fd pre majite\u013eov, ktor\u00ed chc\u00fa svojmu mil\u00e1\u010dikovi dopria\u0165 to najlep\u0161ie. T\u00e1to o\u0161etruj\u00faca sada obsahuje 100% pr\u00edrodn\u00e9 a biointenz\u00edvne produkty, ktor\u00e9 poskytn\u00fa ko\u017ei, labk\u00e1m, nosu a u\u0161iam v\u00e1\u0161ho psa potrebn\u00fa starostlivos\u0165.<\/p>\n<p>Hypoalerg\u00e9nny \u0161amp\u00f3n Whizzopet jemne \u010dist\u00ed srs\u0165 v\u00e1\u0161ho psa a z\u00e1rove\u0148 udr\u017euje jej prirodzen\u00fa hydrat\u00e1ciu. Kondicion\u00e9r na labky Paw Cure chr\u00e1ni such\u00e9 a popraskan\u00e9 labky, zatia\u013e \u010do pr\u00edpravok Nose Glo na um\u00fdvanie nosa pom\u00e1ha hydratova\u0165 a chr\u00e1ni\u0165 citliv\u00fd nos v\u00e1\u0161ho psa. Tonikum Wrinkle Magic na odstr\u00e1nenie \u0161kv\u0155n od s\u013az je \u0161peci\u00e1lne odpor\u00fa\u010dan\u00e9 na starostlivos\u0165 o miesta medzi ko\u017en\u00fdmi vr\u00e1skami, aby sa zabr\u00e1nilo podr\u00e1\u017edeniu a infekcii. A \u010disti\u010d u\u0161\u00ed Ear Gel pom\u00e1ha udr\u017eiava\u0165 u\u0161i v \u010distote a predch\u00e1dza\u0165 u\u0161n\u00fdm infekci\u00e1m a \u010fal\u0161\u00edm probl\u00e9mom.<\/p>","protected":false},"excerpt":{"rendered":"<p>Bal\u00ed\u010dek starostlivosti pre psov Whizzopet obsahuje v\u0161etko, \u010do v\u00e1\u0161 pes potrebuje pre dobre upraven\u00fa a zdrav\u00fa ko\u017eu a srs\u0165. \u0160amp\u00f3n, pr\u00edpravok na um\u00fdvanie labiek a nosa, tonikum na odstra\u0148ovanie \u0161kv\u0155n od s\u013az a \u010disti\u010d u\u0161\u00ed - so 100% pr\u00edrodn\u00fdmi zlo\u017ekami, ktor\u00e9 sa \u0161etrne, ale \u00fa\u010dinne staraj\u00fa o ka\u017edodenn\u00fa starostlivos\u0165 o srs\u0165 v\u00e1\u0161ho psa.<\/p>","protected":false},"featured_media":1612,"comment_status":"open","ping_status":"closed","template":"","meta":{"inline_featured_image":false},"product_brand":[],"product_cat":[33,30],"product_tag":[51],"class_list":{"0":"post-1555","1":"product","2":"type-product","3":"status-publish","4":"has-post-thumbnail","6":"product_cat-csomagok","7":"product_cat-apolasi-termekek","8":"product_tag-kiemelt","9":"infinite-scroll-item","10":"sales-flash-overlay","11":"woocommerce-text-align-center","12":"woocommerce-image-align-center","13":"do-quantity-buttons","15":"first","16":"instock","17":"taxable","18":"shipping-taxable","19":"purchasable","20":"product-type-variable"},"_links":{"self":[{"href":"https:\/\/whizzopet.hu\/sk\/wp-json\/wp\/v2\/product\/1555","targetHints":{"allow":["GET"]}}],"collection":[{"href":"https:\/\/whizzopet.hu\/sk\/wp-json\/wp\/v2\/product"}],"about":[{"href":"https:\/\/whizzopet.hu\/sk\/wp-json\/wp\/v2\/types\/product"}],"replies":[{"embeddable":true,"href":"https:\/\/whizzopet.hu\/sk\/wp-json\/wp\/v2\/comments?post=1555"}],"wp:featuredmedia":[{"embeddable":true,"href":"https:\/\/whizzopet.hu\/sk\/wp-json\/wp\/v2\/media\/1612"}],"wp:attachment":[{"href":"https:\/\/whizzopet.hu\/sk\/wp-json\/wp\/v2\/media?parent=1555"}],"wp:term":[{"taxonomy":"product_brand","embeddable":true,"href":"https:\/\/whizzopet.hu\/sk\/wp-json\/wp\/v2\/product_brand?post=1555"},{"taxonomy":"product_cat","embeddable":true,"href":"https:\/\/whizzopet.hu\/sk\/wp-json\/wp\/v2\/product_cat?post=1555"},{"taxonomy":"product_tag","embeddable":true,"href":"https:\/\/whizzopet.hu\/sk\/wp-json\/wp\/v2\/product_tag?post=1555"}],"curies":[{"name":"wp","href":"https:\/\/api.w.org\/{rel}","templated":true}]}}