{"id":1549,"date":"2024-07-04T08:41:16","date_gmt":"2024-07-04T06:41:16","guid":{"rendered":"https:\/\/whizzopet.hu\/?post_type=product&#038;p=1549"},"modified":"2026-03-12T21:55:59","modified_gmt":"2026-03-12T20:55:59","slug":"hypoalergenny-sampon-pre-psov-whizzopet","status":"publish","type":"product","link":"https:\/\/whizzopet.hu\/sk\/termek\/whizzopet-sampon\/","title":{"rendered":"Hypoalerg\u00e9nny \u0161amp\u00f3n pre psov Whizzopet"},"content":{"rendered":"<p>Pr\u00edbeh v\u00fdvoja \u0161amp\u00f3nu Whizzopet<\/p>\n<p class=\"translation-block\">Preto\u017ee sme milovn\u00edkmi psov u\u017e od detstva, za\u017eili sme u\u017e v\u0161etko. \u0160amp\u00f3n si mus\u00ed poradi\u0165 s mnoh\u00fdmi r\u00f4znymi druhmi ne\u010dist\u00f4t, probl\u00e9mami s ko\u017eou a srs\u0165ou a typmi srsti. Vzh\u013eadom na r\u00f4znorodos\u0165 na\u0161ich dom\u00e1cich mazn\u00e1\u010dikov sme sa sna\u017eili vytvori\u0165 \u0161amp\u00f3n, ktor\u00fd by \u010do najviac vyhovoval ich potreb\u00e1m: pr\u00edrodn\u00e9 zlo\u017eky, ide\u00e1lna penivos\u0165. Aby bolo k\u00fapanie ve\u013emi jednoduch\u00e9, r\u00fdchle a \u00fa\u010dinn\u00e9, preto\u017ee nie v\u0161etky zvierat\u00e1 maj\u00fa rada dlh\u00e9 k\u00fapele.<\/p>\n<p><img loading=\"lazy\" decoding=\"async\" class=\"alignnone wp-image-2487\" src=\"https:\/\/whizzopet.hu\/wp-content\/uploads\/2024\/07\/dirty-dog.png\" alt=\"Koszos kutya\" width=\"425\" height=\"546\" srcset=\"https:\/\/whizzopet.hu\/wp-content\/uploads\/2024\/07\/dirty-dog.png 525w, https:\/\/whizzopet.hu\/wp-content\/uploads\/2024\/07\/dirty-dog-233x300.png 233w\" sizes=\"auto, (max-width: 425px) 100vw, 425px\" \/><\/p>\n<h2 style=\"line-height: 1.2; letter-spacing: -0.01em; outline-offset: 2px; transform: rotate(0deg);\" data-elementor-setting-key=\"title\" data-pen-placeholder=\"Ide \u00edrj...\"><strong>\u00da\u010dinn\u00e9 \u010distenie<\/strong><\/h2>\n<h4>V\u00fdzva:<\/h4>\n<p><span style=\"font-weight: 400;\">\u0160amp\u00f3n, ktor\u00fd dok\u00e1\u017ee rozpusti\u0165 v\u0161etky typy ne\u010dist\u00f4t (rozpustn\u00e9 vo vode aj v tukoch) so v\u0161etk\u00fdmi chemick\u00fdmi vlastnos\u0165ami na poko\u017eke\/vlasoch.<\/span>\u00a0\u010ealej:<\/p>\n<ul>\n<li>\u0161etrn\u00fd k poko\u017eke\/vlasom, nedr\u00e1\u017edi.<\/li>\n<li>a pr\u00edrodn\u00e9<\/li>\n<li>a nevysu\u0161uje<\/li>\n<\/ul>\n<h4>Rie\u0161enie:<\/h4>\n<p><span style=\"font-weight: 400;\">Ide\u00e1lna kombin\u00e1cia kokosu a cukru pre spr\u00e1vnu penivos\u0165, spr\u00e1vnu \u010distiacu silu a spr\u00e1vnu hustotu.<\/span><\/p>\n<p>&nbsp;<\/p>\n<h2 data-elementor-setting-key=\"title\" data-pen-placeholder=\"Ide \u00edrj...\"><img loading=\"lazy\" decoding=\"async\" class=\"alignnone wp-image-2490\" src=\"https:\/\/whizzopet.hu\/wp-content\/uploads\/2024\/07\/dog-and-cat-bath.png\" alt=\"Kutya \u00e9s macska d\u00e9zs\u00e1ban\" width=\"500\" height=\"419\" srcset=\"https:\/\/whizzopet.hu\/wp-content\/uploads\/2024\/07\/dog-and-cat-bath.png 700w, https:\/\/whizzopet.hu\/wp-content\/uploads\/2024\/07\/dog-and-cat-bath-300x252.png 300w\" sizes=\"auto, (max-width: 500px) 100vw, 500px\" \/><\/h2>\n<h3 style=\"line-height: 1.2; letter-spacing: -0.01em; outline-offset: 2px; transform: rotate(0deg);\" data-elementor-setting-key=\"title\" data-pen-placeholder=\"Ide \u00edrj...\"><strong>V\u00f4\u0148a<\/strong><\/h3>\n<h4>V\u00fdzva:<\/h4>\n<p><span style=\"font-weight: 400;\">Pri \u0161amp\u00f3ne je ve\u013emi d\u00f4le\u017eit\u00e9, aby obsahoval nejak\u00fa v\u00f4\u0148u, ktor\u00e1 dok\u00e1\u017ee zamaskova\u0165 \u0161pecifick\u00fd, \u0165a\u017eko potla\u010dite\u013en\u00fd (mokr\u00fd) z\u00e1pach a nie je pln\u00e1 alerg\u00e9nov.<\/span><\/p>\n<h4>Rie\u0161enie:<\/h4>\n<p><span style=\"font-weight: 400;\">Na\u0161li sme tri v\u00f4ne, ktor\u00e9 s\u00fa pre t\u00fato pr\u00e1cu ide\u00e1lne. S\u00fa pr\u00edrodn\u00e9, dostato\u010dne siln\u00e9, dlhotrvaj\u00face a hypoalerg\u00e9nne.<\/span><\/p>\n<p>&nbsp;<\/p>\n<p><img loading=\"lazy\" decoding=\"async\" class=\"alignnone wp-image-2491\" src=\"https:\/\/whizzopet.hu\/wp-content\/uploads\/2024\/07\/dog-lick-cat-300x251.png\" alt=\"Kiskutya megnyal egy macsk\u00e1t\" width=\"500\" height=\"419\" srcset=\"https:\/\/whizzopet.hu\/wp-content\/uploads\/2024\/07\/dog-lick-cat-300x251.png 300w, https:\/\/whizzopet.hu\/wp-content\/uploads\/2024\/07\/dog-lick-cat.png 700w\" sizes=\"auto, (max-width: 500px) 100vw, 500px\" \/><\/p>\n<h2 style=\"line-height: 1.2; letter-spacing: -0.01em; outline-offset: 2px; transform: rotate(0deg);\" data-elementor-setting-key=\"title\" data-pen-placeholder=\"Ide \u00edrj...\"><strong>Vhodn\u00e9 pH<\/strong><\/h2>\n<h4>V\u00fdzva:<\/h4>\n<p><span style=\"font-weight: 400;\">Prirodzen\u00e9 pH psej ko\u017ee sa pohybuje medzi 5,5 a 7,2. Povrch zdravej ko\u017ee je mierne kysl\u00fd, \u010do pom\u00e1ha vysporiada\u0165 sa s patog\u00e9nmi, s ktor\u00fdmi sa v\u00e1\u0161 mazn\u00e1\u010dik denne stret\u00e1va. Preto je d\u00f4le\u017eit\u00e9, aby l\u00e1tky, s ktor\u00fdmi ko\u017ea\/srs\u0165 prich\u00e1dza do styku zvonku, dlhodobo nemenili prirodzen\u00fd stav kysl\u00e9ho pl\u00e1\u0161\u0165a ko\u017ee.<\/span><\/p>\n<h4>Rie\u0161enie:<\/h4>\n<p><span style=\"font-weight: 400;\">Zlo\u017eenie, ktor\u00e9 maj\u00fa ve\u013emi dobr\u00fa ko\u017en\u00fa zn\u00e1\u0161anlivos\u0165. Ve\u013emi dobre pen\u00ed a \u010dist\u00ed v mierne kyslom rozmedz\u00ed a mo\u017eno ich pou\u017ei\u0165 aj na citliv\u00fa ple\u0165.<\/span><\/p>\n<h3 style=\"line-height: 1.2; letter-spacing: -0.01em; outline-offset: 2px; transform: rotate(0deg);\" data-elementor-setting-key=\"title\" data-pen-placeholder=\"Ide \u00edrj...\" class=\"translation-block\">Jednoduch\u00e9 pou\u017eitie<\/h3>\n<h4>V\u00fdzva:<\/h4>\n<p><span style=\"font-weight: 400;\">\u010c\u00edm r\u00fdchlej\u0161ie sa \u0161amp\u00f3n napen\u00ed na telo zviera\u0165a a r\u00fdchlo sa zo srsti vymyje, t\u00fdm menej \u010dasu zaberie opl\u00e1chnutie zvy\u0161kov z podsady.<\/span><\/p>\n<h4>Rie\u0161enie:<\/h4>\n<p><span style=\"font-weight: 400;\">\u0160peci\u00e1lna d\u00e1vkovacia hlava na penu a spr\u00e1vny pomer zlo\u017eenia.<\/span><\/p>\n<p>&nbsp;<\/p>\n<p><img loading=\"lazy\" decoding=\"async\" class=\"alignnone wp-image-2489\" src=\"https:\/\/whizzopet.hu\/wp-content\/uploads\/2024\/07\/creamy-300x247.png\" alt=\"\" width=\"400\" height=\"330\" srcset=\"https:\/\/whizzopet.hu\/wp-content\/uploads\/2024\/07\/creamy-300x247.png 300w, https:\/\/whizzopet.hu\/wp-content\/uploads\/2024\/07\/creamy.png 700w\" sizes=\"auto, (max-width: 400px) 100vw, 400px\" \/><\/p>\n<h3><strong>Podr\u00e1\u017edenie alebo alergia?<\/strong><\/h3>\n<p><span style=\"font-weight: 400;\">Pokia\u013e existuje \u00fa\u010dinn\u00e1 l\u00e1tka, ktor\u00e1 je na nie\u010do ve\u013emi \u00fa\u010dinn\u00e1, ale jej dr\u00e1\u017ediv\u00fd potenci\u00e1l je pr\u00edli\u0161 vysok\u00fd alebo obsahuje vysok\u00fd podiel alerg\u00e9nnych l\u00e1tok, vyl\u00fa\u010dime ju u\u017e na za\u010diatku procesu v\u00fdvoja a h\u013ead\u00e1me ju tak dlho, pokia\u013e nen\u00e1jdeme pr\u00edrodn\u00fa alternat\u00edvu.<\/span><\/p>\n<p><img loading=\"lazy\" decoding=\"async\" class=\"alignnone wp-image-2575 size-medium\" src=\"https:\/\/whizzopet.hu\/wp-content\/uploads\/2024\/08\/termeszetes-300x210.png\" alt=\"100% term\u00e9szetes \u00f6sszetev\u0151k\" width=\"300\" height=\"210\" srcset=\"https:\/\/whizzopet.hu\/wp-content\/uploads\/2024\/08\/termeszetes-300x210.png 300w, https:\/\/whizzopet.hu\/wp-content\/uploads\/2024\/08\/termeszetes-1024x717.png 1024w, https:\/\/whizzopet.hu\/wp-content\/uploads\/2024\/08\/termeszetes-768x537.png 768w, https:\/\/whizzopet.hu\/wp-content\/uploads\/2024\/08\/termeszetes-1536x1075.png 1536w, https:\/\/whizzopet.hu\/wp-content\/uploads\/2024\/08\/termeszetes-1000x700.png 1000w, https:\/\/whizzopet.hu\/wp-content\/uploads\/2024\/08\/termeszetes.png 2048w\" sizes=\"auto, (max-width: 300px) 100vw, 300px\" \/><\/p>\n<p>&nbsp;<\/p>\n<h3><b>Kedy a ako \u010dasto by ste sa mali k\u00fapa\u0165?<\/b><\/h3>\n<p><b>Z\u00e1le\u017e\u00ed na tom, \u010di sa jedn\u00e1 o hygienick\u00e9 alebo lie\u010debn\u00e9 k\u00fapele.<\/b><\/p>\n<ul>\n<li style=\"font-weight: 400;\" aria-level=\"1\"><b>Hygienick\u00e9 k\u00fapanie: <\/b><span style=\"font-weight: 400;\">Odpor\u00fa\u010da sa raz mesa\u010dne.<\/span> <span style=\"font-weight: 400;\">Je ve\u013emi d\u00f4le\u017eit\u00e9 ju neopakova\u0165 \u010dasto, preto\u017ee aj k\u00fapanie v \u010distej vode m\u00f4\u017ee po\u0161kodi\u0165 prirodzen\u00fd mikr\u00f3biom (zlo\u017eenie mikrobioty) ko\u017ee zviera\u0165a a l\u00e1tky, ktor\u00e9 podporuj\u00fa vonkaj\u0161iu ko\u017en\u00fa bari\u00e9ru, sa neust\u00e1le odplavuj\u00fa, \u010d\u00edm sa ko\u017ea zviera\u0165a st\u00e1va zranite\u013enej\u0161ou vo\u010di patog\u00e9nom a fyzick\u00e9mu za\u0165a\u017eovaniu. (To plat\u00ed nielen pre n\u00e1\u0161 \u0161amp\u00f3n, ale aj pre k\u00fapanie in\u00fdmi \u0161amp\u00f3nmi alebo \u010distou vodou.)<\/span><\/li>\n<\/ul>\n<ul>\n<li style=\"font-weight: 400;\" aria-level=\"1\"><strong>T<\/strong><b>Lie\u010debn\u00e9 k\u00fapele:<\/b><span style=\"font-weight: 400;\"> K\u00fape\u013e nieko\u013ekokr\u00e1t t\u00fd\u017edenne alebo dokonca ka\u017edodenn\u00e9 lok\u00e1lne potieranie a om\u00fdvanie postihnutej oblasti m\u00f4\u017ee by\u0165 opodstatnen\u00e9:<\/span><\/li>\n<\/ul>\n<p class=\"translation-block\">V pr\u00edpade podr\u00e1\u017edenia, z\u00e1palu alebo po\u0161kodenia mal\u00fdch oblast\u00ed ko\u017ee sa odpor\u00fa\u010da k\u00fapa\u0165 nieko\u013ekokr\u00e1t (2-3) t\u00fd\u017edenne, k\u00fdm pr\u00edznaky nezmizn\u00fa, maxim\u00e1lne po dobu 3 t\u00fd\u017ed\u0148ov. V pr\u00edpade podr\u00e1\u017edenia, za\u010dervenania, vypad\u00e1vania ch\u013apkov, svrbenia na <strong>v\u00e4\u010d\u0161\u00edch ploch\u00e1ch ko\u017ee<\/strong> sa odpor\u00fa\u010da k\u00fapa\u0165 cel\u00e9 telo 2-3kr\u00e1t t\u00fd\u017edenne po dobu maxim\u00e1lne 3 t\u00fd\u017ed\u0148ov.<\/p>\n<h3><strong>\u010co rob\u00ed \u0161amp\u00f3n lie\u010div\u00fdm?<\/strong><\/h3>\n<p><span style=\"font-weight: 400;\">Vzh\u013eadom k po\u010dtu, povahe a typom \u00fa\u010dinn\u00fdch l\u00e1tok. A preto\u017ee v ich pr\u00edtomnosti je mo\u017en\u00e9 pr\u00edpravok pou\u017e\u00edva\u0165 nielen na hygienick\u00e9 \u00fa\u010dely, ale aj ako doplnkov\u00fa lie\u010dbu ko\u017en\u00fdch a vlasov\u00fdch probl\u00e9mov. Nepo\u0161kodzuj\u00fa poko\u017eku a vlasy, ale maj\u00fa aj vy\u017eivuj\u00face, hydrata\u010dn\u00e9, upokojuj\u00face a rozjas\u0148uj\u00face \u00fa\u010dinok, ktor\u00fd je u\u017eito\u010dn\u00fd aj pre celkov\u00e9 k\u00fapanie.<\/span><\/p>\n<p>&nbsp;<\/p>\n<p><img loading=\"lazy\" decoding=\"async\" class=\"alignnone wp-image-2492\" src=\"https:\/\/whizzopet.hu\/wp-content\/uploads\/2024\/07\/herbs-and-honey-300x180.png\" alt=\"Gy\u00f3gyn\u00f6v\u00e9nyek \u00e9s m\u00e9z\" width=\"300\" height=\"180\" srcset=\"https:\/\/whizzopet.hu\/wp-content\/uploads\/2024\/07\/herbs-and-honey-300x180.png 300w, https:\/\/whizzopet.hu\/wp-content\/uploads\/2024\/07\/herbs-and-honey.png 700w\" sizes=\"auto, (max-width: 300px) 100vw, 300px\" \/><\/p>\n<h3><strong>\u010co je Pro-Comb Complex?<\/strong><\/h3>\n<p><span style=\"font-weight: 400;\">Zmes vz\u00e1cnych bylinn\u00fdch extraktov a koncentrovan\u00fdch l\u00e1tok pr\u00edrodn\u00e9ho p\u00f4vodu s vy\u017eivuj\u00facimi a upokojuj\u00facimi \u00fa\u010dinkami, obohaten\u00e1 o antioxidanty. Hlavn\u00fdm \u00fa\u010delom v\u00fdrobkov je \u010disti\u0165 a vy\u017eivova\u0165 zap\u00e1len\u00fa, za\u010dervenan\u00fa, podr\u00e1\u017eden\u00fa a po\u0161koden\u00fa poko\u017eku a \u00fa\u010dinne pom\u00e1ha\u0165 zni\u017eova\u0165 povrchov\u00e9 podr\u00e1\u017edenie.<\/span><\/p>\n<p><strong>Extrakt z harman\u010deka<\/strong> <span style=\"font-weight: 400;\">&#8211;<\/span> <span style=\"font-weight: 400;\">Hrejiv\u00fd, vhodn\u00fd pri z\u00e1paloch, bez alerg\u00e9nov.<\/span><\/p>\n<p><strong>V\u00fd\u0165a\u017eok z necht\u00edka lek\u00e1rskeho<\/strong> <span style=\"font-weight: 400;\">&#8211;<\/span> <span style=\"font-weight: 400;\">Na ko\u017en\u00e9 probl\u00e9my, starostlivos\u0165 o z\u00e1paly a hojenie r\u00e1n.<\/span><\/p>\n<p><strong>Extrakt z arniky<\/strong> <span style=\"font-weight: 400;\">- Ur\u00fdch\u013euje regener\u00e1ciu z\u00e1palov\u00fdch procesov a m\u00e1 cenn\u00e9 vy\u017eivuj\u00face vlastnosti pre poko\u017eku.<\/span><\/p>\n<p><strong>Alanto\u00edn<\/strong> <span style=\"font-weight: 400;\">- Regenera\u010dn\u00fd a re\u0161trukturaliza\u010dn\u00fd prostriedok poko\u017eky, stimuluje obnovu ko\u017en\u00fdch buniek a ur\u00fdch\u013euje hojiv\u00e9 a regenera\u010dn\u00e9 procesy poko\u017eky.<\/span><\/p>\n<p><strong>Bisabolol<\/strong> <span style=\"font-weight: 400;\">- Uzn\u00e1van\u00fd pre svoje regenera\u010dn\u00e9 a upokojuj\u00face vlastnosti.<\/span><\/p>\n<p><strong>Tokoferol<\/strong> <span style=\"font-weight: 400;\">- Vitam\u00edn E, ktor\u00fd tie\u017e pom\u00e1ha udr\u017eova\u0165 hydrat\u00e1ciu a pru\u017enos\u0165 poko\u017eky.<\/span><\/p>\n<p><span style=\"font-weight: 400;\">Tieto cenn\u00e9 v\u00fd\u0165a\u017eky a zl\u00fa\u010deniny spolo\u010dne bojuj\u00fa proti vonkaj\u0161\u00edm a vn\u00fatorn\u00fdm stresom, ktor\u00e9 m\u00f4\u017eu ovplyvni\u0165 ko\u017eu a srs\u0165 v\u00e1\u0161ho dom\u00e1ceho mazn\u00e1\u010dika, a pom\u00e1haj\u00fa proti nim a podporuj\u00fa proces hojenia.<\/span><\/p>\n<p>&nbsp;<\/p>\n<h2><img loading=\"lazy\" decoding=\"async\" class=\"alignnone wp-image-2493 size-full\" src=\"https:\/\/whizzopet.hu\/wp-content\/uploads\/2024\/07\/herbs-in-vases.png\" alt=\"Gy\u00f3gyn\u00f6v\u00e9nyek \u00fcvegv\u00e1z\u00e1kban\" width=\"942\" height=\"472\" srcset=\"https:\/\/whizzopet.hu\/wp-content\/uploads\/2024\/07\/herbs-in-vases.png 942w, https:\/\/whizzopet.hu\/wp-content\/uploads\/2024\/07\/herbs-in-vases-300x150.png 300w, https:\/\/whizzopet.hu\/wp-content\/uploads\/2024\/07\/herbs-in-vases-768x385.png 768w\" sizes=\"auto, (max-width: 942px) 100vw, 942px\" \/><\/h2>\n<h3><b>Ak\u00e9 \u010fal\u0161ie \u00fa\u010dinn\u00e9 l\u00e1tky v\u00fdrobok obsahuje?<\/b><\/h3>\n<p><b>Organick\u00fd ak\u00e1ciov\u00fd med <\/b><span style=\"font-weight: 400;\">- Podporuje schopnos\u0165 poko\u017eky absorbova\u0165 a zadr\u017eiava\u0165 vodu, \u010d\u00edm zvy\u0161uje jej hydrat\u00e1ciu. V na\u0161ich \u0161amp\u00f3noch je koncentr\u00e1cia ag\u00e1tov\u00e9ho medu upraven\u00e1 tak, aby mno\u017estvo alerg\u00e9nov prirodzene pr\u00edtomn\u00fdch v mede neprekro\u010dilo limitn\u00fa hypoalerg\u00e9nnu koncentr\u00e1ciu, ale aby sa mohli prejavi\u0165 \u010fal\u0161ie priazniv\u00e9 \u00fa\u010dinky ag\u00e1tov\u00e9ho medu.<\/span><\/p>\n<p><b>V\u00fd\u0165a\u017eok z aloe vera <\/b><span style=\"font-weight: 400;\">- M\u00e1 siln\u00fd hydrata\u010dn\u00fd \u00fa\u010dinok, p\u00f4sob\u00ed adstringentne a taktie\u017e \u00fa\u010dinne regeneruje z\u00e1paly. Pom\u00e1ha tie\u017e dop\u013a\u0148a\u0165 straty vody v poko\u017eke; je v\u00fd\u017eivn\u00fd, hojiv\u00fd, regenera\u010dn\u00fd, stimuluje hojenie poko\u017eky a zlep\u0161uje mikrocirkul\u00e1ciu. M\u00e1 tie\u017e upokojuj\u00face \u00fa\u010dinky, zni\u017euje podr\u00e1\u017edenie a za\u010dervenanie poko\u017eky.<\/span><\/p>\n<p><b>Rastlinn\u00fd silik\u00f3n <\/b><span style=\"font-weight: 400;\">- Poskytuje pr\u00edjemn\u00fd, komfortn\u00fd pocit a ve\u013emi dobre sa rozotiera na poko\u017eke. Je \u00faplne \u0161etrn\u00fd k poko\u017eke a zvy\u0161uje lesk a ligot srsti po k\u00fapeli.<\/span><\/p>\n<p><b>Honeyquat <\/b><span style=\"font-weight: 400;\">- Vynikaj\u00faci prostriedok na \u00fapravu srsti z\u00edskan\u00fd z medu, ktor\u00fd pom\u00e1ha zlep\u0161ova\u0165 \u0161trukt\u00faru srsti a zanech\u00e1va ju jemn\u00fa a \u013eahk\u00fa.<\/span><\/p>\n<p><b>Rastlinn\u00fd kolag\u00e9n <\/b><span style=\"font-weight: 400;\">&#8211;<\/span> <span style=\"font-weight: 400;\">Zni\u017euje stratu vody, vytv\u00e1ra na ko\u017ei jemn\u00fa pru\u017en\u00fa ochrann\u00fa vrstvu, oba\u013euje chlpy a z\u00e1rove\u0148 ich spev\u0148uje a posil\u0148uje.<\/span><\/p>\n<p><b>Panthenol - <\/b><span style=\"font-weight: 400;\">Ur\u00fdch\u013euje regener\u00e1ciu poko\u017eky a zlep\u0161uje jej hydrat\u00e1ciu. Je vhodn\u00fd aj pre podr\u00e1\u017eden\u00fa, po\u0161koden\u00fa, \u0161upinat\u00fa poko\u017eku, citliv\u00fa, krehk\u00fa poko\u017eku, po\u0161koden\u00fa poko\u017eku a na upokojenie svrbenia.<\/span><\/p>\n<p><b>Propolis<\/b><span style=\"font-weight: 400;\"> - Antioxida\u010dn\u00e1, upokojuj\u00faca a jazvy zmier\u0148uj\u00faca l\u00e1tka, zn\u00e1ma tie\u017e svrbiv\u00fdmi \u00fa\u010dinkami.<\/span><\/p>\n<h4>M\u00e1te ot\u00e1zku k niektor\u00e9mu z na\u0161ich produktov?<\/h4>\n<p>Najprv sa pozrite na <a href=\"https:\/\/whizzopet.hu\/sk\/casto-kladene-otazky\/?wmc-currency=EUR\"><strong>\u010dasto kladen\u00e9 ot\u00e1zky<\/strong><\/a>, ktor\u00e9 u\u017e polo\u017eili in\u00ed...<\/p>\n<p>Ak nen\u00e1jdete odpove\u010f na svoju ot\u00e1zku, nap\u00ed\u0161te n\u00e1m na\u00a0<a href=\"https:\/\/whizzopet.hu\/sk\/kontakt\/?wmc-currency=EUR\"><strong>kontaktn\u00fa str\u00e1nku<\/strong><\/a>. Radi v\u00e1m odpovieme!<\/p>\n<p>Pokia\u013e pozn\u00e1te odpove\u010f, vyberte si z na\u0161ej ponuky produktov, aby si v\u00e1\u0161 pes mohol \u010do najsk\u00f4r u\u017e\u00edva\u0165 v\u00fdhody <a href=\"https:\/\/whizzopet.hu\/sk\/produkty\/?wmc-currency=EUR\">radu Whizzopet &gt; Kliknite tu pre prezeranie!<\/a><\/p>","protected":false},"excerpt":{"rendered":"<p class=\"translation-block\">\u00da\u010dinne \u010distiaci, dobre peniaci regenera\u010dn\u00fd \u0161amp\u00f3n pre psov. V\u010faka \u0161peci\u00e1lnemu zlo\u017eeniu a jedine\u010dnej \u00fa\u010dinnej l\u00e1tke Pro-Comb Complex \u00fa\u010dinne pom\u00e1ha \u010disti\u0165 a o\u0161etrova\u0165 zap\u00e1len\u00fa, za\u010dervenan\u00fa, podr\u00e1\u017eden\u00fa, svrbiacu alebo po\u0161koden\u00fa ko\u017eu a zni\u017euje jej povrchov\u00e9 podr\u00e1\u017edenie.<\/p>\n<ul>\n<li>Mo\u017eno ju pou\u017ei\u0165 aj ako doplnkov\u00fa lie\u010dbu alergick\u00fdch pr\u00edznakov.<span style=\"font-weight: 400;\">\u00a0<\/span><\/li>\n<li>\u00da\u010dinn\u00e9 l\u00e1tky \u0161etrn\u00e9 k poko\u017eke.<\/li>\n<li>Vhodn\u00fd aj pre lie\u010debn\u00e9 a hygienick\u00e9 k\u00fapele.<\/li>\n<li>Vynikaj\u00faca \u010distiaca a intenz\u00edvna starostlivos\u0165 o ko\u017eu a srs\u0165.<\/li>\n<li aria-level=\"1\">Zlo\u017eenie s hypoalerg\u00e9nnou recept\u00farou.<\/li>\n<\/ul>","protected":false},"featured_media":2384,"comment_status":"open","ping_status":"closed","template":"","meta":{"inline_featured_image":false},"product_brand":[],"product_cat":[44,30],"product_tag":[51],"class_list":{"0":"post-1549","1":"product","2":"type-product","3":"status-publish","4":"has-post-thumbnail","6":"product_cat-hipoallergen-kutyasampon","7":"product_cat-apolasi-termekek","8":"product_tag-kiemelt","9":"infinite-scroll-item","10":"sales-flash-overlay","11":"woocommerce-text-align-center","12":"woocommerce-image-align-center","13":"do-quantity-buttons","15":"first","16":"instock","17":"taxable","18":"shipping-taxable","19":"purchasable","20":"product-type-variable"},"_links":{"self":[{"href":"https:\/\/whizzopet.hu\/sk\/wp-json\/wp\/v2\/product\/1549","targetHints":{"allow":["GET"]}}],"collection":[{"href":"https:\/\/whizzopet.hu\/sk\/wp-json\/wp\/v2\/product"}],"about":[{"href":"https:\/\/whizzopet.hu\/sk\/wp-json\/wp\/v2\/types\/product"}],"replies":[{"embeddable":true,"href":"https:\/\/whizzopet.hu\/sk\/wp-json\/wp\/v2\/comments?post=1549"}],"wp:featuredmedia":[{"embeddable":true,"href":"https:\/\/whizzopet.hu\/sk\/wp-json\/wp\/v2\/media\/2384"}],"wp:attachment":[{"href":"https:\/\/whizzopet.hu\/sk\/wp-json\/wp\/v2\/media?parent=1549"}],"wp:term":[{"taxonomy":"product_brand","embeddable":true,"href":"https:\/\/whizzopet.hu\/sk\/wp-json\/wp\/v2\/product_brand?post=1549"},{"taxonomy":"product_cat","embeddable":true,"href":"https:\/\/whizzopet.hu\/sk\/wp-json\/wp\/v2\/product_cat?post=1549"},{"taxonomy":"product_tag","embeddable":true,"href":"https:\/\/whizzopet.hu\/sk\/wp-json\/wp\/v2\/product_tag?post=1549"}],"curies":[{"name":"wp","href":"https:\/\/api.w.org\/{rel}","templated":true}]}}