{"id":1548,"date":"2024-07-04T08:41:16","date_gmt":"2024-07-04T06:41:16","guid":{"rendered":"https:\/\/whizzopet.hu\/?post_type=product&#038;p=1548"},"modified":"2026-03-27T22:45:01","modified_gmt":"2026-03-27T21:45:01","slug":"odstranovac-skvrn-od-psich-slz-wrinkle-magic","status":"publish","type":"product","link":"https:\/\/whizzopet.hu\/sk\/termek\/whizzopet-wrinkle-magic-gyogyhatasu-keszitmeny\/","title":{"rendered":"Odstra\u0148ova\u010d \u0161kv\u0155n od ps\u00edch s\u013az Wrinkle Magic"},"content":{"rendered":"<h4 class=\"translation-block\">Na ak\u00e9 \u00fa\u010dely a sympt\u00f3my by sme mali v\u00fdrobok pou\u017e\u00edva\u0165?<\/h4>\n<p><span style=\"font-weight: 400;\">Tv\u00e1r a o\u010dn\u00e9 okolie vy\u017eaduj\u00fa jemnej\u0161iu starostlivos\u0165, preto\u017ee sa jedn\u00e1 o obzvl\u00e1\u0161\u0165 citliv\u00fa oblas\u0165. Whizzopet Wrinkle Magic je mo\u017en\u00e9 na tieto oblasti pou\u017e\u00edva\u0165 bez kompromisov:\u00a0<\/span><\/p>\n<ul>\n<li style=\"font-weight: 400;\" aria-level=\"1\"><span style=\"font-weight: 400;\">Na celkov\u00e9, pravideln\u00e9 a nedr\u00e1\u017ediv\u00e9 \u010distenie z\u00e1hybov tv\u00e1re.<\/span><\/li>\n<li style=\"font-weight: 400;\" aria-level=\"1\"><span style=\"font-weight: 400;\">Na starostlivos\u0165 o o\u010dn\u00e9 okolie, \u010distenie a vyblednutie pr\u00edpadn\u00fdch \u0161kv\u0155n od s\u013az.<\/span><\/li>\n<li style=\"font-weight: 400;\" aria-level=\"1\"><span style=\"font-weight: 400;\">Dodato\u010dn\u00e9 o\u0161etrenie podr\u00e1\u017edenia, za\u010dervenania, nedostatku vlasov, infekci\u00ed zn\u00e1meho i nezn\u00e1meho p\u00f4vodu na tv\u00e1ri.<\/span><\/li>\n<li style=\"font-weight: 400;\" aria-level=\"1\"><span style=\"font-weight: 400;\">Na odstr\u00e1nenie o\u010dn\u00e9ho sekr\u00e9tu (napr. \u201epupienkov\u201c) z ch\u013apkov okolo o\u010d\u00ed.<\/span><\/li>\n<li style=\"font-weight: 400;\" aria-level=\"1\"><span style=\"font-weight: 400;\">\u00da\u010dinne pom\u00e1ha kontrolova\u0165 \u0161\u00edrenie infekci\u00ed mikrobi\u00e1lneho p\u00f4vodu.<\/span><\/li>\n<\/ul>\n<p>&nbsp;<\/p>\n<h4><strong>Ktor\u00e9 plemen\u00e1 psov a ma\u010diek by sa mali pou\u017e\u00edva\u0165?<\/strong><\/h4>\n<p><span style=\"font-weight: 400;\">Mo\u017eno pou\u017ei\u0165 pre v\u0161etky plemen\u00e1 psov a ma\u010diek.\u00a0<\/span><\/p>\n<p><span style=\"font-weight: 400;\">Odpor\u00fa\u010da sa v\u0161ak najm\u00e4:<\/span><\/p>\n<ul>\n<li style=\"font-weight: 400;\" aria-level=\"1\"><span style=\"font-weight: 400;\">psy (napr. mops, franc\u00fazsky buldo\u010dek at\u010f.) a ma\u010dky (napr. perzsk\u00e1, britsk\u00e1 kr\u00e1tkosrst\u00e1 at\u010f.) s pritla\u010den\u00fdm nosom.<\/span><\/li>\n<li style=\"font-weight: 400;\" aria-level=\"1\"><span style=\"font-weight: 400;\">psy (napr. \u0161arpej, bulmastif at\u010f.) a ma\u010dky s pozd\u013a\u017enou ko\u017eou as plisovanou srs\u0165ou<\/span><\/li>\n<li style=\"font-weight: 400;\" aria-level=\"1\"><span style=\"font-weight: 400;\">psy so \u0161kvrnami od s\u013az a so sklonom k zmene farby srsti (v podstate v\u0161etky plemen\u00e1 psov so svetlou srs\u0165ou)<\/span><\/li>\n<li style=\"font-weight: 400;\" aria-level=\"1\"><span style=\"font-weight: 400;\">v\u0161etky ma\u010diatka so svetlou srs\u0165ou.<\/span><\/li>\n<\/ul>\n<p><img loading=\"lazy\" decoding=\"async\" class=\"alignnone wp-image-2495 size-medium\" src=\"https:\/\/whizzopet.hu\/wp-content\/uploads\/2024\/07\/2dog-1cat-300x251.png\" alt=\"Kuty\u00e1k \u00e9s egy macska\" width=\"300\" height=\"251\" srcset=\"https:\/\/whizzopet.hu\/wp-content\/uploads\/2024\/07\/2dog-1cat-300x251.png 300w, https:\/\/whizzopet.hu\/wp-content\/uploads\/2024\/07\/2dog-1cat.png 700w\" sizes=\"auto, (max-width: 300px) 100vw, 300px\" \/><\/p>\n<p>&nbsp;<\/p>\n<h4><strong>\u00da\u010dinn\u00e9 \u010distenie bez komedog\u00e9nnych l\u00e1tok<\/strong><\/h4>\n<p><span style=\"font-weight: 400;\">Ka\u017ed\u00fd olej bol vybran\u00fd tak, aby mal minim\u00e1lny komedog\u00e9nny index (schopnos\u0165 upch\u00e1va\u0165 ko\u017en\u00e9 p\u00f3ly) a eliminoval tak riziko podr\u00e1\u017edenia pri pou\u017e\u00edvan\u00ed.<\/span><\/p>\n<p>&nbsp;<\/p>\n<p><img loading=\"lazy\" decoding=\"async\" class=\"alignnone size-medium wp-image-2497\" src=\"https:\/\/whizzopet.hu\/wp-content\/uploads\/2024\/07\/konnyfolt-before-after-300x300.png\" alt=\"Wrinkle Magic haszn\u00e1lata el\u0151tt \u00e9s ut\u00e1n\" width=\"300\" height=\"300\" srcset=\"https:\/\/whizzopet.hu\/wp-content\/uploads\/2024\/07\/konnyfolt-before-after-300x300.png 300w, https:\/\/whizzopet.hu\/wp-content\/uploads\/2024\/07\/konnyfolt-before-after-150x150.png 150w, https:\/\/whizzopet.hu\/wp-content\/uploads\/2024\/07\/konnyfolt-before-after-100x100.png 100w, https:\/\/whizzopet.hu\/wp-content\/uploads\/2024\/07\/konnyfolt-before-after.png 700w\" sizes=\"auto, (max-width: 300px) 100vw, 300px\" \/><\/p>\n<h4><strong>Dvojf\u00e1zov\u00fd vzorec, ale pre\u010do?<\/strong><\/h4>\n<p><span style=\"font-weight: 400;\">Zabezpe\u010di\u0165, aby \u010distiaca kvapalina bola schopn\u00e1 rozpusti\u0165 v\u0161etky druhy ne\u010dist\u00f4t (rozpustn\u00e9 vo vode aj v mastnote) so v\u0161etk\u00fdmi chemick\u00fdmi vlastnos\u0165ami na poko\u017eke\/vlasoch.<\/span><\/p>\n<p><span style=\"font-weight: 400;\">Pred pou\u017eit\u00edm sta\u010d\u00ed obsah liekovky d\u00f4kladne pretrepa\u0165 a pritla\u010di\u0165 d\u00e1vkovac\u00ed uz\u00e1ver na do\u0161ti\u010dku. T\u00fdmto sp\u00f4sobom je mo\u017en\u00e9 z poko\u017eky a vlasov \u013eahko odstr\u00e1ni\u0165 v\u0161etky typy chemick\u00fdch ne\u010dist\u00f4t, \u0161kv\u0155n a sekr\u00e9tov.<\/span><\/p>\n<p>&nbsp;<\/p>\n<p><img loading=\"lazy\" decoding=\"async\" class=\"alignnone size-medium wp-image-2496\" src=\"https:\/\/whizzopet.hu\/wp-content\/uploads\/2024\/07\/ketfazisu-wrinkle-magic-300x278.png\" alt=\"Wrinkle Magic k\u00e9tf\u00e1zis\u00fa folyad\u00e9k\" width=\"300\" height=\"278\" srcset=\"https:\/\/whizzopet.hu\/wp-content\/uploads\/2024\/07\/ketfazisu-wrinkle-magic-300x278.png 300w, https:\/\/whizzopet.hu\/wp-content\/uploads\/2024\/07\/ketfazisu-wrinkle-magic.png 700w\" sizes=\"auto, (max-width: 300px) 100vw, 300px\" \/><\/p>\n<h4 class=\"translation-block\">Jednoduch\u00e9 pou\u017eitie<\/h4>\n<p><span style=\"font-weight: 400;\">Je to jednoduch\u00e9, sta\u010d\u00ed umiestni\u0165 vatov\u00fd tamp\u00f3n na d\u00e1vkovaciu do\u0161ti\u010dku, pritla\u010di\u0165 do\u0161ti\u010dku a m\u00f4\u017eete pou\u017e\u00edva\u0165.<\/span><\/p>\n<h4><strong>Vhodn\u00e9 pH<\/strong><\/h4>\n<p><span style=\"font-weight: 400;\">V\u0161etky na\u0161e v\u00fdrobky maj\u00fa zlo\u017eenie zodpovedaj\u00face neutr\u00e1lnemu pH poko\u017eky zvierat, tak\u017ee pr\u00edpadn\u00e9 dr\u00e1\u017ediv\u00e9 l\u00e1tky s\u00fa v zlo\u017een\u00ed obmedzen\u00e9 na minimum.<\/span><\/p>\n<h4><strong>Zamedzenie podr\u00e1\u017edenia nosa a o\u010d\u00ed<\/strong><\/h4>\n<p><span style=\"font-weight: 400;\">Neobsahuj\u00fa ani jednu l\u00e1tku, ktor\u00e1 by mohla by\u0165 pri be\u017enom pou\u017e\u00edvan\u00ed nepr\u00edjemn\u00e1 pre nos alebo o\u010di, a to ani po nieko\u013ekon\u00e1sobnom dennom pou\u017e\u00edvan\u00ed.<\/span><\/p>\n<h4><strong>Podr\u00e1\u017edenie alebo alergia?<\/strong><\/h4>\n<p><span style=\"font-weight: 400;\">Ak existuje \u00fa\u010dinn\u00e1 l\u00e1tka, ktor\u00e1 je na nie\u010do ve\u013emi \u00fa\u010dinn\u00e1, ale jej potenci\u00e1l na podr\u00e1\u017edenie je pr\u00edli\u0161 vysok\u00fd alebo obsahuje vysok\u00fd podiel alerg\u00e9nnych l\u00e1tok, potom tieto l\u00e1tky vyl\u00fa\u010dte u\u017e na za\u010diatku v\u00fdvoja a h\u013eadajte pr\u00edrodn\u00fa alternat\u00edvu.<\/span><\/p>\n<h4><strong>\u010co rob\u00ed Wrinkle Magic Tonic lie\u010div\u00fdm?<\/strong><\/h4>\n<p><span style=\"font-weight: 400;\">Po\u010det, druh a rozmanitos\u0165 \u00fa\u010dinn\u00fdch l\u00e1tok. A tie\u017e preto, \u017ee v ich pr\u00edtomnosti je mo\u017en\u00e9 pr\u00edpravok pou\u017e\u00edva\u0165 nielen na hygienick\u00e9 \u00fa\u010dely, ale aj ako doplnkov\u00fa lie\u010dbu ko\u017en\u00fdch a vlasov\u00fdch probl\u00e9mov, podr\u00e1\u017edenie a zafarbenie okolo o\u010d\u00ed. Obsahuje \u00fa\u010dinn\u00e9 l\u00e1tky pr\u00edrodn\u00e9ho p\u00f4vodu, ktor\u00e9 nielen\u017ee nepo\u0161kodzuj\u00fa poko\u017eku a vlasy, ale maj\u00fa aj vy\u017eivuj\u00face, hydrata\u010dn\u00e9, upokojuj\u00face a protidr\u00e1\u017ediv\u00e9 \u00fa\u010dinky.<\/span><\/p>\n<p>&nbsp;<\/p>\n<p><img loading=\"lazy\" decoding=\"async\" class=\"alignnone size-medium wp-image-2499\" src=\"https:\/\/whizzopet.hu\/wp-content\/uploads\/2024\/07\/oil-and-herbs-300x295.png\" alt=\"Olaj \u00e9s n\u00f6v\u00e9nyek\" width=\"300\" height=\"295\" srcset=\"https:\/\/whizzopet.hu\/wp-content\/uploads\/2024\/07\/oil-and-herbs-300x295.png 300w, https:\/\/whizzopet.hu\/wp-content\/uploads\/2024\/07\/oil-and-herbs.png 531w\" sizes=\"auto, (max-width: 300px) 100vw, 300px\" \/><\/p>\n<h4><strong>\u010co je Pro-Comb Complex?<\/strong><\/h4>\n<p><span style=\"font-weight: 400;\">Zmes vz\u00e1cnych bylinn\u00fdch extraktov a koncentrovan\u00fdch l\u00e1tok pr\u00edrodn\u00e9ho p\u00f4vodu s vy\u017eivuj\u00facimi a upokojuj\u00facimi \u00fa\u010dinkami, obohaten\u00e1 o antioxidanty. Hlavn\u00fdm \u00fa\u010delom v\u00fdrobkov je \u010disti\u0165 a vy\u017eivova\u0165 zap\u00e1len\u00fa, za\u010dervenan\u00fa, podr\u00e1\u017eden\u00fa a po\u0161koden\u00fa poko\u017eku a \u00fa\u010dinne pom\u00e1ha\u0165 zni\u017eova\u0165 povrchov\u00e9 podr\u00e1\u017edenie.<\/span><\/p>\n<p><b>Extrakt z harman\u010deka <\/b><span style=\"font-weight: 400;\">&#8211;<\/span> <span style=\"font-weight: 400;\">Hrejiv\u00fd, vhodn\u00fd pri z\u00e1paloch, bez alerg\u00e9nov.<\/span><\/p>\n<p><b>V\u00fd\u0165a\u017eok z necht\u00edka lek\u00e1rskeho <\/b><span style=\"font-weight: 400;\">&#8211;<\/span> <span style=\"font-weight: 400;\">Na ko\u017en\u00e9 probl\u00e9my, starostlivos\u0165 o z\u00e1paly a hojenie r\u00e1n.<\/span><\/p>\n<p><b>Extrakt z arniky<\/b><span style=\"font-weight: 400;\"> - Ur\u00fdch\u013euje regener\u00e1ciu z\u00e1palov\u00fdch procesov a m\u00e1 cenn\u00e9 vy\u017eivuj\u00face vlastnosti pre poko\u017eku.<\/span><\/p>\n<p><b>Alanto\u00edn <\/b><span style=\"font-weight: 400;\">- Regenera\u010dn\u00fd a re\u0161trukturaliza\u010dn\u00fd prostriedok poko\u017eky, stimuluje obnovu ko\u017en\u00fdch buniek a ur\u00fdch\u013euje hojiv\u00e9 a regenera\u010dn\u00e9 procesy poko\u017eky.<\/span><\/p>\n<p><b>Bisabolol<\/b><span style=\"font-weight: 400;\"> - Uzn\u00e1van\u00fd pre svoje regenera\u010dn\u00e9 a upokojuj\u00face vlastnosti.<\/span><\/p>\n<p><b>Tokoferol<\/b><span style=\"font-weight: 400;\"> - Vitam\u00edn E, ktor\u00fd tie\u017e pom\u00e1ha udr\u017eova\u0165 hydrat\u00e1ciu a pru\u017enos\u0165 poko\u017eky.<\/span><\/p>\n<p><span style=\"font-weight: 400;\">Tieto cenn\u00e9 v\u00fd\u0165a\u017eky a zl\u00fa\u010deniny spolo\u010dne bojuj\u00fa proti vonkaj\u0161\u00edm a vn\u00fatorn\u00fdm stresom, ktor\u00e9 m\u00f4\u017eu ovplyvni\u0165 ko\u017eu a srs\u0165 v\u00e1\u0161ho dom\u00e1ceho mazn\u00e1\u010dika, a pom\u00e1haj\u00fa proti nim a podporuj\u00fa proces hojenia.<\/span><\/p>\n<h4><strong>Ak\u00e9 \u010fal\u0161ie \u00fa\u010dinn\u00e9 l\u00e1tky v\u00fdrobok obsahuje?<\/strong><\/h4>\n<p><b>Organick\u00fd mand\u013eov\u00fd olej <\/b><span style=\"font-weight: 400;\">- Zjem\u0148uj\u00faci, hydrata\u010dn\u00fd, vy\u017eivuj\u00faci, regenera\u010dn\u00fd a protiz\u00e1palov\u00fd olej, ktor\u00fd pom\u00e1ha udr\u017eiava\u0165 ochrann\u00fa bari\u00e9ru poko\u017eky a je zn\u00e1my aj svojimi protisvrbiv\u00fdmi \u00fa\u010dinkami. Je to tie\u017e vynikaj\u00faci olej na such\u00fa poko\u017eku.<\/span><\/p>\n<p><b>Konopn\u00fd olej <\/b><span style=\"font-weight: 400;\">- Prispieva k \u00faspe\u0161nej lie\u010dbe chronick\u00fdch alergick\u00fdch a z\u00e1palov\u00fdch pr\u00edznakov. M\u00e1 hydrata\u010dn\u00e9 a regenera\u010dn\u00e9 vlastnosti, posil\u0148uje vrstvu poko\u017eky a vlasov a rozjas\u0148uje ju. Stimuluje bunkov\u00fd metabolizmus a priaznivo p\u00f4sob\u00ed proti z\u00e1palom.<\/span><\/p>\n<p><b>Vitam\u00edn C<\/b><span style=\"font-weight: 400;\"> \u2013 Mimoriadne siln\u00fd antioxidant, stimuluje tvorbu kolag\u00e9nu, zlep\u0161uje pru\u017enos\u0165 a jednotu poko\u017eky a podporuje proces regener\u00e1cie poko\u017eky.<\/span><\/p>\n<p><b>Extrakt z kurkumy<\/b><span style=\"font-weight: 400;\"> - \u010cistiaca a na antioxidanty bohat\u00e1 zlo\u017eka, ktor\u00e1 m\u00f4\u017ee pom\u00f4c\u0165 zmierni\u0165 boles\u0165 a z\u00e1pal spojen\u00fd s pokro\u010dil\u00fdm z\u00e1palom.<\/span><\/p>\n<p><b>Organick\u00fd extrakt z hamamelisu<\/b><span style=\"font-weight: 400;\"> - Mierne chladiv\u00fd, s\u0165ahuj\u00faci, zmen\u0161uje p\u00f3ry, m\u00e1 \u010distiaci \u00fa\u010dinok, pom\u00e1ha \u010disti\u0165 ple\u0165, odstra\u0148ova\u0165 ne\u010distoty a stimuluje mikrocirkul\u00e1ciu.<\/span><\/p>\n<p><b>V\u00fd\u0165a\u017eok z rakytn\u00edka re\u0161etliakov\u00e9ho<\/b><span style=\"font-weight: 400;\"> - Vy\u017eivuje, zjazvuje, re\u0161trukturalizuje a regeneruje, dobre p\u00f4sob\u00ed aj na zap\u00e1len\u00fa, podr\u00e1\u017eden\u00fa a zap\u00e1len\u00fa ple\u0165.<\/span><\/p>\n<p><b>Organick\u00fd propolis<\/b><span style=\"font-weight: 400;\"> - propolis do masti dod\u00e1vame z vlastnej ekologickej farmy. Je vynikaj\u00facim antioxidantom, upokojuje, hoj\u00ed a p\u00f4sob\u00ed proti svrbeniu. M\u00e1 schopnos\u0165 ni\u010di\u0165 bakt\u00e9rie v rane a jej okol\u00ed, \u010d\u00edm zabra\u0148uje jej infikovaniu.<\/span><\/p>\n<h4><strong>Na \u010do by sme si mali da\u0165 pozor pri pou\u017e\u00edvan\u00ed v\u00fdrobku a na ak\u00fd \u00fa\u010del?<\/strong><\/h4>\n<ul>\n<li style=\"font-weight: 400;\" aria-level=\"1\"><span style=\"font-weight: 400;\">Vyvarujte sa vniknutiu pr\u00edpravku do o\u010d\u00ed zviera\u0165a, preto\u017ee m\u00f4\u017ee by\u0165 dr\u00e1\u017ediv\u00fd pre o\u010di.<\/span><\/li>\n<li style=\"font-weight: 400;\" aria-level=\"1\"><span style=\"font-weight: 400;\">Ak sa vyskytne ak\u00e1ko\u013evek \u0161pecifick\u00e1 reakcia citlivosti na \u00fa\u010dinn\u00e9 zlo\u017eky lieku, odpor\u00fa\u010da sa preru\u0161i\u0165 \u010fal\u0161ie pou\u017e\u00edvanie lieku.<\/span><\/li>\n<li style=\"font-weight: 400;\" aria-level=\"1\"><span style=\"font-weight: 400;\">Pou\u017e\u00edvanie lieku nenahr\u00e1dza pou\u017e\u00edvanie liekov predp\u00edsan\u00fdch veterin\u00e1rnym lek\u00e1rom. V tak\u00fdchto pr\u00edpadoch a pri ak\u00fdchko\u013evek o\u010dn\u00fdch probl\u00e9moch je potrebn\u00e9 vyh\u013eada\u0165 radu veterin\u00e1rneho oftalmol\u00f3ga.<\/span><\/li>\n<\/ul>\n<p>&nbsp;<\/p>\n<p><img loading=\"lazy\" decoding=\"async\" class=\"alignnone size-medium wp-image-2501\" src=\"https:\/\/whizzopet.hu\/wp-content\/uploads\/2024\/07\/vet-examine-300x251.png\" alt=\"\u00c1llatorvos vizsg\u00e1lja egy kutya szem\u00e9t\" width=\"300\" height=\"251\" srcset=\"https:\/\/whizzopet.hu\/wp-content\/uploads\/2024\/07\/vet-examine-300x251.png 300w, https:\/\/whizzopet.hu\/wp-content\/uploads\/2024\/07\/vet-examine.png 700w\" sizes=\"auto, (max-width: 300px) 100vw, 300px\" \/><\/p>\n<h4><strong>Kedy a ako \u010dasto v\u00fdrobok pou\u017e\u00edvame?<\/strong><\/h4>\n<p>Z\u00e1le\u017e\u00ed na tom, \u010di sa jedn\u00e1 o hygienick\u00e9 alebo terapeutick\u00e9 \u010distenie.<\/p>\n<ul>\n<li style=\"font-weight: 400;\" aria-level=\"1\" class=\"translation-block\"><strong>Hygienick\u00e9 \u010distenie:<\/strong> Odpor\u00fa\u010dame pou\u017e\u00edva\u0165 pr\u00edpravok 2-3kr\u00e1t t\u00fd\u017edenne na \u010distenie za\u010dervenanej a celkov\u00e9mu \u010disteniu prekrvenej poko\u017eky a chlpov.<\/li>\n<\/ul>\n<ul>\n<li style=\"font-weight: 400;\" aria-level=\"1\" class=\"translation-block\"><strong>Terapeutick\u00e9 \u010distenie:<\/strong> Napr. na starostlivos\u0165 o podr\u00e1\u017edenie, z\u00e1paly, rany na mal\u00fdch ploch\u00e1ch sa odpor\u00fa\u010da potieranie 2\u00d7 denne.<\/li>\n<\/ul>\n<p class=\"translation-block\"><br><strong>Na odstr\u00e1nenie zafarbenia ch\u013apkov pod o\u010dami<\/strong> sa odpor\u00fa\u010da pou\u017e\u00edva\u0165 pr\u00edpravok <strong>2-kr\u00e1t denne.<\/strong><\/p>\n<p>&nbsp;<\/p>\n<p><img loading=\"lazy\" decoding=\"async\" class=\"alignnone size-medium wp-image-2500\" src=\"https:\/\/whizzopet.hu\/wp-content\/uploads\/2024\/07\/oil-and-herbs-1-300x251.png\" alt=\"Olaj \u00e9s gy\u00f3gyn\u00f6v\u00e9nyek\" width=\"300\" height=\"251\" srcset=\"https:\/\/whizzopet.hu\/wp-content\/uploads\/2024\/07\/oil-and-herbs-1-300x251.png 300w, https:\/\/whizzopet.hu\/wp-content\/uploads\/2024\/07\/oil-and-herbs-1.png 700w\" sizes=\"auto, (max-width: 300px) 100vw, 300px\" \/><\/p>\n<h4>M\u00e1te ot\u00e1zku k niektor\u00e9mu z na\u0161ich produktov?<\/h4>\n<p><b>Najprv sa pozrite na\u00a0<a href=\"https:\/\/whizzopet.hu\/sk\/casto-kladene-otazky\/?wmc-currency=EUR\">\u010dasto kladen\u00e9 ot\u00e1zky<\/a>, ktor\u00e9 u\u017e polo\u017eili in\u00ed...<\/b><\/p>\n<p>Ak nen\u00e1jdete odpove\u010f na svoju ot\u00e1zku, nap\u00ed\u0161te n\u00e1m na\u00a0<strong><a href=\"https:\/\/whizzopet.hu\/sk\/contact\/?wmc-currency=EUR\">kontaktn\u00fa str\u00e1nku<\/a>.<\/strong> Radi v\u00e1m odpovieme!<\/p>\n<p>Pokia\u013e pozn\u00e1te odpove\u010f, vyberte si z na\u0161ej ponuky produktov, aby si v\u00e1\u0161 pes mohol \u010do najsk\u00f4r u\u017e\u00edva\u0165 v\u00fdhody <strong><a href=\"https:\/\/whizzopet.hu\/sk\/produkty\/?wmc-currency=EUR\">radu Whizzopet &gt; Kliknite tu pre prezeranie!<\/a><\/strong><\/p>","protected":false},"excerpt":{"rendered":"<p class=\"translation-block\">V\u010faka svojmu \u0161peci\u00e1lnemu zlo\u017eeniu a jedine\u010dnej \u00fa\u010dinnej zlo\u017eke Pro-Comb Complex m\u00f4\u017ee poskytn\u00fa\u0165 \u00fa\u010dinn\u00fa doplnkov\u00fa starostlivos\u0165 o zap\u00e1len\u00fa, za\u010dervenan\u00fa a podr\u00e1\u017eden\u00fa poko\u017eku, vy\u010disti\u0165 a upravi\u0165 odfarben\u00e9 ch\u013apky v o\u010dnom okol\u00ed a zn\u00ed\u017ei\u0165 podr\u00e1\u017edenie v okol\u00ed nosa a o\u010d\u00ed.<\/p>\n<ul>\n<li aria-level=\"1\">\u00da\u010dinne \u010distiaca dvojf\u00e1zov\u00e1 kvapalina.<\/li>\n<li aria-level=\"1\">Pre psy a ma\u010dky.<\/li>\n<li aria-level=\"1\">Mo\u017eno pou\u017ei\u0165 aj na hygienick\u00e9 \u010distenie zdrav\u00fdch zvierat.<\/li>\n<li aria-level=\"1\">Zlo\u017eenie s hypoalerg\u00e9nnou recept\u00farou.<\/li>\n<\/ul>","protected":false},"featured_media":2310,"comment_status":"open","ping_status":"closed","template":"","meta":{"inline_featured_image":false},"product_brand":[],"product_cat":[31,30],"product_tag":[],"class_list":{"0":"post-1548","1":"product","2":"type-product","3":"status-publish","4":"has-post-thumbnail","6":"product_cat-kenocsok","7":"product_cat-apolasi-termekek","8":"infinite-scroll-item","9":"sales-flash-overlay","10":"woocommerce-text-align-center","11":"woocommerce-image-align-center","12":"do-quantity-buttons","14":"first","15":"instock","16":"taxable","17":"shipping-taxable","18":"purchasable","19":"product-type-simple"},"_links":{"self":[{"href":"https:\/\/whizzopet.hu\/sk\/wp-json\/wp\/v2\/product\/1548","targetHints":{"allow":["GET"]}}],"collection":[{"href":"https:\/\/whizzopet.hu\/sk\/wp-json\/wp\/v2\/product"}],"about":[{"href":"https:\/\/whizzopet.hu\/sk\/wp-json\/wp\/v2\/types\/product"}],"replies":[{"embeddable":true,"href":"https:\/\/whizzopet.hu\/sk\/wp-json\/wp\/v2\/comments?post=1548"}],"wp:featuredmedia":[{"embeddable":true,"href":"https:\/\/whizzopet.hu\/sk\/wp-json\/wp\/v2\/media\/2310"}],"wp:attachment":[{"href":"https:\/\/whizzopet.hu\/sk\/wp-json\/wp\/v2\/media?parent=1548"}],"wp:term":[{"taxonomy":"product_brand","embeddable":true,"href":"https:\/\/whizzopet.hu\/sk\/wp-json\/wp\/v2\/product_brand?post=1548"},{"taxonomy":"product_cat","embeddable":true,"href":"https:\/\/whizzopet.hu\/sk\/wp-json\/wp\/v2\/product_cat?post=1548"},{"taxonomy":"product_tag","embeddable":true,"href":"https:\/\/whizzopet.hu\/sk\/wp-json\/wp\/v2\/product_tag?post=1548"}],"curies":[{"name":"wp","href":"https:\/\/api.w.org\/{rel}","templated":true}]}}