{"id":15474,"date":"2026-01-01T17:37:39","date_gmt":"2026-01-01T16:37:39","guid":{"rendered":"https:\/\/whizzopet.hu\/?post_type=product&#038;p=15474"},"modified":"2026-04-17T09:30:17","modified_gmt":"2026-04-17T07:30:17","slug":"szaritott-nyullapocka","status":"publish","type":"product","link":"https:\/\/whizzopet.hu\/sk\/termek\/szaritott-nyullapocka\/","title":{"rendered":"Sz\u00e1r\u00edtott ny\u00fallapocka jutalomfalat kuty\u00e1nak"},"content":{"rendered":"<h2>\u00a0Term\u00e9szetes, h\u00fasos jutalomfalat<\/h2>\n<p>A sz\u00e1r\u00edtott ny\u00fallapocka kuty\u00e1nak 100%-ban term\u00e9szetes, \u00e1llati eredet\u0171 jutalomfalat, amely a ny\u00fal lapockar\u00e9sz\u00e9b\u0151l k\u00e9sz\u00fcl, izomh\u00fassal, inakkal \u00e9s v\u00e9kony csonttal egy\u00fctt sz\u00e1r\u00edtva. Nem r\u00e1g\u00f3csont, hanem olyan h\u00fasos falat, amely r\u00e1g\u00e1st ig\u00e9nyel, m\u00e9gis teljes eg\u00e9sz\u00e9ben elfogyaszthat\u00f3. Ez a term\u00e9k azoknak a gazdiknak ide\u00e1lis v\u00e1laszt\u00e1s, akik\u00a0term\u00e9szetes jutalomfalatot\u00a0keresnek, adal\u00e9kanyagok n\u00e9lk\u00fcl, val\u00f3di alapanyagb\u00f3l.<\/p>\n<h2>Mi a sz\u00e1r\u00edtott ny\u00fallapocka \u00e9s hogyan k\u00e9sz\u00fcl?<\/h2>\n<p>A ny\u00fallapocka a ny\u00fal el\u00fcls\u0151 v\u00e1llr\u00e9sze, amely term\u00e9szetes ar\u00e1nyban tartalmaz h\u00fast, k\u00f6t\u0151sz\u00f6vetet \u00e9s csontot. A sz\u00e1r\u00edt\u00e1s sor\u00e1n a nedvess\u00e9g elt\u00e1vol\u00edt\u00e1sra ker\u00fcl, mik\u00f6zben az alapanyag\u00a0szerkezete \u00e9s t\u00e1p\u00e9rt\u00e9ke megmarad.<\/p>\n<p>A k\u00edm\u00e9letes sz\u00e1r\u00edt\u00e1s eredm\u00e9nye egy olyan jutalomfalat, amely:<\/p>\n<p>\u2013 nem puha,<\/p>\n<p>\u2013 nem morzs\u00e1l\u00f3dik,<\/p>\n<p>\u2013 r\u00e1g\u00e1st ig\u00e9nyel,<\/p>\n<p>\u2013 m\u00e9gsem extr\u00e9m kem\u00e9ny.<\/p>\n<h2>H\u00fasos jutalomfalat csonttal \u2013 nem r\u00e1g\u00f3csont<\/h2>\n<p>A\u00a0 ny\u00fallapock\u00e1n l\u00e9v\u0151 h\u00fasos \u00e9s inas r\u00e9szek miatt a kutya els\u0151sorban elfogyasztja, nem csak r\u00e1gja. A v\u00e9kony csont term\u00e9szetes m\u00f3don t\u00f6rik, nem terheli meg az \u00e1llkapcsot, ez\u00e9rt nem sorolhat\u00f3 a kem\u00e9ny r\u00e1g\u00f3k k\u00f6z\u00e9.<\/p>\n<p>Ez a fel\u00e9p\u00edt\u00e9s ide\u00e1liss\u00e1 teszi azoknak a kuty\u00e1knak, akik:<\/p>\n<p>\u2013 szeretik a r\u00e1g\u00e1st,<\/p>\n<p>\u2013 de nem ig\u00e9nyelnek hossz\u00fa ideig tart\u00f3 csontoz\u00e1st,<\/p>\n<p>\u2013 vagy \u00e9rz\u00e9kenyebbek a t\u00fal kem\u00e9ny r\u00e1g\u00f3kra.<\/p>\n<h2>Hipoallerg\u00e9n ny\u00fal jutalomfalat \u00e9rz\u00e9keny kuty\u00e1knak<\/h2>\n<p>A ny\u00fal ritka feh\u00e9rjeforr\u00e1s, ez\u00e9rt a ny\u00fallapocka hipoallerg\u00e9n jutalomfalatk\u00e9nt is kiv\u00e1l\u00f3an alkalmazhat\u00f3. Allergi\u00e1ra hajlamos, \u00e9rz\u00e9keny em\u00e9szt\u00e9s\u0171 vagy b\u0151rprobl\u00e9m\u00e1kkal k\u00fczd\u0151 kuty\u00e1k \u00e9trendj\u00e9be is j\u00f3l beilleszthet\u0151.<\/p>\n<p>A term\u00e9k\u00a0egykomponens\u0171, kiz\u00e1r\u00f3lag ny\u00falb\u00f3l k\u00e9sz\u00fcl:<\/p>\n<p>\u2013 nincs benne tart\u00f3s\u00edt\u00f3szer<\/p>\n<p>\u2013 nincs \u00edzfokoz\u00f3<\/p>\n<p>\u2013 nincs hozz\u00e1adott anyag<\/p>\n<p>Ez k\u00fcl\u00f6n\u00f6sen fontos elimin\u00e1ci\u00f3s di\u00e9ta vagy feh\u00e9rjecsere eset\u00e9n.<\/p>\n<h2>Term\u00e9szetes r\u00e1g\u00e1si \u00e9lm\u00e9ny jutalmaz\u00e1s k\u00f6zben<\/h2>\n<p>A sz\u00e1r\u00edtott ny\u00fallapocka\u00a0lassabban fogy el, mint egy puha jutalomfalat, mivel r\u00e1g\u00e1st ig\u00e9nyel. Ez seg\u00edti a r\u00e1g\u00e1si \u00f6szt\u00f6n kiel\u00e9g\u00edt\u00e9s\u00e9t, mik\u00f6zben jutalmaz\u00e1sra is alkalmas marad.<\/p>\n<p>A r\u00e1g\u00e1s k\u00f6zben a fogak mechanikusan tisztulnak, a kutya ment\u00e1lisan is elf\u00e1rad, ez\u00e9rt a ny\u00fallapocka j\u00f3l haszn\u00e1lhat\u00f3:<\/p>\n<p>\u2013 nagyobb jutalomk\u00e9nt<\/p>\n<p>\u2013 s\u00e9ta vagy tr\u00e9ning ut\u00e1ni levezet\u00e9shez<\/p>\n<p>\u2013 nyugodt elfoglalts\u00e1gk\u00e9nt<\/p>\n<h2>Milyen kuty\u00e1knak aj\u00e1nlott a ny\u00fallapocka jutalomfalat?<\/h2>\n<p>K\u00f6zepes \u00e9s nagytest\u0171 kuty\u00e1k sz\u00e1m\u00e1ra ide\u00e1lis, valamint fiatal feln\u0151tt kutyusoknak is j\u00f3l adhat\u00f3. J\u00f3 v\u00e1laszt\u00e1s azoknak a kuty\u00e1knak, akik m\u00e1r kin\u0151ttek a puha falatokb\u00f3l, de a kem\u00e9ny r\u00e1g\u00f3k m\u00e9g nem megfelel\u0151ek sz\u00e1mukra. Nagytest\u0171, er\u0151s r\u00e1g\u00e1s\u00fa kuty\u00e1kn\u00e1l gyorsabban elfogyhat, de jutalomfalatk\u00e9nt tov\u00e1bbra is biztons\u00e1gos \u00e9s \u00e9rt\u00e9kes.<\/p>\n<p>A sz\u00e1r\u00edtott ny\u00fallapock\u00e1t mindig\u00a0fel\u00fcgyelet mellett\u00a0add a kuty\u00e1dnak, friss iv\u00f3v\u00edz biztos\u00edt\u00e1sa mellett. Jutalomfalatk\u00e9nt vagy alkalmi r\u00e1g\u00f3s elfoglalts\u00e1gk\u00e9nt aj\u00e1nlott, nem folyamatos r\u00e1g\u00e1sra.<\/p>\n<p>A ny\u00falfeh\u00e9rj\u00e9t kedvel\u0151 kuty\u00e1knak j\u00f3 kieg\u00e9sz\u00edt\u00e9s lehet a\u00a0<a href=\"https:\/\/whizzopet.hu\/sk\/produkt\/szaritott-nyulhus-jutalomfalat-kutyaknak\/?wmc-currency=EUR\">sz\u00e1r\u00edtott ny\u00falh\u00fascs\u00edk r\u00e9p\u00e1val \u00e9s alm\u00e1val<\/a>, amely k\u00f6nnyen em\u00e9szthet\u0151, term\u00e9szetes jutalomfalat a mindennapokra. A teljes k\u00edn\u00e1latot\u00a0<a href=\"https:\/\/whizzopet.hu\/sk\/kategoria-produktu\/navnada-na-odmenu-pre-psov\/?wmc-currency=EUR\">itt<\/a>\u00a0tal\u00e1lod, ahol kiz\u00e1r\u00f3lag term\u00e9szetes, adal\u00e9kmentes jutik k\u00f6z\u00fcl v\u00e1logathatsz.<\/p>\n<p>&nbsp;<\/p>\n<p>&nbsp;<\/p>","protected":false},"excerpt":{"rendered":"<p class=\"p1\" style=\"margin: 0cm;\">A sz\u00e1r\u00edtott ny\u00fallapocka jutalomfalat kuty\u00e1nak, egy h\u00fasos, csontos \u00e9s hipoallerg\u00e9n feh\u00e9rjeforr\u00e1s \u00e9rz\u00e9keny kuty\u00e1k sz\u00e1m\u00e1ra is.<\/p>\n<p>Kiszerel\u00e9s: 100g<\/p>","protected":false},"featured_media":15475,"comment_status":"open","ping_status":"closed","template":"","meta":{"inline_featured_image":false},"product_brand":[],"product_cat":[42,37,80],"product_tag":[],"class_list":{"0":"post-15474","1":"product","2":"type-product","3":"status-publish","4":"has-post-thumbnail","6":"product_cat-hipoallergen-jutalomfalat","7":"product_cat-jutalomfalatok","8":"product_cat-nyul-vadnyul","9":"infinite-scroll-item","10":"sales-flash-overlay","11":"woocommerce-text-align-center","12":"woocommerce-image-align-center","13":"do-quantity-buttons","15":"first","16":"instock","17":"taxable","18":"shipping-taxable","19":"purchasable","20":"product-type-simple"},"_links":{"self":[{"href":"https:\/\/whizzopet.hu\/sk\/wp-json\/wp\/v2\/product\/15474","targetHints":{"allow":["GET"]}}],"collection":[{"href":"https:\/\/whizzopet.hu\/sk\/wp-json\/wp\/v2\/product"}],"about":[{"href":"https:\/\/whizzopet.hu\/sk\/wp-json\/wp\/v2\/types\/product"}],"replies":[{"embeddable":true,"href":"https:\/\/whizzopet.hu\/sk\/wp-json\/wp\/v2\/comments?post=15474"}],"wp:featuredmedia":[{"embeddable":true,"href":"https:\/\/whizzopet.hu\/sk\/wp-json\/wp\/v2\/media\/15475"}],"wp:attachment":[{"href":"https:\/\/whizzopet.hu\/sk\/wp-json\/wp\/v2\/media?parent=15474"}],"wp:term":[{"taxonomy":"product_brand","embeddable":true,"href":"https:\/\/whizzopet.hu\/sk\/wp-json\/wp\/v2\/product_brand?post=15474"},{"taxonomy":"product_cat","embeddable":true,"href":"https:\/\/whizzopet.hu\/sk\/wp-json\/wp\/v2\/product_cat?post=15474"},{"taxonomy":"product_tag","embeddable":true,"href":"https:\/\/whizzopet.hu\/sk\/wp-json\/wp\/v2\/product_tag?post=15474"}],"curies":[{"name":"wp","href":"https:\/\/api.w.org\/{rel}","templated":true}]}}