{"id":15471,"date":"2026-01-01T17:13:31","date_gmt":"2026-01-01T16:13:31","guid":{"rendered":"https:\/\/whizzopet.hu\/?post_type=product&#038;p=15471"},"modified":"2026-03-14T10:44:16","modified_gmt":"2026-03-14T09:44:16","slug":"szaritott-marhanyak-in","status":"publish","type":"product","link":"https:\/\/whizzopet.hu\/sk\/termek\/szaritott-marhanyak-in\/","title":{"rendered":"Sz\u00e1r\u00edtott marhanyak \u00edn jutalomfalat kuty\u00e1nak"},"content":{"rendered":"<h2>Term\u00e9szetes, kollag\u00e9nben gazdag r\u00e1g\u00f3s jutalomfalat<\/h2>\n<p>A sz\u00e1r\u00edtott marhanyak \u00edn kuty\u00e1nak egy klasszikus, nagyra becs\u00fclt term\u00e9szetes jutalomfalat, amely a marha nyaki r\u00e9sz\u00e9r\u0151l sz\u00e1rmaz\u00f3 \u00edn-k\u00f6t\u0151sz\u00f6vetes alapanyagb\u00f3l k\u00e9sz\u00fcl. Lass\u00fa, k\u00edm\u00e9letes sz\u00e1r\u00edt\u00e1ssal nyeri el v\u00e9gleges \u00e1llag\u00e1t, mik\u00f6zben meg\u0151rzi rostos szerkezet\u00e9t, term\u00e9szetes \u00edz\u00e9t \u00e9s a rajta marad\u00f3, \u00edzfokoz\u00f3k\u00e9nt m\u0171k\u00f6d\u0151 zs\u00edrr\u00e9szeket.<\/p>\n<p>Ez nem \u201eropog\u00f3s snack\u201d, hanem\u00a0val\u00f3di r\u00e1g\u00e1st ig\u00e9nyl\u0151 jutalom, amely elfoglalja a kuty\u00e1t \u00e9s \u00f6szt\u00f6n\u00f6sen kiel\u00e9g\u00edti a r\u00e1g\u00e1si ig\u00e9ny\u00e9t.<\/p>\n<h2>Mi a marhanyak \u00edn \u00e9s mi\u00e9rt k\u00fcl\u00f6nleges jutalomfalat?<\/h2>\n<p>A marhanyak \u00edn els\u0151sorban\u00a0kollag\u00e9nben gazdag k\u00f6t\u0151sz\u00f6vet, amely term\u00e9szetes m\u00f3don rugalmas, rostos \u00e9s ellen\u00e1ll\u00f3. Sz\u00e1r\u00edt\u00e1s ut\u00e1n kem\u00e9nyebb fel\u00fcletet ad, r\u00e1g\u00e1s k\u00f6zben azonban fokozatosan puhul, \u00edgy a kutya nem tudja egyben elfogyasztani.<\/p>\n<h2>Term\u00e9szetes r\u00e1g\u00e1si \u00e9lm\u00e9ny kollag\u00e9nnel \u00e9s \u00edzletes zs\u00edrr\u00e9szekkel<\/h2>\n<p>A sz\u00e1r\u00edtott marhanyak \u00edn nem teljesen zs\u00edrmentes. A rajta marad\u00f3 term\u00e9szetes zs\u00edrr\u00e9tegek fokozz\u00e1k az \u00edzt \u00e9s n\u00f6velik a jutalom\u00e9rt\u00e9k\u00e9t, mik\u00f6zben a r\u00e1g\u00e1s tov\u00e1bbra is kontroll\u00e1lt marad.<\/p>\n<p>A kollag\u00e9nben gazdag szerkezet r\u00e1g\u00e1s k\u00f6zben:<\/p>\n<p>\u2022t\u00e1mogatja az \u00edz\u00fcleteket \u00e9s a k\u00f6t\u0151sz\u00f6veteket<\/p>\n<p>\u2022seg\u00edti a fogak mechanikus tisztul\u00e1s\u00e1t<\/p>\n<p>\u2022ment\u00e1lisan lef\u00e1rasztja a kuty\u00e1t<\/p>\n<p>Ez a kombin\u00e1ci\u00f3 teszi a marhanyak \u00ednt funkcion\u00e1lis jutalomfalatt\u00e1.<\/p>\n<h2>Sz\u00e1r\u00edtott marha jutalomfalat adal\u00e9kanyagok n\u00e9lk\u00fcl<\/h2>\n<p>Kiz\u00e1r\u00f3lag marh\u00e1b\u00f3l k\u00e9sz\u00fcl. Nem tartalmaz hozz\u00e1adott tart\u00f3s\u00edt\u00f3szert, mesters\u00e9ges \u00edzfokoz\u00f3t vagy technol\u00f3giai seg\u00e9danyagot. A marha hagyom\u00e1nyos feh\u00e9rjeforr\u00e1s, amelyet a legt\u00f6bb kutya j\u00f3l toler\u00e1l. \u00c9rz\u00e9kenyebb em\u00e9szt\u00e9s\u0171 kuty\u00e1kn\u00e1l, ahogy minden term\u00e9szetes jutalomfalatn\u00e1l, javasolt fokozatosan bevezetni.<\/p>\n<h2>Milyen kuty\u00e1knak aj\u00e1nlott a sz\u00e1r\u00edtott marhanyak \u00edn?<\/h2>\n<p>K\u00fcl\u00f6n\u00f6sen j\u00f3 v\u00e1laszt\u00e1s:<\/p>\n<p>\u2022k\u00f6zepes \u00e9s nagytest\u0171 kuty\u00e1knak<\/p>\n<p>\u2022er\u0151sebb r\u00e1g\u00e1si ig\u00e9ny eset\u00e9n<\/p>\n<p>\u2022akt\u00edv, k\u00f6nnyen unatkoz\u00f3 kedvenceknek<\/p>\n<p>Kistest\u0171 kuty\u00e1knak is adhat\u00f3, de m\u00e9rett\u0151l \u00e9s r\u00e1g\u00e1si szok\u00e1st\u00f3l f\u00fcgg\u0151en hosszabb elfoglalts\u00e1got jelenthet. Mindig fel\u00fcgyelet mellett add, friss iv\u00f3v\u00edz biztos\u00edt\u00e1sa mellett.<\/p>\n<p>A v\u00e1ltozatos mindennapi jutalmaz\u00e1shoz \u00e9rdemes megn\u00e9zni a Whizzopet <a href=\"https:\/\/whizzopet.hu\/sk\/kategoria-produktu\/navnada-na-odmenu-pre-psov\/?wmc-currency=EUR\">jutalomfalatokat<\/a>. Ha a kuty\u00e1d szereti a h\u00fasosabb, k\u00f6nnyebben r\u00e1ghat\u00f3 jutikat is, j\u00f3 alternat\u00edva lehet a <a href=\"https:\/\/whizzopet.hu\/sk\/produkt\/szaritott-nyulhus-jutalomfalat-kutyaknak\/?wmc-currency=EUR\">sz\u00e1r\u00edtott ny\u00falh\u00fascs\u00edk r\u00e9p\u00e1val \u00e9s alm\u00e1val<\/a>.<\/p>","protected":false},"excerpt":{"rendered":"<p>A sz\u00e1r\u00edtott marhanyak \u00edn jutalomfalat kuty\u00e1nak egy kollag\u00e9nben gazdag, hosszan r\u00e1ghat\u00f3, term\u00e9szetes r\u00e1g\u00f3.<\/p>\n<p>kiszerel\u00e9s: 200g<\/p>","protected":false},"featured_media":15472,"comment_status":"open","ping_status":"closed","template":"","meta":{"inline_featured_image":false},"product_brand":[],"product_cat":[41,37],"product_tag":[],"class_list":{"0":"post-15471","1":"product","2":"type-product","3":"status-publish","4":"has-post-thumbnail","6":"product_cat-kollagen-kutyaknak","7":"product_cat-jutalomfalatok","8":"infinite-scroll-item","9":"sales-flash-overlay","10":"woocommerce-text-align-center","11":"woocommerce-image-align-center","12":"do-quantity-buttons","14":"first","15":"instock","16":"taxable","17":"shipping-taxable","18":"purchasable","19":"product-type-simple"},"_links":{"self":[{"href":"https:\/\/whizzopet.hu\/sk\/wp-json\/wp\/v2\/product\/15471","targetHints":{"allow":["GET"]}}],"collection":[{"href":"https:\/\/whizzopet.hu\/sk\/wp-json\/wp\/v2\/product"}],"about":[{"href":"https:\/\/whizzopet.hu\/sk\/wp-json\/wp\/v2\/types\/product"}],"replies":[{"embeddable":true,"href":"https:\/\/whizzopet.hu\/sk\/wp-json\/wp\/v2\/comments?post=15471"}],"wp:featuredmedia":[{"embeddable":true,"href":"https:\/\/whizzopet.hu\/sk\/wp-json\/wp\/v2\/media\/15472"}],"wp:attachment":[{"href":"https:\/\/whizzopet.hu\/sk\/wp-json\/wp\/v2\/media?parent=15471"}],"wp:term":[{"taxonomy":"product_brand","embeddable":true,"href":"https:\/\/whizzopet.hu\/sk\/wp-json\/wp\/v2\/product_brand?post=15471"},{"taxonomy":"product_cat","embeddable":true,"href":"https:\/\/whizzopet.hu\/sk\/wp-json\/wp\/v2\/product_cat?post=15471"},{"taxonomy":"product_tag","embeddable":true,"href":"https:\/\/whizzopet.hu\/sk\/wp-json\/wp\/v2\/product_tag?post=15471"}],"curies":[{"name":"wp","href":"https:\/\/api.w.org\/{rel}","templated":true}]}}