{"id":15449,"date":"2025-12-30T18:34:42","date_gmt":"2025-12-30T17:34:42","guid":{"rendered":"https:\/\/whizzopet.hu\/?post_type=product&#038;p=15449"},"modified":"2026-04-12T21:17:54","modified_gmt":"2026-04-12T19:17:54","slug":"strucc-combcsont","status":"publish","type":"product","link":"https:\/\/whizzopet.hu\/sk\/termek\/strucc-combcsont\/","title":{"rendered":"Sz\u00e1r\u00edtott strucc combcsont kuty\u00e1nak"},"content":{"rendered":"<div><span style=\"color: #008000;\"><strong>Fontos: Mivel term\u00e9szetes csontr\u00f3l van sz\u00f3, minden darab egyedi, \u00e9s r\u00e1g\u00e1s k\u00f6zben t\u00f6rhet. A strucccsontok anat\u00f3miai szerkezete miatt jellemz\u0151en ink\u00e1bb kopnak \u00e9s morzsol\u00f3dnak, lemezes \u00e9s rostos fel\u00e9p\u00edt\u00e9s\u00fcknek k\u00f6sz\u00f6nhet\u0151en. A csont hosszanti ir\u00e1nyban hasadhat a kutya r\u00e1g\u00e1si erej\u00e9t\u0151l f\u00fcgg\u0151en. Mindig fel\u00fcgyelet mellett add a kuty\u00e1dnak, \u00e9s ha \u00e9les vagy szokatlan t\u00f6r\u00e9st tapasztalsz, vedd el t\u0151le.<\/strong><\/span><\/div>\n<div><\/div>\n<div class=\"gE iv gt\"><span style=\"font-size: inherit;\">A sz\u00e1r\u00edtott strucc combcsont egy kifejezetten speci\u00e1lis, term\u00e9szetes r\u00e1g\u00f3csont kuty\u00e1knak, amely tudatos v\u00e1laszt\u00e1s azoknak a gazdiknak, akik nem egyszer\u0171 \u201ecsontos jutalomfalatot\u201d, hanem funkcion\u00e1lis, kontroll\u00e1lt r\u00e1g\u00f3\u00e9lm\u00e9nyt keresnek. Ez a csont \u00fcreges szerkezet\u0171, nem tartalmaz vel\u0151t, \u00edgy teljesen m\u00e1sk\u00e9pp viselkedik r\u00e1g\u00e1s k\u00f6zben, mint a klasszikus vel\u0151s csontok.<\/span><\/div>\n<div><\/div>\n<div class=\"\">\n<div id=\":oc\" class=\"ii gt\">\n<div id=\":ob\" class=\"a3s aiL\">\n<div id=\"avWBGd-23\">\n<div dir=\"auto\">\n<h2>\u00dcreges strucc combcsont \u2013 tudatos alternat\u00edva a vel\u0151s csontok helyett<\/h2>\n<p>A vel\u0151s csontok eset\u00e9ben gyakori probl\u00e9ma, hogy a kutya a vel\u0151h\u00f6z pr\u00f3b\u00e1l min\u00e9l gyorsabban hozz\u00e1jutni. Ez kapkod\u00f3, intenz\u00edv r\u00e1g\u00e1shoz, nagyobb terhel\u00e9shez \u00e9s \u00e9rz\u00e9kenyebb kuty\u00e1kn\u00e1l em\u00e9szt\u00e9si panaszokhoz is vezethet. A\u00a0sz\u00e1r\u00edtott strucc combcsont vel\u0151mentes, \u00edgy a r\u00e1g\u00e1s c\u00e9lja nem az \u00edz, hanem maga a r\u00e1g\u00e1si folyamat.<\/p>\n<p>Az \u00fcreges fel\u00e9p\u00edt\u00e9s miatt a csont\u00a0nem reped szil\u00e1nkosan, nem m\u00e1llik sz\u00e9t, hanem fokozatosan kopik. Ez k\u00fcl\u00f6n\u00f6sen fontos biztons\u00e1gi szempont, f\u0151leg nagyobb test\u0171, er\u0151s \u00e1llkapcs\u00fa kuty\u00e1kn\u00e1l. A strucccsont s\u0171r\u0171s\u00e9ge \u00e9s rostos szerkezete lehet\u0151v\u00e9 teszi, hogy a kutya hossz\u00fa ideig r\u00e1gja an\u00e9lk\u00fcl, hogy nagyobb darabok v\u00e1ln\u00e1nak le r\u00f3la.<\/p>\n<h2>Hipoallerg\u00e9n strucc r\u00e1g\u00f3csont \u00e9rz\u00e9keny kuty\u00e1knak<\/h2>\n<p>A strucc ritka feh\u00e9rjeforr\u00e1snak sz\u00e1m\u00edt, ez\u00e9rt a sz\u00e1r\u00edtott strucc combcsont hipoallerg\u00e9n r\u00e1g\u00f3csontk\u00e9nt ide\u00e1lis v\u00e1laszt\u00e1s. Olyan kuty\u00e1kn\u00e1l is biztons\u00e1ggal alkalmazhat\u00f3, akik m\u00e1s \u00e1llati feh\u00e9rj\u00e9kre, p\u00e9ld\u00e1ul marh\u00e1ra vagy csirk\u00e9re \u00e9rz\u00e9kenyen reag\u00e1lnak. Elimin\u00e1ci\u00f3s di\u00e9ta, feh\u00e9rjecsere vagy b\u0151r- \u00e9s em\u00e9szt\u0151rendszeri probl\u00e9m\u00e1k eset\u00e9n kifejezetten el\u0151ny\u00f6s, hogy a r\u00e1g\u00e1s nem j\u00e1r rejtett \u00f6sszetev\u0151kkel vagy adal\u00e9kanyagokkal.<\/p>\n<p>A csont kiz\u00e1r\u00f3lag\u00a0sz\u00e1r\u00edt\u00e1ssal k\u00e9sz\u00fcl, nem f\u00fcst\u00f6lt, nem \u00edzes\u00edtett, nem kezelt vegyszerekkel. Ez fontos b\u0151rgy\u00f3gy\u00e1szati szempontb\u00f3l is, hiszen a r\u00e1g\u00e1s sor\u00e1n a kutya hossz\u00fa ideig \u00e9rintkezik a term\u00e9kkel.<\/p>\n<\/div>\n<\/div>\n<\/div>\n<\/div>\n<\/div>\n<h2>Term\u00e9szetes fog\u00e1pol\u00e1s \u00e9s ment\u00e1lis lef\u00e1raszt\u00e1s egyben<\/h2>\n<p>A strucc combcsont egyik legnagyobb el\u0151nye, hogy nem gyors jutalom, hanem elfoglalts\u00e1g. R\u00e1g\u00e1s k\u00f6zben a kem\u00e9ny felsz\u00edn mechanikusan tiszt\u00edtja a fogakat, seg\u00edt cs\u00f6kkenteni a leped\u00e9ket \u00e9s t\u00e1mogatja a fog\u00edny eg\u00e9szs\u00e9g\u00e9t. Ez a hat\u00e1s fokozatosan, rendszeres r\u00e1g\u00e1s mellett \u00e9rv\u00e9nyes\u00fcl.<\/p>\n<p>Ment\u00e1lis szempontb\u00f3l a hossz\u00fa ideig tart\u00f3 r\u00e1g\u00e1s seg\u00edt levezetni a fesz\u00fclts\u00e9get, cs\u00f6kkenti az unalomb\u00f3l fakad\u00f3 viselked\u00e9si probl\u00e9m\u00e1kat, \u00e9s term\u00e9szetes m\u00f3don el\u00e9g\u00edti ki a r\u00e1g\u00e1si \u00f6szt\u00f6nt. Sok kutya kifejezetten megnyugszik ett\u0151l a t\u00edpus\u00fa elfoglalts\u00e1gt\u00f3l, ez\u00e9rt ide\u00e1lis v\u00e1laszt\u00e1s lehet egy hosszabb s\u00e9ta ut\u00e1n vagy nyugodt esti pihen\u00e9shez.<\/p>\n<h2>Milyen kuty\u00e1knak aj\u00e1nlott a sz\u00e1r\u00edtott strucc combcsont?<\/h2>\n<p>Ez a r\u00e1g\u00f3csont els\u0151sorban k\u00f6zepes \u00e9s nagytest\u0171 kuty\u00e1k sz\u00e1m\u00e1ra ide\u00e1lis, akiknek m\u00e1r er\u0151sebb az \u00e1llkapcsuk \u00e9s stabil a fogazatuk. Kifejezetten j\u00f3 v\u00e1laszt\u00e1s er\u0151s r\u00e1g\u00e1si ig\u00e9ny\u0171, akt\u00edv vagy k\u00f6nnyen unatkoz\u00f3 kuty\u00e1knak. A sz\u00e1r\u00edtott strucc combcsontot mindig fel\u00fcgyelet mellett add a kuty\u00e1dnak, friss iv\u00f3v\u00edz biztos\u00edt\u00e1sa mellett. Id\u0151szakos r\u00e1g\u00f3k\u00e9nt haszn\u00e1ld, \u00edgy megmarad az \u00fajdons\u00e1g \u00e9lm\u00e9nye \u00e9s a r\u00e1g\u00e1s val\u00f3ban \u00e9rt\u00e9kes elfoglalts\u00e1g marad.<\/p>\n<p>Ha a kuty\u00e1d az intenz\u00edvebb r\u00e1g\u00e1st is j\u00f3l toler\u00e1lja, \u00e9rdemes megn\u00e9zned a\u00a0sz\u00e1r\u00edtott <a href=\"https:\/\/whizzopet.hu\/sk\/produkt\/strucc-velos-labszarcsont\/?wmc-currency=EUR\">strucc vel\u0151s l\u00e1bsz\u00e1rcsontot<\/a>, amely vel\u0151t tartalmaz, \u00e9s m\u00e1s t\u00edpus\u00fa r\u00e1g\u00e1si \u00e9lm\u00e9nyt ad, mint a vel\u0151mentes combcsont.<\/p>\n<p>A r\u00e1g\u00e1s mellett a mindennapi motiv\u00e1ci\u00f3hoz \u00e9s tr\u00e9ninghez v\u00e1logass a\u00a0<a href=\"https:\/\/whizzopet.hu\/sk\/kategoria-produktu\/navnada-na-odmenu-pre-psov\/?wmc-currency=EUR\">jutalomfalatok<\/a>\u00a0k\u00edn\u00e1lat\u00e1b\u00f3l, ahol term\u00e9szetes, adal\u00e9kmentes falatokat tal\u00e1lsz minden etet\u00e9si ir\u00e1nyhoz.<\/p>\n<p>&nbsp;<\/p>\n<p>&nbsp;<\/p>","protected":false},"excerpt":{"rendered":"<p>A sz\u00e1r\u00edtott strucc combcsont kuty\u00e1nak egy hipoallerg\u00e9n, \u00fcreges r\u00e1g\u00f3csont. Hossz\u00fa r\u00e1g\u00e1si id\u0151, term\u00e9szetes fogtiszt\u00edt\u00e1s, adal\u00e9kmentes.<\/p>\n<p>Kiszerel\u00e9s: 1db<\/p>\n<p>&nbsp;<\/p>","protected":false},"featured_media":15450,"comment_status":"open","ping_status":"closed","template":"","meta":{"inline_featured_image":false},"product_brand":[],"product_cat":[42,41,37,79,81],"product_tag":[],"class_list":{"0":"post-15449","1":"product","2":"type-product","3":"status-publish","4":"has-post-thumbnail","6":"product_cat-hipoallergen-jutalomfalat","7":"product_cat-kollagen-kutyaknak","8":"product_cat-jutalomfalatok","9":"product_cat-strucc-jutalomfalat-kutyanak","10":"product_cat-emu-strucc-ragocsont","11":"infinite-scroll-item","12":"sales-flash-overlay","13":"woocommerce-text-align-center","14":"woocommerce-image-align-center","15":"do-quantity-buttons","17":"first","18":"instock","19":"taxable","20":"shipping-taxable","21":"purchasable","22":"product-type-simple"},"_links":{"self":[{"href":"https:\/\/whizzopet.hu\/sk\/wp-json\/wp\/v2\/product\/15449","targetHints":{"allow":["GET"]}}],"collection":[{"href":"https:\/\/whizzopet.hu\/sk\/wp-json\/wp\/v2\/product"}],"about":[{"href":"https:\/\/whizzopet.hu\/sk\/wp-json\/wp\/v2\/types\/product"}],"replies":[{"embeddable":true,"href":"https:\/\/whizzopet.hu\/sk\/wp-json\/wp\/v2\/comments?post=15449"}],"wp:featuredmedia":[{"embeddable":true,"href":"https:\/\/whizzopet.hu\/sk\/wp-json\/wp\/v2\/media\/15450"}],"wp:attachment":[{"href":"https:\/\/whizzopet.hu\/sk\/wp-json\/wp\/v2\/media?parent=15449"}],"wp:term":[{"taxonomy":"product_brand","embeddable":true,"href":"https:\/\/whizzopet.hu\/sk\/wp-json\/wp\/v2\/product_brand?post=15449"},{"taxonomy":"product_cat","embeddable":true,"href":"https:\/\/whizzopet.hu\/sk\/wp-json\/wp\/v2\/product_cat?post=15449"},{"taxonomy":"product_tag","embeddable":true,"href":"https:\/\/whizzopet.hu\/sk\/wp-json\/wp\/v2\/product_tag?post=15449"}],"curies":[{"name":"wp","href":"https:\/\/api.w.org\/{rel}","templated":true}]}}