{"id":15446,"date":"2025-12-30T18:28:54","date_gmt":"2025-12-30T17:28:54","guid":{"rendered":"https:\/\/whizzopet.hu\/?post_type=product&#038;p=15446"},"modified":"2026-04-12T21:17:54","modified_gmt":"2026-04-12T19:17:54","slug":"strucc-velos-fel-labszarcsont","status":"publish","type":"product","link":"https:\/\/whizzopet.hu\/sk\/termek\/strucc-velos-fel-labszarcsont\/","title":{"rendered":"Sz\u00e1r\u00edtott strucc vel\u0151s f\u00e9l l\u00e1bsz\u00e1rcsont kuty\u00e1nak"},"content":{"rendered":"<p><span style=\"color: #008000;\"><strong>Fontos: Mivel term\u00e9szetes csontr\u00f3l van sz\u00f3, minden darab egyedi, \u00e9s r\u00e1g\u00e1s k\u00f6zben t\u00f6rhet. A strucccsontok anat\u00f3miai szerkezete miatt jellemz\u0151en ink\u00e1bb kopnak \u00e9s morzsol\u00f3dnak, lemezes \u00e9s rostos fel\u00e9p\u00edt\u00e9s\u00fcknek k\u00f6sz\u00f6nhet\u0151en. A csont hosszanti ir\u00e1nyban hasadhat a kutya r\u00e1g\u00e1si erej\u00e9t\u0151l f\u00fcgg\u0151en. Mindig fel\u00fcgyelet mellett add a kuty\u00e1dnak, \u00e9s ha \u00e9les vagy szokatlan t\u00f6r\u00e9st tapasztalsz, vedd el t\u0151le.<\/strong><\/span><\/p>\n<h2>Term\u00e9szetes r\u00e1g\u00f3\u00e9lm\u00e9ny kisebb m\u00e9retben<\/h2>\n<p>A sz\u00e1r\u00edtott strucc vel\u0151s f\u00e9l l\u00e1bsz\u00e1rcsont ugyanannak a csontt\u00edpusnak a felezett v\u00e1ltozata, mint a teljes vel\u0151s l\u00e1bsz\u00e1rcsont, azonban r\u00f6videbb, kompaktabb form\u00e1ban k\u00edn\u00e1l term\u00e9szetes r\u00e1g\u00e1si \u00e9lm\u00e9nyt. Ez a kialak\u00edt\u00e1s lehet\u0151v\u00e9 teszi, hogy olyan kuty\u00e1k is megkapj\u00e1k, akiknek a teljes m\u00e9ret\u0171 csont m\u00e1r t\u00fal nagy vagy nehezen kezelhet\u0151 lenne.<\/p>\n<p>A f\u00e9l l\u00e1bsz\u00e1rcsont nem gyeng\u00e9bb \u00e9s nem \u201ekev\u00e9sb\u00e9 \u00e9rt\u00e9kes\u201d, csup\u00e1n m\u00e1s felhaszn\u00e1l\u00e1sra optimaliz\u00e1lt forma.<\/p>\n<h2>Mit\u0151l k\u00fcl\u00f6nleges a strucc csont ebben a form\u00e1ban?<\/h2>\n<p>A strucc csont bels\u0151 szerkezete por\u00f3zusabb, mint a hagyom\u00e1nyos marha- vagy sert\u00e9scsontok\u00e9, ami r\u00e1g\u00e1s k\u00f6zben kisz\u00e1m\u00edthat\u00f3bb kop\u00e1st eredm\u00e9nyez.<\/p>\n<p>A f\u00e9l l\u00e1bsz\u00e1rcsont eset\u00e9ben a r\u00f6videbb hossz miatt a kutya:<\/p>\n<ul>\n<li>stabilabban tudja megfogni<\/li>\n<li>kev\u00e9sb\u00e9 \u201er\u00e1ngatja\u201d<\/li>\n<li>kontroll\u00e1ltabban r\u00e1gja<\/li>\n<\/ul>\n<p>Ez k\u00fcl\u00f6n\u00f6sen el\u0151ny\u00f6s azokn\u00e1l a kuty\u00e1kn\u00e1l, akik m\u00e1r tapasztalt r\u00e1g\u00f3k, de nem ig\u00e9nyelnek extr\u00e9m hossz\u00fa csontot.<\/p>\n<h2>Vel\u0151tartalom \u00e9s t\u00e1panyagok \u2013 m\u00e9rt\u00e9kkel \u00e9rt\u00e9kes kieg\u00e9sz\u00edt\u00e9s<\/h2>\n<p>A csont term\u00e9szetes vel\u0151tartalma miatt magas \u00e9lvezeti \u00e9rt\u00e9kkel b\u00edr. A vel\u0151 energiad\u00fas, zs\u00edrokat \u00e9s zs\u00edrban old\u00f3d\u00f3 vitaminokat tartalmaz, ez\u00e9rt a f\u00e9l l\u00e1bsz\u00e1rcsont ink\u00e1bb r\u00f6videbb r\u00e1g\u00e1sokhoz aj\u00e1nlott.<\/p>\n<p>Kutyadietetikai szempontb\u00f3l fontos hangs\u00falyozni, hogy:<\/p>\n<ul>\n<li>a csont nem teljes \u00e9rt\u00e9k\u0171 eledel<\/li>\n<li>nem a t\u00e1panyagbevitel, hanem a r\u00e1g\u00e1s a c\u00e9l<\/li>\n<li>vel\u0151s csont eset\u00e9n a m\u00e9rt\u00e9kletess\u00e9g k\u00fcl\u00f6n\u00f6sen fontos<\/li>\n<\/ul>\n<p>&nbsp;<\/p>\n<h2>Hipoallerg\u00e9n v\u00e1laszt\u00e1s \u00e9rz\u00e9keny kuty\u00e1knak<\/h2>\n<p>A strucc ritka feh\u00e9rjeforr\u00e1s, ez\u00e9rt a f\u00e9l l\u00e1bsz\u00e1rcsont is j\u00f3 alternat\u00edva lehet olyan kuty\u00e1k sz\u00e1m\u00e1ra, akikn\u00e9l a klasszikus csontos term\u00e9kek nem toler\u00e1lhat\u00f3k j\u00f3l.<\/p>\n<h2>Milyen kuty\u00e1nak aj\u00e1nlott a strucc f\u00e9l l\u00e1bsz\u00e1rcsont?<\/h2>\n<ul>\n<li>k\u00f6zepes test\u0171 \u00e9s nagyobb kuty\u00e1knak<\/li>\n<li>tapasztalt, nyugodtan r\u00e1g\u00f3 kedvenceknek<\/li>\n<li>azoknak, akikn\u00e9l a teljes l\u00e1bsz\u00e1rcsont m\u00e1r t\u00fal nagy lenne<\/li>\n<\/ul>\n<p>Nem aj\u00e1nlott:<\/p>\n<ul>\n<li>k\u00f6ly\u00f6kkuty\u00e1knak<\/li>\n<li>kistest\u0171 kuty\u00e1knak<\/li>\n<li>fal\u00e1nk, kapkod\u00f3 r\u00e1g\u00f3knak<\/li>\n<li>fog\u00e1szati probl\u00e9m\u00e1val k\u00fczd\u0151 kutyusoknak<\/li>\n<\/ul>\n<p>&nbsp;<\/p>\n<h2>Mi t\u00f6rt\u00e9nik, ha a kutya darabokat t\u00f6r le?<\/h2>\n<p>A f\u00e9l l\u00e1bsz\u00e1rcsont nem fogyaszt\u00e1sra, hanem r\u00e1g\u00e1sra val\u00f3.<\/p>\n<p>Ha a kutya:<\/p>\n<ul>\n<li>darabokat pr\u00f3b\u00e1l let\u00f6rni<\/li>\n<li>t\u00fal intenz\u00edven harapja<\/li>\n<li>megpr\u00f3b\u00e1lja lenyelni a csont egy r\u00e9sz\u00e9t<\/li>\n<\/ul>\n<p>a csontot azonnal el kell venni. Lenyelt csontdarab em\u00e9szt\u00e9si probl\u00e9m\u00e1t vagy sz\u00e9kreked\u00e9st okozhat, ez\u00e9rt a fel\u00fcgyelet itt is alapfelt\u00e9tel.<\/p>\n<h2>Okozhat-e s\u00e9r\u00fcl\u00e9st?<\/h2>\n<p>Mint minden term\u00e9szetes csont, a f\u00e9l l\u00e1bsz\u00e1rcsont sem kock\u00e1zatmentes. A strucc csont szerkezete miatt kev\u00e9sb\u00e9 hajlamos az \u00e9les, szil\u00e1nkos t\u00f6r\u00e9sre, de a kock\u00e1zat nem z\u00e1rhat\u00f3 ki teljesen.<\/p>\n<p>A s\u00e9r\u00fcl\u00e9s es\u00e9lye n\u0151, ha:<\/p>\n<ul>\n<li>a csont t\u00fal kicsi a kuty\u00e1hoz k\u00e9pest<\/li>\n<li>hossz\u00fa ideig fel\u00fcgyelet n\u00e9lk\u00fcl marad<\/li>\n<li>a kutya agressz\u00edven r\u00e1g<\/li>\n<\/ul>\n<p>&nbsp;<\/p>\n<p>Ha er\u0151sen r\u00e1g\u00f3 kuty\u00e1d van, \u00e9rdemes a <a href=\"https:\/\/whizzopet.hu\/sk\/produkt\/strucc-velos-labszarcsont\/?wmc-currency=EUR\">sz\u00e1r\u00edtott strucc vel\u0151s l\u00e1bsz\u00e1rcsontot<\/a> v\u00e1lasztani, amely hosszabb r\u00e1g\u00e1si \u00e9lm\u00e9nyt biztos\u00edt nagytest\u0171, tapasztalt r\u00e1g\u00f3knak. Ha viszont a csontos \u00edzeket kedveli, de a klasszikus r\u00e1g\u00f3csont m\u00e1r t\u00fal nagy vagy t\u00fal intenz\u00edv sz\u00e1m\u00e1ra, j\u00f3 alternat\u00edva lehet a <a href=\"https:\/\/whizzopet.hu\/sk\/produkt\/sutotokos-strucchus-csik\/?wmc-currency=EUR\">s\u00fct\u0151t\u00f6k\u00f6s strucch\u00fas cs\u00edk<\/a> apr\u00f3ra dar\u00e1lt strucc csonttal, amely feldolgozott form\u00e1ban tartalmaz csontot, \u00edgy kisebb terhel\u00e9st jelent az \u00e1llkapocsnak \u00e9s az em\u00e9szt\u00e9snek.<\/p>\n<p>&nbsp;<\/p>\n<p>&nbsp;<\/p>","protected":false},"excerpt":{"rendered":"<p>A sz\u00e1r\u00edtott strucc vel\u0151s f\u00e9l l\u00e1bsz\u00e1rcsont egy hipoallerg\u00e9n r\u00e1g\u00f3csont azoknak a kuty\u00e1knak, akik a teljes m\u00e9ret\u0171 csonttal nehezen birk\u00f3znak meg.<\/p>\n<p>Kiszerel\u00e9s: 1db<\/p>\n<p>&nbsp;<\/p>","protected":false},"featured_media":15447,"comment_status":"open","ping_status":"closed","template":"","meta":{"inline_featured_image":false},"product_brand":[],"product_cat":[42,41,37,79,81],"product_tag":[],"class_list":{"0":"post-15446","1":"product","2":"type-product","3":"status-publish","4":"has-post-thumbnail","6":"product_cat-hipoallergen-jutalomfalat","7":"product_cat-kollagen-kutyaknak","8":"product_cat-jutalomfalatok","9":"product_cat-strucc-jutalomfalat-kutyanak","10":"product_cat-emu-strucc-ragocsont","11":"infinite-scroll-item","12":"sales-flash-overlay","13":"woocommerce-text-align-center","14":"woocommerce-image-align-center","15":"do-quantity-buttons","17":"first","18":"outofstock","19":"taxable","20":"shipping-taxable","21":"purchasable","22":"product-type-simple"},"_links":{"self":[{"href":"https:\/\/whizzopet.hu\/sk\/wp-json\/wp\/v2\/product\/15446","targetHints":{"allow":["GET"]}}],"collection":[{"href":"https:\/\/whizzopet.hu\/sk\/wp-json\/wp\/v2\/product"}],"about":[{"href":"https:\/\/whizzopet.hu\/sk\/wp-json\/wp\/v2\/types\/product"}],"replies":[{"embeddable":true,"href":"https:\/\/whizzopet.hu\/sk\/wp-json\/wp\/v2\/comments?post=15446"}],"wp:featuredmedia":[{"embeddable":true,"href":"https:\/\/whizzopet.hu\/sk\/wp-json\/wp\/v2\/media\/15447"}],"wp:attachment":[{"href":"https:\/\/whizzopet.hu\/sk\/wp-json\/wp\/v2\/media?parent=15446"}],"wp:term":[{"taxonomy":"product_brand","embeddable":true,"href":"https:\/\/whizzopet.hu\/sk\/wp-json\/wp\/v2\/product_brand?post=15446"},{"taxonomy":"product_cat","embeddable":true,"href":"https:\/\/whizzopet.hu\/sk\/wp-json\/wp\/v2\/product_cat?post=15446"},{"taxonomy":"product_tag","embeddable":true,"href":"https:\/\/whizzopet.hu\/sk\/wp-json\/wp\/v2\/product_tag?post=15446"}],"curies":[{"name":"wp","href":"https:\/\/api.w.org\/{rel}","templated":true}]}}