{"id":15439,"date":"2025-12-30T18:15:32","date_gmt":"2025-12-30T17:15:32","guid":{"rendered":"https:\/\/whizzopet.hu\/?post_type=product&#038;p=15439"},"modified":"2026-04-04T11:26:32","modified_gmt":"2026-04-04T09:26:32","slug":"strucc-velos-labszarcsont","status":"publish","type":"product","link":"https:\/\/whizzopet.hu\/sk\/termek\/strucc-velos-labszarcsont\/","title":{"rendered":"Sz\u00e1r\u00edtott strucc vel\u0151s l\u00e1bsz\u00e1rcsont kuty\u00e1nak"},"content":{"rendered":"<p><span style=\"color: #008000;\"><strong>Fontos: Mivel term\u00e9szetes csontr\u00f3l van sz\u00f3, minden darab egyedi, \u00e9s r\u00e1g\u00e1s k\u00f6zben t\u00f6rhet. A strucccsontok anat\u00f3miai szerkezete miatt jellemz\u0151en ink\u00e1bb kopnak \u00e9s morzsol\u00f3dnak, lemezes \u00e9s rostos fel\u00e9p\u00edt\u00e9s\u00fcknek k\u00f6sz\u00f6nhet\u0151en. A csont hosszanti ir\u00e1nyban hasadhat a kutya r\u00e1g\u00e1si erej\u00e9t\u0151l f\u00fcgg\u0151en. Mindig fel\u00fcgyelet mellett add a kuty\u00e1dnak, \u00e9s ha \u00e9les vagy szokatlan t\u00f6r\u00e9st tapasztalsz, vedd el t\u0151le.<\/strong><\/span><\/p>\n<h2>Term\u00e9szetes, hosszan r\u00e1g\u00adhat\u00f3 csontjutalom<\/h2>\n<p>A sz\u00e1r\u00edtott strucc vel\u0151s l\u00e1bsz\u00e1rcsont kuty\u00e1nak, a nagytest\u0171, er\u0151sen r\u00e1g\u00f3 kuty\u00e1k egyik legk\u00fcl\u00f6nlegesebb term\u00e9szetes r\u00e1g\u00f3jutalma. M\u00e9ret\u00e9b\u0151l, csontszerkezet\u00e9b\u0151l \u00e9s vel\u0151tartalm\u00e1b\u00f3l ad\u00f3d\u00f3an nem egy \u201egyors nasi\u201d, hanem elfoglalts\u00e1g, r\u00e1g\u00e1si \u00e9lm\u00e9ny \u00e9s \u00e1sv\u00e1nyianyag-forr\u00e1s egyszerre.<\/p>\n<p>Megfelel\u0151 k\u00f6r\u00fclm\u00e9nyek k\u00f6z\u00f6tt adva biztons\u00e1gos, hipoallerg\u00e9n alternat\u00edva azoknak a gazdiknak, akik a hagyom\u00e1nyos marha- vagy sert\u00e9scsont helyett k\u00fcl\u00f6nlegesebb, jobban toler\u00e1lhat\u00f3 r\u00e1g\u00f3t keresnek.<\/p>\n<h2>Mi\u00e9rt k\u00fcl\u00f6nleges a strucc csont szerkezete?<\/h2>\n<p>A strucc csontjai anat\u00f3miailag elt\u00e9rnek a legt\u00f6bb haszon\u00e1llat\u00e9t\u00f3l. B\u00e1r m\u00e9ret\u00fck impoz\u00e1ns, a csont bels\u0151 szerkezete por\u00f3zusabb, kev\u00e9sb\u00e9 t\u00f6m\u00f6r, mint p\u00e9ld\u00e1ul a marha combcsontja.<\/p>\n<p>Ez azt jelenti, hogy:<\/p>\n<ul>\n<li>r\u00e1g\u00e1s k\u00f6zben nem \u00fcvegszer\u0171en t\u00f6rik<\/li>\n<li>ink\u00e1bb lassan kopik, morzsol\u00f3dik<\/li>\n<li>kev\u00e9sb\u00e9 hajlamos az \u00e9les szil\u00e1nkos t\u00f6r\u00e9sre<\/li>\n<\/ul>\n<p>A l\u00e1bsz\u00e1rcsont k\u00fcl\u00f6n\u00f6sen alkalmas r\u00e1g\u00e1sra, mert hossz\u00fa, egyenes form\u00e1ja miatt a kutya nem tudja egyben lenyelni, \u00e9s stabilan meg tudja fogni az els\u0151 mancsaival.<\/p>\n<h2>Term\u00e9szetes t\u00e1panyagforr\u00e1s: nem csak r\u00e1g\u00e1s<\/h2>\n<p>A sz\u00e1r\u00edtott strucc vel\u0151s l\u00e1bsz\u00e1rcsont nem teljes \u00e9rt\u00e9k\u0171 eledel, de \u00e9rt\u00e9kes kieg\u00e9sz\u00edt\u0151 t\u00e1panyagokat tartalmaz:<\/p>\n<ul>\n<li>term\u00e9szetes kalcium \u00e9s foszfor<\/li>\n<li>nyomelemek<\/li>\n<li>vel\u0151tartalom, amely zs\u00edrokat \u00e9s zs\u00edrban old\u00f3d\u00f3 vitaminokat hordoz<\/li>\n<li>kollag\u00e9nmaradv\u00e1nyok a csont k\u00f6r\u00fcli k\u00f6t\u0151sz\u00f6vetb\u0151l<\/li>\n<\/ul>\n<p>A vel\u0151 k\u00fcl\u00f6n\u00f6sen vonz\u00f3 a kuty\u00e1k sz\u00e1m\u00e1ra, ez\u00e9rt a csont magas \u00e9lvezeti \u00e9rt\u00e9k\u0171, de pont emiatt fontos a m\u00e9rt\u00e9kletess\u00e9g.<\/p>\n<h2>Hipoallerg\u00e9n r\u00e1g\u00f3csont \u2013 \u00e9rz\u00e9keny kuty\u00e1knak is<\/h2>\n<p>A strucc ritka feh\u00e9rjeforr\u00e1s, ez\u00e9rt:<\/p>\n<ul>\n<li>\u00e9telallergi\u00e1s kuty\u00e1k<\/li>\n<li>elimin\u00e1ci\u00f3s di\u00e9t\u00e1n l\u00e9v\u0151 kedvencek<\/li>\n<li>b\u0151r- \u00e9s em\u00e9szt\u00e9si probl\u00e9m\u00e1kra hajlamos kuty\u00e1k<\/li>\n<\/ul>\n<p>sz\u00e1m\u00e1ra is j\u00f3l toler\u00e1lhat\u00f3. Fontos ugyanakkor, hogy mindig fel\u00fcgyelet mellett kapja a kutya.<\/p>\n<h2>R\u00e1ghat\u00f3 a kuty\u00e1nak? Igen, de nem mindenkinek<\/h2>\n<p>Aj\u00e1nlott:<\/p>\n<ul>\n<li>k\u00f6zepes \u00e9s nagytest\u0171 kuty\u00e1knak<\/li>\n<li>er\u0151s \u00e1llkapcs\u00fa, tapasztalt r\u00e1g\u00f3knak<\/li>\n<li>nyugodtan r\u00e1g\u00f3, nem \u201ehabzsol\u00f3\u201d t\u00edpus\u00fa kuty\u00e1knak<\/li>\n<\/ul>\n<p>Nem aj\u00e1nlott:<\/p>\n<ul>\n<li>k\u00f6ly\u00f6kkuty\u00e1knak<\/li>\n<li>id\u0151s, fog\u00e1szati probl\u00e9m\u00e1kkal k\u00fczd\u0151 kutyusoknak<\/li>\n<li>kistest\u0171 kuty\u00e1knak<\/li>\n<li>fal\u00e1nk, csontot r\u00e1g\u00e1s n\u00e9lk\u00fcl t\u00f6rdel\u0151 kuty\u00e1knak<\/li>\n<\/ul>\n<p>&nbsp;<\/p>\n<h2>Mi t\u00f6rt\u00e9nik, ha a kutya megeszi vagy lenyeli?<\/h2>\n<p>A csont nem arra val\u00f3, hogy a kutya elfogyassza, hanem hogy r\u00e1gja.<\/p>\n<p>Ha a kutya:<\/p>\n<ul>\n<li>t\u00fal nagy darabot pr\u00f3b\u00e1l leharapni<\/li>\n<li>intenz\u00edven harapja, nem r\u00e1gja<\/li>\n<li>megpr\u00f3b\u00e1lja eg\u00e9szben elnyelni<\/li>\n<\/ul>\n<p>azonnal el kell venni t\u0151le. Kisebb csontdarabok lenyel\u00e9se em\u00e9szt\u00e9si panaszt, sz\u00e9kreked\u00e9st okozhat, ez\u00e9rt a fel\u00fcgyelet elengedhetetlen.<\/p>\n<h2>Okozhat-e s\u00e9r\u00fcl\u00e9st a strucc csont?<\/h2>\n<p>Mint minden term\u00e9szetes csont, nem kock\u00e1zatmentes. A strucc csont azonban a szerkezet\u00e9b\u0151l ad\u00f3d\u00f3an kev\u00e9sb\u00e9 hajlamos a szil\u00e1nkos t\u00f6r\u00e9sre, mint a t\u00f6m\u00f6r marhacsontok.<\/p>\n<p>A s\u00e9r\u00fcl\u00e9s kock\u00e1zata akkor n\u0151 meg, ha:<\/p>\n<ul>\n<li>a csont t\u00fal kicsi a kuty\u00e1hoz k\u00e9pest<\/li>\n<li>a kutya t\u00fal agressz\u00edven r\u00e1g<\/li>\n<li>hossz\u00fa ideig, fel\u00fcgyelet n\u00e9lk\u00fcl marad n\u00e1la<\/li>\n<\/ul>\n<p>Ez\u00e9rt nem \u201eotthagyhat\u00f3\u201d j\u00e1t\u00e9k, hanem kontroll\u00e1lt r\u00e1g\u00f3jutalom.<\/p>\n<h2>Mikor kell elvenni a kuty\u00e1t\u00f3l?<\/h2>\n<p>A csontot minden esetben el kell venni, ha:<\/p>\n<ul>\n<li>t\u00falzottan lekopott<\/li>\n<li>\u00e9les peremek jelennek meg<\/li>\n<li>a kutya darabokat t\u00f6r le bel\u0151le<\/li>\n<li>t\u00fal intenz\u00edv, kapkod\u00f3 r\u00e1g\u00e1sba kezd<\/li>\n<\/ul>\n<p>\u00c1ltal\u00e1nos szab\u00e1ly: 20\u201330 perc r\u00e1g\u00e1s b\u0151ven elegend\u0151 egyszerre.<\/p>\n<p>Ha a kuty\u00e1d \u00e9rdekl\u0151dik a csontos ir\u00e1nt, de a nagy m\u00e9ret\u0171 r\u00e1g\u00f3csont nem ide\u00e1lis sz\u00e1m\u00e1ra, j\u00f3 alternat\u00edva lehet a <a href=\"https:\/\/whizzopet.hu\/sk\/produkt\/sutotokos-strucchus-csik\/?wmc-currency=EUR\">s\u00fct\u0151t\u00f6k\u00f6s strucch\u00fas cs\u00edk<\/a>, apr\u00f3ra dar\u00e1lt strucc csonttal, amely a csontot biztons\u00e1gosabb, feldolgozott form\u00e1ban tartalmazza. \u00c9rz\u00e9kenyebb, id\u0151sebb vagy kev\u00e9sb\u00e9 intenz\u00edven r\u00e1g\u00f3 kuty\u00e1k sz\u00e1m\u00e1ra pedig a <a href=\"https:\/\/whizzopet.hu\/sk\/produkt\/szaritott-strucc-tudo-jutalomfalat-kutyanak\/?wmc-currency=EUR\">sz\u00e1r\u00edtott strucc t\u00fcd\u0151<\/a> aj\u00e1nlott, amely k\u00f6nny\u0171 \u00e1llag\u00fa, j\u00f3l em\u00e9szthet\u0151 \u00e9s hipoallerg\u00e9n jutalomfalat, csontos terhel\u00e9s n\u00e9lk\u00fcl.<\/p>\n<p>&nbsp;<\/p>","protected":false},"excerpt":{"rendered":"<p>A sz\u00e1r\u00edtott strucc vel\u0151s l\u00e1bsz\u00e1rcsont kuty\u00e1nak, egy term\u00e9szetes r\u00e1g\u00f3csont k\u00f6zepes \u00e9s nagytest\u0171 kuty\u00e1k sz\u00e1m\u00e1ra.<\/p>\n<p>Kiszerel\u00e9s: 1db<\/p>\n<p>&nbsp;<\/p>","protected":false},"featured_media":15443,"comment_status":"open","ping_status":"closed","template":"","meta":{"inline_featured_image":false},"product_brand":[],"product_cat":[42,41,37,79,81],"product_tag":[],"class_list":{"0":"post-15439","1":"product","2":"type-product","3":"status-publish","4":"has-post-thumbnail","6":"product_cat-hipoallergen-jutalomfalat","7":"product_cat-kollagen-kutyaknak","8":"product_cat-jutalomfalatok","9":"product_cat-strucc-jutalomfalat-kutyanak","10":"product_cat-emu-strucc-ragocsont","11":"infinite-scroll-item","12":"sales-flash-overlay","13":"woocommerce-text-align-center","14":"woocommerce-image-align-center","15":"do-quantity-buttons","17":"first","18":"instock","19":"taxable","20":"shipping-taxable","21":"purchasable","22":"product-type-simple"},"_links":{"self":[{"href":"https:\/\/whizzopet.hu\/sk\/wp-json\/wp\/v2\/product\/15439","targetHints":{"allow":["GET"]}}],"collection":[{"href":"https:\/\/whizzopet.hu\/sk\/wp-json\/wp\/v2\/product"}],"about":[{"href":"https:\/\/whizzopet.hu\/sk\/wp-json\/wp\/v2\/types\/product"}],"replies":[{"embeddable":true,"href":"https:\/\/whizzopet.hu\/sk\/wp-json\/wp\/v2\/comments?post=15439"}],"wp:featuredmedia":[{"embeddable":true,"href":"https:\/\/whizzopet.hu\/sk\/wp-json\/wp\/v2\/media\/15443"}],"wp:attachment":[{"href":"https:\/\/whizzopet.hu\/sk\/wp-json\/wp\/v2\/media?parent=15439"}],"wp:term":[{"taxonomy":"product_brand","embeddable":true,"href":"https:\/\/whizzopet.hu\/sk\/wp-json\/wp\/v2\/product_brand?post=15439"},{"taxonomy":"product_cat","embeddable":true,"href":"https:\/\/whizzopet.hu\/sk\/wp-json\/wp\/v2\/product_cat?post=15439"},{"taxonomy":"product_tag","embeddable":true,"href":"https:\/\/whizzopet.hu\/sk\/wp-json\/wp\/v2\/product_tag?post=15439"}],"curies":[{"name":"wp","href":"https:\/\/api.w.org\/{rel}","templated":true}]}}