{"id":15429,"date":"2025-12-30T16:43:50","date_gmt":"2025-12-30T15:43:50","guid":{"rendered":"https:\/\/whizzopet.hu\/?post_type=product&#038;p=15429"},"modified":"2026-03-03T21:13:42","modified_gmt":"2026-03-03T20:13:42","slug":"szoros-nyullab","status":"publish","type":"product","link":"https:\/\/whizzopet.hu\/sk\/termek\/szoros-nyullab\/","title":{"rendered":"Sz\u00e1r\u00edtott sz\u0151r\u00f6s ny\u00fall\u00e1b jutalomfalat kuty\u00e1nak"},"content":{"rendered":"<p>A\u00a0sz\u0151r\u00f6s ny\u00fall\u00e1b\u00a0nem klasszikus jutalomfalat, hanem egy olyan term\u00e9szetes r\u00e1g\u00f3, amelynek els\u0151dleges szerepe a\u00a0r\u00e1g\u00e1si ig\u00e9ny kiel\u00e9g\u00edt\u00e9se \u00e9s a viselked\u00e9si egyens\u00faly t\u00e1mogat\u00e1sa. Nem \u00edz\u00e9lm\u00e9nyre \u00e9p\u00fcl, nem gyors jutalmaz\u00e1sra szolg\u00e1l, hanem arra, hogy a kutya dolgozzon vele, id\u0151t t\u00f6lts\u00f6n el r\u00e1g\u00e1ssal, \u00e9s k\u00f6zben megnyugodjon.<\/p>\n<p>Fel\u00e9p\u00edt\u00e9s\u00e9ben egyszer\u0171: csont, b\u0151r \u00e9s sz\u0151r egy\u00fctt, feldolgozatlan form\u00e1ban. A sz\u0151r\u00f6s ny\u00fall\u00e1b nem form\u00e1zott, nem puh\u00edtott, nem \u201esnack jelleg\u0171\u201d term\u00e9k, hanem olyan r\u00e1g\u00f3, amely lass\u00edtja a fogyaszt\u00e1st, \u00e9s kontroll\u00e1lt elfoglalts\u00e1got ad a kuty\u00e1nak.<\/p>\n<h2>Mi\u00e9rt m\u00e1s r\u00e1g\u00e1si \u00e9lm\u00e9ny a ny\u00fall\u00e1b, mint a sz\u0151r\u00f6s ny\u00falf\u00fcl vagy a ny\u00falb\u0151r?<\/h2>\n<p>A sz\u0151r\u00f6s ny\u00fall\u00e1b r\u00e1g\u00e1si dinamik\u00e1ja alapvet\u0151en elt\u00e9r a laposabb, hajl\u00e9konyabb r\u00e1g\u00f3kt\u00f3l. A ny\u00fall\u00e1b t\u00e9rbeli, csontos egys\u00e9g, amelyet a kutya nem tud\u00a0 gyorsan elfogyasztani. Ez arra k\u00e9szteti, hogy fokozatosan dolgozzon vele, ami term\u00e9szetes m\u00f3don lass\u00edtja az ev\u00e9st.<\/p>\n<p>Ez a fajta r\u00e1g\u00e1s k\u00fcl\u00f6n\u00f6sen el\u0151ny\u00f6s fal\u00f3, kapkod\u00f3 kuty\u00e1kn\u00e1l, illetve olyan kedvencekn\u00e9l, akik a puh\u00e1bb jutalomfalatokat hajlamosak gyorsan lenyelni. A ny\u00fall\u00e1b nem extr\u00e1n hossz\u00fa ideig lek\u00f6t\u0151 r\u00e1g\u00f3, de r\u00f6vid\u2013k\u00f6zepes id\u0151tartam\u00fa, f\u00f3kusz\u00e1lt elfoglalts\u00e1got ad, ami j\u00f3l illeszkedik a napi rutinba.<\/p>\n<h2>A sz\u0151r szerepe a t\u00e1pl\u00e1lkoz\u00e1sban \u00e9s az em\u00e9szt\u00e9s t\u00e1mogat\u00e1s\u00e1ban<\/h2>\n<p>A sz\u0151r a kutya em\u00e9szt\u0151rendszere sz\u00e1m\u00e1ra ismer\u0151s inger. A zs\u00e1km\u00e1ny\u00e1llatok elfogyaszt\u00e1sakor a kutya nem csak h\u00fast eszik, hanem b\u0151rt, k\u00f6t\u0151sz\u00f6vetet \u00e9s sz\u0151rt is, amelyek egy\u00fctt vesznek r\u00e9szt az em\u00e9szt\u00e9si folyamatokban.<\/p>\n<p>A r\u00f6vid, finom sz\u0151r r\u00e1g\u00e1s \u00e9s lenyel\u00e9s ut\u00e1n\u00a0mechanikai hat\u00e1st fejt ki\u00a0a b\u00e9lrendszerben. Ez a fizikai inger seg\u00edtheti a b\u00e9ltartalom term\u00e9szetes tov\u00e1bbhalad\u00e1s\u00e1t, \u00e9s hozz\u00e1j\u00e1rulhat a b\u00e9lmozg\u00e1sok egyens\u00faly\u00e1hoz. Megfelel\u0151 mennyis\u00e9gben adva a sz\u0151r\u00f6s r\u00e1g\u00f3k sok kuty\u00e1n\u00e1l\u00a0nem terhelik, hanem ink\u00e1bb t\u00e1mogatj\u00e1k az em\u00e9szt\u00e9st.<\/p>\n<p>Fontos hangs\u00falyozni, hogy a sz\u0151r\u00f6s ny\u00fall\u00e1b nem rostp\u00f3tl\u00f3, hanem \u00e9trendi kieg\u00e9sz\u00edt\u0151, amely a zs\u00e1km\u00e1nyalap\u00fa t\u00e1pl\u00e1lkoz\u00e1s term\u00e9szetes mint\u00e1j\u00e1t k\u00f6veti. Eg\u00e9szs\u00e9ges em\u00e9szt\u00e9s\u0171 kuty\u00e1kn\u00e1l, rot\u00e1ci\u00f3ban adva a sz\u0151r jelenl\u00e9te nem kock\u00e1zat, hanem funkcion\u00e1lis r\u00e9sze az \u00e9lm\u00e9nynek.<\/p>\n<h2>Csontos r\u00e1g\u00f3, de nem klasszikus csontetet\u00e9s<\/h2>\n<p>A sz\u0151r\u00f6s ny\u00fall\u00e1b csontos r\u00e1g\u00f3nak sz\u00e1m\u00edt, de fontos k\u00fcl\u00f6nbs\u00e9get tenni a nagy, kem\u00e9ny csontok \u00e9s a ny\u00fall\u00e1b fel\u00e9p\u00edt\u00e9se k\u00f6z\u00f6tt. A ny\u00fall\u00e1b csontja\u00a0kicsi, v\u00e9kony, r\u00e1g\u00e1s k\u00f6zben fokozatosan kopik, nem hirtelen t\u00f6rik. Ennek ellen\u00e9re mindig fel\u00fcgyelet mellett aj\u00e1nlott adni, \u00e9s a kutya r\u00e1g\u00e1si szok\u00e1sait figyelembe venni.<\/p>\n<h2>Milyen kuty\u00e1knak ide\u00e1lis v\u00e1laszt\u00e1s a sz\u0151r\u00f6s ny\u00fall\u00e1b?<\/h2>\n<p>A sz\u0151r\u00f6s ny\u00fall\u00e1b olyan kuty\u00e1knak ide\u00e1lis, akik m\u00e1r ismerkedtek term\u00e9szetes r\u00e1g\u00f3kkal, \u00e9s nem pr\u00f3b\u00e1lj\u00e1k azokat egyben lenyelni. K\u00f6zepes \u00e9s nagyobb test\u0171 kuty\u00e1kn\u00e1l r\u00f6videbb, intenz\u00edv elfoglalts\u00e1got ad, m\u00edg kisebb test\u0171 ebekn\u00e9l valamivel hosszabb r\u00e1g\u00e1si \u00e9lm\u00e9nyt ny\u00fajt.<\/p>\n<p>Allergi\u00e1ra hajlamos kuty\u00e1kn\u00e1l a ny\u00fal, mint egyfeh\u00e9rj\u00e9s, j\u00f3l toler\u00e1lt alapanyag, j\u00f3l beilleszthet\u0151 az \u00e9trendbe. A term\u00e9k nem tartalmaz hozz\u00e1adott \u00f6sszetev\u0151ket, \u00edgy rot\u00e1ci\u00f3s \u00e9trendben is j\u00f3l haszn\u00e1lhat\u00f3.<\/p>\n<h2>Milyen gyakran adhat\u00f3 sz\u0151r\u00f6s ny\u00fall\u00e1b?<\/h2>\n<p>A sz\u0151r\u00f6s ny\u00fall\u00e1b\u00a0nem mindennapi r\u00e1g\u00f3. Hetente 1\u20132 alkalommal, m\u00e1s term\u00e9szetes r\u00e1g\u00f3kkal v\u00e1ltogatva ide\u00e1lis. Ez seg\u00edt elker\u00fclni, hogy a kutya r\u00f6vid id\u0151n bel\u00fcl t\u00fal sok sz\u0151r\u00f6s vagy csontos elemet fogyasszon, mik\u00f6zben megmarad a r\u00e1g\u00e1s \u00e9lm\u00e9nye \u00e9s funkci\u00f3ja.<\/p>\n<h2>Feldolgoz\u00e1s \u00e9s Whizzopet min\u0151s\u00e9g<\/h2>\n<p>A k\u00edm\u00e9letes sz\u00e1r\u00edt\u00e1s biztos\u00edtja, hogy a sz\u0151r\u00f6s ny\u00fall\u00e1b ne legyen t\u00f6r\u00e9keny, ne porladjon, \u00e9s ne v\u00e1ljon t\u00fal kem\u00e9nny\u00e9. A megfelel\u0151en feldolgozott ny\u00fall\u00e1b stabil, j\u00f3l kezelhet\u0151, \u00e9s adal\u00e9kanyagok n\u00e9lk\u00fcl is biztons\u00e1gosan eltarthat\u00f3.<\/p>\n<p>Ha a kuty\u00e1d m\u00e1r ismeri a sz\u0151r\u00f6s r\u00e1g\u00f3kat, \u00e9rdemes \u00f6sszevetni a sz\u0151r\u00f6s ny\u00fall\u00e1bat a\u00a0<a href=\"https:\/\/whizzopet.hu\/sk\/produkt\/szaritott-szoros-nyulful-jutalomfalat-kutyanak\/?wmc-currency=EUR\">sz\u0151r\u00f6s ny\u00falf\u00fcllel<\/a>. M\u00edg a f\u00fcl k\u00f6nnyebb, gyorsabban fogyaszthat\u00f3 r\u00e1g\u00f3, a ny\u00fall\u00e1b struktur\u00e1ltabb r\u00e1g\u00e1si \u00e9lm\u00e9nyt ad.<\/p>\n<p>Ha szeretn\u00e9l t\u00f6bbf\u00e9le eredet\u0171 r\u00e1g\u00f3t rot\u00e1lni, a <a href=\"https:\/\/whizzopet.hu\/sk\/produkt\/vadnyul-mix\/?wmc-currency=EUR\">vadny\u00fal mix<\/a> jutalomfalat j\u00f3 v\u00e1laszt\u00e1s lehet, amely k\u00fcl\u00f6nb\u00f6z\u0151 \u00e1llag\u00fa \u00e9s funkci\u00f3j\u00fa darabokat tartalmaz egy csomagban.<\/p>\n<p>&nbsp;<\/p>\n<h2><\/h2>\n<p>&nbsp;<\/p>\n<p>&nbsp;<\/p>","protected":false},"excerpt":{"rendered":"<p class=\"p1\" style=\"margin: 0cm;\">A sz\u0151r\u00f6s ny\u00fall\u00e1b jutalomfalat kuty\u00e1nak egy csontos, term\u00e9szetes r\u00e1g\u00f3, amely lass\u00edtja az ev\u00e9st \u00e9s ment\u00e1lis elfoglalts\u00e1got ad.<\/p>\n<p>Kiszerel\u00e9s: 100g<\/p>","protected":false},"featured_media":15431,"comment_status":"open","ping_status":"closed","template":"","meta":{"inline_featured_image":false},"product_brand":[],"product_cat":[42,37,80],"product_tag":[],"class_list":{"0":"post-15429","1":"product","2":"type-product","3":"status-publish","4":"has-post-thumbnail","6":"product_cat-hipoallergen-jutalomfalat","7":"product_cat-jutalomfalatok","8":"product_cat-nyul-vadnyul","9":"infinite-scroll-item","10":"sales-flash-overlay","11":"woocommerce-text-align-center","12":"woocommerce-image-align-center","13":"do-quantity-buttons","15":"first","16":"instock","17":"taxable","18":"shipping-taxable","19":"purchasable","20":"product-type-simple"},"_links":{"self":[{"href":"https:\/\/whizzopet.hu\/sk\/wp-json\/wp\/v2\/product\/15429","targetHints":{"allow":["GET"]}}],"collection":[{"href":"https:\/\/whizzopet.hu\/sk\/wp-json\/wp\/v2\/product"}],"about":[{"href":"https:\/\/whizzopet.hu\/sk\/wp-json\/wp\/v2\/types\/product"}],"replies":[{"embeddable":true,"href":"https:\/\/whizzopet.hu\/sk\/wp-json\/wp\/v2\/comments?post=15429"}],"wp:featuredmedia":[{"embeddable":true,"href":"https:\/\/whizzopet.hu\/sk\/wp-json\/wp\/v2\/media\/15431"}],"wp:attachment":[{"href":"https:\/\/whizzopet.hu\/sk\/wp-json\/wp\/v2\/media?parent=15429"}],"wp:term":[{"taxonomy":"product_brand","embeddable":true,"href":"https:\/\/whizzopet.hu\/sk\/wp-json\/wp\/v2\/product_brand?post=15429"},{"taxonomy":"product_cat","embeddable":true,"href":"https:\/\/whizzopet.hu\/sk\/wp-json\/wp\/v2\/product_cat?post=15429"},{"taxonomy":"product_tag","embeddable":true,"href":"https:\/\/whizzopet.hu\/sk\/wp-json\/wp\/v2\/product_tag?post=15429"}],"curies":[{"name":"wp","href":"https:\/\/api.w.org\/{rel}","templated":true}]}}