{"id":15426,"date":"2025-12-30T16:24:47","date_gmt":"2025-12-30T15:24:47","guid":{"rendered":"https:\/\/whizzopet.hu\/?post_type=product&#038;p=15426"},"modified":"2026-03-12T20:31:23","modified_gmt":"2026-03-12T19:31:23","slug":"struccmaj","status":"publish","type":"product","link":"https:\/\/whizzopet.hu\/sk\/termek\/struccmaj\/","title":{"rendered":"Sz\u00e1r\u00edtott struccm\u00e1j jutalomfalat kuty\u00e1nak"},"content":{"rendered":"<p>A sz\u00e1r\u00edtott struccm\u00e1j jutalomfalat kuty\u00e1nak nem egy \u00e1tlagos h\u00fasfalat, hanem bels\u0151s\u00e9g, azon bel\u00fcl is m\u00e1j, amelyet a kutya \u00e9trendj\u00e9ben mindig t\u00e1panyag-koncentr\u00e1tumk\u00e9nt kell \u00e9rtelmezni. A m\u00e1j szerepe az \u00e1llati szervezetben az anyagcsere \u00e9s a t\u00e1panyag-rakt\u00e1roz\u00e1s, ez\u00e9rt term\u00e9szetes m\u00f3don sokkal t\u00f6bb vitamint \u00e9s mikroelemet tartalmaz, mint az izomh\u00fasok. Ez a tulajdons\u00e1g teszi egyszerre \u00e9rt\u00e9kess\u00e9 \u00e9s olyan alapanyagg\u00e1, amelyn\u00e9l az adagol\u00e1s tudatoss\u00e1got ig\u00e9nyel.<\/p>\n<p>A term\u00e9k 100% struccm\u00e1jb\u00f3l k\u00e9sz\u00fcl, k\u00edm\u00e9letes sz\u00e1r\u00edt\u00e1ssal, adal\u00e9kanyagok n\u00e9lk\u00fcl. A sz\u00e1r\u00edt\u00e1s sor\u00e1n a v\u00edztartalom cs\u00f6kken, mik\u00f6zben a t\u00e1panyagok koncentr\u00e1l\u00f3dnak, \u00edgy a v\u00e9geredm\u00e9ny egy intenz\u00edv \u00edz\u0171, rendk\u00edv\u00fcl motiv\u00e1l\u00f3, ugyanakkor nem korl\u00e1tlanul adhat\u00f3 jutalomfalat.<\/p>\n<h2>Mi a struccm\u00e1j, \u00e9s mi\u00e9rt m\u00e1s, mint egy h\u00fasos jutalomfalat?<\/h2>\n<p>A struccm\u00e1j bels\u0151s\u00e9g, nem izomh\u00fas. Ez dietetikai szempontb\u00f3l alapvet\u0151 k\u00fcl\u00f6nbs\u00e9g, mert a bels\u0151s\u00e9gek, k\u00fcl\u00f6n\u00f6sen a m\u00e1j, nem els\u0151dlegesen feh\u00e9rjeforr\u00e1sok, hanem vitamin- \u00e9s \u00e1sv\u00e1nyianyag-rakt\u00e1rak. A struccm\u00e1j term\u00e9szetes form\u00e1ban tartalmaz zs\u00edrban old\u00f3d\u00f3 vitaminokat, k\u00f6zt\u00fck jelent\u0151s mennyis\u00e9g\u0171 A-vitamint, valamint olyan mikrot\u00e1panyagokat, amelyek izomh\u00fasb\u00f3l csak korl\u00e1tozottan p\u00f3tolhat\u00f3k.<\/p>\n<p>\u00c9ppen ez\u00e9rt a sz\u00e1r\u00edtott struccm\u00e1j nem helyettes\u00edti a napi h\u00fast, hanem annak kieg\u00e9sz\u00edt\u0151je, amely kis mennyis\u00e9gben hozz\u00e1adott \u00e9rt\u00e9ket ad az \u00e9trendhez.<\/p>\n<h2>A-vitamin a m\u00e1jban \u2013 \u00e9rt\u00e9k, de mindig az eg\u00e9sz \u00e9trendet kell n\u00e9zni<\/h2>\n<p>Fontos tiszt\u00e1zni, hogy nem csak a struccm\u00e1j, hanem minden m\u00e1j magas A-vitamin-tartalm\u00fa. Ez nem a strucc saj\u00e1toss\u00e1ga, hanem a m\u00e1j biol\u00f3giai funkci\u00f3j\u00e1b\u00f3l ad\u00f3dik. Az A-vitamin zs\u00edrban old\u00f3d\u00f3 vitamin, ami azt jelenti, hogy nem \u00fcr\u00fcl ki gyorsan a szervezetb\u0151l, hanem hosszabb t\u00e1von felhalmoz\u00f3dhat, ha az \u00f6sszbevitel tart\u00f3san t\u00fal magas.<\/p>\n<p>Ez azonban nem jelenti azt, hogy a m\u00e1jat ker\u00fclni kellene. A l\u00e9nyeg nem az, hogy \u201eszabad-e m\u00e1jat adni\u201d, hanem az, hogy hogyan illeszkedik a m\u00e1j a kutya teljes \u00e9trendj\u00e9be. Egy nyersetetett kuty\u00e1n\u00e1l, ahol az \u00e9trend t\u00falnyom\u00f3 r\u00e9sze izomh\u00fasb\u00f3l \u00e1ll, a m\u00e1j rendszeres, de kis mennyis\u00e9g\u0171 etet\u00e9se term\u00e9szetes \u00e9s j\u00f3l kezelhet\u0151. Egy teljes \u00e9rt\u00e9k\u0171 t\u00e1ppal etetett kuty\u00e1n\u00e1l viszont, ahol a vitaminok m\u00e1r eleve jelen vannak, a m\u00e1j ink\u00e1bb alkalmi jutalomk\u00e9nt m\u0171k\u00f6dik j\u00f3l.<\/p>\n<p>A sz\u00e1r\u00edtott struccm\u00e1j teh\u00e1t ak\u00e1r gyakrabban is adhat\u00f3, ha a gazdi figyelembe veszi a t\u00f6bbi A-vitamin-forr\u00e1st az \u00e9trendben, \u00e9s nem halmozza feleslegesen a bels\u0151s\u00e9geket.<\/p>\n<h2>Mi\u00e9rt j\u00f3 v\u00e1laszt\u00e1s a struccm\u00e1j \u00e9rz\u00e9keny vagy allergi\u00e1ra hajlamos kuty\u00e1knak?<\/h2>\n<p>A strucc az egyik legjobban toler\u00e1lt \u00e1llati feh\u00e9rjeforr\u00e1s a kutyat\u00e1pl\u00e1l\u00e1sban. Mivel ritk\u00e1n szerepel a hagyom\u00e1nyos eledelekben, az erre adott \u00e9rz\u00e9kenys\u00e9gi reakci\u00f3k ar\u00e1nya alacsonyabb. Ez bels\u0151s\u00e9gk\u00e9nt is el\u0151ny, hiszen a m\u00e1j eleve koncentr\u00e1lt t\u00e1panyagtartalm\u00fa, \u00edgy k\u00fcl\u00f6n\u00f6sen fontos, hogy az alapanyag j\u00f3l em\u00e9szthet\u0151 legyen.<\/p>\n<p>A sz\u00e1r\u00edtott struccm\u00e1j ez\u00e9rt sok allergi\u00e1ra hajlamos kuty\u00e1n\u00e1l is j\u00f3l beilleszthet\u0151 az \u00e9trendbe, felt\u00e9ve, hogy a bevezet\u00e9s fokozatos, \u00e9s az adagol\u00e1s tudatos.<\/p>\n<h2>Hogyan illeszd be a sz\u00e1r\u00edtott struccm\u00e1jat a kutya \u00e9trendj\u00e9be?<\/h2>\n<p>A sz\u00e1r\u00edtott struccm\u00e1j akkor m\u0171k\u00f6dik a legjobban, ha rot\u00e1ci\u00f3ban kapja a kutya, m\u00e1s jutalomfalatokkal v\u00e1ltogatva. Nem a napi mennyis\u00e9g a d\u00f6nt\u0151, hanem az ar\u00e1ny. Ha az alap\u00e9trend f\u0151k\u00e9nt izomh\u00fasra vagy kiegyens\u00falyozott t\u00e1pra \u00e9p\u00fcl, a m\u00e1j kis mennyis\u00e9gben \u00e9rt\u00e9kes kieg\u00e9sz\u00edt\u0151. Ha viszont t\u00f6bb k\u00fcl\u00f6nb\u00f6z\u0151 bels\u0151s\u00e9g egyszerre van jelen, \u00e9rdemes cs\u00f6kkenteni az adagokat.<\/p>\n<p>Ez a szeml\u00e9let biztos\u00edtja, hogy a m\u00e1j el\u0151nyei \u00e9rv\u00e9nyes\u00fcljenek an\u00e9lk\u00fcl, hogy felborulna a vitamin-egyens\u00faly.<\/p>\n<h2>K\u00edm\u00e9letes sz\u00e1r\u00edt\u00e1s \u2013 mi\u00e9rt fontos a feldolgoz\u00e1s m\u00f3dja?<\/h2>\n<p>A megfelel\u0151en sz\u00e1r\u00edtott struccm\u00e1j meg\u0151rzi term\u00e9szetes szerkezet\u00e9t \u00e9s t\u00e1panyagtartalm\u00e1t. Nem porlik, nem zs\u00edros tapint\u00e1s\u00fa, j\u00f3l adagolhat\u00f3, \u00e9s adal\u00e9kanyagok n\u00e9lk\u00fcl is stabil marad. Ez k\u00fcl\u00f6n\u00f6sen fontos bels\u0151s\u00e9gn\u00e9l, ahol a min\u0151s\u00e9g k\u00f6zvetlen\u00fcl hat a toler\u00e1lhat\u00f3s\u00e1gra.<\/p>\n<p>Mivel a sz\u00e1r\u00edtott struccm\u00e1j bels\u0151s\u00e9gk\u00e9nt koncentr\u00e1lt t\u00e1panyagforr\u00e1s, a mindennapi jutalmaz\u00e1shoz \u00e9rdemes mellette izomh\u00fas-alap\u00fa alternat\u00edv\u00e1kat is haszn\u00e1lni. A <a href=\"https:\/\/whizzopet.hu\/sk\/kategoria-produktu\/navnada-na-odmenu-pre-psov\/?wmc-currency=EUR\">jutalomfalatok<\/a> k\u00f6z\u00f6tt olyan term\u00e9szetes falatokat tal\u00e1lsz, amelyek j\u00f3l rot\u00e1lhat\u00f3k a m\u00e1jjal, \u00e9s seg\u00edtenek fenntartani az \u00e9trend egyens\u00faly\u00e1t.<\/p>\n<p>Ha szeretn\u00e9d \u00f6sszehasonl\u00edtani a k\u00fcl\u00f6nb\u00f6z\u0151 m\u00e1jf\u00e9l\u00e9k tulajdons\u00e1gait, j\u00f3 kiindul\u00f3pont lehet a <a href=\"https:\/\/whizzopet.hu\/sk\/produkt\/szaritott-marhamaj-jutalomfalat-kutyanak\/?wmc-currency=EUR\">marham\u00e1j<\/a> is. Mindk\u00e9t alapanyag term\u00e9szetes A-vitamin-forr\u00e1s, \u00edgy seg\u00edt meg\u00e9rteni, hogy a m\u00e1jak eset\u00e9ben nem az \u00e1llat fajt\u00e1ja a d\u00f6nt\u0151, hanem az adagol\u00e1s \u00e9s az \u00e9trend eg\u00e9sz\u00e9nek ar\u00e1nya.<\/p>\n<p>&nbsp;<\/p>","protected":false},"excerpt":{"rendered":"<p>A sz\u00e1r\u00edtott struccm\u00e1j jutalomfalat kuty\u00e1nak egy term\u00e9szetes bels\u0151s\u00e9g, magas A-vitamin tartalommal. Koncentr\u00e1lt t\u00e1panyag, tudatos adagol\u00e1shoz.<\/p>\n<p>Kiszerel\u00e9s: 100g<\/p>","protected":false},"featured_media":15427,"comment_status":"open","ping_status":"closed","template":"","meta":{"inline_featured_image":false},"product_brand":[],"product_cat":[42,37,79],"product_tag":[],"class_list":{"0":"post-15426","1":"product","2":"type-product","3":"status-publish","4":"has-post-thumbnail","6":"product_cat-hipoallergen-jutalomfalat","7":"product_cat-jutalomfalatok","8":"product_cat-strucc-jutalomfalat-kutyanak","9":"infinite-scroll-item","10":"sales-flash-overlay","11":"woocommerce-text-align-center","12":"woocommerce-image-align-center","13":"do-quantity-buttons","15":"first","16":"instock","17":"taxable","18":"shipping-taxable","19":"purchasable","20":"product-type-simple"},"_links":{"self":[{"href":"https:\/\/whizzopet.hu\/sk\/wp-json\/wp\/v2\/product\/15426","targetHints":{"allow":["GET"]}}],"collection":[{"href":"https:\/\/whizzopet.hu\/sk\/wp-json\/wp\/v2\/product"}],"about":[{"href":"https:\/\/whizzopet.hu\/sk\/wp-json\/wp\/v2\/types\/product"}],"replies":[{"embeddable":true,"href":"https:\/\/whizzopet.hu\/sk\/wp-json\/wp\/v2\/comments?post=15426"}],"wp:featuredmedia":[{"embeddable":true,"href":"https:\/\/whizzopet.hu\/sk\/wp-json\/wp\/v2\/media\/15427"}],"wp:attachment":[{"href":"https:\/\/whizzopet.hu\/sk\/wp-json\/wp\/v2\/media?parent=15426"}],"wp:term":[{"taxonomy":"product_brand","embeddable":true,"href":"https:\/\/whizzopet.hu\/sk\/wp-json\/wp\/v2\/product_brand?post=15426"},{"taxonomy":"product_cat","embeddable":true,"href":"https:\/\/whizzopet.hu\/sk\/wp-json\/wp\/v2\/product_cat?post=15426"},{"taxonomy":"product_tag","embeddable":true,"href":"https:\/\/whizzopet.hu\/sk\/wp-json\/wp\/v2\/product_tag?post=15426"}],"curies":[{"name":"wp","href":"https:\/\/api.w.org\/{rel}","templated":true}]}}