{"id":1542,"date":"2024-07-04T08:41:16","date_gmt":"2024-07-04T06:41:16","guid":{"rendered":"https:\/\/whizzopet.hu\/?post_type=product&#038;p=1542"},"modified":"2025-02-10T13:42:59","modified_gmt":"2025-02-10T12:42:59","slug":"all-inclusive-chodte-do-toho","status":"publish","type":"product","link":"https:\/\/whizzopet.hu\/sk\/termek\/all-inclusive-mindent-bele\/","title":{"rendered":"All inclusive \u2013  Cho\u010fte do toho!"},"content":{"rendered":"<h4>All inclusive - Bal\u00edk All inclusive:<\/h4>\n<p>Teraz m\u00e1te \u0161ancu prekvapi\u0165 svojho dom\u00e1ceho mil\u00e1\u010dika naozaj u\u017eito\u010dn\u00fdm bal\u00ed\u010dkom!<br \/>\nNa\u0161e produkty si m\u00f4\u017eete k\u00fapi\u0165 v bal\u00edku za zv\u00fdhodnen\u00fa cenu.<br \/>\nNiektor\u00ed \u013eudia si nevysta\u010dia s men\u0161\u00edm mno\u017estvom, niektor\u00ed potrebuj\u00fa v\u0161etko. Patr\u00edte medzi nich? Ste radi pripraven\u00ed na v\u0161etky mo\u017en\u00e9 situ\u00e1cie?<br \/>\nPrvot\u0159\u00eddn\u00ed vybaven\u00ed pro dom\u00e1c\u00ed l\u00e9k\u00e1rnu, ale tak\u00e9 skv\u011bl\u00fd d\u00e1rek. V\u011bnujte ji jako d\u00e1rek sv\u00fdm p\u0159\u00e1tel\u016fm, kte\u0159\u00ed vlastn\u00ed dom\u00e1c\u00ed mazl\u00ed\u010dky.<br \/>\nKe\u010f\u017ee sa v\u00fdrobky dod\u00e1vaj\u00fa v dar\u010dekovej krabici, nemus\u00edte sa stara\u0165 o balenie.<br \/>\nVyberte si n\u00e1\u0161 All inclusive - All inclusive! bal\u00edk za zv\u00fdhodnen\u00fa cenu! Verte n\u00e1m, va\u0161e die\u0165atko v\u00e1m za to po\u010fakuje.<\/p>\n<p>&nbsp;<\/p>","protected":false},"excerpt":{"rendered":"<p><strong>(DOPRAVA ZADARMO)<\/strong><\/p>\n<p>\u010co n\u00e1jdete v balen\u00ed?<\/p>\n<p>1 Gel na \u010distenie u\u0161\u00ed Ear Cleaner Gel 150ml<br \/>\n1 ks 30ml Nosov\u00fd balzam na \u010distenie nosa Nose Glo<br \/>\n1 kus 30ml balzamu na labky Paw Cure<br \/>\n1 ks 30ml Pro-Skin mas\u0165, lie\u010div\u00fd pr\u00edpravok<br \/>\n1ks 30ml W.E.T. Cream mas\u0165, lie\u010div\u00fd pr\u00edpravok<\/p>","protected":false},"featured_media":1580,"comment_status":"open","ping_status":"closed","template":"","meta":{"inline_featured_image":false},"product_brand":[],"product_cat":[33,30],"product_tag":[],"class_list":{"0":"post-1542","1":"product","2":"type-product","3":"status-publish","4":"has-post-thumbnail","6":"product_cat-csomagok","7":"product_cat-apolasi-termekek","8":"infinite-scroll-item","9":"sales-flash-overlay","10":"woocommerce-text-align-center","11":"woocommerce-image-align-center","12":"do-quantity-buttons","14":"first","15":"instock","16":"taxable","17":"shipping-taxable","18":"purchasable","19":"product-type-simple"},"_links":{"self":[{"href":"https:\/\/whizzopet.hu\/sk\/wp-json\/wp\/v2\/product\/1542","targetHints":{"allow":["GET"]}}],"collection":[{"href":"https:\/\/whizzopet.hu\/sk\/wp-json\/wp\/v2\/product"}],"about":[{"href":"https:\/\/whizzopet.hu\/sk\/wp-json\/wp\/v2\/types\/product"}],"replies":[{"embeddable":true,"href":"https:\/\/whizzopet.hu\/sk\/wp-json\/wp\/v2\/comments?post=1542"}],"wp:featuredmedia":[{"embeddable":true,"href":"https:\/\/whizzopet.hu\/sk\/wp-json\/wp\/v2\/media\/1580"}],"wp:attachment":[{"href":"https:\/\/whizzopet.hu\/sk\/wp-json\/wp\/v2\/media?parent=1542"}],"wp:term":[{"taxonomy":"product_brand","embeddable":true,"href":"https:\/\/whizzopet.hu\/sk\/wp-json\/wp\/v2\/product_brand?post=1542"},{"taxonomy":"product_cat","embeddable":true,"href":"https:\/\/whizzopet.hu\/sk\/wp-json\/wp\/v2\/product_cat?post=1542"},{"taxonomy":"product_tag","embeddable":true,"href":"https:\/\/whizzopet.hu\/sk\/wp-json\/wp\/v2\/product_tag?post=1542"}],"curies":[{"name":"wp","href":"https:\/\/api.w.org\/{rel}","templated":true}]}}