{"id":15410,"date":"2025-12-29T14:01:23","date_gmt":"2025-12-29T13:01:23","guid":{"rendered":"https:\/\/whizzopet.hu\/?post_type=product&#038;p=15410"},"modified":"2026-03-19T11:00:25","modified_gmt":"2026-03-19T10:00:25","slug":"sutotokos-strucchus-csik","status":"publish","type":"product","link":"https:\/\/whizzopet.hu\/sk\/termek\/sutotokos-strucchus-csik\/","title":{"rendered":"Sz\u00e1r\u00edtott s\u00fct\u0151t\u00f6k\u00f6s strucch\u00fas cs\u00edk jutalomfalat kuty\u00e1nak"},"content":{"rendered":"<p>A sz\u00e1r\u00edtott s\u00fct\u0151t\u00f6k\u00f6s strucch\u00fas cs\u00edk jutalomfalat kuty\u00e1nak egyszerre szolg\u00e1lja a jutalmaz\u00e1st, az em\u00e9szt\u00e9s k\u00edm\u00e9l\u00e9s\u00e9t \u00e9s a term\u00e9szetes r\u00e1g\u00e1si ig\u00e9ny kiel\u00e9g\u00edt\u00e9s\u00e9t. A strucch\u00fas k\u00f6nny\u0171 szerkezete, a s\u00fct\u0151t\u00f6k em\u00e9szt\u00e9st t\u00e1mogat\u00f3 rostjai \u00e9s a dar\u00e1lt csont term\u00e9szetes \u00e1sv\u00e1nyianyag-tartalma egy\u00fctt olyan \u00f6sszet\u00e9telt alkotnak, amely nem terheli feleslegesen a kutya szervezet\u00e9t, m\u00e9gis val\u00f3di t\u00e1p\u00e9rt\u00e9ket k\u00e9pvisel.<\/p>\n<h2>Milyen kuty\u00e1knak aj\u00e1nlott a strucch\u00fas jutalomfalat?<\/h2>\n<p>A strucch\u00fas jutalomfalat els\u0151sorban azoknak a kuty\u00e1knak ide\u00e1lis, akik \u00e9rz\u00e9kenyebb em\u00e9szt\u00e9s\u0171ek, vagy akikn\u00e9l a zs\u00edrosabb h\u00fasf\u00e9l\u00e9k k\u00f6nnyen okoznak hasmen\u00e9st, puffad\u00e1st vagy kellemetlen szag\u00fa sz\u00e9kletet.<\/p>\n<p>A strucch\u00fas term\u00e9szetesen alacsony zs\u00edrtartalm\u00fa, m\u00e9gis magas biol\u00f3giai \u00e9rt\u00e9k\u0171 feh\u00e9rje, ez\u00e9rt j\u00f3l illeszkedik:<br \/>\n\u2022\u00a0 \u00a0 \u00a0 \u00a0\u00e9rz\u00e9keny gyomr\u00fa kuty\u00e1k \u00e9trendj\u00e9be,<br \/>\n\u2022\u00a0 \u00a0 \u00a0 \u00a0tests\u00falykontroll alatt \u00e1ll\u00f3 kedvencekhez,<br \/>\n\u2022\u00a0 \u00a0 \u00a0 \u00a0id\u0151sebb vagy kev\u00e9sb\u00e9 akt\u00edv kuty\u00e1k jutalmaz\u00e1s\u00e1hoz,<br \/>\n\u2022\u00a0 \u00a0 \u00a0 \u00a0allergi\u00e1ra hajlamos kuty\u00e1k eset\u00e9n feh\u00e9rjev\u00e1laszt\u00e1sk\u00e9nt.<\/p>\n<h2>K\u00f6nnyen em\u00e9szthet\u0151 jutalomfalat kuty\u00e1knak \u2013 mit\u0151l sz\u00e1m\u00edt annak?<\/h2>\n<p>Egy jutalomfalat akkor tekinthet\u0151 em\u00e9szt\u00e9sk\u00edm\u00e9l\u0151nek, ha:<br \/>\n\u2022\u00a0 \u00a0 \u00a0 \u00a0alacsony a zs\u00edrtartalma,<br \/>\n\u2022\u00a0 \u00a0 \u00a0 \u00a0j\u00f3l hasznosul\u00f3 \u00e1llati feh\u00e9rj\u00e9t tartalmaz,<br \/>\n\u2022\u00a0 \u00a0 \u00a0 \u00a0nem tartalmaz felesleges t\u00f6lt\u0151anyagokat.<\/p>\n<p>A strucch\u00fas finom izomszerkezete miatt kev\u00e9sb\u00e9 terheli a gyomrot, a s\u00fct\u0151t\u00f6k pedig term\u00e9szetes rostforr\u00e1sk\u00e9nt seg\u00edt fenntartani az em\u00e9szt\u00e9s egyens\u00faly\u00e1t. Ez a kombin\u00e1ci\u00f3 k\u00fcl\u00f6n\u00f6sen el\u0151ny\u00f6s olyan kuty\u00e1kn\u00e1l, akikn\u00e9l a jutalomfalatok gyakran okoznak em\u00e9szt\u00e9si probl\u00e9m\u00e1t.<\/p>\n<h2>Mi\u00e9rt j\u00f3 a s\u00fct\u0151t\u00f6k a kuty\u00e1nak jutalomfalatban?<\/h2>\n<p>A s\u00fct\u0151t\u00f6k nem divatos \u00f6sszetev\u0151, hanem funkcion\u00e1lis alapanyag. Kutyadietetikai szempontb\u00f3l a s\u00fct\u0151t\u00f6k:<br \/>\n\u2022\u00a0 \u00a0 \u00a0 \u00a0oldhat\u00f3 \u00e9s oldhatatlan rostokat tartalmaz,<br \/>\n\u2022\u00a0 \u00a0 \u00a0 \u00a0seg\u00edti a b\u00e9lmozg\u00e1st,<br \/>\n\u2022\u00a0 \u00a0 \u00a0 \u00a0t\u00e1mogatja a norm\u00e1l sz\u00e9klet\u00e1llag kialakul\u00e1s\u00e1t.<\/p>\n<p>Ez\u00e9rt gyakran haszn\u00e1lj\u00e1k \u00e9rz\u00e9keny em\u00e9szt\u00e9s\u0171 kuty\u00e1k \u00e9trendj\u00e9ben is. A strucch\u00fas cs\u00edkban a s\u00fct\u0151t\u00f6k szerepe nem az, hogy elnyomja a h\u00fas jelleg\u00e9t, hanem az, hogy kiegyens\u00falyozza annak em\u00e9szt\u00e9s\u00e9t, k\u00fcl\u00f6n\u00f6sen akkor, ha a jutalomfalat rendszeresen, de nem nagy mennyis\u00e9gben ker\u00fcl ad\u00e1sra.<\/p>\n<h2>Biztons\u00e1gos a dar\u00e1lt csontot tartalmaz\u00f3 jutalomfalat kuty\u00e1knak?<\/h2>\n<p>Ez az egyik leggyakoribb agg\u00e1ly, \u00e9s jogos k\u00e9rd\u00e9s.<br \/>\nA term\u00e9kben tal\u00e1lhat\u00f3 csont nem eg\u00e9sz csont, hanem finomra dar\u00e1lt form\u00e1ban van jelen. Ez azt jelenti, hogy:<br \/>\n\u2022\u00a0 \u00a0 \u00a0 \u00a0nem k\u00e9pez \u00e9les, szil\u00e1nkos darabokat,<br \/>\n\u2022\u00a0 \u00a0 \u00a0 \u00a0egyenletesen oszlik el a h\u00fasban,<br \/>\n\u2022\u00a0 \u00a0 \u00a0 \u00a0nem jelent r\u00e1g\u00e1si vagy fullad\u00e1svesz\u00e9lyt.<\/p>\n<p>Dietetikai szempontb\u00f3l a dar\u00e1lt csont term\u00e9szetes kalcium- \u00e9s foszforforr\u00e1s, amely az em\u00e9szt\u00e9s sor\u00e1n fokozatosan hasznosul. Nem \u00e9trend-kieg\u00e9sz\u00edt\u0151, hanem a term\u00e9szetes zs\u00e1km\u00e1ny\u00e1llatokhoz hasonl\u00f3 \u00e1sv\u00e1nyianyag-m\u00e1trix.<\/p>\n<h2>Mit ad a strucch\u00fas, a s\u00fct\u0151t\u00f6k \u00e9s a csont egy\u00fctt a kutya szervezet\u00e9nek?<\/h2>\n<p>A strucch\u00fas biztos\u00edtja a k\u00f6nnyen em\u00e9szthet\u0151, j\u00f3l hasznosul\u00f3 \u00e1llati feh\u00e9rj\u00e9t, amely az izmok, enzimek \u00e9s hormonok alapja. Mivel a strucch\u00fas zs\u00edrtartalma alacsonyabb, a feh\u00e9rje nem j\u00e1r egy\u00fctt felesleges energiat\u00f6bblettel, ami k\u00fcl\u00f6n\u00f6sen fontos \u00e9rz\u00e9keny vagy tests\u00falyra hajlamos kuty\u00e1kn\u00e1l.<\/p>\n<p>Ehhez t\u00e1rsul a s\u00fct\u0151t\u00f6k, amely nem t\u00e1panyagp\u00f3tl\u00f3, hanem az em\u00e9szt\u00e9si folyamatot seg\u00edt\u0151 \u00f6sszetev\u0151. A rostjai lass\u00edtj\u00e1k a gyomor\u00fcr\u00fcl\u00e9st, t\u00e1mogatj\u00e1k a b\u00e9lperisztaltik\u00e1t, \u00e9s seg\u00edtenek abban, hogy a feh\u00e9rj\u00e9k lebont\u00e1sa egyenletesebben t\u00f6rt\u00e9njen. Ez az oka annak, hogy a s\u00fct\u0151t\u00f6k\u00f6t gyakran haszn\u00e1lj\u00e1k em\u00e9szt\u00e9si zavarokn\u00e1l kieg\u00e9sz\u00edt\u0151k\u00e9nt.<\/p>\n<p>A dar\u00e1lt csont ebben az \u00f6sszet\u00e9telben nem domin\u00e1ns elem, hanem term\u00e9szetes \u00e1sv\u00e1nyianyag-forr\u00e1sk\u00e9nt van jelen. A kalcium \u00e9s a foszfor a feh\u00e9rj\u00e9vel egy\u00fctt, fokozatosan hasznosul, ami k\u00f6zelebb \u00e1ll a term\u00e9szetes zs\u00e1km\u00e1ny\u00e1llatok \u00f6sszet\u00e9tel\u00e9hez, mint az izol\u00e1lt kieg\u00e9sz\u00edt\u0151k. Ez a h\u00e1rmas egy\u00fcttese adja a jutalomfalat kiegyens\u00falyozott, nem t\u00falterhel\u0151 jelleg\u00e9t.<\/p>\n<h2>Allergi\u00e1s vagy \u00e9rz\u00e9keny kutya ehet strucch\u00fas jutalomfalatot?<\/h2>\n<p>Igen \u2013 a strucch\u00fas az egyik legjobban toler\u00e1lt, hipoallerg\u00e9n feh\u00e9rjeforr\u00e1s kuty\u00e1k sz\u00e1m\u00e1ra, ez\u00e9rt allergi\u00e1s vagy \u00e9rz\u00e9keny kuty\u00e1k \u00e9trendj\u00e9ben kifejezetten gyakran haszn\u00e1lj\u00e1k. A \u201ehipoallerg\u00e9n\u201d ebben az esetben nem marketingkifejez\u00e9s, hanem dietetikai megk\u00f6zel\u00edt\u00e9s: azt jelenti, hogy a strucch\u00fas l\u00e9nyegesen kisebb es\u00e9llyel v\u00e1lt ki allergi\u00e1s reakci\u00f3t, mint a gyakran etetett h\u00fasf\u00e9l\u00e9k.<\/p>\n<p>Ennek els\u0151dleges oka, hogy a strucch\u00fas ritk\u00e1n etetett feh\u00e9rje. A t\u00e1pl\u00e1l\u00e9kallergia kuty\u00e1kn\u00e1l jellemz\u0151en olyan feh\u00e9rj\u00e9khez kapcsol\u00f3dik, amelyekkel az \u00e1llat hossz\u00fa id\u0151n kereszt\u00fcl, ism\u00e9tl\u0151d\u0151en tal\u00e1lkozott (p\u00e9ld\u00e1ul csirke, marha, sert\u00e9s). A strucc ebb\u0151l a szempontb\u00f3l \u201e\u00faj\u201d feh\u00e9rj\u00e9nek sz\u00e1m\u00edt a legt\u00f6bb kutya sz\u00e1m\u00e1ra, \u00edgy az immunrendszer j\u00f3val kisebb val\u00f3sz\u00edn\u0171s\u00e9ggel reag\u00e1l r\u00e1 t\u00falzott m\u00f3don.<\/p>\n<p>A strucch\u00fas emellett k\u00f6nnyen em\u00e9szthet\u0151, alacsony zs\u00edrtartalm\u00fa, ami k\u00fcl\u00f6n\u00f6sen fontos \u00e9rz\u00e9keny em\u00e9szt\u00e9s\u0171 kuty\u00e1kn\u00e1l. A t\u00fal zs\u00edros vagy nehezen leboml\u00f3 feh\u00e9rj\u00e9k gyakran irrit\u00e1lj\u00e1k a b\u00e9lrendszert, ami b\u0151r- \u00e9s f\u00fclprobl\u00e9m\u00e1khoz, mancsr\u00e1g\u00e1shoz vagy visszat\u00e9r\u0151 hasmen\u00e9shez vezethet. A strucch\u00fas finom izomszerkezete miatt ezek a kock\u00e1zatok j\u00f3val kisebbek.<\/p>\n<p>Ez\u00e9rt a strucch\u00fas jutalomfalat sok esetben j\u00f3l illeszthet\u0151 olyan kuty\u00e1k \u00e9trendj\u00e9be, akikn\u00e9l:<br \/>\n\u2013 visszat\u00e9r\u0151 b\u0151rviszket\u00e9s vagy mancsnyalogat\u00e1s jelentkezik,<br \/>\n\u2013 hajlam van f\u00fclgyullad\u00e1sra,<br \/>\n\u2013 \u00e9rz\u00e9keny az em\u00e9szt\u00e9s vagy gyakori a puha sz\u00e9klet,<br \/>\n\u2013 elimin\u00e1ci\u00f3s vagy feh\u00e9rjecser\u00e9s \u00e9trendet k\u00f6vetnek.<\/p>\n<p>Mindig friss iv\u00f3v\u00edz mellett add, \u00e9s vedd figyelembe a kutya teljes \u00e9trendj\u00e9t.<\/p>\n<p>\u00c9rdemes megismerni a <a href=\"https:\/\/whizzopet.hu\/sk\/produkt\/szaritott-strucc-gyomor-jutalomfalat-kutyanak\/?wmc-currency=EUR\">strucc gyomrot<\/a> is, amely elt\u00e9r\u0151 \u00e1llag\u00e1val m\u00e1s r\u00e1g\u00e1si \u00e9lm\u00e9nyt ad, m\u00e9gis j\u00f3l illeszkedik az \u00e9rz\u00e9kenyebb vagy allergi\u00e1s kuty\u00e1k \u00e9trendj\u00e9be. A k\u00fcl\u00f6nb\u00f6z\u0151 strucc alap\u00fa r\u00e1g\u00f3k v\u00e1ltogat\u00e1sa seg\u00edthet abban, hogy a jutalmaz\u00e1s v\u00e1ltozatos maradjon, mik\u00f6zben a feh\u00e9rjeforr\u00e1s k\u00f6vetkezetes.<\/p>\n<p>Amennyiben a strucch\u00fas v\u00e1laszt\u00e1s\u00e1nak oka valamilyen \u00e9rz\u00e9kenys\u00e9g vagy visszat\u00e9r\u0151 b\u0151r- \u00e9s em\u00e9szt\u00e9si probl\u00e9ma, hasznos lehet elolvasni a<a href=\"https:\/\/whizzopet.hu\/sk\/kutya-allergia-tunetei\/?wmc-currency=EUR\"> Kutya allergia t\u00fcnetei<\/a> blogcikk\u00fcnket is, ahol r\u00e9szletesen bemutatjuk, milyen jelek utalhatnak allergi\u00e1ra, \u00e9s mire \u00e9rdemes figyelni az \u00e9trend \u00f6ssze\u00e1ll\u00edt\u00e1sakor.<\/p>","protected":false},"excerpt":{"rendered":"<p>A sz\u00e1r\u00edtott strucch\u00fas cs\u00edk jutalomfalat kuty\u00e1nak egy egzotikus, hipoallerg\u00e9n feh\u00e9rjeforr\u00e1s, mely s\u00fct\u0151t\u00f6kkel k\u00e9sz\u00fcl az em\u00e9szt\u00e9s t\u00e1mogat\u00e1s\u00e1ra.<\/p>\n<p>Kiszerel\u00e9s: 100g<\/p>","protected":false},"featured_media":15411,"comment_status":"open","ping_status":"closed","template":"","meta":{"inline_featured_image":false},"product_brand":[],"product_cat":[42,37,79],"product_tag":[],"class_list":{"0":"post-15410","1":"product","2":"type-product","3":"status-publish","4":"has-post-thumbnail","6":"product_cat-hipoallergen-jutalomfalat","7":"product_cat-jutalomfalatok","8":"product_cat-strucc-jutalomfalat-kutyanak","9":"infinite-scroll-item","10":"sales-flash-overlay","11":"woocommerce-text-align-center","12":"woocommerce-image-align-center","13":"do-quantity-buttons","15":"first","16":"instock","17":"taxable","18":"shipping-taxable","19":"purchasable","20":"product-type-simple"},"_links":{"self":[{"href":"https:\/\/whizzopet.hu\/sk\/wp-json\/wp\/v2\/product\/15410","targetHints":{"allow":["GET"]}}],"collection":[{"href":"https:\/\/whizzopet.hu\/sk\/wp-json\/wp\/v2\/product"}],"about":[{"href":"https:\/\/whizzopet.hu\/sk\/wp-json\/wp\/v2\/types\/product"}],"replies":[{"embeddable":true,"href":"https:\/\/whizzopet.hu\/sk\/wp-json\/wp\/v2\/comments?post=15410"}],"wp:featuredmedia":[{"embeddable":true,"href":"https:\/\/whizzopet.hu\/sk\/wp-json\/wp\/v2\/media\/15411"}],"wp:attachment":[{"href":"https:\/\/whizzopet.hu\/sk\/wp-json\/wp\/v2\/media?parent=15410"}],"wp:term":[{"taxonomy":"product_brand","embeddable":true,"href":"https:\/\/whizzopet.hu\/sk\/wp-json\/wp\/v2\/product_brand?post=15410"},{"taxonomy":"product_cat","embeddable":true,"href":"https:\/\/whizzopet.hu\/sk\/wp-json\/wp\/v2\/product_cat?post=15410"},{"taxonomy":"product_tag","embeddable":true,"href":"https:\/\/whizzopet.hu\/sk\/wp-json\/wp\/v2\/product_tag?post=15410"}],"curies":[{"name":"wp","href":"https:\/\/api.w.org\/{rel}","templated":true}]}}