{"id":1540,"date":"2024-07-04T08:41:15","date_gmt":"2024-07-04T06:41:15","guid":{"rendered":"https:\/\/whizzopet.hu\/?post_type=product&#038;p=1540"},"modified":"2026-03-27T22:45:01","modified_gmt":"2026-03-27T21:45:01","slug":"gel-na-cistenie-usi-ear-gel-pre-psov","status":"publish","type":"product","link":"https:\/\/whizzopet.hu\/sk\/termek\/ear-gel-fultisztito-gel\/","title":{"rendered":"G\u00e9l na \u010distenie u\u0161\u00ed Ear Gel pre psov"},"content":{"rendered":"<h3><b>Pre\u010do by sme mali v\u00fdrobok pou\u017e\u00edva\u0165?<\/b><\/h3>\n<p><span style=\"font-weight: 400;\">Vn\u00fatro zdrav\u00e9ho ucha je \u010dist\u00e9, bez z\u00e1pachu a svetlo ru\u017eov\u00e9. Mno\u017estvo u\u0161n\u00e9ho mazu je minim\u00e1lne a stla\u010denie ucha nesp\u00f4sobuje psovi \u017eiadnu boles\u0165. Oplat\u00ed sa kontrolova\u0165 u\u0161i psa ka\u017ed\u00fdch nieko\u013eko dn\u00ed, aby bolo mo\u017en\u00e9 v\u010das odhali\u0165 pr\u00edpadn\u00fa infekciu a pred\u00eds\u0165 jej.<\/span><\/p>\n<p>&nbsp;<\/p>\n<p><img loading=\"lazy\" decoding=\"async\" class=\"alignnone size-medium wp-image-2505\" src=\"https:\/\/whizzopet.hu\/wp-content\/uploads\/2024\/07\/dog-ear-300x212.jpg\" alt=\"Kutya f\u00fcl ellen\u0151rz\u00e9s\" width=\"300\" height=\"212\" srcset=\"https:\/\/whizzopet.hu\/wp-content\/uploads\/2024\/07\/dog-ear-300x212.jpg 300w, https:\/\/whizzopet.hu\/wp-content\/uploads\/2024\/07\/dog-ear-768x544.jpg 768w, https:\/\/whizzopet.hu\/wp-content\/uploads\/2024\/07\/dog-ear-1000x708.jpg 1000w, https:\/\/whizzopet.hu\/wp-content\/uploads\/2024\/07\/dog-ear.jpg 1024w\" sizes=\"auto, (max-width: 300px) 100vw, 300px\" \/><\/p>\n<p><span style=\"font-weight: 400;\">Ak si v\u0161imnete pr\u00edznaky u\u0161n\u00e9 infekcie:<\/span><\/p>\n<ul>\n<li style=\"font-weight: 400;\" aria-level=\"1\"><span style=\"font-weight: 400;\">\u010cast\u00e9 \u0161krabanie v u\u0161iach, trasenie hlavou alebo nechu\u0165 necha\u0165 sa dot\u00fdka\u0165.<\/span><\/li>\n<li style=\"font-weight: 400;\" aria-level=\"1\"><span style=\"font-weight: 400;\">Bo\u013eav\u00e9, \u0161krabav\u00e9 u\u0161i.<\/span><\/li>\n<li style=\"font-weight: 400;\" aria-level=\"1\"><span style=\"font-weight: 400;\">U\u0161n\u00fd kan\u00e1lik m\u00f4\u017ee by\u0165 za\u010dervenan\u00fd, zap\u00e1len\u00fd, hlienovit\u00fd alebo \u0161tip\u013eavo zap\u00e1cha\u0165.<\/span><\/li>\n<li style=\"font-weight: 400;\" aria-level=\"1\"><span style=\"font-weight: 400;\">Nestabiln\u00e9 pohyby, strata rovnov\u00e1hy.<\/span><\/li>\n<\/ul>\n<p><span style=\"font-weight: 400;\">V\u0161etky tieto pr\u00edznaky m\u00f4\u017eu by\u0165 pr\u00edznakmi u\u0161nej infekcie, ktor\u00e1 m\u00f4\u017ee by\u0165 sp\u00f4soben\u00e1 bakt\u00e9riami alebo ples\u0148ami, alebo dokonca samotn\u00fdm u\u0161n\u00fdm mazom. U niektor\u00fdch psov je citlivos\u0165 u\u0161\u00ed vrodenou predispoz\u00edciou.<\/span><\/p>\n<p><span style=\"font-weight: 400;\">(Samozrejme by ste sa mali poradi\u0165 so svojim veterin\u00e1rom. <u><b>S n\u00edm je potrebn\u00e9 prebra\u0165 diagn\u00f3zu a lie\u010dbu.)<\/b><\/u>)<\/span><\/p>\n<p>&nbsp;<\/p>\n<p><img loading=\"lazy\" decoding=\"async\" class=\"alignnone wp-image-2502 size-full\" src=\"https:\/\/whizzopet.hu\/wp-content\/uploads\/2024\/07\/puppy-in-vet.jpg\" alt=\"Kiskutya vizsg\u00e1lat k\u00f6zben\" width=\"300\" height=\"200\" \/><\/p>\n<h3><b>Ak\u00e1 je \u00fa\u010dinn\u00e1 l\u00e1tka v pr\u00edpravku?<\/b><\/h3>\n<p><b>Provitam\u00edn B5 (panthenol)<\/b><span style=\"font-weight: 400;\"> - podporuje hojenie r\u00e1n, ur\u00fdch\u013euje regener\u00e1ciu poko\u017eky, zlep\u0161uje jej hydrat\u00e1ciu a zni\u017euje z\u00e1paly. Vhodn\u00fd pre podr\u00e1\u017eden\u00fa, po\u0161koden\u00fa, \u0161upinat\u00fa poko\u017eku, pre citliv\u00fa, krehk\u00fa poko\u017eku, pre starostlivos\u0165 o po\u0161koden\u00fa poko\u017eku a na upokojenie svrbenia.<\/span><\/p>\n<p><b>Alanto\u00edn<\/b><span style=\"font-weight: 400;\"> - Alanto\u00edn je d\u00f4le\u017eit\u00e1 regenera\u010dn\u00e1 a re\u0161trukturaliza\u010dn\u00e1 zlo\u017eka poko\u017eky, ktor\u00e1 prispieva k tvorbe kolag\u00e9nu, ur\u00fdch\u013euje proces hojenia a chr\u00e1ni poko\u017eku pred dr\u00e1\u017ediv\u00fdmi l\u00e1tkami. Je to upokojuj\u00faca a re\u0161trukturaliza\u010dn\u00e1 zlo\u017eka s uzn\u00e1van\u00fdmi ochrann\u00fdmi vlastnos\u0165ami poko\u017eky, p\u00f4sob\u00ed proti podr\u00e1\u017edeniu a podporuje tvorbu nov\u00fdch epitelov\u00fdch buniek. M\u00e1 tie\u017e \u00fa\u010dinok na jazvy, chr\u00e1ni citliv\u00fa poko\u017eku pred dr\u00e1\u017ediv\u00fdmi l\u00e1tkami, stimuluje obnovu ko\u017en\u00fdch buniek a ur\u00fdch\u013euje procesy hojenia a regener\u00e1cie poko\u017eky.<\/span><\/p>\n<p><b>BIO propolis<\/b><span style=\"font-weight: 400;\"> - propolis do masti dod\u00e1vame z vlastnej ekologickej farmy. Je vynikaj\u00facim antioxidantom, upokojuje, hoj\u00ed a p\u00f4sob\u00ed proti svrbeniu. M\u00e1 schopnos\u0165 ni\u010di\u0165 bakt\u00e9rie v rane a jej okol\u00ed, \u010d\u00edm zabra\u0148uje jej infikovaniu.<\/span><\/p>\n<p><b>Pr\u00edrodn\u00fd ochrann\u00fd prostriedok (cosgard)<\/b><span style=\"font-weight: 400;\"> - schv\u00e1len\u00e1 konzerva\u010dn\u00e1 zlo\u017eka pre pr\u00edrodn\u00fa kozmetiku, je \u0161irokospektr\u00e1lny bakteric\u00edd a fungic\u00edd a potl\u00e1\u010da rast bakt\u00e9ri\u00ed a plesn\u00ed.<\/span><\/p>\n<p><b>Plantapon SF<\/b><span style=\"font-weight: 400;\"> - Ob\u013e\u00faben\u00e1 zlo\u017eka jemn\u00fdch \u010distiacich g\u00e9lov, ktor\u00e9 je mo\u017en\u00e9 pou\u017ei\u0165 na ak\u00fdko\u013evek typ pleti. Je mimoriadne jemn\u00fd \u010distiaci prostriedok, hypoalerg\u00e9nny a poko\u017eka ho ve\u013emi dobre zn\u00e1\u0161a.<\/span><\/p>\n<p><b>Dermosoft Decalact Liquid<\/b><span style=\"font-weight: 400;\"> - Zmes antimikrobi\u00e1lnych pr\u00edrodn\u00fdch zlo\u017eiek, ktor\u00e1 \u00fa\u010dinne bojuje proti niektor\u00fdm ko\u017en\u00fdm ochoreniam, ako s\u00fa lupiny, akn\u00e9 a nepr\u00edjemn\u00fd z\u00e1pach. Je ve\u013emi \u0161etrn\u00fd k poko\u017eke a \u00fa\u010dinne p\u00f4sob\u00ed proti cel\u00e9mu radu patog\u00e9nov bez toho, aby po\u0161kodzoval poko\u017eku alebo sliznice. Je \u00fa\u010dinn\u00fd napr\u00edklad proti nasleduj\u00facim stavom: Malassezia furfur, Trichophyton, Epidermophyton floccosum, Candida albicans, Propionibacterium acnes.\u00a0<\/span><\/p>\n<p><b>Ako ar\u00f3mu pou\u017e\u00edvame med a mlieko.<\/b><span style=\"font-weight: 400;\">.<\/span><\/p>\n<h3><b>Pre\u010do si vybra\u0165 g\u00e9l na \u010distenie u\u0161\u00ed?<\/b><\/h3>\n<ul>\n<li style=\"font-weight: 400;\" aria-level=\"1\"><span style=\"font-weight: 400;\">V\u010faka \u0161peci\u00e1lnemu zlo\u017eeniu \u0161etrn\u00e9mu k poko\u017eke dokonale \u010dist\u00ed.<\/span><\/li>\n<li style=\"font-weight: 400;\" aria-level=\"1\"><span style=\"font-weight: 400;\">Obsahuje pr\u00edrodn\u00e9 zlo\u017eky s antimikrobi\u00e1lnymi \u00fa\u010dinkami.<\/span><\/li>\n<li style=\"font-weight: 400;\" aria-level=\"1\"><span style=\"font-weight: 400;\">V\u010faka svojej \u0161peci\u00e1lnej g\u00e9lovej konzistencii umo\u017e\u0148uje \u00fa\u010dinnej\u0161ie \u010distenie t\u00fdm, \u017ee zachyt\u00e1va ne\u010distoty na vn\u00fatornom povrchu n\u00e1u\u0161n\u00edka, a t\u00fdm u\u013eah\u010duje ich odstr\u00e1nenie.<\/span><\/li>\n<li style=\"font-weight: 400;\" aria-level=\"1\"><span style=\"font-weight: 400;\">V\u010faka obsahu provitam\u00ednu B5 a alanto\u00ednu sa star\u00e1 o vonkaj\u0161\u00ed zvukovod v\u00e1\u0161ho zviera\u0165a.<\/span><\/li>\n<li style=\"font-weight: 400;\" aria-level=\"1\"><span style=\"font-weight: 400;\">Ide o certifikovan\u00fd hypoalerg\u00e9nny v\u00fdrobok, tak\u017ee nesp\u00f4sobuje \u017eiadne podr\u00e1\u017edenie poko\u017eky v\u00e1\u0161ho psa.<\/span><\/li>\n<\/ul>\n<p><img loading=\"lazy\" decoding=\"async\" class=\"alignnone size-medium wp-image-2503\" src=\"https:\/\/whizzopet.hu\/wp-content\/uploads\/2024\/07\/bulldog-300x186.jpeg\" alt=\"Francia bulldog\" width=\"300\" height=\"186\" srcset=\"https:\/\/whizzopet.hu\/wp-content\/uploads\/2024\/07\/bulldog-300x186.jpeg 300w, https:\/\/whizzopet.hu\/wp-content\/uploads\/2024\/07\/bulldog.jpeg 700w\" sizes=\"auto, (max-width: 300px) 100vw, 300px\" \/><\/p>\n<h3><strong>Kedy a ako pou\u017e\u00edva\u0165 g\u00e9l na \u010distenie u\u0161\u00ed Ear Gel?<\/strong><\/h3>\n<p><span style=\"font-weight: 400;\">Vezmite \u010dist\u00fd ploch\u00fd kozmetick\u00fd disk a vytla\u010dte na\u0148 trochu g\u00e9lu, potom disk rozotrite (t\u00fdm sa vytvor\u00ed pena) a jemne utrite vonkaj\u0161ie zvukovody. Nakoniec utrite do sucha \u010dist\u00fdm vatov\u00fdm tamp\u00f3nom. <\/span><span style=\"font-weight: 400;\">Dbajte na to, aby na poko\u017eke ucha nezostali vl\u00e1kna z vaty a aby ste sa nedostali pr\u00edli\u0161 hlboko do zvukovodu.<\/span><\/p>\n<p><span style=\"font-weight: 400;\">Nevlievajte ju do zvukovodu, preto\u017ee v\u010faka jej konzistencii by ju pes z ucha \u0165a\u017eko vytrep\u00e1val!<\/span><\/p>\n<ul>\n<li style=\"font-weight: 400;\" aria-level=\"1\"><span style=\"font-weight: 400;\">Pou\u017e\u00edvajte ho denne na lie\u010dbu u\u017e vzniknut\u00fdch probl\u00e9mov.<\/span><\/li>\n<li><span style=\"font-weight: 400;\">Na prevenciu probl\u00e9mov s u\u0161ami pou\u017e\u00edvajte raz t\u00fd\u017edenne. T\u00fd\u017edenn\u00e9 \u010distenie u\u0161\u00ed zaist\u00ed, \u017ee u\u0161i zostan\u00fa \u010dist\u00e9, bez usaden\u00edn a u\u0161n\u00e9ho mazu, \u010do zabr\u00e1ni vzniku probl\u00e9mov.<\/span><\/li>\n<\/ul>\n<p>&nbsp;<\/p>\n<p><img loading=\"lazy\" decoding=\"async\" class=\"alignnone size-medium wp-image-2504\" src=\"https:\/\/whizzopet.hu\/wp-content\/uploads\/2024\/07\/ear-gel-drawing-300x300.jpg\" alt=\"Rajz, amin egy kutya egy m\u00e1sik f\u00fcl\u00e9t kezeli Ear Gel term\u00e9kkel\" width=\"300\" height=\"300\" srcset=\"https:\/\/whizzopet.hu\/wp-content\/uploads\/2024\/07\/ear-gel-drawing-300x300.jpg 300w, https:\/\/whizzopet.hu\/wp-content\/uploads\/2024\/07\/ear-gel-drawing-150x150.jpg 150w, https:\/\/whizzopet.hu\/wp-content\/uploads\/2024\/07\/ear-gel-drawing-100x100.jpg 100w, https:\/\/whizzopet.hu\/wp-content\/uploads\/2024\/07\/ear-gel-drawing.jpg 700w\" sizes=\"auto, (max-width: 300px) 100vw, 300px\" \/><\/p>\n<h2>M\u00e1te ot\u00e1zku k niektor\u00e9mu z na\u0161ich produktov?<\/h2>\n<p><b>Najprv sa pozrite na\u00a0<a href=\"https:\/\/whizzopet.hu\/sk\/casto-kladene-otazky\/?wmc-currency=EUR\">\u010dasto kladen\u00e9 ot\u00e1zky<\/a>, ktor\u00e9 u\u017e polo\u017eili in\u00ed\u2026<\/b><\/p>\n<p>Ak nen\u00e1jdete odpove\u010f na svoju ot\u00e1zku, nap\u00ed\u0161te n\u00e1m na\u00a0<a href=\"https:\/\/whizzopet.hu\/sk\/kontakt\/?wmc-currency=EUR\">kontaktn\u00fa str\u00e1nku<\/a>. Radi v\u00e1m odpovieme!<\/p>\n<p>Pokia\u013e pozn\u00e1te odpove\u010f, vyberte si z na\u0161ej ponuky produktov, aby si v\u00e1\u0161 pes mohol \u010do najsk\u00f4r u\u017e\u00edva\u0165 v\u00fdhody <a href=\"https:\/\/whizzopet.hu\/sk\/produkty\/?wmc-currency=EUR\">radu Whizzopet &gt; Kliknite tu pre prezeranie!<\/a><\/p>","protected":false},"excerpt":{"rendered":"<p><span style=\"font-weight: 400;\">Whizzopet Ear Gel je \u010distiaci g\u00e9l, ktor\u00fd pom\u00e1ha predch\u00e1dza\u0165 v\u00e1\u017enej\u0161\u00edm probl\u00e9mom (napr. u\u0161n\u00fdm infekci\u00e1m) a v\u010faka \u0161peci\u00e1lnemu a \u00fa\u010dinn\u00e9mu \u010distiacemu zlo\u017eeniu udr\u017euje jemn\u00fa poko\u017eku ucha \u010dist\u00fa. Pom\u00e1ha tie\u017e odstra\u0148ova\u0165 z vonkaj\u0161ieho zvukovodu lo\u017eiska mikr\u00f3bov.<\/span><\/p>\n<ul>\n<li aria-level=\"1\">Pr\u00edrodn\u00fd a hypoalerg\u00e9nny produkt.<\/li>\n<li aria-level=\"1\">Pom\u00e1ha stara\u0165 o u\u0161i v\u00e1\u0161ho dom\u00e1ceho mazn\u00e1\u010dika.<\/li>\n<li aria-level=\"1\">Predch\u00e1dza u\u0161n\u00fdm infekci\u00e1m.<\/li>\n<li aria-level=\"1\">Na lie\u010dbu u\u017e vzniknut\u00fdch probl\u00e9mov.<\/li>\n<\/ul>","protected":false},"featured_media":2295,"comment_status":"open","ping_status":"closed","template":"","meta":{"inline_featured_image":false},"product_brand":[],"product_cat":[30],"product_tag":[],"class_list":{"0":"post-1540","1":"product","2":"type-product","3":"status-publish","4":"has-post-thumbnail","6":"product_cat-apolasi-termekek","7":"infinite-scroll-item","8":"sales-flash-overlay","9":"woocommerce-text-align-center","10":"woocommerce-image-align-center","11":"do-quantity-buttons","13":"first","14":"instock","15":"taxable","16":"shipping-taxable","17":"purchasable","18":"product-type-variable"},"_links":{"self":[{"href":"https:\/\/whizzopet.hu\/sk\/wp-json\/wp\/v2\/product\/1540","targetHints":{"allow":["GET"]}}],"collection":[{"href":"https:\/\/whizzopet.hu\/sk\/wp-json\/wp\/v2\/product"}],"about":[{"href":"https:\/\/whizzopet.hu\/sk\/wp-json\/wp\/v2\/types\/product"}],"replies":[{"embeddable":true,"href":"https:\/\/whizzopet.hu\/sk\/wp-json\/wp\/v2\/comments?post=1540"}],"wp:featuredmedia":[{"embeddable":true,"href":"https:\/\/whizzopet.hu\/sk\/wp-json\/wp\/v2\/media\/2295"}],"wp:attachment":[{"href":"https:\/\/whizzopet.hu\/sk\/wp-json\/wp\/v2\/media?parent=1540"}],"wp:term":[{"taxonomy":"product_brand","embeddable":true,"href":"https:\/\/whizzopet.hu\/sk\/wp-json\/wp\/v2\/product_brand?post=1540"},{"taxonomy":"product_cat","embeddable":true,"href":"https:\/\/whizzopet.hu\/sk\/wp-json\/wp\/v2\/product_cat?post=1540"},{"taxonomy":"product_tag","embeddable":true,"href":"https:\/\/whizzopet.hu\/sk\/wp-json\/wp\/v2\/product_tag?post=1540"}],"curies":[{"name":"wp","href":"https:\/\/api.w.org\/{rel}","templated":true}]}}