{"id":15364,"date":"2025-12-27T20:56:58","date_gmt":"2025-12-27T19:56:58","guid":{"rendered":"https:\/\/whizzopet.hu\/?post_type=product&#038;p=15364"},"modified":"2026-04-19T15:25:32","modified_gmt":"2026-04-19T13:25:32","slug":"nyuldagado","status":"publish","type":"product","link":"https:\/\/whizzopet.hu\/sk\/termek\/nyuldagado\/","title":{"rendered":"Sz\u00e1r\u00edtott ny\u00faldagad\u00f3 jutalomfalat kuty\u00e1nak"},"content":{"rendered":"<p>A sz\u00e1r\u00edtott ny\u00faldagad\u00f3 jutalomfalat kuty\u00e1nak tiszta, egyfeh\u00e9rj\u00e9s jutalomfalat, amely kifejezetten azoknak a gazdiknak sz\u00f3l, akik \u00e1tl\u00e1that\u00f3 \u00f6sszet\u00e9tel\u0171, term\u00e9szetes jutalomfalatot keresnek. A term\u00e9k 100% ny\u00faldagad\u00f3b\u00f3l k\u00e9sz\u00fcl, adal\u00e9kanyagok, tart\u00f3s\u00edt\u00f3szerek \u00e9s \u00edzfokoz\u00f3k n\u00e9lk\u00fcl, k\u00edm\u00e9letes sz\u00e1r\u00edt\u00e1ssal.<\/p>\n<p>A sz\u00e1r\u00edt\u00e1s sor\u00e1n a h\u00fas v\u00edztartalma cs\u00f6kken, az \u00edzek koncentr\u00e1l\u00f3dnak, mik\u00f6zben az \u00e1llag h\u00fasos, r\u00e1g\u00f3s marad, nem v\u00e1lik zs\u00edross\u00e1, morzsal\u00e9koss\u00e1 vagy t\u00fal kem\u00e9nny\u00e9. Ez a jutalomfalat tudatosan v\u00e1lasztott, alkalmi kieg\u00e9sz\u00edt\u0151, amely val\u00f3di t\u00e1p\u00e9rt\u00e9ket k\u00e9pvisel.<\/p>\n<h2>Mi az a ny\u00faldagad\u00f3, \u00e9s milyen h\u00fasr\u00e9szb\u0151l k\u00e9sz\u00fcl?<\/h2>\n<p>A ny\u00faldagad\u00f3 a ny\u00fal t\u00f6rzs\u00e9nek egyik sov\u00e1ny, izmos h\u00fasr\u00e9sze, amely r\u00e1n\u00e9z\u00e9sre is tiszta, sz\u00e9p izomrostokb\u00f3l \u00e1ll, l\u00e1that\u00f3 zs\u00edrr\u00e9teg n\u00e9lk\u00fcl. Ellent\u00e9tben a gyakori t\u00e9vhitekkel, a ny\u00faldagad\u00f3 nem zs\u00edros h\u00fas, k\u00fcl\u00f6n\u00f6sen sz\u00e1r\u00edtott form\u00e1ban.<\/p>\n<p>Kutyadietetikai szempontb\u00f3l ez az\u00e9rt fontos, mert a sov\u00e1ny izomh\u00fas:<br \/>\n\u2022\u00a0 \u00a0 \u00a0 \u00a0j\u00f3l em\u00e9szthet\u0151 feh\u00e9rjeforr\u00e1s,<br \/>\n\u2022\u00a0 \u00a0 \u00a0 \u00a0nem terheli feleslegesen a gyomor-b\u00e9lrendszert,<br \/>\n\u2022\u00a0 \u00a0 \u00a0 \u00a0j\u00f3l illeszkedik \u00e9rz\u00e9kenyebb kuty\u00e1k \u00e9trendj\u00e9be is.<\/p>\n<p>A sz\u00e1r\u00edt\u00e1s sor\u00e1n a h\u00fas szerkezete megmarad, \u00edgy a jutalomfalat nem esik sz\u00e9t, hanem r\u00e1g\u00e1sra \u00f6szt\u00f6n\u00f6z.<\/p>\n<h2>Sov\u00e1ny jutalomfalat kuty\u00e1nak \u2013 mikor el\u0151ny a tiszta h\u00fas?<\/h2>\n<p>Sokan keresnek kifejezetten sov\u00e1ny jutalomfalatot kuty\u00e1nak, k\u00fcl\u00f6n\u00f6sen akkor, ha a kutya:<br \/>\n\u2022\u00a0 \u00a0 \u00a0 \u00a0hajlamos a s\u00falygyarapod\u00e1sra,<br \/>\n\u2022\u00a0 \u00a0 \u00a0 \u00a0kevesebbet mozog,<br \/>\n\u2022\u00a0 \u00a0 \u00a0 \u00a0\u00e9rz\u00e9kenyen reag\u00e1l a zs\u00edrosabb falatokra.<\/p>\n<p>A sz\u00e1r\u00edtott ny\u00faldagad\u00f3 ebben az esetben ide\u00e1lis v\u00e1laszt\u00e1s, mert energiatartalm\u00e1t els\u0151sorban a feh\u00e9rje koncentr\u00e1ci\u00f3ja adja, nem a zs\u00edr. \u00cdgy jutalmaz\u00e1skor val\u00f3di \u00e1llati eredet\u0171 t\u00e1panyagot adunk, felesleges zs\u00edrt\u00f6bblet n\u00e9lk\u00fcl.<\/p>\n<h2>Milyen kuty\u00e1knak aj\u00e1nlott ez a jutalomfalat?<\/h2>\n<p>Ez a t\u00edpus\u00fa jutalomfalat k\u00fcl\u00f6n\u00f6sen j\u00f3l illeszkedik:<br \/>\n\u2022\u00a0 \u00a0 \u00a0 \u00a0\u00e9rz\u00e9keny em\u00e9szt\u00e9s\u0171 kuty\u00e1khoz,<br \/>\n\u2022\u00a0 \u00a0 \u00a0 \u00a0allergi\u00e1ra hajlamos kedvencekhez, akik a ny\u00falh\u00fast j\u00f3l toler\u00e1lj\u00e1k,<br \/>\n\u2022\u00a0 \u00a0 \u00a0 \u00a0olyan kuty\u00e1khoz, akikn\u00e9l fontos az egyfeh\u00e9rj\u00e9s jutalomfalat,<br \/>\n\u2022\u00a0 \u00a0 \u00a0 \u00a0v\u00e1logat\u00f3s kuty\u00e1khoz, akik a tiszta h\u00fasos falatokat r\u00e9szes\u00edtik el\u0151nyben,<br \/>\n\u2022\u00a0 \u00a0 \u00a0 \u00a0k\u00f6zepes \u00e9s nagytest\u0171 kuty\u00e1khoz r\u00e1g\u00e1si elfoglalts\u00e1gk\u00e9nt.<\/p>\n<p>Nem ide\u00e1lis v\u00e1laszt\u00e1s extr\u00e9m fal\u00f3, r\u00e1g\u00e1s n\u00e9lk\u00fcl nyel\u0151 kuty\u00e1kn\u00e1l, ahol a jutalomfalat t\u00fal gyorsan elfogy.<\/p>\n<h2>Hipoallerg\u00e9n feh\u00e9rjeforr\u00e1s lehet allergi\u00e1s kuty\u00e1kn\u00e1l?<\/h2>\n<p>A ny\u00fal az egyik legismertebb hipoallerg\u00e9n feh\u00e9rjeforr\u00e1s a kutyat\u00e1pl\u00e1l\u00e1sban. A sz\u00e1r\u00edtott ny\u00faldagad\u00f3 100%-ban egyetlen \u00e1llati feh\u00e9rj\u00e9t tartalmaz,\u00a0 nem tartalmaz n\u00f6v\u00e9nyi \u00f6sszetev\u0151ket vagy rejtett adal\u00e9kokat.<\/p>\n<p>Ez k\u00fcl\u00f6n\u00f6sen fontos allergi\u00e1s vagy \u00e9rz\u00e9keny kuty\u00e1kn\u00e1l, ahol:<br \/>\n\u2022\u00a0 \u00a0 \u00a0 \u00a0minden plusz \u00f6sszetev\u0151 n\u00f6veli a reakci\u00f3k kock\u00e1zat\u00e1t,<br \/>\n\u2022\u00a0 \u00a0 \u00a0 \u00a0a tiszta feh\u00e9rjeforr\u00e1s seg\u00edti az \u00e9trend kontroll\u00e1lhat\u00f3s\u00e1g\u00e1t.<\/p>\n<h2>K\u00f6nnyen em\u00e9szthet\u0151 jutalomfalat \u00e9rz\u00e9keny gyomr\u00fa kuty\u00e1knak<\/h2>\n<p>A k\u00f6nny\u0171 em\u00e9szthet\u0151s\u00e9g nem marketing\u00e1ll\u00edt\u00e1s, hanem az alapanyag tulajdons\u00e1gain m\u00falik. A ny\u00faldagad\u00f3:<br \/>\n\u2022\u00a0 \u00a0 \u00a0 \u00a0sov\u00e1ny izomh\u00fasb\u00f3l \u00e1ll,<br \/>\n\u2022\u00a0 \u00a0 \u00a0 \u00a0alacsony k\u00f6t\u0151sz\u00f6vet-tartalm\u00fa,<br \/>\n\u2022\u00a0 \u00a0 \u00a0 \u00a0nem tartalmaz nehezen leboml\u00f3 r\u00e9szeket.<\/p>\n<p>Ez\u00e9rt sok kutya jobban toler\u00e1lja, mint a zs\u00edrosabb vagy er\u0151sen feldolgozott jutalomfalatokat, k\u00fcl\u00f6n\u00f6sen akkor, ha \u00e9rz\u00e9keny az em\u00e9szt\u00e9se.<\/p>\n<h2>Egyfeh\u00e9rj\u00e9s jutalomfalat kuty\u00e1nak \u2013 mi\u00e9rt fontos az allergi\u00e1s kuty\u00e1kn\u00e1l?<\/h2>\n<p>Az \u201eegyfeh\u00e9rj\u00e9s jutalomfalat kuty\u00e1nak\u201d kifejez\u00e9s egyre gyakoribb keres\u00e9s, k\u00fcl\u00f6n\u00f6sen allergi\u00e1s vagy \u00e9rz\u00e9keny kuty\u00e1k gazd\u00e1in\u00e1l. Ennek oka, hogy a t\u00f6bbf\u00e9le feh\u00e9rj\u00e9t tartalmaz\u00f3 jutalomfalatokn\u00e1l nehezebb beazonos\u00edtani, mi v\u00e1lt ki egy esetleges reakci\u00f3t.<\/p>\n<p>A sz\u00e1r\u00edtott ny\u00faldagad\u00f3 100% egyetlen \u00e1llati feh\u00e9rj\u00e9b\u0151l \u00e1ll, nem kevert h\u00fas, nem tartalmaz bels\u0151s\u00e9get, n\u00f6v\u00e9nyi feh\u00e9rj\u00e9t vagy rejtett \u00f6sszetev\u0151ket. Ez lehet\u0151v\u00e9 teszi, hogy a jutalmaz\u00e1s kontroll\u00e1lt maradjon, \u00e9s ne vezessen be \u00faj, ismeretlen feh\u00e9rj\u00e9ket az \u00e9trendbe.<\/p>\n<p>Az egyfeh\u00e9rj\u00e9s jutalomfalatok k\u00fcl\u00f6n\u00f6sen hasznosak:<br \/>\n\u2022\u00a0 \u00a0 \u00a0 \u00a0elimin\u00e1ci\u00f3s di\u00e9ta mellett,<br \/>\n\u2022\u00a0 \u00a0 \u00a0 \u00a0feh\u00e9rjev\u00e1laszt\u00e1skor allergiagyan\u00fas kuty\u00e1kn\u00e1l,<br \/>\n\u2022\u00a0 \u00a0 \u00a0 \u00a0akkor, ha a f\u0151 eledel feh\u00e9rj\u00e9j\u00e9t\u0151l elt\u00e9r\u0151, de j\u00f3l toler\u00e1lt jutalomra van sz\u00fcks\u00e9g.<\/p>\n<p>Ez a fajta letisztult \u00f6sszet\u00e9tel seg\u00edt abban, hogy a jutalomfalat ne zavarja meg az \u00e9trendi megfigyel\u00e9st, mik\u00f6zben a kutya tov\u00e1bbra is kap jutalmaz\u00e1st \u00e9s r\u00e1g\u00e1si \u00e9lm\u00e9nyt.<\/p>\n<h2>Milyen gyakran adhat\u00f3 jutalomfalatk\u00e9nt?<\/h2>\n<p>A sz\u00e1r\u00edtott ny\u00faldagad\u00f3 nem napi rutinjutalom, hanem alkalmi kieg\u00e9sz\u00edt\u0151.<br \/>\n\u00c1ltal\u00e1nos ir\u00e1nyelvk\u00e9nt:<br \/>\n\u2022\u00a0 \u00a0 \u00a0 \u00a0heti 2\u20134 alkalommal adhat\u00f3,<br \/>\n\u2022\u00a0 \u00a0 \u00a0 \u00a0a kutya tests\u00faly\u00e1hoz \u00e9s aktivit\u00e1s\u00e1hoz igaz\u00edtva.<\/p>\n<p>Ez seg\u00edt meg\u0151rizni az \u00e9trend egyens\u00faly\u00e1t, mik\u00f6zben a jutalomfalat val\u00f3ban k\u00fcl\u00f6nleges marad.<\/p>\n<h2>Mi\u00e9rt ad val\u00f3di r\u00e1g\u00e1si \u00e9lm\u00e9nyt egy sz\u00e1r\u00edtott h\u00fas?<\/h2>\n<p>A sz\u00e1r\u00edtott ny\u00faldagad\u00f3 r\u00e1g\u00f3s, h\u00fasos \u00e1llag\u00fa, nem t\u00fal kem\u00e9ny, nem sz\u00e1lk\u00e1s. Ez arra \u00f6szt\u00f6nzi a kuty\u00e1t, hogy lassabban fogyassza el, val\u00f3ban dolgozzon a falattal, ami:<br \/>\n\u2022\u00a0 \u00a0 \u00a0 \u00a0lek\u00f6ti a kuty\u00e1t,<br \/>\n\u2022\u00a0 \u00a0 \u00a0 \u00a0kiel\u00e9g\u00edti a term\u00e9szetes r\u00e1g\u00e1si ig\u00e9nyt,<br \/>\n\u2022\u00a0 \u00a0 \u00a0 \u00a0cs\u00f6kkenti a fal\u00e1s kock\u00e1zat\u00e1t.<\/p>\n<p>Ha szeretrn\u00e9l tov\u00e1bbi hasonl\u00f3 term\u00e9keket is megn\u00e9zni, v\u00e1logass b\u00e1tran a <a href=\"https:\/\/whizzopet.hu\/sk\/kategoria-produktu\/navnada-na-odmenu-pre-psov\/?wmc-currency=EUR\">kutya jutalomfalatok<\/a> k\u00f6z\u00fcl. Amennyiben pedig bizonytalan vagy abban, hogy mikor, milyen t\u00edpus\u00fa jutalomfalat a legjobb v\u00e1laszt\u00e1s, \u00e9rdemes elolvasnod a r\u00e9szletes <a href=\"https:\/\/whizzopet.hu\/sk\/kutya-jutalomfalat-kisokos\/?wmc-currency=EUR\">Jutalomfalat kisokosunkat<\/a>, ahol seg\u00edt\u00fcnk eligazodni a jutalomfalatok k\u00f6z\u00f6tt.<\/p>\n<h2><\/h2>\n<p>&nbsp;<\/p>\n<p>&nbsp;<\/p>\n<p>&nbsp;<\/p>","protected":false},"excerpt":{"rendered":"<p class=\"p1\" style=\"margin: 0cm;\">A sz\u00e1r\u00edtott ny\u00faldagad\u00f3 sov\u00e1ny, egyfeh\u00e9rj\u00e9s, hipoallerg\u00e9n jutalomfalat kuty\u00e1nak, amely term\u00e9szetes r\u00e1g\u00e1si \u00e9lm\u00e9nyt ny\u00fajt.<\/p>\n<p>Kiszerel\u00e9s: 100g<\/p>","protected":false},"featured_media":15365,"comment_status":"open","ping_status":"closed","template":"","meta":{"inline_featured_image":false},"product_brand":[],"product_cat":[42,37,80],"product_tag":[],"class_list":{"0":"post-15364","1":"product","2":"type-product","3":"status-publish","4":"has-post-thumbnail","6":"product_cat-hipoallergen-jutalomfalat","7":"product_cat-jutalomfalatok","8":"product_cat-nyul-vadnyul","9":"infinite-scroll-item","10":"sales-flash-overlay","11":"woocommerce-text-align-center","12":"woocommerce-image-align-center","13":"do-quantity-buttons","15":"first","16":"instock","17":"taxable","18":"shipping-taxable","19":"purchasable","20":"product-type-simple"},"_links":{"self":[{"href":"https:\/\/whizzopet.hu\/sk\/wp-json\/wp\/v2\/product\/15364","targetHints":{"allow":["GET"]}}],"collection":[{"href":"https:\/\/whizzopet.hu\/sk\/wp-json\/wp\/v2\/product"}],"about":[{"href":"https:\/\/whizzopet.hu\/sk\/wp-json\/wp\/v2\/types\/product"}],"replies":[{"embeddable":true,"href":"https:\/\/whizzopet.hu\/sk\/wp-json\/wp\/v2\/comments?post=15364"}],"wp:featuredmedia":[{"embeddable":true,"href":"https:\/\/whizzopet.hu\/sk\/wp-json\/wp\/v2\/media\/15365"}],"wp:attachment":[{"href":"https:\/\/whizzopet.hu\/sk\/wp-json\/wp\/v2\/media?parent=15364"}],"wp:term":[{"taxonomy":"product_brand","embeddable":true,"href":"https:\/\/whizzopet.hu\/sk\/wp-json\/wp\/v2\/product_brand?post=15364"},{"taxonomy":"product_cat","embeddable":true,"href":"https:\/\/whizzopet.hu\/sk\/wp-json\/wp\/v2\/product_cat?post=15364"},{"taxonomy":"product_tag","embeddable":true,"href":"https:\/\/whizzopet.hu\/sk\/wp-json\/wp\/v2\/product_tag?post=15364"}],"curies":[{"name":"wp","href":"https:\/\/api.w.org\/{rel}","templated":true}]}}