{"id":15351,"date":"2025-12-27T17:37:09","date_gmt":"2025-12-27T16:37:09","guid":{"rendered":"https:\/\/whizzopet.hu\/?post_type=product&#038;p=15351"},"modified":"2026-04-03T04:45:14","modified_gmt":"2026-04-03T02:45:14","slug":"szoros-vadnyul-ful-jutalomfalat-kutyanak","status":"publish","type":"product","link":"https:\/\/whizzopet.hu\/sk\/termek\/szoros-vadnyul-ful-jutalomfalat-kutyanak\/","title":{"rendered":"Sz\u00e1r\u00edtott sz\u0151r\u00f6s vadny\u00fal f\u00fcl jutalomfalat kuty\u00e1nak"},"content":{"rendered":"<p>A sz\u00e1r\u00edtott sz\u0151r\u00f6s vadny\u00fal f\u00fcl jutalomfalat kuty\u00e1nak a term\u00e9szetes r\u00e1g\u00f3k egyik legtiszt\u00e1bb form\u00e1ja. Nem feldolgozott snack, nem \u00edzes\u00edtett jutalom, hanem zs\u00e1km\u00e1nyeredet\u0171 r\u00e1g\u00f3, amely a kutya em\u00e9szt\u00e9s\u00e9hez \u00e9s viselked\u00e9s\u00e9hez evol\u00faci\u00f3san illeszkedik. A vadny\u00fal f\u00fcl nemcsak alapanyag\u00e1ban, hanem m\u00e9ret\u00e9ben, szerkezet\u00e9ben \u00e9s funkci\u00f3j\u00e1ban is elt\u00e9r a h\u00e1ziny\u00fal f\u00fcl\u00e9t\u0151l, ez\u00e9rt dietetikailag is k\u00fcl\u00f6n kateg\u00f3ri\u00e1t k\u00e9pvisel.<\/p>\n<p>A term\u00e9k 100% sz\u0151r\u00f6s vadny\u00fal f\u00fcl, k\u00edm\u00e9letesen sz\u00e1r\u00edtva, adal\u00e9kanyagok, tart\u00f3s\u00edt\u00f3szerek \u00e9s \u00edzfokoz\u00f3k n\u00e9lk\u00fcl.<\/p>\n<h2>Vadny\u00fal vagy h\u00e1ziny\u00fal \u2013 mi\u00e9rt nem ugyanaz dietetikailag?<\/h2>\n<p>A vadny\u00fal szabadon \u00e9l\u0151 \u00e1llat, term\u00e9szetes n\u00f6v\u00e9nyzettel t\u00e1pl\u00e1lkozik, folyamatos mozg\u00e1sban van, nem kap koncentr\u00e1lt takarm\u00e1nyt. Ez az \u00e9letm\u00f3d az anat\u00f3miai fel\u00e9p\u00edt\u00e9sben is megjelenik, k\u00fcl\u00f6n\u00f6sen a f\u00fcl eset\u00e9ben.<\/p>\n<p>A sz\u0151r\u00f6s vadny\u00fal f\u00fcl:<br \/>\n\u2022\u00a0 \u00a0 \u00a0 \u00a0kisebb m\u00e9ret\u0171, mint a h\u00e1ziny\u00fal f\u00fcle,<br \/>\n\u2022\u00a0 \u00a0 \u00a0 \u00a0t\u00f6m\u00f6rebb, porcosabb szerkezet\u0171,<br \/>\n\u2022\u00a0 \u00a0 \u00a0 \u00a0r\u00f6videbb, s\u0171r\u0171bb, jellegzetes vadas barna sz\u0151rsz\u00edn\u0171,<br \/>\n\u2022\u00a0 \u00a0 \u00a0 \u00a0r\u00e1g\u00e1s k\u00f6zben lassabban, kontroll\u00e1ltabban fogy.<\/p>\n<p>Ez r\u00e1g\u00e1sbiztons\u00e1gi szempontb\u00f3l is el\u0151ny, mert a kisebb, kompakt f\u00fcl cs\u00f6kkenti a f\u00e9lrenyel\u00e9s kock\u00e1zat\u00e1t, \u00e9s val\u00f3di r\u00e1g\u00e1sra k\u00e9szteti a kuty\u00e1t.<\/p>\n<h2>A sz\u0151r szerepe a kutya em\u00e9szt\u00e9s\u00e9ben \u2013 nem vesz\u00e9ly, hanem funkci\u00f3<\/h2>\n<p>A sz\u0151r\u00f6s r\u00e1g\u00f3k kapcs\u00e1n gyakori f\u00e9lelem a b\u00e9lelz\u00e1r\u00f3d\u00e1s, azonban dietetikailag fontos tiszt\u00e1zni, hogy a sz\u0151r nem idegen anyag a kutya sz\u00e1m\u00e1ra.<\/p>\n<p>A sz\u0151r szerepe:<br \/>\n\u2022\u00a0 \u00a0 \u00a0 \u00a0mechanikai hat\u00e1s a b\u00e9lrendszerben,<br \/>\n\u2022\u00a0 \u00a0 \u00a0 \u00a0seg\u00edti a b\u00e9ltartalom tov\u00e1bbhalad\u00e1s\u00e1t,<br \/>\n\u2022\u00a0 \u00a0 \u00a0 \u00a0hozz\u00e1j\u00e1rul a term\u00e9szetes tisztul\u00e1si folyamatokhoz,<br \/>\n\u2022\u00a0 \u00a0 \u00a0 \u00a0lass\u00edtja az elfogyaszt\u00e1st.<\/p>\n<p>A vadny\u00fal f\u00fcl sz\u0151rzete r\u00f6videbb \u00e9s t\u00f6m\u00f6rebb, mint sok h\u00e1ziny\u00fal eset\u00e9ben, \u00edgy nem csom\u00f3sodik, nem filcesedik, \u00e9s megfelel\u0151 mennyis\u00e9gben adva nem jelent em\u00e9szt\u00e9si kock\u00e1zatot eg\u00e9szs\u00e9ges kuty\u00e1kn\u00e1l.<\/p>\n<h2>K\u00f6nnyen em\u00e9szthet\u0151, alacsony zs\u00edrtartalm\u00fa jutalomfalat kuty\u00e1nak<\/h2>\n<p>A f\u00fcl alapvet\u0151en porcb\u00f3l \u00e9s b\u0151rb\u0151l \u00e1ll, minim\u00e1lis zs\u00edrtartalommal. Ez dietetikai szempontb\u00f3l k\u00fcl\u00f6n\u00f6sen fontos:<br \/>\n\u2022\u00a0 \u00a0 \u00a0 \u00a0nem terheli meg a hasny\u00e1lmirigyet,<br \/>\n\u2022\u00a0 \u00a0 \u00a0 \u00a0nem okoz zs\u00edrfelsz\u00edv\u00f3d\u00e1si probl\u00e9m\u00e1t,<br \/>\n\u2022\u00a0 \u00a0 \u00a0 \u00a0\u00e9rz\u00e9kenyebb em\u00e9szt\u00e9s\u0171 kuty\u00e1kn\u00e1l is j\u00f3l toler\u00e1lhat\u00f3.<\/p>\n<p>A r\u00e1g\u00e1s sor\u00e1n felszabadul\u00f3 kollag\u00e9nes feh\u00e9rj\u00e9k nem teljes \u00e9rt\u00e9k\u0171 feh\u00e9rj\u00e9k, hanem k\u00f6t\u0151sz\u00f6veti elemek, ez\u00e9rt a vadny\u00fal f\u00fcl nem feh\u00e9rjep\u00f3tl\u00e1sra szolg\u00e1l, hanem funkcion\u00e1lis r\u00e1g\u00f3k\u00e9nt illeszkedik az \u00e9trendbe.<\/p>\n<h2>Hipoallerg\u00e9n r\u00e1g\u00f3 allergi\u00e1ra hajlamos kuty\u00e1knak<\/h2>\n<p>A ny\u00fal \u2013 k\u00fcl\u00f6n\u00f6sen a vadny\u00fal \u2013 az egyik legjobban toler\u00e1lt \u00e1llati feh\u00e9rjeforr\u00e1s. A sz\u00e1r\u00edtott sz\u0151r\u00f6s vadny\u00fal f\u00fcl:<br \/>\n\u2022\u00a0 \u00a0 \u00a0 \u00a0egyfeh\u00e9rj\u00e9s r\u00e1g\u00f3,<br \/>\n\u2022\u00a0 \u00a0 \u00a0 \u00a0nem tartalmaz kevert alapanyagokat,<br \/>\n\u2022\u00a0 \u00a0 \u00a0 \u00a0nem tartalmaz adal\u00e9kanyagokat,<br \/>\n\u2022\u00a0 \u00a0 \u00a0 \u00a0nem hordoz keresztfeh\u00e9rj\u00e9ket.<\/p>\n<p>Ez\u00e9rt sok allergi\u00e1ra vagy intoleranci\u00e1ra hajlamos kutya panaszmentesen fogyasztja, k\u00fcl\u00f6n\u00f6sen akkor, ha a f\u0151 \u00e9trend is kontroll\u00e1lt.<\/p>\n<h2>R\u00e1g\u00e1s, viselked\u00e9s \u00e9s ment\u00e1lis hat\u00e1s \u2013 mi\u00e9rt fontos a term\u00e9szetes r\u00e1g\u00f3?<\/h2>\n<p>A r\u00e1g\u00e1s nemcsak fizikai, hanem idegrendszeri hat\u00e1ssal is b\u00edr. A sz\u0151r\u00f6s vadny\u00fal f\u00fcl:<br \/>\n\u2022\u00a0 \u00a0 \u00a0 \u00a0hosszabb ideig k\u00f6ti le a kuty\u00e1t,<br \/>\n\u2022\u00a0 \u00a0 \u00a0 \u00a0seg\u00edti a stresszlevezet\u00e9st,<br \/>\n\u2022\u00a0 \u00a0 \u00a0 \u00a0cs\u00f6kkentheti az unalomb\u00f3l fakad\u00f3 viselked\u00e9si probl\u00e9m\u00e1kat.<\/p>\n<p>A kisebb m\u00e9ret miatt a r\u00e1g\u00e1s nem t\u00fal megterhel\u0151, m\u00e9gis val\u00f3di elfoglalts\u00e1got ny\u00fajt, ami k\u00fcl\u00f6n\u00f6sen hasznos v\u00e1rosi, kevesebbet mozg\u00f3 kuty\u00e1kn\u00e1l.<\/p>\n<h2>Kinek aj\u00e1nlott a sz\u00e1r\u00edtott sz\u0151r\u00f6s vadny\u00fal f\u00fcl?<\/h2>\n<p>Kifejezetten j\u00f3 v\u00e1laszt\u00e1s:<br \/>\n\u2022\u00a0 \u00a0 \u00a0 \u00a0\u00e9rz\u00e9keny em\u00e9szt\u00e9s\u0171 kuty\u00e1knak,<br \/>\n\u2022\u00a0 \u00a0 \u00a0 \u00a0allergi\u00e1ra hajlamos kedvenceknek,<br \/>\n\u2022\u00a0 \u00a0 \u00a0 \u00a0kicsi, k\u00f6zepes \u00e9s nagytest\u0171 kuty\u00e1knak,<br \/>\n\u2022\u00a0 \u00a0 \u00a0 \u00a0term\u00e9szetes r\u00e1g\u00f3t keres\u0151 gazdiknak.<\/p>\n<p>Kisebb test\u0171 kuty\u00e1kn\u00e1l is adhat\u00f3 a kisebb m\u00e9ret miatt, de mindig fel\u00fcgyelet mellett, a kutya r\u00e1g\u00e1si szok\u00e1sainak figyelembev\u00e9tel\u00e9vel.<\/p>\n<h2>Milyen gyakran adhat\u00f3\u00a0 jutalomk\u00e9nt?<\/h2>\n<p>A sz\u0151r\u00f6s vadny\u00fal f\u00fcl nem napi r\u00e1g\u00f3, hanem alkalmi kieg\u00e9sz\u00edt\u0151.<br \/>\nDietetikai ir\u00e1nyelv:<br \/>\n\u2022\u00a0 \u00a0 \u00a0 \u00a0heti 1\u20132 alkalom,<br \/>\n\u2022\u00a0 \u00a0 \u00a0 \u00a0rot\u00e1ci\u00f3ban m\u00e1s term\u00e9szetes r\u00e1g\u00f3kkal.<\/p>\n<p>Ez elegend\u0151 az em\u00e9szt\u00e9si \u00e9s viselked\u00e9si el\u0151ny\u00f6k kihaszn\u00e1l\u00e1s\u00e1hoz an\u00e9lk\u00fcl, hogy t\u00falterheln\u00e9 az em\u00e9szt\u0151rendszert.<\/p>\n<p>Ha a kuty\u00e1d j\u00f3l reag\u00e1l a term\u00e9szetes, sz\u0151r\u00f6s r\u00e1g\u00f3kra, \u00e9rdemes megn\u00e9zni a sz\u00e1r\u00edtott vadny\u00fal mix jutalomfalatot is, amely t\u00f6bbf\u00e9le vadny\u00fal eredet\u0171 r\u00e1g\u00f3t \u00e9s h\u00fasr\u00e9szt tartalmaz egy csomagban, v\u00e1ltozatos elfoglalts\u00e1got biztos\u00edtva.<\/p>\n<p>Allergi\u00e1ra vagy em\u00e9szt\u00e9si \u00e9rz\u00e9kenys\u00e9gre hajlamos kuty\u00e1k eset\u00e9n hasznos lehet elolvasni a <a href=\"https:\/\/whizzopet.hu\/sk\/kutya-allergia-tunetei\/?wmc-currency=EUR\">Kutya allergia t\u00fcnetei<\/a> c\u00edm\u0171 blogcikk\u00fcnket is, amely seg\u00edt meg\u00e9rteni, mikor \u00e9s mi\u00e9rt \u00e9rdemes hipoallerg\u00e9n feh\u00e9rjeforr\u00e1sokat v\u00e1lasztani.<\/p>\n<p>&nbsp;<\/p>\n<p>&nbsp;<\/p>\n<p>&nbsp;<\/p>","protected":false},"excerpt":{"rendered":"<p class=\"p1\" style=\"margin: 0cm;\">Ez a k\u00edm\u00e9letesen sz\u00e1r\u00edtott sz\u0151r\u00f6s vadny\u00fal f\u00fcl jutalomfalat kuty\u00e1nak egy term\u00e9szetes r\u00e1g\u00f3, mely funkcion\u00e1lisan illeszkedik az \u00e9trendbe.<\/p>\n<p>Kiszerel\u00e9s: 100g<\/p>","protected":false},"featured_media":15354,"comment_status":"open","ping_status":"closed","template":"","meta":{"inline_featured_image":false},"product_brand":[],"product_cat":[42,37,80],"product_tag":[],"class_list":{"0":"post-15351","1":"product","2":"type-product","3":"status-publish","4":"has-post-thumbnail","6":"product_cat-hipoallergen-jutalomfalat","7":"product_cat-jutalomfalatok","8":"product_cat-nyul-vadnyul","9":"infinite-scroll-item","10":"sales-flash-overlay","11":"woocommerce-text-align-center","12":"woocommerce-image-align-center","13":"do-quantity-buttons","15":"first","16":"outofstock","17":"taxable","18":"shipping-taxable","19":"purchasable","20":"product-type-simple"},"_links":{"self":[{"href":"https:\/\/whizzopet.hu\/sk\/wp-json\/wp\/v2\/product\/15351","targetHints":{"allow":["GET"]}}],"collection":[{"href":"https:\/\/whizzopet.hu\/sk\/wp-json\/wp\/v2\/product"}],"about":[{"href":"https:\/\/whizzopet.hu\/sk\/wp-json\/wp\/v2\/types\/product"}],"replies":[{"embeddable":true,"href":"https:\/\/whizzopet.hu\/sk\/wp-json\/wp\/v2\/comments?post=15351"}],"wp:featuredmedia":[{"embeddable":true,"href":"https:\/\/whizzopet.hu\/sk\/wp-json\/wp\/v2\/media\/15354"}],"wp:attachment":[{"href":"https:\/\/whizzopet.hu\/sk\/wp-json\/wp\/v2\/media?parent=15351"}],"wp:term":[{"taxonomy":"product_brand","embeddable":true,"href":"https:\/\/whizzopet.hu\/sk\/wp-json\/wp\/v2\/product_brand?post=15351"},{"taxonomy":"product_cat","embeddable":true,"href":"https:\/\/whizzopet.hu\/sk\/wp-json\/wp\/v2\/product_cat?post=15351"},{"taxonomy":"product_tag","embeddable":true,"href":"https:\/\/whizzopet.hu\/sk\/wp-json\/wp\/v2\/product_tag?post=15351"}],"curies":[{"name":"wp","href":"https:\/\/api.w.org\/{rel}","templated":true}]}}